{"id":37718,"date":"2021-05-19T05:24:58","date_gmt":"2021-05-19T05:24:58","guid":{"rendered":"https:\/\/www.sisinternational.com\/?page_id=37718"},"modified":"2025-09-14T14:46:34","modified_gmt":"2025-09-14T18:46:34","slug":"ricerche-di-mercato-angola","status":"publish","type":"page","link":"https:\/\/www.sisinternational.com\/it\/copertura\/ricerche-di-mercato-africane\/ricerche-di-mercato-angola\/","title":{"rendered":"Ricerche di mercato in Angola"},"content":{"rendered":"<h1 class=\"wp-block-heading\">Ricerche di mercato in Angola<\/h1>\n\n\n\n<figure class=\"gb-block-image gb-block-image-92ac5641\"><img loading=\"lazy\" decoding=\"async\" width=\"1024\" height=\"574\" class=\"gb-image gb-image-92ac5641\" src=\"https:\/\/www.sisinternational.com\/wp-content\/uploads\/2025\/08\/Angola-2-1024x574.jpg\" srcset=\"https:\/\/www.sisinternational.com\/wp-content\/uploads\/2025\/08\/Angola-2-1024x574.jpg 1024w, https:\/\/www.sisinternational.com\/wp-content\/uploads\/2025\/08\/Angola-2-300x168.jpg 300w, https:\/\/www.sisinternational.com\/wp-content\/uploads\/2025\/08\/Angola-2-768x430.jpg 768w, https:\/\/www.sisinternational.com\/wp-content\/uploads\/2025\/08\/Angola-2-18x10.jpg 18w, https:\/\/www.sisinternational.com\/wp-content\/uploads\/2025\/08\/Angola-2.jpg 1456w\" sizes=\"auto, (max-width: 1024px) 100vw, 1024px\" alt=\"Ricerca e strategia di mercato internazionale SIS\"><\/figure>\n\n\n\n<p><\/p>\n\n\n\n<h2 class=\"wp-block-heading\">Industrie chiave<\/h2>\n\n\n\n<p>Durante il periodo coloniale, l&#039;Angola era il gioiello della corona del Portogallo. Ha dato alle persone l\u2019incoraggiamento di cui avevano bisogno per investire nella loro economia. Con ci\u00f2, l\u2019economia inizi\u00f2 ad avere una rapida crescita negli anni \u201970. Le principali esportazioni erano diamanti, caff\u00e8, petrolio e sisal. C&#039;\u00e8 stato anche lo sviluppo dell&#039;industria leggera nelle principali citt\u00e0.<\/p>\n\n\n\n<p>La crescita dell\u2019economia non era uniforme perch\u00e9 i profitti andavano alla \u201cclasse dei coloni\u201d. Per questo motivo, la gente comune ha dovuto concentrarsi sull\u2019agricoltura. Hanno dovuto abbassare i prezzi dei prodotti per guadagnarsi da vivere. Di conseguenza, ha portato l\u2019Angola a un movimento nazionalista.<\/p>\n\n\n\n<h2 class=\"wp-block-heading\">Quartieri<\/h2>\n\n\n\n<p>L&#039;Angola \u00e8 un paese dell&#039;Africa sud-occidentale. \u00c8 un paese enorme con un vasto assortimento di paesaggi: montagne, valli, foreste pluviali e terre semiaride.<\/p>\n\n\n\n<p>Luanda, la capitale dell&#039;Angola, \u00e8 una vasta citt\u00e0 portuale sulla costa settentrionale. Mescola stili di casa tradizionali africani con edifici in stile coloniale portoghese. Luanda ha anche molti grattacieli moderni.<\/p>\n\n\n\n<h2 class=\"wp-block-heading\">Tendenze<\/h2>\n\n\n\n<p>Cinema, sport e musica sono una parte importante della cultura dell&#039;Angola. Le radici africane sono evidenti nella musica e nella danza e stanno plasmando il parlato della lingua portoghese. \u00c8 presente anche nella scrittura angolana contemporanea, in particolare nelle opere di scrittori nativi.<\/p>\n\n\n\n<p>Il gioco pi\u00f9 popolare in Angola \u00e8 il basket. La sua nazionale ha vinto pi\u00f9 volte l&#039;AfroBasket e detiene il record del maggior numero di titoli. Essendo una delle migliori squadre africane, \u00e8 una contendente regolare ai Giochi Olimpici estivi e alla Coppa del Mondo FIBA.<\/p>\n\n\n\n<p>Nel calcio, l&#039;Angola ha ospitato la Coppa d&#039;Africa 2010. La nazionale di calcio dell&#039;Angola \u00e8 arrivata alla finale della Coppa del Mondo FIFA 2006: la sua prima apparizione a quel livello. Hanno vinto tre Coppe COSAFA e si sono classificati secondi nel Campionato delle Nazioni Africane 2011.<\/p>\n\n\n\n<p>L&#039;Angola partecipa da molto tempo al campionato mondiale di pallamano femminile. La nazione \u00e8 presente anche alle Olimpiadi estive da molto tempo.<\/p>\n\n\n\n<p>Punti di forza nel mercato<\/p>\n\n\n\n<h3 class=\"wp-block-heading\">1. Risorse naturali generose<\/h3>\n\n\n\n<p>L\u2019Angola ha vaste riserve di idrocarburi e minerali e abbondanti terreni coltivabili. Ha anche un buon potenziale per anni di energia idroelettrica.<\/p>\n\n\n\n<h3 class=\"wp-block-heading\">2. I rapporti commerciali con la Cina.<\/h3>\n\n\n\n<p>L&#039;Angola ha rapporti commerciali con la Cina per lo sviluppo del proprio paese.<\/p>\n\n\n\n<h2 class=\"wp-block-heading\">Base dei consumatori<\/h2>\n\n\n\n<p>La maggior parte degli angolani sono giovani, il che rende giovane la base di acquirenti dei consumatori. Inoltre, la maggior parte di queste persone vive nelle regioni metropolitane.<\/p>\n\n\n\n<p>The standard of living in Angola has improved as of late with financial development. Yet, on average, Angolans still have a low standard of living. Discretionary income is insufficient. A high volume of <a href=\"https:\/\/www.sisinternational.com\/it\/competenza\/industrie\/voce-delle-bevande-alimentari-della-ricerca-di-mercato-dei-clienti\/\" title=\"La voce del cliente nel settore alimentare e delle bevande. Ricerche di mercato\"  data-wpil-monitor-id=\"7748\">customer spending is on food<\/a> and drink. Also, the food costs are high.<\/p>\n\n\n\n<p>If Angolans grow new foods instead of importing, this will ensure extra cash in the country. It can further enable a better standard of living. Thus, the fresh produce <a href=\"https:\/\/www.sisinternational.com\/it\/competenza\/industrie\/ricerche-di-mercato-sullestrazione-mineraria-spaziale\/\" title=\"Ricerche di mercato sull\u2019estrazione mineraria spaziale\"  data-wpil-monitor-id=\"7749\">market<\/a> in Angola has a lot of space to develop.<\/p>\n\n\n\n<p>Il Paese sta rivisitando un programma di sviluppo. Questo programma si concentrer\u00e0 sui settori della pesca, dell&#039;estrazione, della moneta e della terra. La cattura di pesci \u00e8 gi\u00e0 aumentata.<\/p>\n\n\n\n<h2 class=\"wp-block-heading\">Motivi per far crescere la tua attivit\u00e0 sul mercato<\/h2>\n\n\n\n<figure class=\"gb-block-image gb-block-image-8764b699\"><img loading=\"lazy\" decoding=\"async\" width=\"1456\" height=\"816\" class=\"gb-image gb-image-8764b699\" src=\"https:\/\/www.sisinternational.com\/wp-content\/uploads\/2025\/08\/Angola-3.jpg\" alt=\"Ricerca e strategia di mercato internazionale SIS\" title=\"Angola (3)\" srcset=\"https:\/\/www.sisinternational.com\/wp-content\/uploads\/2025\/08\/Angola-3.jpg 1456w, https:\/\/www.sisinternational.com\/wp-content\/uploads\/2025\/08\/Angola-3-300x168.jpg 300w, https:\/\/www.sisinternational.com\/wp-content\/uploads\/2025\/08\/Angola-3-1024x574.jpg 1024w, https:\/\/www.sisinternational.com\/wp-content\/uploads\/2025\/08\/Angola-3-768x430.jpg 768w, https:\/\/www.sisinternational.com\/wp-content\/uploads\/2025\/08\/Angola-3-18x10.jpg 18w\" sizes=\"auto, (max-width: 1456px) 100vw, 1456px\"><\/figure>\n\n\n\n<p><\/p>\n\n\n\n<h3 class=\"wp-block-heading\">1. Alcuni settori industriali sono esenti da tasse.<\/h3>\n\n\n\n<p>Il governo cerca:<\/p>\n\n\n\n<h3 class=\"wp-block-heading\">2. Diversificazione economica<\/h3>\n\n\n\n<h3 class=\"wp-block-heading\">3. Modifica delle tecnologie moderne<\/h3>\n\n\n\n<h3 class=\"wp-block-heading\">4. Le aree finanziarie e sociali con il miglior potenziale sono:<\/h3>\n\n\n\n<ul class=\"wp-block-list\">\n<li>Agroalimentare, produzione zootecnica e silvicoltura<\/li>\n\n\n\n<li>Turismo<\/li>\n\n\n\n<li>Industrie di assemblaggio e lavorazione<\/li>\n\n\n\n<li>Pesca e acquacoltura, compresa la lavorazione del pesce<\/li>\n\n\n\n<li>Trasporti e Telecomunicazioni<\/li>\n\n\n\n<li>Scolarizzazione (Istruzione regolare e Formazione tecnico-professionale)<\/li>\n\n\n\n<li>Sostegno allo sviluppo e all&#039;edilizia abitativa<\/li>\n\n\n\n<li>Informatica e tecnologia gestionale<\/li>\n\n\n\n<li>Assistenza medica (medicina preventiva e industria farmaceutica)<\/li>\n<\/ul>\n\n\n\n<h2 class=\"wp-block-heading\">Informazioni sulle ricerche di mercato in Angola<\/h2>\n\n\n\n<p>Are you a business visionary looking to work in Angola? If so, you have come to the best place. We put together Focus Groups in the different African business areas, and we can also do Quantitative, Qualitative, and Strategy <a href=\"https:\/\/www.sisinternational.com\/it\/competenza\/industrie\/ricerche-di-mercato-delle-organizzazioni-di-ricerca-a-contratto\/\" title=\"Ricerche di mercato sulle organizzazioni di ricerca a contratto\"  data-wpil-monitor-id=\"7747\">Research for your organization<\/a>. We tunnel through primary research, surveys, interviews, and articles. That is only the start. We collect essential information for you and your business.<\/p>\n\n\n\n<p><\/p>","protected":false},"excerpt":{"rendered":"<p>Market Research in Angola Key Industries During the colonial period, Angola was the crown jewel of Portugal. It gave people the encouragement they needed to invest in their economy. With this, the economy started having rapid growth by the 1970s. The leading exports were diamonds, coffee, petroleum, and sisal. There was also the development of &#8230; <a title=\"Ricerche di mercato in Angola\" class=\"read-more\" href=\"https:\/\/www.sisinternational.com\/it\/copertura\/ricerche-di-mercato-africane\/ricerche-di-mercato-angola\/\" aria-label=\"Per saperne di pi\u00f9 su Market Research in Angola\">Leggi tutto<\/a><\/p>","protected":false},"author":1,"featured_media":65244,"parent":14281,"menu_order":8,"comment_status":"closed","ping_status":"closed","template":"","meta":{"footnotes":""},"class_list":["post-37718","page","type-page","status-publish","has-post-thumbnail"],"_links":{"self":[{"href":"https:\/\/www.sisinternational.com\/it\/wp-json\/wp\/v2\/pages\/37718","targetHints":{"allow":["GET"]}}],"collection":[{"href":"https:\/\/www.sisinternational.com\/it\/wp-json\/wp\/v2\/pages"}],"about":[{"href":"https:\/\/www.sisinternational.com\/it\/wp-json\/wp\/v2\/types\/page"}],"author":[{"embeddable":true,"href":"https:\/\/www.sisinternational.com\/it\/wp-json\/wp\/v2\/users\/1"}],"replies":[{"embeddable":true,"href":"https:\/\/www.sisinternational.com\/it\/wp-json\/wp\/v2\/comments?post=37718"}],"version-history":[{"count":3,"href":"https:\/\/www.sisinternational.com\/it\/wp-json\/wp\/v2\/pages\/37718\/revisions"}],"predecessor-version":[{"id":81305,"href":"https:\/\/www.sisinternational.com\/it\/wp-json\/wp\/v2\/pages\/37718\/revisions\/81305"}],"up":[{"embeddable":true,"href":"https:\/\/www.sisinternational.com\/it\/wp-json\/wp\/v2\/pages\/14281"}],"wp:featuredmedia":[{"embeddable":true,"href":"https:\/\/www.sisinternational.com\/it\/wp-json\/wp\/v2\/media\/65244"}],"wp:attachment":[{"href":"https:\/\/www.sisinternational.com\/it\/wp-json\/wp\/v2\/media?parent=37718"}],"curies":[{"name":"wp","href":"https:\/\/api.w.org\/{rel}","templated":true}]}}