{"id":37716,"date":"2021-05-19T05:18:50","date_gmt":"2021-05-19T05:18:50","guid":{"rendered":"https:\/\/www.sisinternational.com\/?page_id=37716"},"modified":"2025-11-10T22:16:27","modified_gmt":"2025-11-11T03:16:27","slug":"ricerche-di-mercato-camerun","status":"publish","type":"page","link":"https:\/\/www.sisinternational.com\/it\/copertura\/ricerche-di-mercato-africane\/ricerche-di-mercato-camerun\/","title":{"rendered":"Ricerche di mercato in Camerun"},"content":{"rendered":"<h1 class=\"wp-block-heading\">Ricerche di mercato in Camerun, Africa<\/h1>\n\n\n\n<figure class=\"gb-block-image gb-block-image-5bc7228c\"><img loading=\"lazy\" decoding=\"async\" width=\"1456\" height=\"816\" class=\"gb-image gb-image-5bc7228c\" src=\"https:\/\/www.sisinternational.com\/wp-content\/uploads\/2025\/08\/Cameroon-1.jpg\" alt=\"Ricerca e strategia di mercato internazionale SIS\" title=\"Cameroon (1)\" srcset=\"https:\/\/www.sisinternational.com\/wp-content\/uploads\/2025\/08\/Cameroon-1.jpg 1456w, https:\/\/www.sisinternational.com\/wp-content\/uploads\/2025\/08\/Cameroon-1-300x168.jpg 300w, https:\/\/www.sisinternational.com\/wp-content\/uploads\/2025\/08\/Cameroon-1-1024x574.jpg 1024w, https:\/\/www.sisinternational.com\/wp-content\/uploads\/2025\/08\/Cameroon-1-768x430.jpg 768w, https:\/\/www.sisinternational.com\/wp-content\/uploads\/2025\/08\/Cameroon-1-18x10.jpg 18w\" sizes=\"auto, (max-width: 1456px) 100vw, 1456px\"><\/figure>\n\n\n\n<p><\/p>\n\n\n\n<hr class=\"wp-block-separator has-alpha-channel-opacity is-style-dots\"\/>\n\n\n\n<p>Adagiato sul Golfo di Guinea si trova il Camerun, stretto tra la Nigeria e la Repubblica Centrafricana. Il suo nome deriva dal portoghese &#039;Camaroes&#039; (che significa gamberetti). Alcune persone la vedono come \u201cl\u2019Africa in miniatura\u201d a causa della sua diversa composizione geografica e culturale. \u00c8 un paese a reddito medio-basso con una popolazione di oltre 25 milioni di abitanti (2018)<\/p>\n\n\n\n<p>Le principali lingue del Camerun sono il francese e l&#039;inglese. La religione dominante \u00e8 il cristianesimo. La sua capitale, Yaound\u00e9, si trova nella parte centro-meridionale del paese. Come qualsiasi altra regione tropicale, il Camerun \u00e8 umido tutto l\u2019anno. Ha temperature pi\u00f9 basse nelle zone montuose.<\/p>\n\n\n\n<h2 class=\"wp-block-heading\">Quartieri<\/h2>\n\n\n\n<p>Oltre alla capitale Yaound\u00e9, un&#039;altra regione da prendere in considerazione \u00e8 Douala. La qualit\u00e0 della vita in entrambe le citt\u00e0 sfiora la media, con Douala che ha un costo della vita pi\u00f9 alto.<\/p>\n\n\n\n<p>La minaccia pi\u00f9 importante alla sicurezza in Camerun sono gli attacchi in corso di Boko Haram nel nord. Questi attacchi hanno portato a un aumento delle morti e a frequenti situazioni di rifugiati.<\/p>\n\n\n\n<h2 class=\"wp-block-heading\">Tendenze<\/h2>\n\n\n\n<p>Il settore agricolo rappresenta pi\u00f9 della met\u00e0 delle entrate del paese. D\u00e0 lavoro al 60% della popolazione. Le principali colture da reddito del Camerun vanno dalle colture alimentari tradizionali alle colture per l&#039;esportazione. L&#039;agricoltura impiega almeno un adulto nella famiglia media camerunese. La met\u00e0 del Camerun vive in uno stato di povert\u00e0 in un contesto di aumento della popolazione.<\/p>\n\n\n\n<p>Most of the country\u2019s citizens eat large quantities of fruits and vegetables since they have, over time, linked health and well-being to healthy foods. This rise in demand has increased the <a href=\"https:\/\/www.sisinternational.com\/it\/soluzioni\/prova-del-gusto\/food-product-tests-in-ny\/\" title=\"Food Product Tests In NY\"  data-wpil-monitor-id=\"7893\">production of healthier choices of food<\/a> and crops.<\/p>\n\n\n\n<h2 class=\"wp-block-heading\">Vantaggi e punti di forza sul mercato<\/h2>\n\n\n\n<p>Cameroon has the advantage of excellent climatic conditions, resulting in fertile soil for the growth of staple food crops. Another benefit is supportive government policies. Farmers and traders have freedom of movement, which has resulted in the <a href=\"https:\/\/www.sisinternational.com\/it\/competenza\/industrie\/ricerche-di-mercato-sullo-sviluppo-di-codici-bassi\/\" title=\"Ricerche di mercato sullo sviluppo del codice basso\"  data-wpil-monitor-id=\"7892\">development of the market<\/a>. Sometimes producers and farmers cannot sell their <a href=\"https:\/\/www.sisinternational.com\/it\/competenza\/curriculum-di-esperienza\/ricerche-di-mercato-sui-prodotti-per-la-cura-personale\/\" title=\"Ricerche di mercato sui prodotti per la cura personale\"  data-wpil-monitor-id=\"7890\">products on the local market<\/a>. The government does not prevent them from doing so on the international market.<\/p>\n\n\n\n<h2 class=\"wp-block-heading\">Base dei consumatori<\/h2>\n\n\n\n<p>Nonostante le sfide affrontate, il Camerun rimane uno dei paesi pi\u00f9 stabili. La sua posizione strategica gli d\u00e0 accesso al mercato nigeriano. Ha anche potenziali consumatori provenienti da altre regioni vicine. La sua posizione funge anche da hub per importanti progetti futuri.<\/p>\n\n\n\n<p>Imports from the U.S., Europe, and China dominate some essential local goods. Cameroonians associate foreign products with quality. Middle-class people are the <a href=\"https:\/\/www.sisinternational.com\/it\/competenza\/ricerca-personalizzata-primaria-2\/\" title=\"Ricerche di mercato primarie\"  data-wpil-monitor-id=\"7891\">primary consumers in this market<\/a>.<\/p>\n\n\n\n<h2 class=\"wp-block-heading\">Motivi per far crescere la tua attivit\u00e0 sul mercato.<\/h2>\n\n\n\n<figure class=\"gb-block-image gb-block-image-ceb6ccd5\"><img loading=\"lazy\" decoding=\"async\" width=\"1456\" height=\"816\" class=\"gb-image gb-image-ceb6ccd5\" src=\"https:\/\/www.sisinternational.com\/wp-content\/uploads\/2025\/08\/Cameroon-2.jpg\" alt=\"Ricerca e strategia di mercato internazionale SIS\" title=\"Cameroon (2)\" srcset=\"https:\/\/www.sisinternational.com\/wp-content\/uploads\/2025\/08\/Cameroon-2.jpg 1456w, https:\/\/www.sisinternational.com\/wp-content\/uploads\/2025\/08\/Cameroon-2-300x168.jpg 300w, https:\/\/www.sisinternational.com\/wp-content\/uploads\/2025\/08\/Cameroon-2-1024x574.jpg 1024w, https:\/\/www.sisinternational.com\/wp-content\/uploads\/2025\/08\/Cameroon-2-768x430.jpg 768w, https:\/\/www.sisinternational.com\/wp-content\/uploads\/2025\/08\/Cameroon-2-18x10.jpg 18w\" sizes=\"auto, (max-width: 1456px) 100vw, 1456px\"><\/figure>\n\n\n\n<p><\/p>\n\n\n\n<p>Il progresso avviene per fasi e il Camerun come paese non fa eccezione. Gli investimenti stranieri in questo paese risolveranno molti problemi. Tali investimenti contribuiscono allo sviluppo delle infrastrutture, dei trasporti e dell\u2019energia. Tutto ci\u00f2 che pu\u00f2 migliorare e far avanzare il Paese \u00e8 il benvenuto.<\/p>\n\n\n\n<p>With thorough market research, a <a href=\"https:\/\/www.sisinternational.com\/it\/top-5-benefits-of-qualitative-market-research-for-businesses\/\" title=\"Top 5 Benefits of Qualitative Market Research for Businesses\"  data-wpil-monitor-id=\"7895\">business will benefit<\/a> by setting roots in Cameroon. The country needs investment, and the market is ripe.<\/p>\n\n\n\n<h2 class=\"wp-block-heading\">Informazioni sulle ricerche di mercato in Camerun<\/h2>\n\n\n\n<p>Cameroon is a market with promise. Choosing the right <a href=\"https:\/\/www.sisinternational.com\/it\/pubblicazioni\/ricerche-di-mercato-per-un-business-scalabile-7-modi-per-costruire-un-business-scalabile\/\" title=\"Ricerche di mercato per aziende scalabili: 7 modi per costruire un business scalabile\"  data-wpil-monitor-id=\"7894\">research group is vital for your business<\/a>. A company with a reliable <a href=\"https:\/\/www.sisinternational.com\/it\/soluzioni\/consulenza-strategica\/ricerche-di-mercato-in-rete-di-esperti\/\" title=\"Ricerche di mercato della rete di esperti\"  data-wpil-monitor-id=\"7889\">network of experienced research experts<\/a> is the best choice\u2014our researchers will use focus groups to assist you in making the best decisions.<\/p>\n\n\n\n<p>We use Qualitative, Quantitative, and Strategy Research, Surveys, and other data analysis tools to help you decide on your investment approach. You will receive the necessary insight to offer the right <a href=\"https:\/\/www.sisinternational.com\/it\/soluzioni\/prova-del-gusto\/servizi-di-test-di-prodotto-a-new-york\/\" title=\"Servizi di test di prodotto a New York\"  data-wpil-monitor-id=\"7897\">services and products<\/a>. Your goal is to meet the needs of Cameroonian consumers, and we will help you reach it.<\/p>","protected":false},"excerpt":{"rendered":"<p>Market Research in Cameroon, Africa Lying on the Gulf of Guinea is the country of Cameroon, sandwiched between Nigeria and the Central African Republic. Its name derives from the Portuguese \u2018Camaroes\u2019 (meaning shrimps). Some people view it as \u201cAfrica in miniature\u201d due to its diverse geographical and cultural makeup. It is a lower to middle-income &#8230; <a title=\"Ricerche di mercato in Camerun\" class=\"read-more\" href=\"https:\/\/www.sisinternational.com\/it\/copertura\/ricerche-di-mercato-africane\/ricerche-di-mercato-camerun\/\" aria-label=\"Per saperne di pi\u00f9 su Market Research in Cameroon\">Leggi tutto<\/a><\/p>","protected":false},"author":1,"featured_media":65272,"parent":14281,"menu_order":7,"comment_status":"closed","ping_status":"closed","template":"","meta":{"_uag_custom_page_level_css":"","footnotes":""},"class_list":["post-37716","page","type-page","status-publish","has-post-thumbnail"],"uagb_featured_image_src":{"full":["https:\/\/www.sisinternational.com\/wp-content\/uploads\/2025\/08\/Cameroon-1.jpg",1456,816,false],"thumbnail":["https:\/\/www.sisinternational.com\/wp-content\/uploads\/2025\/08\/Cameroon-1-150x150.jpg",150,150,true],"medium":["https:\/\/www.sisinternational.com\/wp-content\/uploads\/2025\/08\/Cameroon-1-300x168.jpg",300,168,true],"medium_large":["https:\/\/www.sisinternational.com\/wp-content\/uploads\/2025\/08\/Cameroon-1-768x430.jpg",768,430,true],"large":["https:\/\/www.sisinternational.com\/wp-content\/uploads\/2025\/08\/Cameroon-1-1024x574.jpg",1024,574,true],"1536x1536":["https:\/\/www.sisinternational.com\/wp-content\/uploads\/2025\/08\/Cameroon-1.jpg",1456,816,false],"2048x2048":["https:\/\/www.sisinternational.com\/wp-content\/uploads\/2025\/08\/Cameroon-1.jpg",1456,816,false],"trp-custom-language-flag":["https:\/\/www.sisinternational.com\/wp-content\/uploads\/2025\/08\/Cameroon-1-18x10.jpg",18,10,true]},"uagb_author_info":{"display_name":"Ruth Stanat","author_link":"https:\/\/www.sisinternational.com\/it\/author\/expert\/"},"uagb_comment_info":0,"uagb_excerpt":"Market Research in Cameroon, Africa Lying on the Gulf of Guinea is the country of Cameroon, sandwiched between Nigeria and the Central African Republic. Its name derives from the Portuguese \u2018Camaroes\u2019 (meaning shrimps). Some people view it as \u201cAfrica in miniature\u201d due to its diverse geographical and cultural makeup. It is a lower to middle-income&hellip;","_links":{"self":[{"href":"https:\/\/www.sisinternational.com\/it\/wp-json\/wp\/v2\/pages\/37716","targetHints":{"allow":["GET"]}}],"collection":[{"href":"https:\/\/www.sisinternational.com\/it\/wp-json\/wp\/v2\/pages"}],"about":[{"href":"https:\/\/www.sisinternational.com\/it\/wp-json\/wp\/v2\/types\/page"}],"author":[{"embeddable":true,"href":"https:\/\/www.sisinternational.com\/it\/wp-json\/wp\/v2\/users\/1"}],"replies":[{"embeddable":true,"href":"https:\/\/www.sisinternational.com\/it\/wp-json\/wp\/v2\/comments?post=37716"}],"version-history":[{"count":3,"href":"https:\/\/www.sisinternational.com\/it\/wp-json\/wp\/v2\/pages\/37716\/revisions"}],"predecessor-version":[{"id":81331,"href":"https:\/\/www.sisinternational.com\/it\/wp-json\/wp\/v2\/pages\/37716\/revisions\/81331"}],"up":[{"embeddable":true,"href":"https:\/\/www.sisinternational.com\/it\/wp-json\/wp\/v2\/pages\/14281"}],"wp:featuredmedia":[{"embeddable":true,"href":"https:\/\/www.sisinternational.com\/it\/wp-json\/wp\/v2\/media\/65272"}],"wp:attachment":[{"href":"https:\/\/www.sisinternational.com\/it\/wp-json\/wp\/v2\/media?parent=37716"}],"curies":[{"name":"wp","href":"https:\/\/api.w.org\/{rel}","templated":true}]}}