{"id":37714,"date":"2021-05-19T05:15:40","date_gmt":"2021-05-19T05:15:40","guid":{"rendered":"https:\/\/www.sisinternational.com\/?page_id=37714"},"modified":"2025-09-14T14:30:00","modified_gmt":"2025-09-14T18:30:00","slug":"ricerche-di-mercato-cabo-verde","status":"publish","type":"page","link":"https:\/\/www.sisinternational.com\/it\/copertura\/ricerche-di-mercato-africane\/ricerche-di-mercato-cabo-verde\/","title":{"rendered":"Ricerche di mercato a Capo Verde"},"content":{"rendered":"<h1 class=\"wp-block-heading\">Ricerche di mercato a Capo Verde, Africa<\/h1>\n\n\n\n<figure class=\"gb-block-image gb-block-image-f976ab82\"><img loading=\"lazy\" decoding=\"async\" width=\"1456\" height=\"816\" class=\"gb-image gb-image-f976ab82\" src=\"https:\/\/www.sisinternational.com\/wp-content\/uploads\/2025\/08\/Cabo-Verde-2.jpg\" alt=\"Ricerca e strategia di mercato internazionale SIS\" title=\"Cabo Verde (2)\" srcset=\"https:\/\/www.sisinternational.com\/wp-content\/uploads\/2025\/08\/Cabo-Verde-2.jpg 1456w, https:\/\/www.sisinternational.com\/wp-content\/uploads\/2025\/08\/Cabo-Verde-2-300x168.jpg 300w, https:\/\/www.sisinternational.com\/wp-content\/uploads\/2025\/08\/Cabo-Verde-2-1024x574.jpg 1024w, https:\/\/www.sisinternational.com\/wp-content\/uploads\/2025\/08\/Cabo-Verde-2-768x430.jpg 768w, https:\/\/www.sisinternational.com\/wp-content\/uploads\/2025\/08\/Cabo-Verde-2-18x10.jpg 18w\" sizes=\"auto, (max-width: 1456px) 100vw, 1456px\"><\/figure>\n\n\n\n<p><\/p>\n\n\n\n<p>Al largo della costa africana si trovano le isole Capo Verde o Capo Verde. Capo Verde \u00e8 costituito da un arcipelago di quindici isole e isolotti al largo della costa occidentale dell&#039;Africa. Prendono il nome dal promontorio pi\u00f9 occidentale dell&#039;Africa, Capo Verde, e coprono un&#039;area di 1557 miglia quadrate.<\/p>\n\n\n\n<p>Non si pu\u00f2 mai sopravvalutare la bellezza di Capo Verde. Queste isole presentano una magnifica variet\u00e0 di paesaggi. La lingua ufficiale \u00e8 il portoghese, ma esiste anche un mix di vernacolo africano.<\/p>\n\n\n\n<h2 class=\"wp-block-heading\">Industrie chiave<\/h2>\n\n\n\n<p>Il settore del turismo domina l\u2019economia di queste isole. Dipendono anche dal settore manifatturiero, dall\u2019agricoltura, dalla pesca e dalla silvicoltura. Il turismo rappresenta oltre 70% del PIL, mentre l\u2019agricoltura e la pesca contribuiscono solo per 9%.<\/p>\n\n\n\n<p>This country has few natural resources. Yet, it boasts high living standards, which attract thousands of international immigrants and visitors. Information and communication technology <a href=\"https:\/\/www.sisinternational.com\/it\/aumento-del-settore-dellistruzione-durante-la-recessione\/\" title=\"Aumento del settore dell\u2019istruzione durante la recessione\"  data-wpil-monitor-id=\"7764\">sectors are on the rise<\/a>. Investment in these areas will yield many benefits.<\/p>\n\n\n\n<h2 class=\"wp-block-heading\">Quartieri<\/h2>\n\n\n\n<p>Cabo Verde remains a safe and peaceful country with a friendly population. It boasts a low crime rate, though there have been a few incidents of theft within the tourism belt. On the island of Boavista, violent crimes against tourists are increasing. The other islands remain crime-free for tourists, who are mainly European. We caution visiting tourists to be safe and alert as they vacation in Cabo Verde.<\/p>\n\n\n\n<p>Di tutte le isole, la pi\u00f9 soleggiata \u00e8 Sal e la pi\u00f9 piccola \u00e8 Santa Luzia. La pi\u00f9 montuosa \u00e8 Sao Nicolau, mentre la pi\u00f9 popolata \u00e8 Sal Rei.<\/p>\n\n\n\n<h2 class=\"wp-block-heading\">Tendenze<\/h2>\n\n\n\n<p>Tourists flock to the Cabo Verde Islands for the warm tropical climate, using them as a winter escape. These volcanic islands boast wonderful music and extraordinary cuisine.<\/p>\n\n\n\n<p>The current population of Cabo Verde dwindled to approximately half a million over time. This departure is due to massive immigration movements as a result of historic droughts and volcanic activity.<\/p>\n\n\n\n<p>Il clima tropicale \u00e8 stabile tutto l&#039;anno ma \u00e8 pi\u00f9 fresco rispetto alla maggior parte dell&#039;Africa occidentale. La temperatura \u00e8 ideale per le attivit\u00e0 turistiche. I visitatori possono praticare escursioni, sport acquatici e nuoto.<\/p>\n\n\n\n<h2 class=\"wp-block-heading\">Vantaggi e punti di forza sul mercato<\/h2>\n\n\n\n<p>Cabo Verde provides good <a href=\"https:\/\/www.sisinternational.com\/it\/neuromarketing-per-le-piccole-imprese\/\" title=\"Neuromarketing per le piccole imprese\"  data-wpil-monitor-id=\"7761\">business opportunities for small-<\/a> or medium-sized US companies. The physical infrastructure (airports, ports, roads, and hotels) is of high quality. The islands are a one-stop shop for foreign investors.<\/p>\n\n\n\n<p>The strength of the tourism <a href=\"https:\/\/www.sisinternational.com\/it\/soluzioni\/soluzioni-di-branding-e-ricerca-clienti\/ricerche-di-mercato-sulla-cura-della-pelle\/\" title=\"Ricerche di mercato per la cura della pelle | Consulenza nel settore della bellezza\"  data-wpil-monitor-id=\"7759\">industry lies in the exquisite beauty<\/a> of Cape Verde. The best locations are on the lovely beaches of Sal, Santa Maria, Santiago, and Boavista. As the tourism industry grows, so will the economy. Cabo Verde offers efficient <a href=\"https:\/\/www.sisinternational.com\/it\/soluzioni\/ricerca-di-consulenza-strategica-fintech\/banking-as-a-service-ricerche-di-mercato-e-consulenza-strategica\/\" title=\"Banking as a Service Ricerche di mercato e consulenza strategica\"  data-wpil-monitor-id=\"7763\">banking and telecommunications services<\/a>. It also has a stable political environment.<\/p>\n\n\n\n<p>Le fertili valli dell&#039;isola di Santo Antao sono una tappa obbligata per i turisti. Quest&#039;isola \u00e8 perfetta per l&#039;industria agricola.<\/p>\n\n\n\n<h2 class=\"wp-block-heading\">Base dei consumatori<\/h2>\n\n\n\n<figure class=\"gb-block-image gb-block-image-3e5fb44a\"><img loading=\"lazy\" decoding=\"async\" width=\"1456\" height=\"816\" class=\"gb-image gb-image-3e5fb44a\" src=\"https:\/\/www.sisinternational.com\/wp-content\/uploads\/2025\/08\/Cabo-Verde-4.jpg\" alt=\"Ricerca e strategia di mercato internazionale SIS\" title=\"Cabo Verde (4)\" srcset=\"https:\/\/www.sisinternational.com\/wp-content\/uploads\/2025\/08\/Cabo-Verde-4.jpg 1456w, https:\/\/www.sisinternational.com\/wp-content\/uploads\/2025\/08\/Cabo-Verde-4-300x168.jpg 300w, https:\/\/www.sisinternational.com\/wp-content\/uploads\/2025\/08\/Cabo-Verde-4-1024x574.jpg 1024w, https:\/\/www.sisinternational.com\/wp-content\/uploads\/2025\/08\/Cabo-Verde-4-768x430.jpg 768w, https:\/\/www.sisinternational.com\/wp-content\/uploads\/2025\/08\/Cabo-Verde-4-18x10.jpg 18w\" sizes=\"auto, (max-width: 1456px) 100vw, 1456px\"><\/figure>\n\n\n\n<p><\/p>\n\n\n\n<p>The economy of Cabo Verde thrives on the high consumption of its tourism services. The islands also depend on income from exports and imports. Also, the growing agriculture industry is evident. <a href=\"https:\/\/www.sisinternational.com\/it\/competenza\/industrie\/ricerche-di-mercato-nel-settore-della-frutta\/\" title=\"Ricerche di mercato nel settore della frutta\"  data-wpil-monitor-id=\"7762\">Fruit and vegetable markets<\/a> grace almost every Cape Verde town.<\/p>\n\n\n\n<p>La gente del posto divide il consumo totale tra diversi articoli. Questi articoli includono cibo, effetti personali, articoli per la casa, attrezzature, attivit\u00e0 ricreative e salute.<\/p>\n\n\n\n<h2 class=\"wp-block-heading\">Motivi per far crescere la tua attivit\u00e0 sul mercato<\/h2>\n\n\n\n<p>Perch\u00e9 dovresti scegliere Capo Verde per svolgere il tuo business? Ecco tre motivi per cui dovresti:<\/p>\n\n\n\n<ol class=\"wp-block-list\">\n<li>Il turismo \u00e8 fiorente<\/li>\n\n\n\n<li>IL <a href=\"https:\/\/www.sisinternational.com\/it\/competenza\/industrie\/ricerche-di-mercato-immobiliari-commerciali\/\" title=\"Ricerche di mercato nel settore immobiliare commerciale\"  data-wpil-monitor-id=\"7758\">real estate market<\/a> is growing<\/li>\n\n\n\n<li>Sono disponibili schemi di successo nella gestione degli investimenti<\/li>\n<\/ol>\n\n\n\n<h2 class=\"wp-block-heading\">Informazioni sulle ricerche di mercato a Capo Verde<\/h2>\n\n\n\n<p>If by now you have decided to grow your <a href=\"https:\/\/www.sisinternational.com\/it\/pubblicazioni\/ricerche-di-mercato-per-un-business-scalabile-7-modi-per-costruire-un-business-scalabile\/\" title=\"Ricerche di mercato per aziende scalabili: 7 modi per costruire un business scalabile\"  data-wpil-monitor-id=\"7760\">business in the Cabo Verde market<\/a>, do so without fear. Our focus groups help you to maximize your potential as you begin to operate your business. We do surveys, and we offer Qualitative, Quantity, and Strategy research.<\/p>\n\n\n\n<p>Utilizziamo fatti e cifre per raccogliere i dati necessari per andare avanti. Diventa un imprenditore capoverdiano oggi!<\/p>\n\n\n\n<p><\/p>","protected":false},"excerpt":{"rendered":"<p>Market Research in Cabo Verde, Africa Off the coast of Africa lie the Cabo Verde or Cape Verde (Green Cape) Islands. Cabo Verde consists of an archipelago of fifteen islands and islets off the west coast of Africa. They&#8217;re named after the westernmost cape of Africa, Cape Verde, and they cover an area of 1557 &#8230; <a title=\"Ricerche di mercato a Capo Verde\" class=\"read-more\" href=\"https:\/\/www.sisinternational.com\/it\/copertura\/ricerche-di-mercato-africane\/ricerche-di-mercato-cabo-verde\/\" aria-label=\"Per saperne di pi\u00f9 su Market Research in Cabo Verde\">Leggi tutto<\/a><\/p>","protected":false},"author":1,"featured_media":65269,"parent":14281,"menu_order":6,"comment_status":"closed","ping_status":"closed","template":"","meta":{"footnotes":""},"class_list":["post-37714","page","type-page","status-publish","has-post-thumbnail"],"_links":{"self":[{"href":"https:\/\/www.sisinternational.com\/it\/wp-json\/wp\/v2\/pages\/37714","targetHints":{"allow":["GET"]}}],"collection":[{"href":"https:\/\/www.sisinternational.com\/it\/wp-json\/wp\/v2\/pages"}],"about":[{"href":"https:\/\/www.sisinternational.com\/it\/wp-json\/wp\/v2\/types\/page"}],"author":[{"embeddable":true,"href":"https:\/\/www.sisinternational.com\/it\/wp-json\/wp\/v2\/users\/1"}],"replies":[{"embeddable":true,"href":"https:\/\/www.sisinternational.com\/it\/wp-json\/wp\/v2\/comments?post=37714"}],"version-history":[{"count":3,"href":"https:\/\/www.sisinternational.com\/it\/wp-json\/wp\/v2\/pages\/37714\/revisions"}],"predecessor-version":[{"id":81308,"href":"https:\/\/www.sisinternational.com\/it\/wp-json\/wp\/v2\/pages\/37714\/revisions\/81308"}],"up":[{"embeddable":true,"href":"https:\/\/www.sisinternational.com\/it\/wp-json\/wp\/v2\/pages\/14281"}],"wp:featuredmedia":[{"embeddable":true,"href":"https:\/\/www.sisinternational.com\/it\/wp-json\/wp\/v2\/media\/65269"}],"wp:attachment":[{"href":"https:\/\/www.sisinternational.com\/it\/wp-json\/wp\/v2\/media?parent=37714"}],"curies":[{"name":"wp","href":"https:\/\/api.w.org\/{rel}","templated":true}]}}