{"id":37712,"date":"2021-05-19T05:08:38","date_gmt":"2021-05-19T05:08:38","guid":{"rendered":"https:\/\/www.sisinternational.com\/?page_id=37712"},"modified":"2025-09-14T14:28:09","modified_gmt":"2025-09-14T18:28:09","slug":"ricerche-di-mercato-repubblica-centrafricana","status":"publish","type":"page","link":"https:\/\/www.sisinternational.com\/it\/copertura\/ricerche-di-mercato-africane\/ricerche-di-mercato-repubblica-centrafricana\/","title":{"rendered":"Ricerche di mercato nella Repubblica Centrafricana"},"content":{"rendered":"<h1 class=\"wp-block-heading\">Ricerche di mercato nella Repubblica Centrafricana<\/h1>\n\n\n\n<figure class=\"gb-block-image gb-block-image-074add71\"><img loading=\"lazy\" decoding=\"async\" width=\"1024\" height=\"574\" class=\"gb-image gb-image-074add71\" src=\"https:\/\/www.sisinternational.com\/wp-content\/uploads\/2025\/08\/Central-African-Republic-1-1024x574.jpg\" srcset=\"https:\/\/www.sisinternational.com\/wp-content\/uploads\/2025\/08\/Central-African-Republic-1-1024x574.jpg 1024w, https:\/\/www.sisinternational.com\/wp-content\/uploads\/2025\/08\/Central-African-Republic-1-300x168.jpg 300w, https:\/\/www.sisinternational.com\/wp-content\/uploads\/2025\/08\/Central-African-Republic-1-768x430.jpg 768w, https:\/\/www.sisinternational.com\/wp-content\/uploads\/2025\/08\/Central-African-Republic-1-18x10.jpg 18w, https:\/\/www.sisinternational.com\/wp-content\/uploads\/2025\/08\/Central-African-Republic-1.jpg 1456w\" sizes=\"auto, (max-width: 1024px) 100vw, 1024px\" alt=\"Ricerca e strategia di mercato internazionale SIS\"><\/figure>\n\n\n\n<p><\/p>\n\n\n\n<h2 class=\"wp-block-heading\">Industrie chiave<\/h2>\n\n\n\n<p>Il principale veicolo economico della Repubblica Centrafricana \u00e8 l&#039;agricoltura, che contribuisce al prodotto interno lordo della Repubblica e al mercato del lavoro. Anche il capitale internazionale, la silvicoltura e la pesca sono fonti dinamiche di valuta estera. Lo stesso vale per i diamanti, il legname e i raccolti commerciali, come il cotone e il caff\u00e8.<\/p>\n\n\n\n<p>Il Belgio acquista la maggior parte delle esportazioni di diamanti nella Repubblica Centrafricana, mentre la Francia acquista la maggior parte del caff\u00e8 e del tabacco. Anche Cina, Germania e Arabia Saudita sono importanti partner commerciali. Tutti contribuiscono a rilanciare l&#039;economia della Repubblica Centrafricana.<\/p>\n\n\n\n<h2 class=\"wp-block-heading\">Quartieri<\/h2>\n\n\n\n<p>La Repubblica Centrafricana \u00e8 proprio dove dice il suo nome: il centro dell&#039;Africa. Confina con cinque paesi vicini: Camerun, Ciad, Repubblica Democratica del Congo, Repubblica del Congo e Sud Sudan.<\/p>\n\n\n\n<p>Cameroon sits to the <a href=\"https:\/\/www.sisinternational.com\/it\/copertura\/ricerche-di-mercato-africane\/ricerche-di-mercato-in-marocco-nord-africa\/\" title=\"Ricerche di mercato in Marocco, continente africano nordoccidentale\"  data-wpil-monitor-id=\"7715\">west of the Central African<\/a> Republic. Chad is to the north, and the Democratic Republic of Congo is to the south.<\/p>\n\n\n\n<p>La Repubblica del Congo si trova anche a sud della Repubblica Centrafricana e ad est del Sud Sudan.<\/p>\n\n\n\n<h2 class=\"wp-block-heading\">Tendenze<\/h2>\n\n\n\n<p>Le ricche risorse minerarie della Repubblica Centrafricana creano un&#039;opportunit\u00e0. Le imprese possono espandere l\u2019esportazione di materie prime.<\/p>\n\n\n\n<p>Un progetto di gasdotto \u00e8 in costruzione. Una volta completato, aumenter\u00e0 la fattibilit\u00e0 dell\u2019esplorazione petrolifera. Diventer\u00e0 pi\u00f9 facile ed economico esportare le riserve petrolifere attraverso il vicino Camerun.<\/p>\n\n\n\n<h2 class=\"wp-block-heading\">Vantaggi e punti di forza nel mercato<\/h2>\n\n\n\n<p>La pandemia mondiale ha paralizzato molte economie. La Repubblica Centrafricana non fa eccezione. Diversi paesi hanno deciso di chiudere i propri confini per contenere il virus. Poich\u00e9 l\u2019economia della Repubblica Centrafricana \u00e8 basata sull\u2019agricoltura, potrebbe sopravvivere. Le sfide legate all\u2019esportazione di diamanti, legname, caff\u00e8 e tabacco sono pi\u00f9 gestibili del turismo.<\/p>\n\n\n\n<p>Detto questo, la Repubblica Centrafricana \u00e8 anche un\u2019ottima destinazione turistica. \u00c8 il luogo perfetto per l&#039;ecoturismo, con la sua bellezza naturale e biodiversit\u00e0.<\/p>\n\n\n\n<p>I collegamenti possono svolgere un ruolo cruciale. Ad esempio, il paese produce abbondante legname per i mobili. Coltiva anche caff\u00e8 e cacao, che i proprietari dei resort possono integrare nelle offerte degli ospiti.<\/p>\n\n\n\n<p>C&#039;\u00e8 speranza anche per altri tipi di iniziative imprenditoriali nella Repubblica Centrafricana. Le risorse naturali del paese aiuteranno a mantenere a galla gli affari.<\/p>\n\n\n\n<h2 class=\"wp-block-heading\">Motivi per far crescere la tua attivit\u00e0 sul mercato<\/h2>\n\n\n\n<p>The Central African Republic\u2019s economy is currently struggling. Once a new business gets to establish its <a href=\"https:\/\/www.sisinternational.com\/it\/competenza\/curriculum-di-esperienza\/ricerche-di-mercato-sui-prodotti-per-la-cura-personale\/\" title=\"Ricerche di mercato sui prodotti per la cura personale\"  data-wpil-monitor-id=\"7710\">products in the market<\/a>, this will help to boost the economy.<\/p>\n\n\n\n<p>Ease of doing business. It\u2019s easy to set up a limited liability <a href=\"https:\/\/www.sisinternational.com\/it\/soluzioni\/soluzioni-di-branding-e-ricerca-clienti\/ricerche-di-mercato-per-test-di-prodotto\/azienda-leader-nei-test-di-posizione-centrale\/\" title=\"Azienda leader nei test in posizione centrale\"  data-wpil-monitor-id=\"7720\">company in the Central<\/a> African Republic. An LLC is the preferred legal entity, but the country offers other options. <a href=\"https:\/\/www.sisinternational.com\/it\/avviare-unimpresa-in-turchia\/\" title=\"Avviare un&#039;impresa in Turchia\"  data-wpil-monitor-id=\"7723\">Businesses can also set<\/a> up as public limited companies, or they can open branches in the country.<\/p>\n\n\n\n<h2 class=\"wp-block-heading\">Informazioni sulle ricerche di mercato nella Repubblica Centrafricana<\/h2>\n\n\n\n<p>Le risorse naturali della Repubblica Centrafricana hanno del potenziale. Tuttavia, il Paese deve affrontare molti ostacoli, come la deforestazione e le scarse infrastrutture. Alcuni di questi, come l\u2019epidemia di AIDS e l\u2019instabilit\u00e0 politica, possono bloccare lo sviluppo economico.<\/p>\n\n\n\n<p>Thus, focus groups play a crucial role in protecting investors. That\u2019s why it\u2019s important to conduct surveys on the <a href=\"https:\/\/www.sisinternational.com\/it\/competenza\/industrie\/ricerche-di-mercato-nei-paesi-del-mercato-di-frontiera\/\" title=\"Ricerche di mercato sui paesi del mercato di frontiera\"  data-wpil-monitor-id=\"7708\">country to understand the market<\/a>. The Central African Republic\u2019s economy is still vulnerable. Thus, <a href=\"https:\/\/www.sisinternational.com\/it\/soluzioni\/soluzioni-di-ricerca-quantitativa-qualitativa\/reclutamento-per-la-ricerca-qualitativa\/\" title=\"Reclutamento per la ricerca qualitativa\"  data-wpil-monitor-id=\"7713\">qualitative and quantitative research<\/a> will also help business owners. They can determine if they will be making a worthy investment into the economy.<\/p>\n\n\n\n<p><a href=\"https:\/\/www.sisinternational.com\/it\/what-to-expect-in-your-first-year-entering-a-new-market-5-essential-strategies\/\" title=\"What to Expect in Your First Year Entering a New Market: 5 Essential Strategies\"  data-wpil-monitor-id=\"7717\">Strategy research is also essential<\/a>. It enables the investor to conduct a systematic study of the country\u2019s economy. For example, let\u2019s say the investor wants to construct a hotel. He or she will have to consider the resources that are already available in the country. They will also have to consider the timeline for the completion of the project.<\/p>\n\n\n\n<p>Stai pensando di investire nella Repubblica Centrafricana? Possiamo fornire ricerche quantitative, qualitative e strategiche per aiutarti a decidere. Contattaci subito per una consulenza.<\/p>","protected":false},"excerpt":{"rendered":"<p>Ricerche di mercato nella Repubblica Centrafricana: forniamo informazioni quantitative, qualitative e strategiche. Contattaci subito per una consulenza.<\/p>","protected":false},"author":1,"featured_media":65162,"parent":14281,"menu_order":5,"comment_status":"closed","ping_status":"closed","template":"","meta":{"footnotes":""},"class_list":["post-37712","page","type-page","status-publish","has-post-thumbnail"],"_links":{"self":[{"href":"https:\/\/www.sisinternational.com\/it\/wp-json\/wp\/v2\/pages\/37712","targetHints":{"allow":["GET"]}}],"collection":[{"href":"https:\/\/www.sisinternational.com\/it\/wp-json\/wp\/v2\/pages"}],"about":[{"href":"https:\/\/www.sisinternational.com\/it\/wp-json\/wp\/v2\/types\/page"}],"author":[{"embeddable":true,"href":"https:\/\/www.sisinternational.com\/it\/wp-json\/wp\/v2\/users\/1"}],"replies":[{"embeddable":true,"href":"https:\/\/www.sisinternational.com\/it\/wp-json\/wp\/v2\/comments?post=37712"}],"version-history":[{"count":3,"href":"https:\/\/www.sisinternational.com\/it\/wp-json\/wp\/v2\/pages\/37712\/revisions"}],"predecessor-version":[{"id":81303,"href":"https:\/\/www.sisinternational.com\/it\/wp-json\/wp\/v2\/pages\/37712\/revisions\/81303"}],"up":[{"embeddable":true,"href":"https:\/\/www.sisinternational.com\/it\/wp-json\/wp\/v2\/pages\/14281"}],"wp:featuredmedia":[{"embeddable":true,"href":"https:\/\/www.sisinternational.com\/it\/wp-json\/wp\/v2\/media\/65162"}],"wp:attachment":[{"href":"https:\/\/www.sisinternational.com\/it\/wp-json\/wp\/v2\/media?parent=37712"}],"curies":[{"name":"wp","href":"https:\/\/api.w.org\/{rel}","templated":true}]}}