{"id":37710,"date":"2021-05-19T05:04:18","date_gmt":"2021-05-19T05:04:18","guid":{"rendered":"https:\/\/www.sisinternational.com\/?page_id=37710"},"modified":"2026-01-24T20:50:49","modified_gmt":"2026-01-25T01:50:49","slug":"ricerche-di-mercato-in-eritrea","status":"publish","type":"page","link":"https:\/\/www.sisinternational.com\/it\/copertura\/ricerche-di-mercato-africane\/ricerche-di-mercato-in-eritrea\/","title":{"rendered":"Ricerche di mercato in Eritrea, Africa"},"content":{"rendered":"<h1 class=\"wp-block-heading\">Ricerche di mercato in Eritrea, Africa<\/h1>\n\n\n\n<figure class=\"gb-block-image gb-block-image-d29d71b3\"><img loading=\"lazy\" decoding=\"async\" width=\"1456\" height=\"816\" class=\"gb-image gb-image-d29d71b3\" src=\"https:\/\/www.sisinternational.com\/wp-content\/uploads\/2025\/08\/Eritrea-1.jpg\" alt=\"Ricerca e strategia di mercato internazionale SIS\" title=\"Eritrea (1)\" srcset=\"https:\/\/www.sisinternational.com\/wp-content\/uploads\/2025\/08\/Eritrea-1.jpg 1456w, https:\/\/www.sisinternational.com\/wp-content\/uploads\/2025\/08\/Eritrea-1-300x168.jpg 300w, https:\/\/www.sisinternational.com\/wp-content\/uploads\/2025\/08\/Eritrea-1-1024x574.jpg 1024w, https:\/\/www.sisinternational.com\/wp-content\/uploads\/2025\/08\/Eritrea-1-768x430.jpg 768w, https:\/\/www.sisinternational.com\/wp-content\/uploads\/2025\/08\/Eritrea-1-18x10.jpg 18w\" sizes=\"auto, (max-width: 1456px) 100vw, 1456px\"><\/figure>\n\n\n\n<p><\/p>\n\n\n\n<p>Eritrea \u00e8 una parola derivata dal latino \u201cMar Rosso\u201d. \u00c8 anche il nome dato alla piccola nazione costiera che si trova sul Mar Rosso nel Corno d&#039;Africa. I paesi confinanti con l&#039;Eritrea sono il Sudan, l&#039;Etiopia e il Gibuti.<\/p>\n\n\n\n<p>L\u2019Eritrea ha ottenuto l\u2019indipendenza dall\u2019Etiopia nel 1993, ma da allora \u00e8 rimasta uno dei paesi pi\u00f9 poveri dell\u2019Africa. Questo stato \u00e8 il risultato del ripetersi di siccit\u00e0, carestie e guerre. Le sue lingue principali sono il tigrino, il tigre, l&#039;arabo e l&#039;inglese, e le principali religioni sono l&#039;Islam e il cristianesimo.<\/p>\n\n\n\n<h2 class=\"wp-block-heading\">Industrie chiave<\/h2>\n\n\n\n<p>Le industrie primarie dell&#039;Eritrea sono il tessile, la trasformazione alimentare, l&#039;agricoltura, l&#039;estrazione mineraria, la pesca e il sale. Oltre a ci\u00f2, c\u2019\u00e8 poca attivit\u00e0 industriale. L&#039;agricoltura \u00e8 il sostentamento della popolazione. Altri settori sono in crescita, come le attivit\u00e0 e i servizi legati al mare.<\/p>\n\n\n\n<h2 class=\"wp-block-heading\">Quartieri<\/h2>\n\n\n\n<p>Asmara, conosciuta anche come Asmera, \u00e8 la capitale e la citt\u00e0 pi\u00f9 grande dell&#039;Eritrea. Le strade della citt\u00e0 sono pulite e prive di inquinamento da traffico, ed \u00e8 nota per la sua bellezza e d\u00e0 l&#039;impressione di un souvenir del XX secolo. Altre citt\u00e0 importanti sono i porti di Massaua e Assab.<\/p>\n\n\n\n<h2 class=\"wp-block-heading\">Tendenze<\/h2>\n\n\n\n<p>L&#039;Eritrea ha bellissime strutture architettoniche coloniali, alcune delle migliori al mondo. La sua cultura rimane diversificata e vanta un &quot;crogiolo&quot; di nove diversi gruppi etnici, ciascuno con le proprie tradizioni separate. Il paese \u00e8 armonioso e questi diversi gruppi si apprezzano e si rispettano a vicenda.<\/p>\n\n\n\n<h2 class=\"wp-block-heading\">Punti di forza del mercato<\/h2>\n\n\n\n<p>The strength of Eritrea\u2019s economy is in its unexploited natural resources. There is future <a href=\"https:\/\/www.sisinternational.com\/it\/venezuela-oil-mining-industry-potential-strategic-forecast-2026-2036\/\" title=\"Venezuela Oil &amp; Mining Industry Potential: Strategic Forecast 2026-2036\"  data-wpil-monitor-id=\"8687\">potential in the oil industry<\/a> of this country. Speculation is rife that the Red Sea has oil deposits beneath it.<\/p>\n\n\n\n<p>Another source of <a href=\"https:\/\/www.sisinternational.com\/it\/competenza\/industrie\/ricerche-di-mercato-sullestrazione-mineraria-spaziale\/\" title=\"Ricerche di mercato sull\u2019estrazione mineraria spaziale\"  data-wpil-monitor-id=\"8690\">market<\/a> strength comes from the Bisha copper mine. This mine also has gold deposits.<\/p>\n\n\n\n<h2 class=\"wp-block-heading\">Base dei consumatori<\/h2>\n\n\n\n<p>I beni di consumo essenziali sono sia una necessit\u00e0 che una scarsit\u00e0 in Eritrea a causa delle ricorrenti chiusure delle frontiere con i vicini Etiopia e Sudan. La fornitura di beni di consumo essenziali come l\u2019acqua potabile \u00e8 stata inadeguata. Gli eritrei sperimentano anche carenza di combustibili per cucinare ed elettricit\u00e0. Tuttavia, un numero maggiore di beni di prima necessit\u00e0 sono riusciti a superare le restrizioni al confine con l\u2019Etiopia. Il risultato \u00e8 un abbassamento dei prezzi al consumo.<\/p>\n\n\n\n<p>Le autorit\u00e0 eritree hanno negato l&#039;esistenza di penuria alimentare. Hanno anche rifiutato un aiuto esterno. Pertanto, le importazioni illegali di cibo sono in aumento, vendute a prezzi stravaganti nella maggior parte dei casi.<\/p>\n\n\n\n<h2 class=\"wp-block-heading\">Motivi per far crescere la tua attivit\u00e0 in Eritrea<\/h2>\n\n\n\n<figure class=\"gb-block-image gb-block-image-eb7e2c79\"><img loading=\"lazy\" decoding=\"async\" width=\"1456\" height=\"816\" class=\"gb-image gb-image-eb7e2c79\" src=\"https:\/\/www.sisinternational.com\/wp-content\/uploads\/2025\/08\/Eritrea-2.jpg\" alt=\"Ricerca e strategia di mercato internazionale SIS\" title=\"Eritrea (2)\" srcset=\"https:\/\/www.sisinternational.com\/wp-content\/uploads\/2025\/08\/Eritrea-2.jpg 1456w, https:\/\/www.sisinternational.com\/wp-content\/uploads\/2025\/08\/Eritrea-2-300x168.jpg 300w, https:\/\/www.sisinternational.com\/wp-content\/uploads\/2025\/08\/Eritrea-2-1024x574.jpg 1024w, https:\/\/www.sisinternational.com\/wp-content\/uploads\/2025\/08\/Eritrea-2-768x430.jpg 768w, https:\/\/www.sisinternational.com\/wp-content\/uploads\/2025\/08\/Eritrea-2-18x10.jpg 18w\" sizes=\"auto, (max-width: 1456px) 100vw, 1456px\"><\/figure>\n\n\n\n<p><\/p>\n\n\n\n<p>Sulla base dei fatti e delle cifre pubblicati, hai molti motivi per far crescere la tua attivit\u00e0 in Eritrea. Questo paese fatica ad attrarre investimenti esteri per vari motivi. Deve affrontare sfide come il controllo del governo, la corruzione e una piccola forza lavoro. Anche l\u2019Eritrea ha sperimentato una migrazione di massa. Poi c\u2019\u00e8 la triste situazione causata dal ricorrente conflitto di confine.<\/p>\n\n\n\n<p>Questo stato di cose ha portato all&#039;iniziativa del governo di creare un&#039;autorit\u00e0 di zona franca a Massaua. L&#039;obiettivo \u00e8 attrarre nuovi investitori nei settori dell&#039;energia, del turismo e della pesca. Esiste un potenziale di investimento nelle risorse minerarie del paese. L&#039;Eritrea ha potassio, rame, oro, argento e zinco.<\/p>\n\n\n\n<p>Are you interested in investing in <a href=\"https:\/\/www.sisinternational.com\/it\/soluzioni\/ai-ricerche-di-mercato-e-consulenza-strategica\/automazione-delle-risorse-naturali-minerarie-consulenza-sullintelligenza-artificiale\/\" title=\"Automazione mineraria e delle risorse naturali e consulenza sull&#039;intelligenza artificiale\"  data-wpil-monitor-id=\"8685\">mining the country\u2019s natural resources<\/a>? It carries a vast potential for business growth.<\/p>\n\n\n\n<p>L\u2019Eritrea ha una posizione strategica sulla costa del Mar Rosso. Fornisce un&#039;esposizione perfetta a una delle rotte marittime pi\u00f9 trafficate del mondo. L\u2019Eritrea pu\u00f2 stabilire collegamenti con altre aree della regione, il che \u00e8 ideale per il commercio.<\/p>\n\n\n\n<h2 class=\"wp-block-heading\">Informazioni sulle ricerche di mercato in Eritrea<\/h2>\n\n\n\n<p>Have you made your decision? Have you decided to <a href=\"https:\/\/www.sisinternational.com\/it\/soluzioni\/ricerca-di-consulenza-strategica-fintech\/hedge-fund-e-ricerche-di-mercato-degli-investimenti\/\" title=\"Hedge Fund e ricerche di mercato degli investimenti\"  data-wpil-monitor-id=\"8688\">invest in the Eritrea market<\/a>? We are here to guide you through the process. We use Qualitative, Qualitative, and Strategy Research. We also do surveys to bring you the hard facts that will assist you in making the most informed decision.<\/p>\n\n\n\n<p>Our statistic results are reliable. We give you the best Strategy <a href=\"https:\/\/www.sisinternational.com\/it\/ricerche-di-mercato-in-africa\/\" title=\"Ricerche di mercato in Africa\"  data-wpil-monitor-id=\"2937\">research on the market<\/a>. It will help you discover opportunities for your business.<\/p>\n\n\n\n<p><\/p>","protected":false},"excerpt":{"rendered":"<p>Market Research in Eritrea, Africa Eritrea is a word derived from the Latin \u201cRed Sea.\u201d It is also the name given to the small coastal nation found on the Red Sea in the Horn of Africa. The bordering countries of Eritrea are Sudan, Ethiopia, and Djibouti. Eritrea won its independence from Ethiopia in 1993 but &#8230; <a title=\"Ricerche di mercato in Eritrea, Africa\" class=\"read-more\" href=\"https:\/\/www.sisinternational.com\/it\/copertura\/ricerche-di-mercato-africane\/ricerche-di-mercato-in-eritrea\/\" aria-label=\"Per saperne di pi\u00f9 su Market Research in Eritrea, Africa\">Leggi tutto<\/a><\/p>","protected":false},"author":1,"featured_media":65183,"parent":14281,"menu_order":4,"comment_status":"closed","ping_status":"closed","template":"","meta":{"footnotes":""},"class_list":["post-37710","page","type-page","status-publish","has-post-thumbnail"],"_links":{"self":[{"href":"https:\/\/www.sisinternational.com\/it\/wp-json\/wp\/v2\/pages\/37710","targetHints":{"allow":["GET"]}}],"collection":[{"href":"https:\/\/www.sisinternational.com\/it\/wp-json\/wp\/v2\/pages"}],"about":[{"href":"https:\/\/www.sisinternational.com\/it\/wp-json\/wp\/v2\/types\/page"}],"author":[{"embeddable":true,"href":"https:\/\/www.sisinternational.com\/it\/wp-json\/wp\/v2\/users\/1"}],"replies":[{"embeddable":true,"href":"https:\/\/www.sisinternational.com\/it\/wp-json\/wp\/v2\/comments?post=37710"}],"version-history":[{"count":4,"href":"https:\/\/www.sisinternational.com\/it\/wp-json\/wp\/v2\/pages\/37710\/revisions"}],"predecessor-version":[{"id":81456,"href":"https:\/\/www.sisinternational.com\/it\/wp-json\/wp\/v2\/pages\/37710\/revisions\/81456"}],"up":[{"embeddable":true,"href":"https:\/\/www.sisinternational.com\/it\/wp-json\/wp\/v2\/pages\/14281"}],"wp:featuredmedia":[{"embeddable":true,"href":"https:\/\/www.sisinternational.com\/it\/wp-json\/wp\/v2\/media\/65183"}],"wp:attachment":[{"href":"https:\/\/www.sisinternational.com\/it\/wp-json\/wp\/v2\/media?parent=37710"}],"curies":[{"name":"wp","href":"https:\/\/api.w.org\/{rel}","templated":true}]}}