{"id":37708,"date":"2021-05-19T04:57:45","date_gmt":"2021-05-19T04:57:45","guid":{"rendered":"https:\/\/www.sisinternational.com\/?page_id=37708"},"modified":"2026-01-24T17:59:39","modified_gmt":"2026-01-24T22:59:39","slug":"ricerche-di-mercato-in-algeria","status":"publish","type":"page","link":"https:\/\/www.sisinternational.com\/it\/copertura\/ricerche-di-mercato-africane\/ricerche-di-mercato-in-algeria\/","title":{"rendered":"Ricerche di mercato in Algeria, Africa"},"content":{"rendered":"<h1 class=\"wp-block-heading\">Ricerche di mercato in Algeria, Africa<\/h1>\n\n\n\n<figure class=\"gb-block-image gb-block-image-12716cd4\"><img loading=\"lazy\" decoding=\"async\" width=\"1456\" height=\"816\" class=\"gb-image gb-image-12716cd4\" src=\"https:\/\/www.sisinternational.com\/wp-content\/uploads\/2025\/08\/Algeria-1.jpg\" alt=\"Ricerca e strategia di mercato internazionale SIS\" title=\"Algeria (1)\" srcset=\"https:\/\/www.sisinternational.com\/wp-content\/uploads\/2025\/08\/Algeria-1.jpg 1456w, https:\/\/www.sisinternational.com\/wp-content\/uploads\/2025\/08\/Algeria-1-300x168.jpg 300w, https:\/\/www.sisinternational.com\/wp-content\/uploads\/2025\/08\/Algeria-1-1024x574.jpg 1024w, https:\/\/www.sisinternational.com\/wp-content\/uploads\/2025\/08\/Algeria-1-768x430.jpg 768w, https:\/\/www.sisinternational.com\/wp-content\/uploads\/2025\/08\/Algeria-1-18x10.jpg 18w\" sizes=\"auto, (max-width: 1456px) 100vw, 1456px\"><\/figure>\n\n\n\n<p><\/p>\n\n\n\n<h2 class=\"wp-block-heading\">Industrie chiave<\/h2>\n\n\n\n<p>The leading industries of Algeria are mining, food processing, natural gas, and electricity. Algeria also specializes in the light industry and the petrochemical and petroleum industries. Natural gas and petroleum are the dominant industries. They supply one-third of the country&#8217;s gross domestic product (GDP).<\/p>\n\n\n\n<p>Algeria&#8217;s primary industry before 1962 was agriculture. Then they began extracting and producing hydrocarbons, which shifted their industrial focus. The production of hydrocarbons led to the country&#8217;s industrialization.<\/p>\n\n\n\n<p>L\u2019economia \u00e8 stata pianificata per circa due decenni. Si pass\u00f2 poi alla privatizzazione, che ne modific\u00f2 l&#039;orientamento specialistico. Il tenore di vita \u00e8 aumentato. Ma la loro produzione alimentare \u00e8 inferiore al livello necessario per l\u2019autosufficienza.<\/p>\n\n\n\n<p>L\u2019Algeria ha una terra coltivabile limitata. La coltivazione avviene solo nelle valli e nelle pianure costiere. Queste erano le aree in cui i coloni francesi avevano i loro agrumeti, vigneti, orti e frutteti.<\/p>\n\n\n\n<p>The country&#8217;s lack of moisture in four-fifths of the land is the root cause of the lack of cultivation. Their agricultural land is suitable for pastures. The rest of their cultivated lands are for orchards and vineyards.<\/p>\n\n\n\n<p>Algeria does not have a suitable climate for vast stock raising. Still, sheep, goats, and cattle are present throughout the country. These livestock have made a significant contribution to the traditional agricultural sector.<\/p>\n\n\n\n<h2 class=\"wp-block-heading\">Quartieri<\/h2>\n\n\n\n<p>L\u2019Algeria \u00e8 il paese pi\u00f9 grande del mondo arabo e l\u2019Africa \u00e8 a dir poco grandiosa.<\/p>\n\n\n\n<p>Algeria&#8217;s location is in North <a href=\"https:\/\/www.sisinternational.com\/it\/copertura\/ricerche-di-mercato-africane\/ricerche-di-mercato-a-mauritius-in-africa\/\" title=\"Market Research in Mauritius \u2014 Island off Africa&#8217;s East Coast\"  data-wpil-monitor-id=\"9611\">Africa on the Mediterranean coast<\/a>. The Saharan Desert forms part of the country&#8217;s interior. Algeria was part of many legendary empires, as evidenced by sites such as the ancient Roman ruins in seaside Tipaza.<\/p>\n\n\n\n<p>Algiers\u00a0is the capital city and the largest; it is the center for culture, politics, and economics. Its location is on the slopes of the Sahel Hills. The\u00a0capital\u00a0is a large grouping of brilliant white structures overlooking the harbor. The word Algiers means \u201cthe island.\u201d Algiers got its name because of the small islands in the bay where it is located on the\u00a0Mediterranean Sea\u00a0coast.<\/p>\n\n\n\n<p>Hydra is one of the wealthiest places in Algeria. It is the home for the main offices of energy and mines and religious affairs. Hydra has the&nbsp;Scuola Italiana Roma di Algeri, a private Italian international school.<\/p>\n\n\n\n<p>The&nbsp;diplomatic&nbsp;community of Ben Aknoun also has foreign schools. The Lyc\u00e9e International Alexandre-Dumas d&#8217;Alger, a French school, is in this location. It has the only&nbsp;American international school. It is also the site of the head office of The Algerian&nbsp;Ministry of Finance.<\/p>\n\n\n\n<h2 class=\"wp-block-heading\">Tendenze, consumi e commercio<\/h2>\n\n\n\n<p>Algeria is the European Union&#8217;s 28th biggest trade partner. The country has experienced an increase in its standard of living. Its young population has also grown, so there is now a great demand for the local shops to have international brands. Since then, there has been an increase in new shopping centers. Their growth <a href=\"https:\/\/www.sisinternational.com\/it\/competenza\/industrie\/ricerche-di-mercato-sullo-sviluppo-di-codici-bassi\/\" title=\"Ricerche di mercato sullo sviluppo del codice basso\"  data-wpil-monitor-id=\"9608\">market leans toward mall development<\/a>. Consumer spending has increased with the rise in these shopping centers.<\/p>\n\n\n\n<p>IL <a href=\"https:\/\/www.sisinternational.com\/it\/competenza\/industrie\/ricerche-di-mercato-sullilluminazione-automobilistica\/quanto-e-importante-ladas-per-gli-automobilisti\/\" title=\"Quanto \u00e8 importante l&#039;ADAS per gli automobilisti?\"  data-wpil-monitor-id=\"1896\">import of cars<\/a> in Algeria has increased. The authorities have restricted loans and instituted laws to control the demand.<\/p>\n\n\n\n<h2 class=\"wp-block-heading\">Punti di forza nel mercato<\/h2>\n\n\n\n<ol class=\"wp-block-list\">\n<li>Algeria\u2019s location is close to the <a href=\"https:\/\/www.sisinternational.com\/it\/ricerche-di-mercato-in-europa\/\" title=\"Il mercato europeo\"  data-wpil-monitor-id=\"9602\">mercato europeo<\/a>.<\/li>\n\n\n\n<li>Il turismo, le energie rinnovabili e il settore agricolo hanno un grande potenziale.<\/li>\n\n\n\n<li>Algeria is a producer of gas and oil, so there is a <a href=\"https:\/\/www.sisinternational.com\/it\/competenza\/industrie\/ricerche-di-mercato-del-petrolio-e-del-gas\/\" title=\"Ricerche di mercato nel settore del petrolio e del gas\"  data-wpil-monitor-id=\"9603\">market for shale gas<\/a> development.<\/li>\n<\/ol>\n\n\n\n<h2 class=\"wp-block-heading\">Motivi per far crescere la tua attivit\u00e0 sul mercato<\/h2>\n\n\n\n<p>With a consumer base of 41 million, there is a need for economic diversification. Algeria has sizeable foreign exchange reserves arising from oil and gas and its hydrocarbons <a href=\"https:\/\/www.sisinternational.com\/it\/la-migliore-azienda-di-analisi-del-settore-a-new-york\/\" title=\"La migliore azienda di analisi del settore a New York\"  data-wpil-monitor-id=\"9610\">industry ranks among the top<\/a> ten in the world. There is also need for telecommunications systems and an advanced digital economy to provide jobs for its tech-savvy youth. The government requires technology for digital bookkeeping and modernization. There is also need for third-generation technology.<\/p>\n\n\n\n<h2 class=\"wp-block-heading\">Informazioni sulle ricerche di mercato in Algeria<\/h2>\n\n\n\n<p>Are you an entrepreneur keen on working in Algeria? You have come to the right place. We arrange Focus Groups in the diverse African business sectors. We can likewise attempt Quantitative, Qualitative, and Strategy <a href=\"https:\/\/www.sisinternational.com\/it\/competenza\/industrie\/ricerche-di-mercato-delle-organizzazioni-di-ricerca-a-contratto\/\" title=\"Ricerche di mercato sulle organizzazioni di ricerca a contratto\"  data-wpil-monitor-id=\"9605\">Research for your organization<\/a>. This data is appropriate for objective decision-making. It&#8217;s the initial step for the achievement of your business in Algeria. We burrow through overview discoveries, articles, insights, and that&#8217;s only the beginning. We assemble fundamental data for you and your business.<\/p>\n\n\n\n<p>L\u2019Algeria \u00e8 matura per gli investimenti. Confidiamo che questo articolo ti offra le risposte che stai cercando.<\/p>\n\n\n\n<p><\/p>","protected":false},"excerpt":{"rendered":"<p>Market Research in Algeria, Africa Key Industries The leading industries of Algeria are mining, food processing, natural gas, and electricity. Algeria also specializes in the light industry and the petrochemical and petroleum industries. Natural gas and petroleum are the dominant industries. They supply one-third of the country&#8217;s gross domestic product (GDP). Algeria&#8217;s primary industry before &#8230; <a title=\"Ricerche di mercato in Algeria, Africa\" class=\"read-more\" href=\"https:\/\/www.sisinternational.com\/it\/copertura\/ricerche-di-mercato-africane\/ricerche-di-mercato-in-algeria\/\" aria-label=\"Per saperne di pi\u00f9 su Market Research in Algeria, Africa\">Leggi tutto<\/a><\/p>","protected":false},"author":1,"featured_media":65240,"parent":14281,"menu_order":3,"comment_status":"closed","ping_status":"closed","template":"","meta":{"footnotes":""},"class_list":["post-37708","page","type-page","status-publish","has-post-thumbnail"],"_links":{"self":[{"href":"https:\/\/www.sisinternational.com\/it\/wp-json\/wp\/v2\/pages\/37708","targetHints":{"allow":["GET"]}}],"collection":[{"href":"https:\/\/www.sisinternational.com\/it\/wp-json\/wp\/v2\/pages"}],"about":[{"href":"https:\/\/www.sisinternational.com\/it\/wp-json\/wp\/v2\/types\/page"}],"author":[{"embeddable":true,"href":"https:\/\/www.sisinternational.com\/it\/wp-json\/wp\/v2\/users\/1"}],"replies":[{"embeddable":true,"href":"https:\/\/www.sisinternational.com\/it\/wp-json\/wp\/v2\/comments?post=37708"}],"version-history":[{"count":4,"href":"https:\/\/www.sisinternational.com\/it\/wp-json\/wp\/v2\/pages\/37708\/revisions"}],"predecessor-version":[{"id":81601,"href":"https:\/\/www.sisinternational.com\/it\/wp-json\/wp\/v2\/pages\/37708\/revisions\/81601"}],"up":[{"embeddable":true,"href":"https:\/\/www.sisinternational.com\/it\/wp-json\/wp\/v2\/pages\/14281"}],"wp:featuredmedia":[{"embeddable":true,"href":"https:\/\/www.sisinternational.com\/it\/wp-json\/wp\/v2\/media\/65240"}],"wp:attachment":[{"href":"https:\/\/www.sisinternational.com\/it\/wp-json\/wp\/v2\/media?parent=37708"}],"curies":[{"name":"wp","href":"https:\/\/api.w.org\/{rel}","templated":true}]}}