{"id":37590,"date":"2021-05-08T20:51:28","date_gmt":"2021-05-08T20:51:28","guid":{"rendered":"https:\/\/www.sisinternational.com\/?page_id=37590"},"modified":"2025-09-14T00:55:55","modified_gmt":"2025-09-14T04:55:55","slug":"ricerche-di-mercato-in-benin","status":"publish","type":"page","link":"https:\/\/www.sisinternational.com\/it\/copertura\/ricerche-di-mercato-africane\/ricerche-di-mercato-in-benin\/","title":{"rendered":"Ricerche di mercato in Benin"},"content":{"rendered":"<h1 class=\"wp-block-heading p1\"><span class=\"s1\">Ricerche di mercato in Benin<\/span><\/h1>\n\n\n\n<figure class=\"gb-block-image gb-block-image-3b7abe27\"><img loading=\"lazy\" decoding=\"async\" width=\"1456\" height=\"816\" class=\"gb-image gb-image-3b7abe27\" src=\"https:\/\/www.sisinternational.com\/wp-content\/uploads\/2025\/08\/Benin-1.jpg\" alt=\"Ricerca e strategia di mercato internazionale SIS\" title=\"Benin (1)\" srcset=\"https:\/\/www.sisinternational.com\/wp-content\/uploads\/2025\/08\/Benin-1.jpg 1456w, https:\/\/www.sisinternational.com\/wp-content\/uploads\/2025\/08\/Benin-1-300x168.jpg 300w, https:\/\/www.sisinternational.com\/wp-content\/uploads\/2025\/08\/Benin-1-1024x574.jpg 1024w, https:\/\/www.sisinternational.com\/wp-content\/uploads\/2025\/08\/Benin-1-768x430.jpg 768w, https:\/\/www.sisinternational.com\/wp-content\/uploads\/2025\/08\/Benin-1-18x10.jpg 18w\" sizes=\"auto, (max-width: 1456px) 100vw, 1456px\"><\/figure>\n\n\n\n<p><\/p>\n\n\n\n<h2 class=\"wp-block-heading p1\">Il Benin \u00e8 una piccola repubblica situata nell&#039;Africa occidentale.<\/h2>\n\n\n\n<p class=\"p1\">I suoi immediati vicini continentali sono Togo, Nigeria, Burkina Faso e Niger. La lingua ufficiale del paese \u00e8 il francese, ma ci sono circa 38 lingue nazionali in totale. Questi includono lingue popolari come inglese, arabo e yoruba.<\/p>\n\n\n\n<h2 class=\"wp-block-heading p3\">Industrie chiave<\/h2>\n\n\n\n<p class=\"p1\">L&#039;industria chiave del Benin \u00e8 l&#039;agricoltura. I beninesi praticano l&#039;agricoltura di sussistenza. Gli agricoltori soddisfano innanzitutto le esigenze familiari e locali. Quindi prevedono mercati regionali o internazionali. Questi agricoltori piantano colture da reddito e coltivano frutta e noci. Esportano cotone sgranato e semi di cotone. Altre esportazioni sono anacardi, burro di karit\u00e8, olio da cucina e legname.<\/p>\n\n\n\n<h2 class=\"wp-block-heading p1\">Quartieri<\/h2>\n\n\n\n<p class=\"p2\">Porto-Novo, chiamata anche Hogbonu o \u00c0j\u00e1sh\u00e9 Il\u00e9, \u00e8 la capitale del Benin. Porto Novo pu\u00f2 dirci tanto sulla cultura e la storia del Benin. A Porto Novo troverai il Museo Etnografico, che conserva un&#039;impressionante selezione di maschere yoruba. Il museo ha anche molti manufatti.<\/p>\n\n\n\n<p class=\"p2\">Il Palazzo di Re Toffa raffigura come vivevano i reali africani. Nel Jardin Place Jean Bayol troverai una statua del primo re di Porto Novo. Il Museo Da Silva e la Fondazione Is\u00e9bay\u00e9 illustrano la storia del Benin. Presenta anche manifestazioni della religione nativa del paese: il Voodoo.<\/p>\n\n\n\n<p class=\"p2\">Cotonou \u00e8 la citt\u00e0 pi\u00f9 grande del Benin. Non \u00e8 la capitale. Tuttavia, troverai la sede del governo a Cotonou. Lo stesso vale per diversi edifici e servizi governativi. Molti considerano questa citt\u00e0 la \u201ccapitale economica\u201d del Benin.<\/p>\n\n\n\n<h2 class=\"wp-block-heading p1\">Tendenze<\/h2>\n\n\n\n<p class=\"p2\">L&#039;arte gioca un ruolo cruciale nella cultura beninese. Troverai sculture, ceramiche, sculture in legno, maschere e arazzi in ogni villaggio. Il popolo del Benin preserva la propria cultura precoloniale attraverso l&#039;arte. \u00c8 anche il modo in cui incorporano la cultura francese.<\/p>\n\n\n\n<h2 class=\"wp-block-heading p1\">Opportunit\u00e0 di mercato<\/h2>\n\n\n\n<p class=\"p2\">The Autonomous Port of Cotonou is the greatest strength of Benin&#8217;s Economy. It facilitates trade with Europe and the American continent and provides a gateway to Asia and other <a href=\"https:\/\/www.sisinternational.com\/it\/copertura\/ricerche-di-mercato-africane\/ricerche-di-mercato-in-marocco-nord-africa\/\" title=\"Ricerche di mercato in Marocco, continente africano nordoccidentale\"  data-wpil-monitor-id=\"7707\">African<\/a> countries. This port is the fourth most important on the entire continent of Africa. It facilitates about 90% of Benin&#8217;s international trade.<\/p>\n\n\n\n<h2 class=\"wp-block-heading p1\">Base dei consumatori<\/h2>\n\n\n\n<p class=\"p2\">The people of Benin buy most of their meat and perishable items from <a href=\"https:\/\/www.sisinternational.com\/it\/competenza\/industrie\/ricerche-di-mercato-per-le-piccole-e-medie-imprese\/\" title=\"Ricerche di mercato per le piccole e medie imprese\"  data-wpil-monitor-id=\"7705\">small wet markets<\/a>, which you will find in many of the villages. The shops and big markets or dry <a href=\"https:\/\/www.sisinternational.com\/it\/pubblicazioni\/comportamento-dellacquirente-dopo-il-nuovo-consumatore-legato-al-coronavirus\/\" title=\"Comportamento degli acquirenti dopo il coronavirus: ricerche di mercato sui consumatori\"  data-wpil-monitor-id=\"7699\">markets provide consumers<\/a> with nonperishable items. Benin imports most of these nonperishable items. Because Benin is dependent on subsistence farming, these small <a href=\"https:\/\/www.sisinternational.com\/it\/competenza\/industrie\/cibo-delle-compagnie-aeree-nelle-ricerche-di-mercato-del-catering-aereo\/\" title=\"Ricerche di mercato sul cibo e sulla ristorazione a bordo delle compagnie aeree\"  data-wpil-monitor-id=\"7701\">markets are enough to cater<\/a> to the needs of the people.<\/p>\n\n\n\n<h2 class=\"wp-block-heading p1\">Motivi per far crescere la tua attivit\u00e0 in Benin<\/h2>\n\n\n\n<p class=\"p2\">Il Benin \u00e8 un Paese nuovo, anzi, uno dei pi\u00f9 recenti sulla scena mondiale. Ha ottenuto l&#039;indipendenza dalla Francia nel 1960. La popolazione del Benin \u00e8 in crescita. Cos\u00ec \u00e8 la sua economia.<\/p>\n\n\n\n<p class=\"p2\">C\u2019\u00e8 molto spazio per lo sviluppo in Benin. Ci sono molti beni e servizi che puoi fornire alla popolazione del Benin. Otterrai affari, soprattutto se sei l&#039;unico fornitore di questo servizio o merce. Anche se il paese si sviluppa, avrai gi\u00e0 stabilito una base di clienti fedeli essendo una delle prime aziende del suo genere. Essere mattinieri consentir\u00e0 la longevit\u00e0 della tua attivit\u00e0. La tua attivit\u00e0 prosperer\u00e0 man mano che l&#039;economia e la popolazione del Benin cresceranno.<\/p>\n\n\n\n<h2 class=\"wp-block-heading\">Informazioni sulle ricerche di mercato in Benin<\/h2>\n\n\n\n<p>If you&#8217;re a business owner or executive interested in doing business in Benin, we\u2019ve got you. We organize <a href=\"https:\/\/www.sisinternational.com\/it\/soluzioni\/ricerche-di-mercato-con-focus-group\/\" title=\"Focus Group Ricerche di mercato\"  data-wpil-monitor-id=\"7694\">Focus Groups in the different African markets<\/a>. We can also undertake Quantitative, Qualitative, and <a href=\"https:\/\/www.sisinternational.com\/it\/soluzioni\/consulenza-per-lospitalita-turistica-turistica\/consulenza-strategica-per-ricerche-di-mercato-da-parte-di-societa-di-gestione-alberghiera\/\" title=\"Societ\u00e0 di gestione alberghiera Ricerche di mercato e consulenza strategica\"  data-wpil-monitor-id=\"7697\">Strategy Research for your company<\/a>. This information is pertinent for goal-making. It&#8217;s the first step to the <a href=\"https:\/\/www.sisinternational.com\/it\/predictive-analytics\/\" title=\"Predictive Analytics: Your Crystal Ball for Business Success\"  data-wpil-monitor-id=\"7703\">success of your business<\/a> in Benin. We dig through survey findings, articles, statistics, and more, then we compile essential information for you and your business. We hope this article gives you the answers you&#8217;re looking for in your investment in Benin.<\/p>\n\n\n\n<p><\/p>","protected":false},"excerpt":{"rendered":"<p>Fai crescere il tuo business in Africa con le ricerche di mercato in Benin.<\/p>","protected":false},"author":1,"featured_media":65247,"parent":14281,"menu_order":2,"comment_status":"closed","ping_status":"closed","template":"","meta":{"footnotes":""},"class_list":["post-37590","page","type-page","status-publish","has-post-thumbnail"],"_links":{"self":[{"href":"https:\/\/www.sisinternational.com\/it\/wp-json\/wp\/v2\/pages\/37590","targetHints":{"allow":["GET"]}}],"collection":[{"href":"https:\/\/www.sisinternational.com\/it\/wp-json\/wp\/v2\/pages"}],"about":[{"href":"https:\/\/www.sisinternational.com\/it\/wp-json\/wp\/v2\/types\/page"}],"author":[{"embeddable":true,"href":"https:\/\/www.sisinternational.com\/it\/wp-json\/wp\/v2\/users\/1"}],"replies":[{"embeddable":true,"href":"https:\/\/www.sisinternational.com\/it\/wp-json\/wp\/v2\/comments?post=37590"}],"version-history":[{"count":5,"href":"https:\/\/www.sisinternational.com\/it\/wp-json\/wp\/v2\/pages\/37590\/revisions"}],"predecessor-version":[{"id":81297,"href":"https:\/\/www.sisinternational.com\/it\/wp-json\/wp\/v2\/pages\/37590\/revisions\/81297"}],"up":[{"embeddable":true,"href":"https:\/\/www.sisinternational.com\/it\/wp-json\/wp\/v2\/pages\/14281"}],"wp:featuredmedia":[{"embeddable":true,"href":"https:\/\/www.sisinternational.com\/it\/wp-json\/wp\/v2\/media\/65247"}],"wp:attachment":[{"href":"https:\/\/www.sisinternational.com\/it\/wp-json\/wp\/v2\/media?parent=37590"}],"curies":[{"name":"wp","href":"https:\/\/api.w.org\/{rel}","templated":true}]}}