{"id":37390,"date":"2021-05-02T00:33:25","date_gmt":"2021-05-02T00:33:25","guid":{"rendered":"https:\/\/www.sisinternational.com\/?page_id=37390"},"modified":"2026-03-16T23:17:06","modified_gmt":"2026-03-17T03:17:06","slug":"ricerca-di-valutazione-del-mercato","status":"publish","type":"page","link":"https:\/\/www.sisinternational.com\/it\/market-entry-intelligence-page\/ricerca-di-valutazione-del-mercato\/","title":{"rendered":"Ricerca sulla valutazione del mercato"},"content":{"rendered":"<h2 style=\"background: linear-gradient(to right, #001f3f 0%, #003d7a 30%, #1e90ff 70%, #74c0fc 100%); background: -webkit-linear-gradient(left, #001f3f 0%, #003d7a 30%, #1e90ff 70%, #74c0fc 100%); -webkit-background-clip: text; -webkit-text-fill-color: transparent; background-clip: text; font-size: 2.5rem; font-weight: 700; line-height: 1.2; display: inline-block; margin: 0;\">Ricerca sulla valutazione del mercato<\/h2>\n\n\n\n<p><\/p>\n\n\n\n<figure class=\"gb-block-image gb-block-image-2cdc38c9\"><img loading=\"lazy\" decoding=\"async\" width=\"1456\" height=\"816\" class=\"gb-image gb-image-2cdc38c9\" src=\"https:\/\/www.sisinternational.com\/wp-content\/uploads\/2025\/08\/Strategy-consulting-20.jpg\" alt=\"Ricerca e strategia di mercato internazionale SIS\" title=\"Strategy consulting (20)\" srcset=\"https:\/\/www.sisinternational.com\/wp-content\/uploads\/2025\/08\/Strategy-consulting-20.jpg 1456w, https:\/\/www.sisinternational.com\/wp-content\/uploads\/2025\/08\/Strategy-consulting-20-300x168.jpg 300w, https:\/\/www.sisinternational.com\/wp-content\/uploads\/2025\/08\/Strategy-consulting-20-1024x574.jpg 1024w, https:\/\/www.sisinternational.com\/wp-content\/uploads\/2025\/08\/Strategy-consulting-20-768x430.jpg 768w, https:\/\/www.sisinternational.com\/wp-content\/uploads\/2025\/08\/Strategy-consulting-20-18x10.jpg 18w\" sizes=\"auto, (max-width: 1456px) 100vw, 1456px\"><\/figure>\n\n\n\n<hr class=\"wp-block-separator has-alpha-channel-opacity is-style-dots\"\/>\n\n\n\n<h2 class=\"wp-block-heading\" id=\"businesses-are-experiencing-a-lot-of-pressure-due-to-rapid-market-changes\">Le aziende sono sotto pressione a causa dei rapidi cambiamenti del mercato.<\/h2>\n\n\n\n<p>Mentre si muovono per espandere il proprio portafoglio prodotti e avventurarsi in nuovi mercati, la necessit\u00e0 di informazioni di mercato non pu\u00f2 essere trascurata.<\/p>\n\n\n\n<p>Condurre una valutazione del mercato aiuta i dirigenti a identificare opportunit\u00e0 di crescita, evitare rischi e sviluppare strategie di marketing di successo.<\/p>\n\n\n\n<p><\/p>\n\n\n\n<p><\/p>\n\n\n\n<div class=\"wp-block-columns has-global-color-9-color has-text-color has-background has-link-color wp-elements-3c95a7df760f47e3bb676623121367df is-layout-flex wp-container-core-columns-is-layout-9d6595d7 wp-block-columns-is-layout-flex\" style=\"background-color:#f7f9fa6e\">\n<div class=\"wp-block-column is-layout-flow wp-block-column-is-layout-flow\" style=\"flex-basis:18%\"><\/div>\n\n\n\n<div class=\"wp-block-column is-vertically-aligned-center is-layout-flow wp-block-column-is-layout-flow\" style=\"flex-basis:71.28%\">\n<div class=\"wp-block-rank-math-toc-block aligncenter has-global-color-9-color has-text-color has-link-color wp-elements-6a4b28161f501b837bf1ba82b4e087b0\" style=\"font-size:16px\" id=\"rank-math-toc\"><h2><br><strong>T<\/strong>able of Contents<\/h2><nav><ul><li class=\"\"><a href=\"#businesses-are-experiencing-a-lot-of-pressure-due-to-rapid-market-changes\">Le aziende sono sotto pressione a causa dei rapidi cambiamenti del mercato.<\/a><\/li><li class=\"\"><a href=\"#importance-of-conducting-market-assessment\">Importanza di condurre valutazioni di mercato<\/a><\/li><li class=\"\"><a href=\"#when-should-businesses-conduct-market-research\">Quando le aziende dovrebbero condurre ricerche di mercato?<\/a><\/li><li class=\"\"><a href=\"#what-are-the-key-success-factors-in-market-research\">Quali sono i fattori chiave di successo nelle ricerche di mercato?<\/a><\/li><li class=\"\"><a href=\"#trends-in-market-assessment\">Tendenze nella valutazione del mercato<\/a><\/li><li class=\"\"><a href=\"#benefits-of-conducting-market-assessments\">Vantaggi derivanti dallo svolgimento di valutazioni di mercato<\/a><\/li><\/ul><\/nav><\/div>\n<\/div>\n<\/div>\n\n\n\n<p><\/p>\n\n\n\n<h2 class=\"wp-block-heading\" id=\"importance-of-conducting-market-assessment\">Importanza di condurre valutazioni di mercato<\/h2>\n\n\n\n<p>Un progetto di valutazione del mercato di successo si tradurr\u00e0 in una comprensione sia del mercato che del cliente. Rispondendo a domande sulla domanda, sulla saturazione del mercato, sui prezzi e persino sugli indicatori economici, la valutazione del mercato consente alle aziende di:<\/p>\n\n\n\n<ul class=\"wp-block-list\">\n<li>Identificare i potenziali clienti e le loro abitudini di acquisto<\/li>\n\n\n\n<li>Scopri se i clienti sono disposti ad acquistare un prodotto e possono permetterselo<\/li>\n\n\n\n<li>Determina la dimensione del mercato e se \u00e8 in crescita o in contrazione<\/li>\n\n\n\n<li>Identificare i segmenti di mercato esistenti e determinare in quali competere<\/li>\n\n\n\n<li>Verificare se un prodotto o servizio \u00e8 adatto al mercato<\/li>\n\n\n\n<li>Valutare la concorrenza esistente e comprendere i punti di forza e di debolezza della concorrenza<\/li>\n\n\n\n<li>Cogli le opportunit\u00e0 che forniscono un ROI elevato<\/li>\n<\/ul>\n\n\n\n<h2 class=\"wp-block-heading\" id=\"when-should-businesses-conduct-market-research\">Quando le aziende dovrebbero condurre ricerche di mercato?<\/h2>\n\n\n\n<p>Anche se le aziende dovrebbero svolgere regolarmente ricerche di mercato, la maggior parte di esse lo fa solo quando si trovano ad affrontare determinate situazioni. Ecco alcuni casi che spesso spingono le aziende a condurre una valutazione del mercato:<\/p>\n\n\n\n<ul class=\"wp-block-list\">\n<li>Quando si cerca di creare una proposta di vendita unica<\/li>\n\n\n\n<li>Quando si testano le ipotesi fatte in precedenza<\/li>\n\n\n\n<li>Quando si cerca di ristabilirsi durante o dopo una crisi<\/li>\n\n\n\n<li>Quando si cercano nuove opportunit\u00e0 di mercato per alimentare la crescita<\/li>\n\n\n\n<li>Quando si cercano dati oggettivi che aiutino a prendere decisioni aziendali a lungo termine<\/li>\n\n\n\n<li>Quando si cerca di progettare il futuro del mercato<\/li>\n<\/ul>\n\n\n\n<h2 class=\"wp-block-heading\" id=\"what-are-the-key-success-factors-in-market-research\">Quali sono i fattori chiave di successo nelle ricerche di mercato?<\/h2>\n\n\n\n<p>Se non pianificato ed eseguito bene, un progetto di valutazione del mercato pu\u00f2 essere un\u2019impresa costosa che non fornisce nemmeno dati significativi. Per ottenere il tipo di informazioni di mercato di cui i dirigenti hanno bisogno per prendere decisioni con sicurezza, i ricercatori dovrebbero tenere a mente alcuni fattori.<\/p>\n\n\n\n<p><strong>1. Definizione degli obiettivi di valutazione del mercato<\/strong><\/p>\n\n\n\n<p>I progetti di valutazione del mercato dovrebbero avere uno o due obiettivi chiari e specifici. Pi\u00f9 gli obiettivi sono chiari, pi\u00f9 \u00e8 facile comprenderli e lavorare per raggiungerli.<\/p>\n\n\n\n<p>Questo \u00e8 importante perch\u00e9 gli obiettivi della ricerca di mercato determinano tutto, dalle metodologie di ricerca al segmento di mercato e al pubblico da valutare.<\/p>\n\n\n\n<p><strong>2. Determina la tua capacit\u00e0 di condurre ricerche di mercato<\/strong><\/p>\n\n\n\n<p>I dirigenti dovrebbero valutare la capacit\u00e0 dei loro team interni di effettuare l&#039;analisi di mercato pianificata. A seconda dello scopo della ricerca, ci sono situazioni in cui sarebbe meglio collaborare con un\u2019agenzia di ricerca specializzata.<\/p>\n\n\n\n<p>Queste agenzie dispongono di esperti del settore dislocati in tutto il mondo che sanno cosa cercare e come trarre informazioni da fonti di informazione primarie e secondarie.<\/p>\n\n\n\n<p><strong>3. Raccogliere i dati giusti<\/strong><\/p>\n\n\n\n<p>La raccolta dei dati \u00e8 una parte fondamentale della ricerca di mercato. Poich\u00e9 i dati sono ci\u00f2 che diriger\u00e0 la strategia e il processo decisionale, \u00e8 importante che i dati raccolti siano accurati e focalizzati sugli obiettivi di valutazione del mercato definiti.<\/p>\n\n\n\n<p>Per ottenere dati di alta qualit\u00e0, i ricercatori devono scegliere gli strumenti di raccolta dati, rivolgersi al pubblico giusto e individuare il momento appropriato per condurre la ricerca.<\/p>\n\n\n\n<p><strong>4. Analisi e interpretazione dei dati<\/strong><\/p>\n\n\n\n<p>Analizzare e interpretare i dati della ricerca richiede le competenze e gli strumenti giusti. I team con senso degli affari forniranno risultati migliori poich\u00e9 potranno vedere come tutto si combina e come tutto pu\u00f2 essere applicato per raggiungere gli obiettivi aziendali.<\/p>\n\n\n\n<p>Per facilitare il processo decisionale, i rapporti di valutazione del mercato dovrebbero evidenziare le informazioni rilevanti ed essere di facile comprensione. Dovrebbero mostrare come sono state raggiunte le conclusioni e come sono state sviluppate le strategie a partire dalle informazioni di mercato acquisite.<\/p>\n\n\n\n<h2 class=\"wp-block-heading\" id=\"trends-in-market-assessment\">Tendenze nella valutazione del mercato<\/h2>\n\n\n\n<p>C\u2019\u00e8 una diffusione delle nuove tecnologie a fini di ricerca anche se si riflette sempre pi\u00f9 su come far partecipare pi\u00f9 intervistati alla ricerca. Alcune delle tendenze nelle ricerche di mercato includono:<\/p>\n\n\n\n<p><strong>1. <a href=\"https:\/\/www.sisinternational.com\/it\/soluzioni\/innovazione\/ricerca-di-mercato-agile\/\" title=\"Ricerche di mercato agili\" data-wpil-monitor-id=\"6111\">Ricerche di mercato agili<\/a><\/strong><\/p>\n\n\n\n<p>La ricerca di mercato sta diventando iterativa al punto che il progetto in s\u00e9 non \u00e8 mai finito. Invece, continua in piccoli lotti, con ogni attivit\u00e0 che si basa sui risultati di quella precedente.<\/p>\n\n\n\n<p>Ci\u00f2 comporta un cambiamento nelle metodologie e nell\u2019uso di strumenti che aiutano nella raccolta dei dati in un mercato in rapida evoluzione. Per beneficiare di un approccio agile alle ricerche di mercato, le aziende devono adottare processi agili. Ci\u00f2 consente loro di utilizzare facilmente le brevi serie di approfondimenti per la crescita del business.<\/p>\n\n\n\n<p><strong>2. Ascolto sociale<\/strong><\/p>\n\n\n\n<p>Le persone trascorrono gran parte della loro vita online, offrendo ai ricercatori l\u2019opportunit\u00e0 di raccogliere dati attraverso l\u2019ascolto sociale. Poich\u00e9 le persone condividono apertamente informazioni personali e opinioni sulle piattaforme social, i dati raccolti attraverso l\u2019ascolto sociale possono rivelarsi molto autentici.<\/p>\n\n\n\n<p>Alcuni dei dati di prima parte che i ricercatori possono raccogliere includono:<\/p>\n\n\n\n<ul class=\"wp-block-list\">\n<li>Punti critici del cliente e suggerimenti per il miglioramento del prodotto<\/li>\n\n\n\n<li>Consapevolezza del marchio e (errate) percezioni<\/li>\n\n\n\n<li>Comportamenti d&#039;acquisto<\/li>\n\n\n\n<li>Trigger emotivi che guidano l\u2019azione del cliente<\/li>\n\n\n\n<li>Tendenze a livello micro e macro<\/li>\n<\/ul>\n\n\n\n<p><strong>3. Utilizzo dell&#039;intelligenza artificiale per le ricerche di mercato<\/strong><\/p>\n\n\n\n<p>Mentre ci muoviamo verso un tracciamento senza cookie, le aziende raccolgono dati in modo aggressivo. Poich\u00e9 l\u2019elaborazione e l\u2019analisi dei dati sono banali e richiedono molto tempo, l\u2019intelligenza artificiale si \u00e8 dimostrata una soluzione efficace.<\/p>\n\n\n\n<p>L\u2019intelligenza artificiale viene utilizzata per raccogliere dati da vari canali, ordinarli, analizzarli e generare report che aiutano i decisori a trarre conclusioni pi\u00f9 rapidamente e a sviluppare le giuste strategie.<\/p>\n\n\n\n<p><strong>4. Ricerca longitudinale<\/strong><\/p>\n\n\n\n<p>Monitorando un gruppo specifico di intervistati per un lungo periodo di tempo, la ricerca longitudinale consente ai ricercatori di raccogliere dati che li aiutano a costruire una comprensione del mercato a livello macro.<\/p>\n\n\n\n<p>I dati raccolti attraverso il monitoraggio longitudinale aiutano a identificare le connessioni tra fattori scatenanti e azioni, cause ed effetti e consentono ai ricercatori di prevedere facilmente le tendenze future.<\/p>\n\n\n\n<h2 class=\"wp-block-heading\" id=\"benefits-of-conducting-market-assessments\">Vantaggi derivanti dallo svolgimento di valutazioni di mercato<\/h2>\n\n\n\n<p>C&#039;\u00e8 molto da guadagnare dalla valutazione del mercato. Una conoscenza approfondita del mercato pu\u00f2 aiutare la tua azienda a:<\/p>\n\n\n\n<ul class=\"wp-block-list\">\n<li>Conosci i tuoi clienti e personalizza le tue offerte di conseguenza<\/li>\n\n\n\n<li>Ridurre il rischio aziendale comprendendo le dinamiche del mercato, i fattori di successo e le tendenze emergenti<\/li>\n\n\n\n<li>Identificare le anomalie del settore ed evitarne gli effetti<\/li>\n\n\n\n<li>Ottimizza i tuoi sforzi e le tue risorse di marketing per lead di alta qualit\u00e0<\/li>\n\n\n\n<li>Determinare quali parametri di riferimento utilizzare per valutare il successo aziendale<\/li>\n\n\n\n<li>Proietta i ricavi da nuovi prodotti o piani di espansione e prendi le giuste decisioni<\/li>\n<\/ul>\n\n\n<h2>La nostra sede a New York<\/h2>\n<p><!-- \/wp:post-content --> <!-- wp:html --> <iframe loading=\"lazy\" src=\"https:\/\/www.google.com\/maps\/embed?pb=!1m18!1m12!1m3!1d3022.976188376966!2d-73.99130312499956!3d40.740549471389315!2m3!1f0!2f0!3f0!3m2!1i1024!2i768!4f13.1!3m3!1m2!1s0x89c259a15798c731%3A0xd695d09bdd495f25!2s11%20E%2022nd%20St%20FL%202%2C%20New%20York%2C%20NY%2010010%2C%20USA!5e0!3m2!1sen!2spe!4v1726171763526!5m2!1sen!2spe\" width=\"600\" height=\"450\" allowfullscreen=\"allowfullscreen\" data-mce-fragment=\"1\"><\/iframe> <!-- \/wp:html --> <!-- wp:paragraph --><\/p>\n<h3 class=\"wp-block-heading\">11 E 22nd Street, Piano 2, New York, NY 10010 T: +1(212) 505-6805<\/h3>\n<hr \/>\n<h2><span style=\"font-weight: 400;\">A proposito di SIS Internazionale<\/span><\/h2>\n<p><a href=\"https:\/\/www.sisinternational.com\/it\/\"><span style=\"font-weight: 400;\">SIS Internazionale<\/span><\/a><span style=\"font-weight: 400;\"> offre ricerca quantitativa, qualitativa e strategica. Forniamo dati, strumenti, strategie, report e approfondimenti per il processo decisionale. Conduciamo anche interviste, sondaggi, focus group e altri metodi e approcci di ricerca di mercato.<\/span><a href=\"https:\/\/www.sisinternational.com\/it\/sulla-sua-ricerca-internazionale\/contact-sis-international-market-research\/\"><span style=\"font-weight: 400;\"> Contattaci<\/span><\/a><span style=\"font-weight: 400;\"> per il tuo prossimo progetto di ricerca di mercato.<\/span><\/p>\n<p><!-- wp:heading --><\/p>\n<h2 id=\"about-market-assessment-research\" class=\"wp-block-heading\">\u00a0<\/h2>\n<p><!-- \/wp:heading --><\/p>","protected":false},"excerpt":{"rendered":"<p>Scopri come puoi far crescere la tua attivit\u00e0 con la ricerca di valutazione del mercato.<\/p>","protected":false},"author":1,"featured_media":62554,"parent":84510,"menu_order":14,"comment_status":"closed","ping_status":"closed","template":"","meta":{"footnotes":""},"class_list":["post-37390","page","type-page","status-publish","has-post-thumbnail"],"_links":{"self":[{"href":"https:\/\/www.sisinternational.com\/it\/wp-json\/wp\/v2\/pages\/37390","targetHints":{"allow":["GET"]}}],"collection":[{"href":"https:\/\/www.sisinternational.com\/it\/wp-json\/wp\/v2\/pages"}],"about":[{"href":"https:\/\/www.sisinternational.com\/it\/wp-json\/wp\/v2\/types\/page"}],"author":[{"embeddable":true,"href":"https:\/\/www.sisinternational.com\/it\/wp-json\/wp\/v2\/users\/1"}],"replies":[{"embeddable":true,"href":"https:\/\/www.sisinternational.com\/it\/wp-json\/wp\/v2\/comments?post=37390"}],"version-history":[{"count":10,"href":"https:\/\/www.sisinternational.com\/it\/wp-json\/wp\/v2\/pages\/37390\/revisions"}],"predecessor-version":[{"id":84649,"href":"https:\/\/www.sisinternational.com\/it\/wp-json\/wp\/v2\/pages\/37390\/revisions\/84649"}],"up":[{"embeddable":true,"href":"https:\/\/www.sisinternational.com\/it\/wp-json\/wp\/v2\/pages\/84510"}],"wp:featuredmedia":[{"embeddable":true,"href":"https:\/\/www.sisinternational.com\/it\/wp-json\/wp\/v2\/media\/62554"}],"wp:attachment":[{"href":"https:\/\/www.sisinternational.com\/it\/wp-json\/wp\/v2\/media?parent=37390"}],"curies":[{"name":"wp","href":"https:\/\/api.w.org\/{rel}","templated":true}]}}