{"id":37069,"date":"2021-04-13T15:04:33","date_gmt":"2021-04-13T15:04:33","guid":{"rendered":"https:\/\/www.sisinternational.com\/?page_id=37069"},"modified":"2026-01-25T16:37:08","modified_gmt":"2026-01-25T21:37:08","slug":"ricerche-di-mercato-nel-settore-manifatturiero","status":"publish","type":"page","link":"https:\/\/www.sisinternational.com\/it\/soluzioni\/ricerche-di-mercato-nel-settore-manifatturiero\/","title":{"rendered":"Ricerche di mercato nel settore manifatturiero"},"content":{"rendered":"<h1 class=\"wp-block-heading\">Ricerche di mercato nel settore manifatturiero<\/h1>\n\n\n\n<figure class=\"gb-block-image gb-block-image-adda95e4\"><img loading=\"lazy\" decoding=\"async\" width=\"1456\" height=\"816\" class=\"gb-image gb-image-adda95e4\" src=\"https:\/\/www.sisinternational.com\/wp-content\/uploads\/2025\/08\/Manufacturing-7.jpg\" alt=\"Ricerca e strategia di mercato internazionale SIS\" title=\"Manufacturing (7)\" srcset=\"https:\/\/www.sisinternational.com\/wp-content\/uploads\/2025\/08\/Manufacturing-7.jpg 1456w, https:\/\/www.sisinternational.com\/wp-content\/uploads\/2025\/08\/Manufacturing-7-300x168.jpg 300w, https:\/\/www.sisinternational.com\/wp-content\/uploads\/2025\/08\/Manufacturing-7-1024x574.jpg 1024w, https:\/\/www.sisinternational.com\/wp-content\/uploads\/2025\/08\/Manufacturing-7-768x430.jpg 768w, https:\/\/www.sisinternational.com\/wp-content\/uploads\/2025\/08\/Manufacturing-7-18x10.jpg 18w\" sizes=\"auto, (max-width: 1456px) 100vw, 1456px\"><\/figure>\n\n\n\n<p><\/p>\n\n\n\n<h2 class=\"wp-block-heading\">Mentre la concorrenza tra i produttori si fa sempre pi\u00f9 accesa, l\u2019innovazione alimentata dalle nuove tecnologie diventa l\u2019unico modo per mantenere la quota di mercato e crescere.<\/h2>\n\n\n\n<p>Detto questo, non \u00e8 importante chi si muove pi\u00f9 velocemente ma chi fa la mossa giusta. Le ricerche di mercato nel settore manifatturiero ottimizzeranno la crescita e la redditivit\u00e0 della tua azienda.<\/p>\n\n\n\n<h2 class=\"wp-block-heading p3\">Importanza delle ricerche di mercato nel settore manifatturiero<\/h2>\n\n\n\n<p class=\"p1\">Due to the effects of a global disruption in trade, more and more manufacturers are seeing the need to diversify or expand into new markets. Expanding and launching new <a href=\"https:\/\/www.sisinternational.com\/it\/competenza\/curriculum-di-esperienza\/ricerche-di-mercato-sui-prodotti-per-la-cura-personale\/\" title=\"Ricerche di mercato sui prodotti per la cura personale\"  data-wpil-monitor-id=\"11061\">products requires market<\/a> knowledge. With a team of experts across the globe, our <a class=\"wpil_keyword_link\" href=\"https:\/\/www.sisinternational.com\/it\/soluzioni\/soluzioni-di-ricerca-quantitativa-qualitativa\/ricerche-di-mercato-nel-settore-manifatturiero\/\"   title=\"Ricerche di mercato nel settore manifatturiero\" data-wpil-keyword-link=\"linked\"  data-wpil-monitor-id=\"427\">ricerche di mercato nel settore manifatturiero<\/a> initiatives help manufacturers by providing insights like:<\/p>\n\n\n\n<ul class=\"wp-block-list ul1\">\n<li>Suitable new <a href=\"https:\/\/www.sisinternational.com\/it\/soluzioni\/consulenza-strategica\/ricerca-di-mercato-minima-del-prodotto-praticabile\/\" title=\"Ricerca di mercato sui prodotti minimi validi\"  data-wpil-monitor-id=\"11062\">markets for their products<\/a><\/li>\n\n\n\n<li>Buyer personas supportate da dati di promotori e decisori<\/li>\n\n\n\n<li>Market intelligence per aiutare a comprendere le dinamiche del mercato<\/li>\n\n\n\n<li><a href=\"https:\/\/www.sisinternational.com\/it\/soluzioni\/e-la-crescita-globale\/strategia-di-ingresso-nel-mercato\/\" title=\"Consulenza per l&#039;ingresso nel mercato\"  data-wpil-monitor-id=\"11057\">Strategie di ingresso nel mercato<\/a> that guarantee a sizable market share<\/li>\n\n\n\n<li><a href=\"https:\/\/www.sisinternational.com\/it\/soluzioni\/soluzioni-di-ricerca-quantitativa-qualitativa\/desk-research-for-competitive-analysis\/\" title=\"Desk Research for Competitive Analysis\"  data-wpil-monitor-id=\"11058\">Ricerca e analisi competitiva<\/a><\/li>\n\n\n\n<li>Canali e messaggi di marketing che risuonano con il pubblico di destinazione<\/li>\n\n\n\n<li>Opportunit\u00e0 di up-selling e cross-selling<\/li>\n<\/ul>\n\n\n\n<h2 class=\"wp-block-heading p3\">Opportunit\u00e0 e tendenze nel settore manifatturiero<\/h2>\n\n\n\n<p class=\"p1\">I produttori stanno lavorando duramente per diversificare i loro prodotti e creare catene di approvvigionamento alternative. Ci\u00f2 ha aperto opportunit\u00e0 di produzione in nuove localit\u00e0. Con India, Malesia, Singapore e Vietnam in prima linea nella regione APAC, il Messico sta diventando un potenziale hub manifatturiero nell\u2019area LATAM.<\/p>\n\n\n\n<p class=\"p1\">While the APAC hubs are competing against China through business-friendly government policies and cheap labor, Mexico is competing based on its proximity to the US.<\/p>\n\n\n\n<h2 class=\"wp-block-heading p5\">Principali tendenze nel settore manifatturiero<\/h2>\n\n\n\n<p class=\"p1\">Per aumentare i ricavi e sperimentare la crescita, i produttori stanno adottando nuove tattiche. Questi hanno lo scopo di ridurre i costi o aumentare i canali di entrate.<\/p>\n\n\n\n<p class=\"p1\">Ecco alcune delle tendenze che i produttori stanno abbracciando.<\/p>\n\n\n\n<h3 class=\"wp-block-heading p1\"><b>1. Migliorare la visibilit\u00e0<\/b><\/h3>\n\n\n\n<p class=\"p1\">Visibility is a critical part of the <a href=\"https:\/\/sisaisolutions.com\/application-of-ai-in-manufacturing\/\" target=\"_blank\" rel=\"noopener\">manufacturing business<\/a> as it helps in decision-making. To improve visibility, manufacturers are investing in digital solutions for data capture and analysis across the entire manufacturing ecosystem. This will help them identify breakpoints and opportunities for improvement.<\/p>\n\n\n\n<h3 class=\"wp-block-heading p1\"><b>2. Produzione intelligente<\/b><\/h3>\n\n\n\n<p class=\"p1\">Forward-thinking <a href=\"https:\/\/www.sisinternational.com\/it\/ricerche-di-mercato-sulla-produzione-intelligente\/\" title=\"Ricerche di mercato sulla produzione intelligente\" data-wpil-monitor-id=\"3628\">manufacturers<\/a> are working on \u201csmart factories\u201d where everything revolves around data. These manufacturers are moving from concept to reality by combining the power of data as well as different technologies and solutions to optimize the entire manufacturing process.<\/p>\n\n\n\n<h3 class=\"wp-block-heading p1\"><b>3. Automazione<\/b><\/h3>\n\n\n\n<p class=\"p1\">Nel settore manifatturiero, l\u2019automazione \u00e8 la soluzione definitiva. Sebbene tutti gli sforzi si stiano muovendo in questa direzione, la sfida pi\u00f9 grande \u00e8 la carenza di competenze. I produttori stanno affrontando questo problema formando il proprio personale sulle nuove tecnologie, sull\u2019analisi dei dati e sulla risoluzione dei problemi, creando al contempo ambienti di lavoro flessibili e dinamici.<\/p>\n\n\n\n<h3 class=\"wp-block-heading p1\"><b>4. Manutenzione predittiva<\/b><\/h3>\n\n\n\n<p class=\"p1\">Una delle principali cause di fermo macchina nel settore manifatturiero \u00e8 il guasto delle apparecchiature. La perdita di produttivit\u00e0 comporta costi enormi e potenziali perdite, anche se l\u2019esperienza del cliente soffre a causa dei ritardi nella consegna di componenti OEM e prodotti finali. I produttori si rivolgono all\u2019analisi predittiva e alla manutenzione per monitorare le prestazioni delle apparecchiature e ridurre le interruzioni non pianificate.<\/p>\n\n\n\n<h3 class=\"wp-block-heading p1\"><b>5. Produzione agile<\/b><\/h3>\n\n\n\n<p class=\"p1\">I produttori sono inoltre alla ricerca di modi per rispondere rapidamente alle esigenze dei clienti e alle sfide aziendali. Molti CIO e CTO hanno scoperto che l&#039;aggiunta di un livello di soluzioni agili ai sistemi ERP esistenti li aiuta a ottenere risultati pi\u00f9 rapidamente. Gli insight basati sui dati stanno portando a integrazioni di sistemi e aggiornamenti di processi, con conseguente time-to-value pi\u00f9 rapido.<\/p>\n\n\n\n<h3 class=\"wp-block-heading p1\"><b>6. Sicurezza informatica nel settore manifatturiero<\/b><\/h3>\n\n\n\n<p class=\"p1\">Poich\u00e9 i dati rappresentano la risorsa pi\u00f9 critica per i produttori, la sicurezza informatica sta ricevendo un\u2019attenzione particolare. Con l\u2019aumento dei casi di ransomware, i produttori stanno cercando di investire nelle soluzioni giuste. L\u2019opzione migliore sar\u00e0 assumere talenti informatici qualificati collaborando con fornitori che dispongono di soluzioni comprovate e programmi di ricerca e sviluppo dedicati.<\/p>\n\n\n\n<h2 class=\"wp-block-heading p5\">Nuove tecnologie nella produzione<\/h2>\n\n\n\n<p class=\"p1\">I produttori stanno adottando nuove tecnologie e soluzioni per ridurre i costi, migliorare l\u2019efficienza e aumentare la redditivit\u00e0. Alcuni di questi includono:<\/p>\n\n\n\n<h3 class=\"wp-block-heading p1\"><b>1. Robot nel settore manifatturiero<\/b><\/h3>\n\n\n\n<p class=\"p1\">Anche se i robot fanno parte gi\u00e0 da tempo del settore manifatturiero, alcune innovazioni stanno apportando dei cambiamenti. Ad esempio, i robot collaborativi (cobot) stanno assumendo compiti pericolosi e ripetitivi, consentendo agli esseri umani di lavorare su soluzioni creative e altri lavori pi\u00f9 soddisfacenti.<\/p>\n\n\n\n<p class=\"p1\">Robots as a Service (RaaS) sta riducendo i costi dell\u2019automazione fornendo robot a noleggio. Attraverso RaaS, i produttori affermati possono aspettarsi interruzioni provenienti dalle startup proprio come \u00e8 accaduto nel mondo del software quando PaaS e IaaS sono diventati realt\u00e0.<\/p>\n\n\n\n<h3 class=\"wp-block-heading p1\"><b>2. Blockchain nel settore manifatturiero<\/b><\/h3>\n\n\n\n<p class=\"p1\">Blockchain is quite a new technology in manufacturing. It is however being actively developed for use in manufacturing ecosystems by companies such as IBM, GE, and Samsung.<\/p>\n\n\n\n<p class=\"p1\">La blockchain verr\u00e0 utilizzata per applicare le norme di controllo della qualit\u00e0 dalla fase delle materie prime al prodotto finale. Verr\u00e0 inoltre utilizzato per fornire trasparenza e visibilit\u00e0 aggiuntiva agli stakeholder dell\u2019ecosistema lungo l\u2019intera catena del valore.<\/p>\n\n\n\n<h3 class=\"wp-block-heading p1\"><b>3. Intelligenza Artificiale nel manifatturiero<\/b><\/h3>\n\n\n\n<p class=\"p1\"><a href=\"https:\/\/www.sisinternational.com\/it\/soluzioni\/ai-ricerche-di-mercato-e-consulenza-strategica\/consulenza-sullintelligenza-artificiale-per-lautomazione-della-produzione\/\" title=\"Consulenza sull&#039;automazione della produzione e sull&#039;intelligenza artificiale\" data-wpil-monitor-id=\"11060\">Artificial Intelligence is finding applications in manufacturing<\/a> due to the availability of data. In many cases, AI is being implemented alongside robotics. Robots with AI capability will be the new frontier of competition. AI-capable robots can make perception-based decisions, making them far superior to traditional robots, which are limited to rule-based algorithms.<\/p>\n\n\n\n<h3 class=\"wp-block-heading p1\"><b>4. Internet delle cose industriale (IIoT)<\/b><\/h3>\n\n\n\n<p class=\"p1\">Con il lancio delle reti 5G i produttori possono finalmente iniziare <a href=\"https:\/\/www.zdnet.com\/article\/seven-tips-for-identifying-and-managing-iiot-deployment-costs\/\" target=\"_blank\" rel=\"noopener\">implementare l\u2019IIoT<\/a>. Alcuni produttori stanno gi\u00e0 iniziando ad aggiornare la propria infrastruttura di rete interna.<\/p>\n\n\n\n<p class=\"p1\">Mentre i produttori di chip e sensori, cos\u00ec come gli sviluppatori di software, lavorano per rendere l\u2019IIoT una realt\u00e0, i produttori che stanno pianificando in anticipo saranno in grado di adattarsi pi\u00f9 velocemente una volta che tutte le parti del puzzle saranno disponibili.<\/p>\n\n\n\n<h2 class=\"wp-block-heading p3\">Vantaggi della conduzione di ricerche di mercato nel settore manifatturiero<\/h2>\n\n\n\n<figure class=\"gb-block-image gb-block-image-a05cee9a\"><img loading=\"lazy\" decoding=\"async\" width=\"1456\" height=\"816\" class=\"gb-image gb-image-a05cee9a\" src=\"https:\/\/www.sisinternational.com\/wp-content\/uploads\/2025\/08\/Manufacturing-18.jpg\" alt=\"Ricerca e strategia di mercato internazionale SIS\" title=\"Manufacturing (18)\" srcset=\"https:\/\/www.sisinternational.com\/wp-content\/uploads\/2025\/08\/Manufacturing-18.jpg 1456w, https:\/\/www.sisinternational.com\/wp-content\/uploads\/2025\/08\/Manufacturing-18-300x168.jpg 300w, https:\/\/www.sisinternational.com\/wp-content\/uploads\/2025\/08\/Manufacturing-18-1024x574.jpg 1024w, https:\/\/www.sisinternational.com\/wp-content\/uploads\/2025\/08\/Manufacturing-18-768x430.jpg 768w, https:\/\/www.sisinternational.com\/wp-content\/uploads\/2025\/08\/Manufacturing-18-18x10.jpg 18w\" sizes=\"auto, (max-width: 1456px) 100vw, 1456px\"><\/figure>\n\n\n\n<p><\/p>\n\n\n\n<p class=\"p1\">La ricerca di mercato \u00e8 fondamentale per la crescita del business. Che tu stia cercando di ristabilirti o di espanderti in nuovi mercati, comprendere il mercato \u00e8 fondamentale. Considerando le esigenze dei clienti in continua evoluzione e l\u2019elevata concorrenza, come produttore, la ricerca di mercato pu\u00f2 offrirti vantaggi come:<\/p>\n\n\n\n<ul class=\"wp-block-list ul1\">\n<li>Primary insights that cannot be attained through secondary sources<\/li>\n\n\n\n<li>Conoscenza dei settori emergenti e delle tendenze dei clienti<\/li>\n\n\n\n<li><a href=\"https:\/\/www.sisinternational.com\/it\/soluzioni\/e-la-crescita-globale\/consulenza-strategica-sui-mercati-emergenti\/\" title=\"Consulenza strategica sui mercati emergenti\" data-wpil-monitor-id=\"11063\">Strategies for market<\/a> capture by uncovering competitor strengths and weaknesses<\/li>\n\n\n\n<li>Mitigazione del rischio<\/li>\n\n\n\n<li>Idee per il coinvolgimento dei clienti per rimanere pertinenti<\/li>\n\n\n\n<li>Benchmarking per valutare e migliorare la produttivit\u00e0 e la crescita<\/li>\n\n\n\n<li>Pianificazione ed esecuzione della strategia per l&#039;ingresso nel mercato e il successo del marketing<\/li>\n<\/ul>\n\n\n\n<h2 class=\"wp-block-heading\">Informazioni sulle ricerche di mercato nel settore manifatturiero<\/h2>\n\n\n\n<p class=\"p1\">As an investment meant to shed light on your growth potential, market research needs to be conducted by experienced experts. At <a href=\"https:\/\/www.sisinternational.com\/it\/contattaci\/\" title=\"Contattaci\" data-wpil-monitor-id=\"11056\">Ricerca internazionale SIS<\/a>, we\u2019ve worked with top brands across the globe who always trust us to carry out market research for them.<\/p>\n\n\n\n<p class=\"p1\">Con <a href=\"https:\/\/www.sisinternational.com\/it\/soluzioni\/ricerche-di-mercato-con-focus-group\/\" title=\"Focus Group Ricerche di mercato\" data-wpil-monitor-id=\"11059\">research strategies that include focus groups<\/a>, in-depth interviews, ethnography, market segmentation, competitive benchmarking, and choice modeling, we unearth the kind of insights you need to make the right business decision.<\/p>\n\n\n\n<p><\/p>","protected":false},"excerpt":{"rendered":"<p>SIS International Research \u00e8 leader nelle ricerche di mercato nel settore manifatturiero. Forniamo approfondimenti, dati, consulenza e strategie.<\/p>","protected":false},"author":1,"featured_media":63709,"parent":14457,"menu_order":21,"comment_status":"closed","ping_status":"closed","template":"","meta":{"footnotes":""},"class_list":["post-37069","page","type-page","status-publish","has-post-thumbnail"],"_links":{"self":[{"href":"https:\/\/www.sisinternational.com\/it\/wp-json\/wp\/v2\/pages\/37069","targetHints":{"allow":["GET"]}}],"collection":[{"href":"https:\/\/www.sisinternational.com\/it\/wp-json\/wp\/v2\/pages"}],"about":[{"href":"https:\/\/www.sisinternational.com\/it\/wp-json\/wp\/v2\/types\/page"}],"author":[{"embeddable":true,"href":"https:\/\/www.sisinternational.com\/it\/wp-json\/wp\/v2\/users\/1"}],"replies":[{"embeddable":true,"href":"https:\/\/www.sisinternational.com\/it\/wp-json\/wp\/v2\/comments?post=37069"}],"version-history":[{"count":6,"href":"https:\/\/www.sisinternational.com\/it\/wp-json\/wp\/v2\/pages\/37069\/revisions"}],"predecessor-version":[{"id":81809,"href":"https:\/\/www.sisinternational.com\/it\/wp-json\/wp\/v2\/pages\/37069\/revisions\/81809"}],"up":[{"embeddable":true,"href":"https:\/\/www.sisinternational.com\/it\/wp-json\/wp\/v2\/pages\/14457"}],"wp:featuredmedia":[{"embeddable":true,"href":"https:\/\/www.sisinternational.com\/it\/wp-json\/wp\/v2\/media\/63709"}],"wp:attachment":[{"href":"https:\/\/www.sisinternational.com\/it\/wp-json\/wp\/v2\/media?parent=37069"}],"curies":[{"name":"wp","href":"https:\/\/api.w.org\/{rel}","templated":true}]}}