{"id":36862,"date":"2021-03-12T05:12:39","date_gmt":"2021-03-12T05:12:39","guid":{"rendered":"https:\/\/www.sisinternational.com\/?page_id=36862"},"modified":"2026-01-25T19:31:08","modified_gmt":"2026-01-26T00:31:08","slug":"ricerche-di-mercato-cile","status":"publish","type":"page","link":"https:\/\/www.sisinternational.com\/it\/copertura\/latin-america\/ricerche-di-mercato-in-america-latina\/ricerche-di-mercato-cile\/","title":{"rendered":"Ricerca di scrivania in Cile"},"content":{"rendered":"<h1 class=\"wp-block-heading\"><b>Scrivania <\/b>Ricerca in Cile<\/h1>\n\n\n\n<figure class=\"gb-block-image gb-block-image-de2ee8b3\"><img loading=\"lazy\" decoding=\"async\" width=\"1456\" height=\"816\" class=\"gb-image gb-image-de2ee8b3\" src=\"https:\/\/www.sisinternational.com\/wp-content\/uploads\/2025\/09\/Chile-2.jpg\" alt=\"Ricerca e strategia di mercato internazionale SIS\" title=\"Chile (2)\" srcset=\"https:\/\/www.sisinternational.com\/wp-content\/uploads\/2025\/09\/Chile-2.jpg 1456w, https:\/\/www.sisinternational.com\/wp-content\/uploads\/2025\/09\/Chile-2-300x168.jpg 300w, https:\/\/www.sisinternational.com\/wp-content\/uploads\/2025\/09\/Chile-2-1024x574.jpg 1024w, https:\/\/www.sisinternational.com\/wp-content\/uploads\/2025\/09\/Chile-2-768x430.jpg 768w, https:\/\/www.sisinternational.com\/wp-content\/uploads\/2025\/09\/Chile-2-18x10.jpg 18w\" sizes=\"auto, (max-width: 1456px) 100vw, 1456px\"><\/figure>\n\n\n\n<p><\/p>\n\n\n\n<h3 class=\"wp-block-heading\">Il Cile \u00e8 una delle economie pi\u00f9 produttive e competitive del Sud America. Le aziende che investono nella comprensione delle dinamiche locali sono meglio posizionate per cogliere le opportunit\u00e0 e stabilire una solida base in Cile.<\/h3>\n\n\n\n<p>La ricerca desk in Cile \u00e8 essenziale per sbloccare opportunit\u00e0 in una delle economie pi\u00f9 stabili e sviluppate del Sud America. Le aziende di successo sanno che comprendere le preferenze dei consumatori locali \u00e8 la chiave per una crescita sostenibile.<\/p>\n\n\n\n<h2 class=\"wp-block-heading\"><strong>Cos&#039;\u00e8 la ricerca documentale in Cile e perch\u00e9 \u00e8 importante?<\/strong><\/h2>\n\n\n\n<p>Conducendo ricerche desk in Cile, le aziende possono comprendere a fondo le esigenze, i comportamenti e le preferenze dei consumatori. Ci\u00f2 consente loro di personalizzare i propri prodotti e servizi di conseguenza, assicurando che le loro offerte risuonino con il pubblico locale.<\/p>\n\n\n\n<p><a class=\"wpil_keyword_link\" href=\"https:\/\/www.sisinternational.com\/it\/how-to-conduct-effective-desk-research\/\"   title=\"How to Conduct Effective Desk Research\" data-wpil-keyword-link=\"linked\"  data-wpil-monitor-id=\"747\">Ricerca a tavolino<\/a> in Chile allows businesses to accurately evaluate market demand, identify target audiences, and adapt their offerings to meet local needs. With Chile&#8217;s diverse consumer base, brands must use a nuanced approach to marketing and branding to effectively reach different population segments. In addition, desk research provides valuable insights into Chile&#8217;s regulatory environment, logistics, and competitive landscape. This information helps businesses anticipate challenges and position themselves effectively.<\/p>\n\n\n\n<h2 class=\"wp-block-heading\"><strong>La nostra attuale revisione del mercato e raccomandazioni<\/strong><\/h2>\n\n\n\n<p>Consigliamo alle aziende interessate ad espandersi in Cile di considerare la<span style=\"font-size: inherit; background-color: var(--base-3); color: var(--contrast-2);\"> crescente interesse dei consumatori per la sostenibilit\u00e0, le soluzioni digitali e i prodotti di alta qualit\u00e0. Consigliamo alle aziende di enfatizzare pratiche ecologicamente responsabili, adottare strategie digitali innovative e mantenere un elevato standard qualitativo nelle loro offerte. I settori minerario, tecnologico e della vendita al dettaglio mostrano un forte potenziale di crescita e la ricerca documentale in Cile \u00e8 fondamentale per identificare le opportunit\u00e0 in questi settori.<\/span><\/p>\n\n\n\n<p>We also stress the importance of understanding Chile&#8217;s regulatory environment. Navigating local regulations can be complex, and ensuring compliance is crucial for avoiding setbacks. A proactive approach to regulatory <a href=\"https:\/\/www.sisinternational.com\/it\/competenza\/industrie\/ricerche-di-mercato-sulla-telemetria\/\" title=\"Ricerche di mercato sulla telemetria\"  data-wpil-monitor-id=\"5700\">research and market<\/a> analysis will help businesses establish a successful foothold in Chile.<\/p>\n\n\n\n<h2 class=\"wp-block-heading\"><strong>Principali attrazioni turistiche in Cile<\/strong><\/h2>\n\n\n\n<figure class=\"gb-block-image gb-block-image-228e577d\"><img loading=\"lazy\" decoding=\"async\" width=\"1456\" height=\"816\" class=\"gb-image gb-image-228e577d\" src=\"https:\/\/www.sisinternational.com\/wp-content\/uploads\/2025\/09\/Chile-1.jpg\" alt=\"Ricerca e strategia di mercato internazionale SIS\" title=\"Chile (1)\" srcset=\"https:\/\/www.sisinternational.com\/wp-content\/uploads\/2025\/09\/Chile-1.jpg 1456w, https:\/\/www.sisinternational.com\/wp-content\/uploads\/2025\/09\/Chile-1-300x168.jpg 300w, https:\/\/www.sisinternational.com\/wp-content\/uploads\/2025\/09\/Chile-1-1024x574.jpg 1024w, https:\/\/www.sisinternational.com\/wp-content\/uploads\/2025\/09\/Chile-1-768x430.jpg 768w, https:\/\/www.sisinternational.com\/wp-content\/uploads\/2025\/09\/Chile-1-18x10.jpg 18w\" sizes=\"auto, (max-width: 1456px) 100vw, 1456px\"><\/figure>\n\n\n\n<p><\/p>\n\n\n\n<p>La ricerca desk in Cile rivela diverse attrazioni turistiche popolari che attraggono milioni di visitatori ogni anno. Ecco cinque attrazioni chiave:<\/p>\n\n\n\n<ul class=\"wp-block-list\">\n<li><strong>Deserto di Atacama<\/strong>: Noto come il deserto pi\u00f9 arido della terra, il deserto di Atacama offre paesaggi mozzafiato, saline e geyser. \u00c8 una delle principali destinazioni per i turisti in cerca di avventure e meraviglie naturali.<\/li>\n\n\n\n<li><strong>Patagonia<\/strong>: La Patagonia cilena \u00e8 famosa per i suoi paesaggi mozzafiato, tra cui ghiacciai, fiordi e parchi nazionali. Il Parco nazionale Torres del Paine \u00e8 una destinazione preferita dagli amanti della natura e dai viaggiatori avventurosi.<\/li>\n\n\n\n<li><strong>Valparaiso<\/strong>: La citt\u00e0 costiera di Valpara\u00edso \u00e8 rinomata per i suoi quartieri collinari colorati, la vivace street art e la ricca cultura. \u00c8 una destinazione imperdibile per i turisti che esplorano il patrimonio culturale del Cile.<\/li>\n\n\n\n<li><strong>Isola di Pasqua<\/strong>: Con le sue misteriose statue moai, l&#039;Isola di Pasqua \u00e8 una delle isole abitate pi\u00f9 remote al mondo. Attrae visitatori interessati alla storia, all&#039;archeologia e alle esperienze culturali uniche.<\/li>\n\n\n\n<li><strong>Santiago<\/strong>: La capitale Santiago offre un mix di attrazioni moderne e tradizionali, tra cui Cerro San Crist\u00f3bal, Plaza de Armas e una scena culinaria dinamica. Funge da hub per esplorare il resto del Cile.<\/li>\n<\/ul>\n\n\n\n<h2 class=\"wp-block-heading\">Industria dei servizi in Cile<\/h2>\n\n\n\n<p>Con un&#039;infrastruttura IT ben sviluppata e una forza lavoro competente e specializzata, il settore dei servizi del Cile \u00e8 cresciuto costantemente. Settori come il commercio al dettaglio e la consulenza sono ben consolidati, mentre le strutture bancarie hanno visto un aumento dell&#039;adozione.<\/p>\n\n\n\n<p>Il paesaggio del Cile attrae milioni di turisti dalla regione e dall&#039;Europa. I posti migliori da visitare includono il deserto di Atacama, la Patagonia cilena e la citt\u00e0 di Valpara\u00edso. Decine di riserve naturali e molti parchi protetti si aggiungono all&#039;elenco delle attrazioni turistiche del Cile.<\/p>\n\n\n\n<h3 class=\"wp-block-heading\">Agricoltura in Cile<\/h3>\n\n\n\n<p>L&#039;industria agricola del Cile ha ottenuto un riconoscimento globale come produttore ed esportatore di cibo. I suoi prodotti agricoli includono avena, grano, mele, asparagi, mais e cipolle. Il Cile \u00e8 anche uno dei maggiori produttori di salmone al mondo. Anche la silvicoltura e l&#039;allevamento di animali contribuiscono all&#039;industria, con i principali prodotti che sono pollame, manzo e lana. Il Cile \u00e8 anche un produttore di vino globale, migliorando l&#039;industria attraverso l&#039;acquacoltura e la selvicoltura.<\/p>\n\n\n\n<h3 class=\"wp-block-heading\">Miniere in Cile<\/h3>\n\n\n\n<p>Il Cile \u00e8 uno dei maggiori produttori di rame al mondo e la Cina \u00e8 uno dei suoi maggiori clienti. Oltre al rame, il Cile ha depositi di oro, argento, ferro, boro e molibdeno, che estrae per l&#039;esportazione.<\/p>\n\n\n\n<h2 class=\"wp-block-heading\">Opportunit\u00e0 di investimento in Cile<\/h2>\n\n\n\n<p>L&#039;economia cilena \u00e8 destinata a crescere in modo sostenibile grazie a politiche progettate per una crescita a lungo termine. Tuttavia, c&#039;\u00e8 bisogno di una maggiore diversificazione per evitare un&#039;eccessiva dipendenza dalle esportazioni come il rame. Ecco alcune opportunit\u00e0 per investimenti diretti esteri in Cile.<\/p>\n\n\n\n<h3 class=\"wp-block-heading\">Estrazione<\/h3>\n\n\n\n<p>C&#039;\u00e8 molto potenziale per l&#039;estrazione del litio in Cile, soprattutto considerando il mercato pronto e in crescita dovuto alla crescente domanda di veicoli elettrici. Sebbene altri paesi producano litio, questa fornitura non pu\u00f2 soddisfare la domanda.<br>Per migliorare l&#039;efficienza nel settore minerario sono necessarie tecnologie e competenze pi\u00f9 specializzate. I servizi di consulenza mineraria e ingegneristica possono aiutare a migliorare la produzione del settore. Anche la produzione e la riparazione di macchinari minerari sono un&#039;opzione da considerare.<\/p>\n\n\n\n<h3 class=\"wp-block-heading\">agricoltura<\/h3>\n\n\n\n<p>Il Cile \u00e8 noto per i suoi prodotti agricoli e ha abbracciato l\u2019e-commerce per aumentare le vendite. Sebbene vi sia spazio per gli investitori nella produzione e nell\u2019esportazione di prodotti alimentari, sarebbe meglio fornire soluzioni uniche al settore.<\/p>\n\n\n\n<h3 class=\"wp-block-heading\">Immobiliare<\/h3>\n\n\n\n<p>C&#039;\u00e8 un crescente interesse per gli investimenti in Cile, che crea una domanda di spazi per uffici e unit\u00e0 abitative. Santiago e Valpara\u00edso sono aree privilegiate per lo sviluppo immobiliare in Cile. Con la produzione agricola che avviene nelle campagne, gli investitori immobiliari possono anche guardare oltre le citt\u00e0.<\/p>\n\n\n\n<h2 class=\"wp-block-heading\">Le sfide dell\u2019economia cilena<\/h2>\n\n\n\n<p>Nonostante le sue numerose opportunit\u00e0, la ricerca documentale in Cile identifica diverse sfide che le aziende devono affrontare. Tra queste:<\/p>\n\n\n\n<ol start=\"1\" class=\"wp-block-list\">\n<li><strong>Regolamenti complessi<\/strong>: Orientarsi nel quadro normativo cileno pu\u00f2 rivelarsi complicato, soprattutto per le aziende straniere che non hanno familiarit\u00e0 con le normative locali.<\/li>\n\n\n\n<li><strong>Alta concorrenza<\/strong>:Il mercato cileno \u00e8 altamente competitivo, con numerosi marchi locali e internazionali che competono per conquistare quote di mercato.<\/li>\n\n\n\n<li><strong>Disuguaglianza economica<\/strong>: Le disparit\u00e0 economiche in Cile possono avere un impatto sul potere d&#039;acquisto dei consumatori, influenzando la segmentazione del mercato e il posizionamento dei prodotti.<\/li>\n\n\n\n<li><strong>Accesso limitato ai finanziamenti<\/strong>:Accedere ai finanziamenti pu\u00f2 essere complicato per le piccole e medie imprese, limitando la loro capacit\u00e0 di espandersi.<\/li>\n\n\n\n<li><strong>Sfide geografiche<\/strong>:La geografia unica del Cile, con la sua forma lunga e stretta, crea delle sfide logistiche per la gestione della catena di approvvigionamento.<\/li>\n\n\n\n<li><strong>Ritardi burocratici<\/strong>: Le inefficienze burocratiche possono causare ritardi nei processi aziendali, incidendo sull&#039;ingresso nel mercato e sulle operazioni complessive.<\/li>\n\n\n\n<li><strong>Preoccupazioni ambientali<\/strong>:Le aziende devono dare priorit\u00e0 alla sostenibilit\u00e0 e rispettare le normative ambientali, poich\u00e9 questi aspetti stanno diventando sempre pi\u00f9 importanti per i consumatori e per il governo.<\/li>\n<\/ol>\n\n\n\n<h2 class=\"wp-block-heading\">I migliori cluster aziendali in Cile<\/h2>\n\n\n\n<p>Santiago, la capitale del Cile, \u00e8 molto favorevole agli affari. Ha sistemi di trasporto ben collegati, una forza lavoro istruita, settori finanziari e commerciali fiorenti e produce quasi la met\u00e0 del PIL del paese.<\/p>\n\n\n\n<p>Valpara\u00edso \u00e8 una destinazione turistica e un importante centro commerciale. \u00c8 anche un cluster strategico per le attivit\u00e0 legate al trasporto e al trasporto merci. Concepci\u00f3n \u00e8 un hub commerciale in Cile che vanta l&#039;accesso alle regioni agricole e minerarie del paese.<\/p>\n\n\n\n<h2 class=\"wp-block-heading\"><strong>Come la ricerca desk di SIS International in Cile aiuta le aziende<\/strong><\/h2>\n\n\n\n<p>La ricerca desk di SIS International in Cile fornisce approfondimenti approfonditi su settori chiave, comportamenti dei consumatori e tendenze di mercato. Collaborando con SIS International, le aziende ottengono diversi vantaggi:<\/p>\n\n\n\n<ul class=\"wp-block-list\">\n<li><strong>Approfondimenti completi sul mercato<\/strong>:Il nostro team aiuta le aziende a comprendere a fondo il mercato cileno, compresi i comportamenti dei consumatori locali e le influenze culturali.<\/li>\n\n\n\n<li><strong>Decisioni basate sui dati<\/strong>: Aiutiamo le aziende a prendere decisioni consapevoli che riducono i rischi e favoriscono il successo nel mercato cileno.<\/li>\n\n\n\n<li><strong>Vantaggio competitivo<\/strong>: Identifichiamo tendenze e opportunit\u00e0 emergenti, assicurando che le aziende rimangano un passo avanti rispetto ai concorrenti e si posizionino strategicamente in Cile.<\/li>\n\n\n\n<li><strong>Sviluppo di strategie personalizzate<\/strong>: <a href=\"https:\/\/www.linkedin.com\/company\/sisinternationalresearch\/\" target=\"_blank\" rel=\"noopener\"><span style=\"font-weight: 400;\">SIS Internazionale<\/span><\/a> aiuta le aziende a creare strategie su misura per il panorama culturale ed economico del Cile, allineando prodotti e marketing alle preferenze dei consumatori locali.<\/li>\n\n\n\n<li><strong>Normative di navigazione<\/strong>: I nostri esperti in regolamentazione forniscono approfondimenti su come orientarsi nel contesto normativo cileno, aiutando le aziende a conformarsi alle leggi nazionali e regionali.<\/li>\n\n\n\n<li><strong>Ingresso di successo nel mercato<\/strong>: Aiutiamo le aziende a sviluppare piani efficaci di ingresso nel mercato, tra cui l&#039;identificazione dei punti di ingresso chiave e la comprensione dei canali di distribuzione in Cile.<\/li>\n\n\n\n<li><strong>Costruire partnership<\/strong>: La nostra scrivania <a href=\"https:\/\/www.linkedin.com\/pulse\/how-market-research-enables-growth-ruth-stanat-phekf\/\" target=\"_blank\" rel=\"noopener\"><span style=\"font-weight: 400;\">ricerca<\/span><\/a> in Cile aiuta le aziende a identificare e a entrare in contatto con partner, fornitori e distributori locali, rafforzando la loro presenza sul mercato.<\/li>\n\n\n\n<li><strong>Soluzioni di ricerca su misura<\/strong>: SIS International offre ricerche personalizzate, studiate per soddisfare le esigenze specifiche di ogni azienda, garantendo l&#039;allineamento con i requisiti del mercato locale.<\/li>\n\n\n\n<li><strong>Gestione del rischio<\/strong>: Aiutiamo le aziende a identificare potenziali rischi, tra cui sfide logistiche e normative, e a sviluppare strategie per minimizzarne l&#039;impatto.<\/li>\n\n\n\n<li><strong>Promuovere la crescita a lungo termine<\/strong>: <a href=\"https:\/\/medium.com\/@sisinternational\/sis-international-c17160da8fac\" target=\"_blank\" rel=\"noopener\"><span style=\"font-weight: 400;\">SIS<\/span><\/a> fornisce spunti e strategie per una crescita sostenibile, aiutando le aziende ad allinearsi alle iniziative locali, come la trasformazione digitale e gli obiettivi in materia di energie rinnovabili.<\/li>\n<\/ul>\n\n\n\n<h2 class=\"wp-block-heading\"><strong>Informazioni sulla ricerca documentale internazionale SIS in Cile<\/strong><\/h2>\n\n\n\n<p><a href=\"https:\/\/www.sisinternational.com\/it\/\"><span style=\"font-weight: 400;\">SIS Internazionale<\/span><\/a><span style=\"font-weight: 400;\"> offre Ricerca Quantitativa, Qualitativa e Strategica. Forniamo dati, strumenti, strategie, report e approfondimenti per il processo decisionale. Conduciamo anche interviste, sondaggi, focus group e altri metodi e approcci di Desk Research.<\/span><a href=\"https:\/\/www.sisinternational.com\/it\/sulla-sua-ricerca-internazionale\/contact-sis-international-market-research\/\"><span style=\"font-weight: 400;\"> Contattaci<\/span><\/a><span style=\"font-weight: 400;\"> per il tuo prossimo progetto di Desk Research.<\/span><\/p>\n\n\n\n<p><\/p>","protected":false},"excerpt":{"rendered":"<p>Il Cile \u00e8 una grande destinazione per gli investimenti esteri con opportunit\u00e0 di business. SIS fornisce ricerche di mercato in Cile.<\/p>","protected":false},"author":1,"featured_media":66231,"parent":14351,"menu_order":7,"comment_status":"closed","ping_status":"closed","template":"","meta":{"footnotes":""},"class_list":["post-36862","page","type-page","status-publish","has-post-thumbnail"],"_links":{"self":[{"href":"https:\/\/www.sisinternational.com\/it\/wp-json\/wp\/v2\/pages\/36862","targetHints":{"allow":["GET"]}}],"collection":[{"href":"https:\/\/www.sisinternational.com\/it\/wp-json\/wp\/v2\/pages"}],"about":[{"href":"https:\/\/www.sisinternational.com\/it\/wp-json\/wp\/v2\/types\/page"}],"author":[{"embeddable":true,"href":"https:\/\/www.sisinternational.com\/it\/wp-json\/wp\/v2\/users\/1"}],"replies":[{"embeddable":true,"href":"https:\/\/www.sisinternational.com\/it\/wp-json\/wp\/v2\/comments?post=36862"}],"version-history":[{"count":8,"href":"https:\/\/www.sisinternational.com\/it\/wp-json\/wp\/v2\/pages\/36862\/revisions"}],"predecessor-version":[{"id":79401,"href":"https:\/\/www.sisinternational.com\/it\/wp-json\/wp\/v2\/pages\/36862\/revisions\/79401"}],"up":[{"embeddable":true,"href":"https:\/\/www.sisinternational.com\/it\/wp-json\/wp\/v2\/pages\/14351"}],"wp:featuredmedia":[{"embeddable":true,"href":"https:\/\/www.sisinternational.com\/it\/wp-json\/wp\/v2\/media\/66231"}],"wp:attachment":[{"href":"https:\/\/www.sisinternational.com\/it\/wp-json\/wp\/v2\/media?parent=36862"}],"curies":[{"name":"wp","href":"https:\/\/api.w.org\/{rel}","templated":true}]}}