{"id":36847,"date":"2021-03-03T02:39:56","date_gmt":"2021-03-03T02:39:56","guid":{"rendered":"https:\/\/www.sisinternational.com\/?page_id=36847"},"modified":"2025-10-30T22:53:58","modified_gmt":"2025-10-31T02:53:58","slug":"ricerche-di-mercato-ecuadoriane","status":"publish","type":"page","link":"https:\/\/www.sisinternational.com\/it\/copertura\/latin-america\/ricerche-di-mercato-in-america-latina\/ricerche-di-mercato-ecuadoriane\/","title":{"rendered":"Ricerche di mercato in Ecuador"},"content":{"rendered":"<h1 class=\"wp-block-heading\">Ricerche di mercato in Ecuador<\/h1>\n\n\n\n<figure class=\"gb-block-image gb-block-image-81cc6e02\"><img loading=\"lazy\" decoding=\"async\" width=\"1456\" height=\"816\" class=\"gb-image gb-image-81cc6e02\" src=\"https:\/\/www.sisinternational.com\/wp-content\/uploads\/2025\/09\/Ecuador-3.jpg\" alt=\"Ricerca e strategia di mercato internazionale SIS\" title=\"Ecuador (3)\" srcset=\"https:\/\/www.sisinternational.com\/wp-content\/uploads\/2025\/09\/Ecuador-3.jpg 1456w, https:\/\/www.sisinternational.com\/wp-content\/uploads\/2025\/09\/Ecuador-3-300x168.jpg 300w, https:\/\/www.sisinternational.com\/wp-content\/uploads\/2025\/09\/Ecuador-3-1024x574.jpg 1024w, https:\/\/www.sisinternational.com\/wp-content\/uploads\/2025\/09\/Ecuador-3-768x430.jpg 768w, https:\/\/www.sisinternational.com\/wp-content\/uploads\/2025\/09\/Ecuador-3-18x10.jpg 18w\" sizes=\"auto, (max-width: 1456px) 100vw, 1456px\"><\/figure>\n\n\n\n<p><\/p>\n\n\n\n<hr class=\"wp-block-separator has-alpha-channel-opacity is-style-dots\"\/>\n\n\n\n<h2 class=\"wp-block-heading\" id=\"with-a-name-derived-from-the-equator-ecuador-is-a-country-with-a-pretty-diversified-economy\">Con un nome derivato dall&#039;equatore, l&#039;Ecuador \u00e8 un paese con un&#039;economia piuttosto diversificata.<\/h2>\n\n\n\n<p>Avendo una popolazione di 17 milioni di abitanti, investire in questo paese garantisce la manodopera e il mercato necessari.<\/p>\n\n\n\n<p><\/p>\n\n\n\n<div class=\"wp-block-columns has-global-color-9-color has-text-color has-background has-link-color wp-elements-0e66d42729ec6df23d0029110023ffe0 is-layout-flex wp-container-core-columns-is-layout-9d6595d7 wp-block-columns-is-layout-flex\" style=\"background-color:#f7f9fa6e\">\n<div class=\"wp-block-column is-layout-flow wp-block-column-is-layout-flow\" style=\"flex-basis:18%\"><\/div>\n\n\n\n<div class=\"wp-block-column is-vertically-aligned-center is-layout-flow wp-block-column-is-layout-flow\" style=\"flex-basis:71.28%\">\n<div class=\"wp-block-rank-math-toc-block aligncenter has-global-color-9-color has-text-color has-link-color wp-elements-7781e3ec9523e89e02912c0e412aded7\" style=\"font-size:16px\" id=\"rank-math-toc\"><h2><br><strong>T<\/strong>able of Contents<\/h2><nav><ul><li class=\"\"><a href=\"#with-a-name-derived-from-the-equator-ecuador-is-a-country-with-a-pretty-diversified-economy\">Con un nome derivato dall&#039;equatore, l&#039;Ecuador \u00e8 un paese con un&#039;economia piuttosto diversificata.<\/a><\/li><li class=\"\"><a href=\"#ecuadors-strategic-industries\">Le industrie strategiche dell&#039;Ecuador<\/a><\/li><li class=\"\"><a href=\"#investment-opportunities-in-ecuador\">Opportunit\u00e0 di investimento in Ecuador<\/a><\/li><li class=\"\"><a href=\"#challenges-facing-ecuadors-economy\">Le sfide per l\u2019economia dell\u2019Ecuador<\/a><\/li><li class=\"\"><a href=\"#ecuadors-economic-hubs\">I poli economici dell&#039;Ecuador<\/a><\/li><\/ul><\/nav><\/div>\n<\/div>\n<\/div>\n\n\n\n<p><\/p>\n\n\n\n<h2 class=\"wp-block-heading\" id=\"ecuadors-strategic-industries\">Le industrie strategiche dell&#039;Ecuador<\/h2>\n\n\n\n<p>Dopo aver assistito ai cambiamenti nelle tendenze del mercato globale, l\u2019Ecuador ha diversificato la propria economia sviluppando i settori manifatturiero e dei servizi.<\/p>\n\n\n\n<h3 class=\"wp-block-heading\">Industria petrolifera in Ecuador<\/h3>\n\n\n\n<figure class=\"gb-block-image gb-block-image-fc4f21a4\"><img loading=\"lazy\" decoding=\"async\" width=\"1456\" height=\"816\" class=\"gb-image gb-image-fc4f21a4\" src=\"https:\/\/www.sisinternational.com\/wp-content\/uploads\/2025\/09\/Ecuador-2.jpg\" alt=\"Ricerca e strategia di mercato internazionale SIS\" title=\"Ecuador (2)\" srcset=\"https:\/\/www.sisinternational.com\/wp-content\/uploads\/2025\/09\/Ecuador-2.jpg 1456w, https:\/\/www.sisinternational.com\/wp-content\/uploads\/2025\/09\/Ecuador-2-300x168.jpg 300w, https:\/\/www.sisinternational.com\/wp-content\/uploads\/2025\/09\/Ecuador-2-1024x574.jpg 1024w, https:\/\/www.sisinternational.com\/wp-content\/uploads\/2025\/09\/Ecuador-2-768x430.jpg 768w, https:\/\/www.sisinternational.com\/wp-content\/uploads\/2025\/09\/Ecuador-2-18x10.jpg 18w\" sizes=\"auto, (max-width: 1456px) 100vw, 1456px\"><\/figure>\n\n\n\n<p><\/p>\n\n\n\n<p>Sebbene l\u2019Ecuador non sia tra i principali produttori di petrolio, il petrolio greggio rappresenta la sua esportazione pi\u00f9 preziosa. Producendo circa mezzo milione di barili di petrolio al giorno, ha riserve accertate di petrolio di quasi 8,3 miliardi di barili.<\/p>\n\n\n\n<p>Sebbene l\u2019estrazione sia relativamente conveniente, il trasporto del petrolio aumenta notevolmente il costo dell\u2019esportazione. Le infrastrutture degli oleodotti del paese stanno invecchiando, cosa che potrebbe influenzare le entrate del paese provenienti dall&#039;industria petrolifera.<\/p>\n\n\n\n<h3 class=\"wp-block-heading\">Trasformazione alimentare in Ecuador<\/h3>\n\n\n\n<p>La trasformazione alimentare rappresenta pi\u00f9 della met\u00e0 dell&#039;industria non petrolifera, contribuendo con circa 10% al PIL del paese. L&#039;industria comprende sia la lavorazione di alimenti solidi, sia la lavorazione e l&#039;imballaggio delle bevande.<br>Over half of the processed products are fish and meat, which are mostly for export. Processed cereals as well as <a href=\"https:\/\/www.sisinternational.com\/it\/global-beverage-market\/\" title=\"Global Beverage Market: Market Dynamics, Growth Projections &amp; Consumer Insights\"  data-wpil-monitor-id=\"11306\">beverages are mostly for the local market<\/a>.<\/p>\n\n\n\n<h3 class=\"wp-block-heading\">Industria tessile in Ecuador<\/h3>\n\n\n\n<p>The textiles industry ranks second in employee numbers. It produced for the domestic <a href=\"https:\/\/www.sisinternational.com\/it\/competenza\/industrie\/ricerche-di-mercato-nei-paesi-del-mercato-di-frontiera\/\" title=\"Ricerche di mercato sui paesi del mercato di frontiera\"  data-wpil-monitor-id=\"11307\">market until after the country<\/a> started using the US dollar as its currency.<\/p>\n\n\n\n<p>The industry has been growing at double-digit rates with its success attributed to producing both fabric and yarn. The <a href=\"https:\/\/www.sisinternational.com\/it\/competenza\/industrie\/ricerche-di-mercato-industriali\/\" title=\"Ricerca e strategia di mercato industriale\"  data-wpil-monitor-id=\"11309\">industry is dominated by SMEs and market<\/a> entry is relatively easy. This has however made the industry highly competitive.<\/p>\n\n\n\n<h3 class=\"wp-block-heading\">Miniere in Ecuador<\/h3>\n\n\n\n<p>L&#039;Ecuador \u00e8 un&#039;economia mineraria i cui metalli principali sono l&#039;oro e l&#039;argento. Le miniere pi\u00f9 grandi del paese sono le miniere di Zaruma e Cascabel. Zaruma ha prodotto milioni di once d&#039;oro mentre si stima che Cascabel abbia oltre 2 miliardi di tonnellate di minerali e risorse naturali.<\/p>\n\n\n\n<p>L\u2019estrazione del rame ha il potenziale per migliorare notevolmente le prospettive economiche dell\u2019Ecuador. Poich\u00e9 il metallo conduce in modo efficiente calore ed elettricit\u00e0, la sua domanda \u00e8 in aumento a causa del crescente interesse per le energie rinnovabili.<\/p>\n\n\n\n<p><\/p>\n\n\n\n<!DOCTYPE html>\n<html lang=\"en\">\n<head>\n    <meta charset=\"UTF-8\">\n    <meta name=\"viewport\" content=\"width=device-width, initial-scale=1.0\">\n    <title>Ecuador Market Data<\/title>\n    <style>\n        \/* Responsive Table & SIS International-inspired Styling\n          - Uses corporate blue and a clean, sans-serif font.\n          - Fully responsive design ensures no page distortion on any device.\n        *\/\n        \n        .sis-table-container {\n            font-family: -apple-system, BlinkMacSystemFont, \"Segoe UI\", Roboto, Helvetica, Arial, sans-serif;\n            margin: 2em 0;\n            width: 100%;\n            \/* Allows horizontal scroll on small screens to prevent page distortion *\/\n            overflow-x: auto;\n            -webkit-overflow-scrolling: touch; \/* Smooth scrolling on iOS *\/\n        }\n\n        .sis-table-container h3 {\n            font-size: 1.5rem; \/* 24px *\/\n            font-weight: 600;\n            color: #333;\n            margin-bottom: 0.75em;\n            padding: 0;\n        }\n\n        .sis-table {\n            width: 100%;\n            border-collapse: collapse;\n            min-width: 600px; \/* Ensures table structure holds, container scrolls if needed *\/\n        }\n\n        .sis-table th,\n        .sis-table td {\n            padding: 12px 15px;\n            text-align: left;\n            line-height: 1.5;\n        }\n\n        \/* Header Styling *\/\n        .sis-table thead th {\n            background-color: #005cbf; \/* SIS corporate blue *\/\n            color: #ffffff;\n            font-weight: 600;\n            font-size: 0.9rem; \n            text-transform: uppercase;\n            letter-spacing: 0.5px;\n        }\n\n        \/* Body Styling *\/\n        .sis-table tbody tr {\n            border-bottom: 1px solid #ddd;\n        }\n\n        .sis-table tbody tr:nth-of-type(even) {\n            background-color: #f8f8f8; \/* Light gray alternate rows *\/\n        }\n\n        .sis-table tbody tr:last-of-type {\n            border-bottom: 2px solid #005cbf; \/* Match header blue *\/\n        }\n\n        .sis-table td {\n            color: #444;\n            font-size: 0.95rem; \n            vertical-align: top;\n        }\n        \n        \/* Align data cells *\/\n        .sis-table td:nth-child(2) {\n            text-align: right;\n            white-space: nowrap; \/* Prevents long numbers from wrapping *\/\n        }\n         .sis-table th:nth-child(2) {\n            text-align: right;\n        }\n\n        .sis-table-container .source-caption {\n            margin-top: 10px;\n            font-size: 0.85rem; \n            color: #555;\n            font-style: italic;\n        }\n\n        .sis-table-container .source-caption a {\n            color: #005cbf; \/* Match brand blue *\/\n            text-decoration: none;\n        }\n\n        .sis-table-container .source-caption a:hover {\n            text-decoration: underline;\n        }\n    <\/style>\n<\/head>\n<body>\n\n    <!-- \n      HTML for WordPress:\n      Copy and paste the code from .sis-table-container start to end into a Custom HTML block.\n    -->\n    <div class=\"sis-table-container\">\n        \n        <h3>Ecuador: Key Economic and Market Indicators<\/h3>\n\n        <table class=\"sis-table\">\n            <thead>\n                <tr>\n                    <th>Indicator<\/th>\n                    <th>Value (Recent Estimate)<\/th>\n                <\/tr>\n            <\/thead>\n            <tbody>\n                <tr>\n                    <td>National Population<\/td>\n                    <td>Over 18.2 Million<\/td>\n                <\/tr>\n                <tr>\n                    <td>Official Currency<\/td>\n                    <td>U.S. Dollar (Dollarized Economy)<\/td>\n                <\/tr>\n                <tr>\n                    <td>Prospective GDP Growth Outlook<\/td>\n                    <td>Moderate growth projection<\/td>\n                <\/tr>\n                 <tr>\n                    <td>Leading Export Products<\/td>\n                    <td>Crude Petroleum, Bananas, Shrimp, Cut Flowers, Cacao<\/td>\n                <\/tr>\n                 <tr>\n                    <td>Remittances to GDP<\/td>\n                    <td>Significant Contributor (high reliance on external income)<\/td>\n                <\/tr>\n            <\/tbody>\n        <\/table>\n\n        <p class=\"source-caption\">\n             Source: Data compiled from <a href=\"https:\/\/www.worldbank.org\/en\/country\/ecuador\" target=\"_blank\" rel=\"noopener noreferrer\">The World Bank<\/a> and recent reports from the National Institute of Statistics and Censuses (<a href=\"https:\/\/www.ecuadorencifras.gob.ec\/\" target=\"_blank\" rel=\"noopener noreferrer\">INEC<\/a>).\n        <\/p>\n\n    <\/div>\n\n<\/body>\n<\/html>\n\n\n\n\n<p><\/p>\n\n\n\n<h2 class=\"wp-block-heading\" id=\"investment-opportunities-in-ecuador\">Opportunit\u00e0 di investimento in Ecuador<\/h2>\n\n\n\n<p>L\u2019Ecuador dispone di una forza lavoro qualificata e delle infrastrutture giuste per sostenere la sua economia in crescita. Le infrastrutture portuali gestiscono diverse migliaia di navi che trasportano esportazioni dal paese, mentre l\u2019aeroporto internazionale di Quito e le strade locali forniscono l\u2019accesso alle principali aree di crescita.<\/p>\n\n\n\n<h3 class=\"wp-block-heading\">Opportunit\u00e0 minerarie in Ecuador<\/h3>\n\n\n\n<p>Nonostante sia ricco di metalli base e preziosi, l\u2019Ecuador non \u00e8 un importante produttore di minerali. Il settore ha tuttavia un potenziale di crescita e il governo ha aperto il settore agli investitori stranieri.<\/p>\n\n\n\n<p>Other than going into mineral extraction, other <a href=\"https:\/\/www.sisinternational.com\/it\/soluzioni\/consulenza-strategica\/mappatura-delle-opportunita-di-ricerca-di-mercato\/\" title=\"Ricerca di mercato sulla mappatura delle opportunit\u00e0\" data-wpil-monitor-id=\"11311\">opportunities in this industry include mapping<\/a>, geophysics, providing mining and safety equipment as well as mining software.<\/p>\n\n\n\n<h3 class=\"wp-block-heading\">Opportunit\u00e0 nel settore agroalimentare in Ecuador<\/h3>\n\n\n\n<p>L&#039;Ecuador \u00e8 uno dei maggiori produttori mondiali di banane, fave di cacao e olio di palma. La coltivazione e l\u2019esportazione delle banane forniscono un forte vantaggio competitivo per l\u2019industria e creano un surplus commerciale per il Paese. Esiste tuttavia spazio per un aumento della produzione e della redditivit\u00e0.<\/p>\n\n\n\n<p>Anche l&#039;attivit\u00e0 vinicola pu\u00f2 prosperare nel paese grazie alle condizioni climatiche ideali per la coltivazione dell&#039;uva. Il paese produce anche ananas, guaiave e arance. Poich\u00e9 il succo fresco \u00e8 comune in Ecuador, un&#039;attivit\u00e0 di esportazione pu\u00f2 essere una scelta, sfruttando il basso costo di produzione.<\/p>\n\n\n\n<h3 class=\"wp-block-heading\">Opportunit\u00e0 di produzione in Ecuador<\/h3>\n\n\n\n<p>Ecuador imports a lot of machinery and computer equipment. <a href=\"https:\/\/www.sisinternational.com\/it\/competenza\/industrie\/ricerche-di-mercato-sui-veicoli-elettrici\/\" title=\"Ricerche di mercato sui veicoli elettrici\" data-wpil-monitor-id=\"11313\">Vehicles and electrical<\/a> equipment are also part of the country\u2019s top imports. This shows that there is an investment opportunity in the manufacturing of these products.<\/p>\n\n\n\n<h2 class=\"wp-block-heading\" id=\"challenges-facing-ecuadors-economy\">Le sfide per l\u2019economia dell\u2019Ecuador<\/h2>\n\n\n\n<figure class=\"gb-block-image gb-block-image-a63a7e81\"><img loading=\"lazy\" decoding=\"async\" width=\"1456\" height=\"816\" class=\"gb-image gb-image-a63a7e81\" src=\"https:\/\/www.sisinternational.com\/wp-content\/uploads\/2025\/09\/Ecuador-1.jpg\" alt=\"Ricerca e strategia di mercato internazionale SIS\" title=\"Ecuador (1)\" srcset=\"https:\/\/www.sisinternational.com\/wp-content\/uploads\/2025\/09\/Ecuador-1.jpg 1456w, https:\/\/www.sisinternational.com\/wp-content\/uploads\/2025\/09\/Ecuador-1-300x168.jpg 300w, https:\/\/www.sisinternational.com\/wp-content\/uploads\/2025\/09\/Ecuador-1-1024x574.jpg 1024w, https:\/\/www.sisinternational.com\/wp-content\/uploads\/2025\/09\/Ecuador-1-768x430.jpg 768w, https:\/\/www.sisinternational.com\/wp-content\/uploads\/2025\/09\/Ecuador-1-18x10.jpg 18w\" sizes=\"auto, (max-width: 1456px) 100vw, 1456px\"><\/figure>\n\n\n\n<p><\/p>\n\n\n\n<p>Le normative fiscali e legali in Ecuador sono complesse, il che pu\u00f2 rendere la pianificazione aziendale una sfida. Le leggi sono spesso interpretate e applicate in modo incoerente, rendendo difficile l\u2019applicazione dei contratti. Ci\u00f2 si traduce in un aumento dei rischi e dei costi legati all\u2019attivit\u00e0 imprenditoriale.<\/p>\n\n\n\n<h2 class=\"wp-block-heading\" id=\"ecuadors-economic-hubs\">I poli economici dell&#039;Ecuador<\/h2>\n\n\n\n<p>Quito, la capitale del paese, \u00e8 un cluster per gli investitori nei settori manifatturiero e dei servizi. Ospitando le sedi centrali e gli uffici regionali di aziende nazionali e internazionali, la citt\u00e0 \u00e8 l&#039;ovvio centro degli affari del paese.<\/p>\n\n\n\n<p>La citt\u00e0 di Guayaquil offre l&#039;ambiente giusto per investimenti nell&#039;agricoltura, nei trasporti e nel turismo. La citt\u00e0 di Cuenca \u00e8 ottima per il turismo con i suoi reperti storici, architettonici e archeologici che guidano il settore.<\/p>\n\n\n\n<p>Per avere le migliori possibilit\u00e0 di successo commerciale in Ecuador, gli investitori dovrebbero visitare il paese e costruire legami con partner commerciali locali. A seconda della natura dell\u2019attivit\u00e0 da avviare, lavorare con un agente locale potrebbe essere l\u2019opzione migliore.<\/p>\n\n\n\n<p><a href=\"https:\/\/www.sisinternational.com\/it\/contattaci\/\" title=\"Contattaci\" data-wpil-monitor-id=\"11300\">Ricerca internazionale SIS<\/a> can help investors make the right investment decisions by providing deep market insights. We are experienced in researching consumer interests and trends and providing our clients with business intelligence and <a href=\"https:\/\/www.sisinternational.com\/it\/soluzioni\/e-la-crescita-globale\/strategia-di-ingresso-nel-mercato\/\" title=\"Consulenza per l&#039;ingresso nel mercato\" data-wpil-monitor-id=\"11302\">strategie di ingresso nel mercato<\/a> which always work.<\/p>\n\n\n<h2>La nostra sede a New York<\/h2>\n<p><!-- \/wp:post-content --> <!-- wp:html --> <iframe loading=\"lazy\" src=\"https:\/\/www.google.com\/maps\/embed?pb=!1m18!1m12!1m3!1d3022.976188376966!2d-73.99130312499956!3d40.740549471389315!2m3!1f0!2f0!3f0!3m2!1i1024!2i768!4f13.1!3m3!1m2!1s0x89c259a15798c731%3A0xd695d09bdd495f25!2s11%20E%2022nd%20St%20FL%202%2C%20New%20York%2C%20NY%2010010%2C%20USA!5e0!3m2!1sen!2spe!4v1726171763526!5m2!1sen!2spe\" width=\"600\" height=\"450\" allowfullscreen=\"allowfullscreen\" data-mce-fragment=\"1\"><\/iframe> <!-- \/wp:html --> <!-- wp:paragraph --><\/p>\n<h3 class=\"wp-block-heading\">11 E 22nd Street, Piano 2, New York, NY 10010 T: +1(212) 505-6805<\/h3>\n<hr \/>\n<h2><span style=\"font-weight: 400;\">A proposito di SIS Internazionale<\/span><\/h2>\n<p><a href=\"https:\/\/www.sisinternational.com\/it\/\"><span style=\"font-weight: 400;\">SIS Internazionale<\/span><\/a><span style=\"font-weight: 400;\"> offers Quantitative, Qualitative, and Strategy Research. We provide data, tools, strategies, reports, and insights for decision-making. We also conduct interviews, surveys, focus groups, and other <a href=\"https:\/\/www.sisinternational.com\/it\/quantitative-market-research-methods-and-techniques\/\" title=\"Quantitative Market Research Methods and Techniques\" data-wpil-monitor-id=\"11304\">Market Research methods<\/a> and approaches.<\/span><a href=\"https:\/\/www.sisinternational.com\/it\/sulla-sua-ricerca-internazionale\/contact-sis-international-market-research\/\"><span style=\"font-weight: 400;\"> Contattaci<\/span><\/a><span style=\"font-weight: 400;\"> per il tuo prossimo progetto di ricerca di mercato.<\/span><\/p>\n<p><!-- wp:heading --><\/p>\n<h2 id=\"about-sis-international\" class=\"wp-block-heading\">\u00a0<\/h2><!-- \/wp:heading -->","protected":false},"excerpt":{"rendered":"<p>Forniamo ricerche di mercato in Ecuador, Sud America.<\/p>","protected":false},"author":1,"featured_media":66263,"parent":14351,"menu_order":6,"comment_status":"closed","ping_status":"closed","template":"","meta":{"footnotes":""},"class_list":["post-36847","page","type-page","status-publish","has-post-thumbnail"],"_links":{"self":[{"href":"https:\/\/www.sisinternational.com\/it\/wp-json\/wp\/v2\/pages\/36847","targetHints":{"allow":["GET"]}}],"collection":[{"href":"https:\/\/www.sisinternational.com\/it\/wp-json\/wp\/v2\/pages"}],"about":[{"href":"https:\/\/www.sisinternational.com\/it\/wp-json\/wp\/v2\/types\/page"}],"author":[{"embeddable":true,"href":"https:\/\/www.sisinternational.com\/it\/wp-json\/wp\/v2\/users\/1"}],"replies":[{"embeddable":true,"href":"https:\/\/www.sisinternational.com\/it\/wp-json\/wp\/v2\/comments?post=36847"}],"version-history":[{"count":6,"href":"https:\/\/www.sisinternational.com\/it\/wp-json\/wp\/v2\/pages\/36847\/revisions"}],"predecessor-version":[{"id":81843,"href":"https:\/\/www.sisinternational.com\/it\/wp-json\/wp\/v2\/pages\/36847\/revisions\/81843"}],"up":[{"embeddable":true,"href":"https:\/\/www.sisinternational.com\/it\/wp-json\/wp\/v2\/pages\/14351"}],"wp:featuredmedia":[{"embeddable":true,"href":"https:\/\/www.sisinternational.com\/it\/wp-json\/wp\/v2\/media\/66263"}],"wp:attachment":[{"href":"https:\/\/www.sisinternational.com\/it\/wp-json\/wp\/v2\/media?parent=36847"}],"curies":[{"name":"wp","href":"https:\/\/api.w.org\/{rel}","templated":true}]}}