{"id":36693,"date":"2021-02-12T03:58:26","date_gmt":"2021-02-12T03:58:26","guid":{"rendered":"https:\/\/www.sisinternational.com\/?page_id=36693"},"modified":"2026-01-25T18:45:32","modified_gmt":"2026-01-25T23:45:32","slug":"ricerche-di-mercato-sui-giochi-e-sul-gioco-dazzardo","status":"publish","type":"page","link":"https:\/\/www.sisinternational.com\/it\/competenza\/ricerche-di-mercato-sui-giochi-e-sul-gioco-dazzardo\/","title":{"rendered":"Ricerche di mercato nel settore dei giochi e dei giochi d&#039;azzardo"},"content":{"rendered":"<h1 class=\"wp-block-heading\">Ricerche di mercato nel settore dei giochi e dei giochi d&#039;azzardo<\/h1>\n\n\n\n<figure class=\"gb-block-image gb-block-image-030d4e83\"><img loading=\"lazy\" decoding=\"async\" width=\"1456\" height=\"816\" class=\"gb-image gb-image-030d4e83\" src=\"https:\/\/www.sisinternational.com\/wp-content\/uploads\/2025\/08\/Casino-gambling4.jpg\" alt=\"Ricerca e strategia di mercato internazionale SIS\" title=\"Casino gambling(4)\" srcset=\"https:\/\/www.sisinternational.com\/wp-content\/uploads\/2025\/08\/Casino-gambling4.jpg 1456w, https:\/\/www.sisinternational.com\/wp-content\/uploads\/2025\/08\/Casino-gambling4-300x168.jpg 300w, https:\/\/www.sisinternational.com\/wp-content\/uploads\/2025\/08\/Casino-gambling4-1024x574.jpg 1024w, https:\/\/www.sisinternational.com\/wp-content\/uploads\/2025\/08\/Casino-gambling4-768x430.jpg 768w, https:\/\/www.sisinternational.com\/wp-content\/uploads\/2025\/08\/Casino-gambling4-18x10.jpg 18w\" sizes=\"auto, (max-width: 1456px) 100vw, 1456px\"><\/figure>\n\n\n\n<h2 class=\"wp-block-heading\">Il gioco d\u2019azzardo \u00e8 uno dei pochi settori che cresce nonostante i tempi economici difficili.<\/h2>\n\n\n\n<p>La scarica di adrenalina e il sistema di ricompensa del corpo fanno s\u00ec che i giocatori d&#039;azzardo desiderino nuove esperienze e guadagni pi\u00f9 alti per coloro che giocano con soldi.<br>Ma cosa significa questo per le aziende del settore?<\/p>\n\n\n\n<h2 class=\"wp-block-heading\">Il panorama competitivo<\/h2>\n\n\n\n<p>With a growing demand comes increased activity in the market. The old players are establishing themselves even more as startups seek to disrupt the market. There is increased competition especially from businesses pushing the <a href=\"https:\/\/www.sisinternational.com\/it\/campagna-di-marketing-multicanale\/\" title=\"Ottimizzazione delle strategie di marketing multicanale per una maggiore penetrazione nel mercato\"  data-wpil-monitor-id=\"9098\">penetration of mobile applications across different markets<\/a>.<\/p>\n\n\n\n<p>Le innovazioni vengono utilizzate anche per differenziare i diversi attori. Aziende del calibro di Microsoft e Sony stanno spingendo oltre i confini con le console di gioco di prossima generazione volte a migliorare l&#039;esperienza di gioco.<\/p>\n\n\n\n<h2 class=\"wp-block-heading\">Gioco d&#039;azzardo in linea<\/h2>\n\n\n\n<p>Il gioco d&#039;azzardo online ha registrato una crescita significativa e sta guadagnando terreno in nuovi mercati. L\u2019uso degli smartphone e la maggiore connettivit\u00e0 Internet stanno lavorando insieme per fornire numeri di crescita a due cifre nel gioco d\u2019azzardo online.<\/p>\n\n\n\n<h2 class=\"wp-block-heading\">Tecnologia del gioco d&#039;azzardo<\/h2>\n\n\n\n<p>IL <a href=\"https:\/\/www.sisinternational.com\/it\/soluzioni\/ai-ricerche-di-mercato-e-consulenza-strategica\/consulenza-sullintelligenza-artificiale-per-lautomazione-del-settore-tecnologico\/\" title=\"Consulenza sull&#039;automazione del settore tecnologico e sull&#039;intelligenza artificiale\"  data-wpil-monitor-id=\"9099\">industry has quickly adopted technology<\/a> to help it grow both in revenue numbers and improved customer experience. Here are some of the top technological solutions embraced by the gambling industry.<\/p>\n\n\n\n<h3 class=\"wp-block-heading\">1. Uso degli Avatar<\/h3>\n\n\n\n<p>La maggior parte delle persone su Internet desidera mantenere private le proprie informazioni personali. Poich\u00e9 gli avatar offrono questa opportunit\u00e0, hanno incoraggiato pi\u00f9 giocatori a entrare nel gioco semplicemente fornendo un senso di maggiore privacy e sicurezza.<\/p>\n\n\n\n<h3 class=\"wp-block-heading\">2. Esperienze audio\/visive migliorate<\/h3>\n\n\n\n<p>Con la tecnologia di visualizzazione migliorata, i giocatori possono usufruire di una grafica ad alta risoluzione. Per rendere i giochi il pi\u00f9 realistici possibile, gli sviluppatori di giochi stanno integrando grafica con risoluzione 4K con audio surround per i giochi online.<\/p>\n\n\n\n<h3 class=\"wp-block-heading\">3. Analisi predittiva<\/h3>\n\n\n\n<p>With virtual casinos going mainstream, game developers are gathering information beyond app downloads. Casinos are using information such as app usage and player preferences to learn more about their <a href=\"https:\/\/www.sisinternational.com\/it\/migliorare-le-relazioni-con-i-clienti\/\" title=\"Come migliorare la soddisfazione del cliente e soddisfare i clienti insoddisfatti\"  data-wpil-monitor-id=\"9100\">customers and improve<\/a> their products.<\/p>\n\n\n\n<h3 class=\"wp-block-heading\">4. Analisi dei rischi<\/h3>\n\n\n\n<p>I casin\u00f2 hanno implementato la tecnologia per aiutare ad analizzare il comportamento dei giocatori e tenere traccia dei modelli di scommessa. Queste informazioni vengono utilizzate per creare profili dei giocatori per l&#039;analisi del rischio e per determinare come impostare le probabilit\u00e0 di vincita e aumentare la redditivit\u00e0.<\/p>\n\n\n\n<h2 class=\"wp-block-heading\">Tendenze e opportunit\u00e0 nel settore del gioco d&#039;azzardo<\/h2>\n\n\n\n<p>Gli operatori del settore sono alla ricerca di modi per attirare pi\u00f9 clienti. Le opportunit\u00e0 implementate includono:<\/p>\n\n\n\n<h3 class=\"wp-block-heading\">1. Utilizzo della criptovaluta<\/h3>\n\n\n\n<p>Le aziende di gioco d&#039;azzardo stanno aggiungendo la criptovaluta ai loro sistemi come metodo di pagamento. Sebbene i pagamenti tradizionali siano ancora accettati, si sta registrando uno spostamento verso le criptovalute grazie ai vantaggi dell\u2019anonimato e della sicurezza.<\/p>\n\n\n\n<h3 class=\"wp-block-heading\">2. Migliorare gli aspetti sociali del gioco<\/h3>\n\n\n\n<p>I giochi ora arrivano con la socializzazione. I giocatori possono fare amicizia e costruire comunit\u00e0 all&#039;interno del gioco, trascorrendo cos\u00ec pi\u00f9 tempo nel gioco. Ci\u00f2 offre l\u2019opportunit\u00e0 di aumentare le entrate e di collaborare per migliorare l\u2019esperienza di gioco.<\/p>\n\n\n\n<h3 class=\"wp-block-heading\">3. Gioco come servizio (GaaS)<\/h3>\n\n\n\n<p>La potenza di elaborazione si sta spostando da PC e smartphone ai server cloud. Il passaggio al cloud gaming sta creando un ambiente altamente competitivo anche se aziende del calibro di Ubisoft, Epic Games e Warner Bros collaborano con piattaforme GaaS per la distribuzione dei giochi.<\/p>\n\n\n\n<h3 class=\"wp-block-heading\">4. Blockchain<\/h3>\n\n\n\n<p>IL <a href=\"https:\/\/www.sisinternational.com\/it\/soluzioni\/sis-consulenza-blockchain\/opportunita-blockchain-oltre-i-servizi-finanziari\/\" title=\"Opportunit\u00e0 Blockchain oltre i servizi finanziari\"  data-wpil-monitor-id=\"9096\">blockchain technology provides a huge opportunity<\/a> of increasing revenue by attracting privacy-minded customers and eliminating fraud. With every transaction recorded on a distributed system, there is increased transparency, zero taxes as well as no third parties.<\/p>\n\n\n\n<h2 class=\"wp-block-heading\">Il futuro dell&#039;industria del gioco d&#039;azzardo<\/h2>\n\n\n\n<p>IL <a href=\"https:\/\/www.sisinternational.com\/it\/soluzioni\/ai-ricerche-di-mercato-e-consulenza-strategica\/consulenza-per-lindustria-del-turismo-ospitalita-adozione-viaggi\/\" title=\"Adozione dell&#039;intelligenza artificiale nella consulenza nel settore dei viaggi, dell&#039;ospitalit\u00e0 e del turismo\"  data-wpil-monitor-id=\"9101\">industry is adopting<\/a> a skills-based approach for new offerings. These have the potential of attracting and keeping more customers in the game. Hybrid offerings are another option.<\/p>\n\n\n\n<p>Man mano che la societ\u00e0 diventa pi\u00f9 inclusiva, l\u2019industria del gioco d\u2019azzardo potrebbe muoversi nella stessa direzione. Ci\u00f2 potrebbe vedere l&#039;inclusione di trame che rappresentano persone di razze e preferenze sessuali diverse.<\/p>\n\n\n\n<p>The North <a href=\"https:\/\/www.sisinternational.com\/it\/copertura\/le-americhe\/copertura-degli-stati-uniti\/ricerche-di-mercato-afroamericane\/\" title=\"Ricerche di mercato afroamericane\"  data-wpil-monitor-id=\"9095\">American and Chinese markets<\/a> are growing and will remain leaders for some time. Other Asian countries will provide new <a href=\"https:\/\/www.sisinternational.com\/it\/copertura\/ricerche-di-mercato-africane\/ricerche-di-mercato-in-zambia-africa\/\" title=\"Ricerche di mercato in Zambia, Africa\"  data-wpil-monitor-id=\"5132\">markets even as Africa<\/a> remains promising.<\/p>\n\n\n\n<h2 class=\"wp-block-heading\">L\u2019importanza di condurre ricerche di mercato<\/h2>\n\n\n\n<p>The gambling industry is unique in that it grows even when others register declining revenues. That however doesn\u2019t mean a <a href=\"https:\/\/www.sisinternational.com\/it\/pubblicazioni\/ricerche-di-mercato-per-un-business-scalabile-7-modi-per-costruire-un-business-scalabile\/\" title=\"Ricerche di mercato per aziende scalabili: 7 modi per costruire un business scalabile\"  data-wpil-monitor-id=\"9097\">business can enter a new market<\/a> blindly. The increasing competition demands an understanding of the market as well as a <a href=\"https:\/\/www.sisinternational.com\/it\/la-necessita-di-intelligenza-competitiva-in-questa-recessione\/\" title=\"La necessit\u00e0 di intelligence competitiva in una recessione\"  data-wpil-monitor-id=\"9094\">strategia<\/a> which guarantees success.<\/p>\n\n\n\n<p><\/p>","protected":false},"excerpt":{"rendered":"<p>Il gioco d\u2019azzardo \u00e8 uno dei pochi settori che cresce nonostante i tempi economici difficili. Ma cosa significa questo per le aziende del settore?<\/p>","protected":false},"author":1,"featured_media":63780,"parent":14514,"menu_order":68,"comment_status":"closed","ping_status":"closed","template":"","meta":{"footnotes":""},"class_list":["post-36693","page","type-page","status-publish","has-post-thumbnail"],"_links":{"self":[{"href":"https:\/\/www.sisinternational.com\/it\/wp-json\/wp\/v2\/pages\/36693","targetHints":{"allow":["GET"]}}],"collection":[{"href":"https:\/\/www.sisinternational.com\/it\/wp-json\/wp\/v2\/pages"}],"about":[{"href":"https:\/\/www.sisinternational.com\/it\/wp-json\/wp\/v2\/types\/page"}],"author":[{"embeddable":true,"href":"https:\/\/www.sisinternational.com\/it\/wp-json\/wp\/v2\/users\/1"}],"replies":[{"embeddable":true,"href":"https:\/\/www.sisinternational.com\/it\/wp-json\/wp\/v2\/comments?post=36693"}],"version-history":[{"count":5,"href":"https:\/\/www.sisinternational.com\/it\/wp-json\/wp\/v2\/pages\/36693\/revisions"}],"predecessor-version":[{"id":81524,"href":"https:\/\/www.sisinternational.com\/it\/wp-json\/wp\/v2\/pages\/36693\/revisions\/81524"}],"up":[{"embeddable":true,"href":"https:\/\/www.sisinternational.com\/it\/wp-json\/wp\/v2\/pages\/14514"}],"wp:featuredmedia":[{"embeddable":true,"href":"https:\/\/www.sisinternational.com\/it\/wp-json\/wp\/v2\/media\/63780"}],"wp:attachment":[{"href":"https:\/\/www.sisinternational.com\/it\/wp-json\/wp\/v2\/media?parent=36693"}],"curies":[{"name":"wp","href":"https:\/\/api.w.org\/{rel}","templated":true}]}}