{"id":36637,"date":"2021-02-05T03:04:33","date_gmt":"2021-02-05T03:04:33","guid":{"rendered":"https:\/\/www.sisinternational.com\/?page_id=36637"},"modified":"2025-09-12T00:47:05","modified_gmt":"2025-09-12T04:47:05","slug":"ricerche-di-mercato-in-nigeria","status":"publish","type":"page","link":"https:\/\/www.sisinternational.com\/it\/copertura\/ricerche-di-mercato-africane\/ricerche-di-mercato-in-nigeria\/","title":{"rendered":"Ricerche di mercato in Nigeria"},"content":{"rendered":"<h1 class=\"wp-block-heading\">Ricerche di mercato in Nigeria<\/h1>\n\n\n\n<figure class=\"gb-block-image gb-block-image-c8f31c65\"><img loading=\"lazy\" decoding=\"async\" width=\"1456\" height=\"816\" class=\"gb-image gb-image-c8f31c65\" src=\"https:\/\/www.sisinternational.com\/wp-content\/uploads\/2025\/08\/Nigeria-3.jpg\" alt=\"Ricerca e strategia di mercato internazionale SIS\" title=\"Nigeria (3)\" srcset=\"https:\/\/www.sisinternational.com\/wp-content\/uploads\/2025\/08\/Nigeria-3.jpg 1456w, https:\/\/www.sisinternational.com\/wp-content\/uploads\/2025\/08\/Nigeria-3-300x168.jpg 300w, https:\/\/www.sisinternational.com\/wp-content\/uploads\/2025\/08\/Nigeria-3-1024x574.jpg 1024w, https:\/\/www.sisinternational.com\/wp-content\/uploads\/2025\/08\/Nigeria-3-768x430.jpg 768w, https:\/\/www.sisinternational.com\/wp-content\/uploads\/2025\/08\/Nigeria-3-18x10.jpg 18w\" sizes=\"auto, (max-width: 1456px) 100vw, 1456px\"><\/figure>\n\n\n\n<p><\/p>\n\n\n\n<h2 class=\"wp-block-heading\">La Nigeria \u00e8 il paese pi\u00f9 popoloso dell\u2019Africa ed \u00e8 anche una potenza economica.<\/h2>\n\n\n\n<p>With exports amounting to billions of dollars to countries like India, Spain, France and the US, Nigeria has a lot to offer investors.<\/p>\n\n\n\n<h2 class=\"wp-block-heading\">Le industrie strategiche della Nigeria<\/h2>\n\n\n\n<p>Ecco quattro delle principali industrie che guidano l&#039;economia della Nigeria.<\/p>\n\n\n\n<h3 class=\"wp-block-heading\">1. Petrolio e gas<\/h3>\n\n\n\n<p>L&#039;industria del petrolio e del gas \u00e8 la fonte di reddito pi\u00f9 nota della Nigeria. I guadagni di questo settore sono ci\u00f2 che ha spinto il paese ai vertici dell\u2019economia africana. Per smettere di fare eccessivo affidamento sul petrolio, si stanno compiendo sforzi per diversificare le fonti di reddito dell\u2019economia.<\/p>\n\n\n\n<h3 class=\"wp-block-heading\">2. Turismo<\/h3>\n\n\n\n<p>La Nigeria attira i turisti grazie alla sua fauna selvatica e al paesaggio diversificato. Ha anche spiagge sabbiose e giungle tropicali. Gli eventi di intrattenimento locale attirano anche i turisti quando si esibiscono i famosi musicisti nigeriani.<\/p>\n\n\n\n<h3 class=\"wp-block-heading\">3. Agricoltura<\/h3>\n\n\n\n<p>Employing over half of the labor force, the <a href=\"https:\/\/www.sisinternational.com\/it\/competenza\/industrie\/ricerche-di-mercato-sulle-colture-agricole\/\" title=\"Ricerche di mercato sulle colture agricole\"  data-wpil-monitor-id=\"8426\">agriculture industry produces cash crops<\/a> such as cocoa, palm oil, corn, rice, cassava, yams and rubber. Agriculture is primarily carried out in the southern parts of the country where the climatic conditions are conducive.<\/p>\n\n\n\n<h3 class=\"wp-block-heading\">4. Tecnologie e comunicazioni dell&#039;informazione (TIC)<\/h3>\n\n\n\n<p>Con un numero crescente di professionisti ICT che creano e supportano i sistemi informativi, questo settore \u00e8 uno dei pi\u00f9 in rapida crescita in Nigeria. Il Paese sta inoltre lavorando per aumentare la connettivit\u00e0 Internet per migliorare ulteriormente il contributo del settore all\u2019economia.<\/p>\n\n\n\n<h2 class=\"wp-block-heading\">Opportunit\u00e0 di business in Nigeria<\/h2>\n\n\n\n<p>Quali sono i settori pi\u00f9 promettenti per gli investitori aziendali?<\/p>\n\n\n\n<h3 class=\"wp-block-heading\">1. Agricoltura<\/h3>\n\n\n\n<p>Nonostante anni di benefici derivanti dal settore agricolo, il lavoro \u00e8 ancora manuale. Ci\u00f2 influisce sulla produttivit\u00e0 e la meccanizzazione \u00e8 urgentemente necessaria. Gli sforzi per far crescere il settore hanno visto il governo potenziare e finanziare la Banca dell\u2019Agricoltura per migliorare la disponibilit\u00e0 di credito.<\/p>\n\n\n\n<h3 class=\"wp-block-heading\">2. Energia<\/h3>\n\n\n\n<p>Nigeria lacks the capacity to refine its oil and exports much of it in the form of crude oil. This results in losses in potential revenue. Investing opportunities in this sector include setting up a refinery, <a href=\"https:\/\/www.sisinternational.com\/it\/competenza\/industrie\/ricerche-di-mercato-del-petrolio-e-del-gas\/\" title=\"Ricerche di mercato nel settore del petrolio e del gas\"  data-wpil-monitor-id=\"8427\">oil and gas<\/a> transport and even gas stations.<\/p>\n\n\n\n<h3 class=\"wp-block-heading\">3. TIC<\/h3>\n\n\n\n<p>La Nigeria sta vedendo una crescita del commercio elettronico, del lavoro a distanza, dell\u2019uso di strumenti di collaborazione e dell\u2019uso dell\u2019intelligenza artificiale. Queste attivit\u00e0 mettono sotto pressione l\u2019attuale infrastruttura IT. Con il governo che spinge per una maggiore crescita, gli investitori pi\u00f9 accorti possono beneficiare degli incentivi.<\/p>\n\n\n\n<h3 class=\"wp-block-heading\">4. Intrattenimento<\/h3>\n\n\n\n<p>With many internet users looking for entertainment content, the Nigerian <a href=\"https:\/\/www.sisinternational.com\/it\/soluzioni\/consulenza-strategica\/ricerca-sulle-opportunita-di-mercato\/\" title=\"Ricerca sulle opportunit\u00e0 di mercato\"  data-wpil-monitor-id=\"8425\">market provides a huge opportunity<\/a> for content creators and distributors. Movie <a href=\"https:\/\/www.sisinternational.com\/it\/soluzioni\/prova-del-gusto\/servizi-di-test-di-prodotto-a-new-york\/\" title=\"Servizi di test di prodotto a New York\"  data-wpil-monitor-id=\"8428\">production and video-on-demand services<\/a> will be a welcome addition to the local entertainment offering.<\/p>\n\n\n\n<h2 class=\"wp-block-heading\">Le sfide che l&#039;economia della Nigeria deve affrontare<\/h2>\n\n\n\n<figure class=\"gb-block-image gb-block-image-3bd6e006\"><img loading=\"lazy\" decoding=\"async\" width=\"1456\" height=\"816\" class=\"gb-image gb-image-3bd6e006\" src=\"https:\/\/www.sisinternational.com\/wp-content\/uploads\/2025\/08\/Nigeria-2.jpg\" alt=\"Ricerca e strategia di mercato internazionale SIS\" title=\"Nigeria (2)\" srcset=\"https:\/\/www.sisinternational.com\/wp-content\/uploads\/2025\/08\/Nigeria-2.jpg 1456w, https:\/\/www.sisinternational.com\/wp-content\/uploads\/2025\/08\/Nigeria-2-300x168.jpg 300w, https:\/\/www.sisinternational.com\/wp-content\/uploads\/2025\/08\/Nigeria-2-1024x574.jpg 1024w, https:\/\/www.sisinternational.com\/wp-content\/uploads\/2025\/08\/Nigeria-2-768x430.jpg 768w, https:\/\/www.sisinternational.com\/wp-content\/uploads\/2025\/08\/Nigeria-2-18x10.jpg 18w\" sizes=\"auto, (max-width: 1456px) 100vw, 1456px\"><\/figure>\n\n\n\n<p><\/p>\n\n\n\n<p>Nonostante tutto il buono che la Nigeria ha da offrire, alcune sfide la frenano e potrebbero potenzialmente scoraggiare gli investimenti esteri.<\/p>\n\n\n\n<h3 class=\"wp-block-heading\">1. Corruzione<\/h3>\n\n\n\n<p>La corruzione \u00e8 un grave problema in Nigeria. Sia i locali che gli stranieri hanno chiesto misure pi\u00f9 coraggiose nella lotta contro questo vizio. Nonostante gli sforzi del governo, i progressi sono lenti. Praticamente ogni settore dell\u2019economia nigeriana, dalla politica allo sport fino all\u2019istruzione, \u00e8 colpito dalla corruzione.<\/p>\n\n\n\n<h3 class=\"wp-block-heading\">2. Politiche governative in continua evoluzione<\/h3>\n\n\n\n<p>With every new administration comes a different policy on how to improve the economy. This creates confusion and slows down development. It becomes difficult to make long-term plans because <a href=\"https:\/\/www.sisinternational.com\/it\/analysis-b2b\/\" title=\"What Business Leaders Need to Know Right Now\"  data-wpil-monitor-id=\"8429\">businesses cannot know<\/a> what to expect after every election.<\/p>\n\n\n\n<h3 class=\"wp-block-heading\">3. Inquinamento<\/h3>\n\n\n\n<p>La gestione della maggiore fonte di guadagno in valuta estera del paese ha causato un enorme inquinamento. Le fuoriuscite di petrolio nel delta del Niger hanno danneggiato la vegetazione e i terreni agricoli senza che il governo o le parti interessate dell\u2019industria petrolifera abbiano fatto alcuno sforzo efficace per affrontare il problema.<\/p>\n\n\n\n<h3 class=\"wp-block-heading\">4. Terrorismo<\/h3>\n\n\n\n<p>L&#039;economia della Nigeria \u00e8 stata colpita dalle attivit\u00e0 del gruppo terroristico Boko Haram. Questo gruppo affiliato all&#039;ISIS ha effettuato numerosi rapimenti e omicidi mentre cercava di controllare l&#039;intero paese. Ci\u00f2 ha portato il Paese a essere percepito come non sicuro, soprattutto per gli stranieri.<\/p>\n\n\n\n<h3 class=\"wp-block-heading\">5. Interruzioni di corrente<\/h3>\n\n\n\n<p>Doing business can be expensive in Nigeria due to frequent power outages. These reduce the profits of small businesses as they seek expensive alternative energy sources. Big corporations also register high operating costs as they have to invest in power generators.<\/p>\n\n\n\n<h2 class=\"wp-block-heading\">Hub di localizzazione delle imprese della Nigeria<\/h2>\n\n\n\n<p>In cima alla lista dei posti migliori per avviare e gestire un&#039;impresa in Nigeria c&#039;\u00e8 Lagos. Essendo il centro commerciale del paese, Lagos dispone sia di risorse naturali che di infrastrutture per supportare le imprese.<\/p>\n\n\n\n<p>As the federal capital of Nigeria, Abuja boasts of modern amenities, a growing population, and a high per-capita income. Other cities investors choose for business include Kano and Port Harcourt, a port town and capital of Rivers state.<\/p>\n\n\n\n<h2 class=\"wp-block-heading\">Informazioni sulle ricerche di mercato in Nigeria<\/h2>\n\n\n\n<p>The importance of market research cannot be overemphasized. Both investors and marketers understand this, and it\u2019s the primary reason <a href=\"https:\/\/www.sisinternational.com\/it\/contattaci\/\" title=\"Contattaci\"  data-wpil-monitor-id=\"8423\">Ricerca internazionale SIS<\/a> exists. With expertise in business and market research through various methods, we help businesses make the right decisions about <a href=\"https:\/\/www.sisinternational.com\/it\/noi-veterani-delle-ricerche-di-mercato\/\" title=\"Ricerca di mercato sui veterani statunitensi\"  data-wpil-monitor-id=\"8424\">markets and develop a winning strategy<\/a>.<\/p>\n\n\n\n<p><\/p>","protected":false},"excerpt":{"rendered":"<p>Fai crescere il tuo business con le ricerche di mercato in Nigeria.<\/p>","protected":false},"author":1,"featured_media":65327,"parent":14281,"menu_order":1,"comment_status":"closed","ping_status":"closed","template":"","meta":{"footnotes":""},"class_list":["post-36637","page","type-page","status-publish","has-post-thumbnail"],"_links":{"self":[{"href":"https:\/\/www.sisinternational.com\/it\/wp-json\/wp\/v2\/pages\/36637","targetHints":{"allow":["GET"]}}],"collection":[{"href":"https:\/\/www.sisinternational.com\/it\/wp-json\/wp\/v2\/pages"}],"about":[{"href":"https:\/\/www.sisinternational.com\/it\/wp-json\/wp\/v2\/types\/page"}],"author":[{"embeddable":true,"href":"https:\/\/www.sisinternational.com\/it\/wp-json\/wp\/v2\/users\/1"}],"replies":[{"embeddable":true,"href":"https:\/\/www.sisinternational.com\/it\/wp-json\/wp\/v2\/comments?post=36637"}],"version-history":[{"count":4,"href":"https:\/\/www.sisinternational.com\/it\/wp-json\/wp\/v2\/pages\/36637\/revisions"}],"predecessor-version":[{"id":81413,"href":"https:\/\/www.sisinternational.com\/it\/wp-json\/wp\/v2\/pages\/36637\/revisions\/81413"}],"up":[{"embeddable":true,"href":"https:\/\/www.sisinternational.com\/it\/wp-json\/wp\/v2\/pages\/14281"}],"wp:featuredmedia":[{"embeddable":true,"href":"https:\/\/www.sisinternational.com\/it\/wp-json\/wp\/v2\/media\/65327"}],"wp:attachment":[{"href":"https:\/\/www.sisinternational.com\/it\/wp-json\/wp\/v2\/media?parent=36637"}],"curies":[{"name":"wp","href":"https:\/\/api.w.org\/{rel}","templated":true}]}}