{"id":36631,"date":"2021-02-05T02:36:40","date_gmt":"2021-02-05T02:36:40","guid":{"rendered":"https:\/\/www.sisinternational.com\/?page_id=36631"},"modified":"2026-01-25T16:57:07","modified_gmt":"2026-01-25T21:57:07","slug":"ricerche-di-mercato-a-taiwan","status":"publish","type":"page","link":"https:\/\/www.sisinternational.com\/it\/copertura\/ricerche-di-mercato-asiatiche\/ricerche-di-mercato-a-taiwan\/","title":{"rendered":"Ricerche di mercato a Taiwan"},"content":{"rendered":"<h1 class=\"wp-block-heading\">Ricerche di mercato a Taiwan<\/h1>\n\n\n\n<figure class=\"gb-block-image gb-block-image-36b58b30\"><img loading=\"lazy\" decoding=\"async\" width=\"1456\" height=\"816\" class=\"gb-image gb-image-36b58b30\" src=\"https:\/\/www.sisinternational.com\/wp-content\/uploads\/2025\/09\/Taiwan-2.jpg\" alt=\"Ricerca e strategia di mercato internazionale SIS\" title=\"Taiwan (2)\" srcset=\"https:\/\/www.sisinternational.com\/wp-content\/uploads\/2025\/09\/Taiwan-2.jpg 1456w, https:\/\/www.sisinternational.com\/wp-content\/uploads\/2025\/09\/Taiwan-2-300x168.jpg 300w, https:\/\/www.sisinternational.com\/wp-content\/uploads\/2025\/09\/Taiwan-2-1024x574.jpg 1024w, https:\/\/www.sisinternational.com\/wp-content\/uploads\/2025\/09\/Taiwan-2-768x430.jpg 768w, https:\/\/www.sisinternational.com\/wp-content\/uploads\/2025\/09\/Taiwan-2-18x10.jpg 18w\" sizes=\"auto, (max-width: 1456px) 100vw, 1456px\"><\/figure>\n\n\n\n<p><\/p>\n\n\n\n<h2 class=\"wp-block-heading\">Paesi vicini a Taiwan<\/h2>\n\n\n\n<p>Taiwan si trova a sud del Mar Cinese e a nord delle Filippine. Questa nazione insulare si trova a 110 miglia dalla costa orientale meridionale della Cina. Lo stretto di Taiwan, noto anche come stretto di Formosa, lo separa dalla terraferma. La ricchezza di Taiwan deriva dai suoi cittadini istruiti. Molti di loro si sono trasferiti dalla Cina continentale a Taiwan.<\/p>\n\n\n\n<h2 class=\"wp-block-heading\">Base di consumatori, vantaggi e punti di forza nel mercato<\/h2>\n\n\n\n<p><b>Parte della Repubblica Cinese:<\/b>&nbsp;Taiwan is well known for petroleum and iron refineries. Steel armaments and machinery <a href=\"https:\/\/www.sisinternational.com\/it\/soluzioni\/prova-del-gusto\/servizi-di-test-di-prodotto-a-new-york\/\" title=\"Servizi di test di prodotto a New York\"  data-wpil-monitor-id=\"9117\">production are among the goods and services<\/a> Taiwan offers.<\/p>\n\n\n\n<p>Dopo la deposizione del presidente Chen Shui-bian e il suo successivo pensionamento, Taiwan sta attraversando un periodo di instabilit\u00e0 politica. Indipendentemente da ci\u00f2, gli esperti economici prevedono che l\u2019economia del paese si espander\u00e0.<span class=\"Apple-converted-space\">&nbsp;<\/span><\/p>\n\n\n\n<p>Non molti paesi al mondo riconoscono Taiwan come nazione. Quelli che includono Guatemala, Haiti, Isole Marshall e Citt\u00e0 del Vaticano.<span class=\"Apple-converted-space\">&nbsp;<\/span><\/p>\n\n\n\n<p><b>Taiwan \u2013 nata dalla separazione politica<\/b>: Il paese ha sperimentato l\u2019ostilit\u00e0 dei paesi superpotenze mondiali. La comunit\u00e0 imprenditoriale internazionale della nazione, per vari motivi, ha smesso di commerciare. Pertanto, Taiwan non \u00e8 riuscita nemmeno a raccogliere capitali.<\/p>\n\n\n\n<p>Nonostante queste sfide economiche, Taiwan ha un PIL pro capite elevato. In effetti, il loro PIL pro capite \u00e8 superato solo da Giappone e Corea del Sud.<span class=\"Apple-converted-space\">&nbsp;<\/span><\/p>\n\n\n\n<p>Per diversi anni il Giappone \u00e8 stato il produttore di articoli a basso costo e di alta qualit\u00e0. Alcuni di questi articoli includono elettronica di consumo, elettrodomestici e componenti di produzione. Poi il Giappone si \u00e8 imbattuto in un problema. Questa situazione \u00e8 conosciuta come la trappola del reddito medio. In sostanza, stavano diventando troppo ricchi. Quindi, dopo un po\u2019, la produzione a basso costo non era pi\u00f9 il loro dominio.<\/p>\n\n\n\n<p>Taiwan was ready to take up Japan\u2019s former domain and prepared to do low cost manufacturing a decade before mainland China. Mainland <a href=\"https:\/\/www.sisinternational.com\/it\/copertura\/ricerche-di-mercato-asiatiche\/market-research-in-china-2\/societa-di-ricerche-di-mercato-in-cina-2\/\" title=\"Societ\u00e0 di ricerche di mercato per sondaggi in Cina\"  data-wpil-monitor-id=\"9116\">China wasn\u2019t even on international companies\u2019<\/a> radar as a place to do business. China got a headstart, especially since it had the right workforce. But multinational companies were always interested in Taiwan. Foxconn, IBF, and Sony corporation started a collection of well-known companies. HTC ACER and ASUS are all headquartered in Taiwan and sell products all over the world.<\/p>\n\n\n\n<p>Taiwan ha accumulato uno dei surplus delle partite correnti pi\u00f9 consistenti di qualsiasi nazione. La loro enorme riserva di valuta estera aiuta ulteriormente in questo. Erano in grado di scambiare denaro con altri paesi per assistere nel loro commercio. Allo stesso tempo, sono riusciti a monitorare la loro valuta, assicurandosi che rimanesse competitiva.<\/p>\n\n\n\n<h2 class=\"wp-block-heading\">La porta del sud-est asiatico<\/h2>\n\n\n\n<figure class=\"gb-block-image gb-block-image-61c3225a\"><img loading=\"lazy\" decoding=\"async\" width=\"1456\" height=\"816\" class=\"gb-image gb-image-61c3225a\" src=\"https:\/\/www.sisinternational.com\/wp-content\/uploads\/2025\/09\/Taiwan-1.jpg\" alt=\"Ricerca e strategia di mercato internazionale SIS\" title=\"Taiwan (1)\" srcset=\"https:\/\/www.sisinternational.com\/wp-content\/uploads\/2025\/09\/Taiwan-1.jpg 1456w, https:\/\/www.sisinternational.com\/wp-content\/uploads\/2025\/09\/Taiwan-1-300x168.jpg 300w, https:\/\/www.sisinternational.com\/wp-content\/uploads\/2025\/09\/Taiwan-1-1024x574.jpg 1024w, https:\/\/www.sisinternational.com\/wp-content\/uploads\/2025\/09\/Taiwan-1-768x430.jpg 768w, https:\/\/www.sisinternational.com\/wp-content\/uploads\/2025\/09\/Taiwan-1-18x10.jpg 18w\" sizes=\"auto, (max-width: 1456px) 100vw, 1456px\"><\/figure>\n\n\n\n<p><\/p>\n\n\n\n<p>La maggior parte dei turisti internazionali si reca a Taiwan per motivi di piacere. Il paese ha diverse destinazioni storiche e viaggi avventurosi.<\/p>\n\n\n\n<p>The New Southbound Policy facilitated the union between Taiwan and Southern Asia. That union that has &#8211; so far &#8211; been beneficial. It is the signature of President Tsai Ing-Wen\u2019s foreign policy. President Tsai plans to help sustain the status quo of cross-Strait relations. The main goal of the New Southbound <a href=\"https:\/\/www.sisinternational.com\/it\/competenza\/industrie\/ricerche-di-mercato-sulle-elite-politiche\/\" title=\"Ricerche di mercato sull&#039;\u00e9lite politica\u00a0\"  data-wpil-monitor-id=\"9118\">Policy<\/a> is to \u201cBid farewell to past dependency on a single market.\u201d<\/p>\n\n\n\n<p>Taiwan yearns to diminish its sole economic reliance on mainland China. That was essential to prior administrations\u2019 southbound policies.<\/p>\n\n\n\n<p>Taiwan grew between the years 2002-2008. In 2008, Taiwan rose to 10.4 billion. Nonetheless, that does not outmatch mainland China, whose growth was incomparable. As the promotional plan on Yuan\u2019s website says it best. \u201cThe essence of the New Southbound Policy is to forge a new and mutually beneficial model of cooperation and create a sense of economic community\u201d.<\/p>\n\n\n\n<h2 class=\"wp-block-heading\">Norma di legge<\/h2>\n\n\n\n<p>The Taiwan Rule of Law aims to nurture the study of Taiwan\u2019s Legal evolution. Another goal is to promote a popular and academic understanding of Taiwan\u2019s achievements. The nation lived under Martial Law for over thirty years. The Martial law ended when a new president (President Chiang Ching-Kuo) came into power on 15 July 1987. The legal landscape of Taiwan has transformed since Martial law ended.<\/p>\n\n\n\n<h2 class=\"wp-block-heading\">Informazioni sulle ricerche di mercato a Taiwan<\/h2>\n\n\n\n<p>SIS International conducts Qualitative Research, Quantitative Research, and Strategy <a href=\"https:\/\/www.sisinternational.com\/it\/copertura\/ricerche-di-mercato-africane\/ricerche-di-mercato-in-mali\/\" title=\"Ricerche di mercato in Mali\"  data-wpil-monitor-id=\"3852\">Research in the Taiwan market<\/a>. Methods include Focus Groups, Social Media Interviews, and Surveys. Contact us now for a consultation to find out how we can help you expand your business.<\/p>\n\n\n\n<h2 class=\"wp-block-heading\">&nbsp;<\/h2>","protected":false},"excerpt":{"rendered":"<p>Fai crescere la tua attivit\u00e0 con le ricerche di mercato a Taiwan.<\/p>","protected":false},"author":1,"featured_media":65724,"parent":14508,"menu_order":13,"comment_status":"closed","ping_status":"closed","template":"","meta":{"footnotes":""},"class_list":["post-36631","page","type-page","status-publish","has-post-thumbnail"],"_links":{"self":[{"href":"https:\/\/www.sisinternational.com\/it\/wp-json\/wp\/v2\/pages\/36631","targetHints":{"allow":["GET"]}}],"collection":[{"href":"https:\/\/www.sisinternational.com\/it\/wp-json\/wp\/v2\/pages"}],"about":[{"href":"https:\/\/www.sisinternational.com\/it\/wp-json\/wp\/v2\/types\/page"}],"author":[{"embeddable":true,"href":"https:\/\/www.sisinternational.com\/it\/wp-json\/wp\/v2\/users\/1"}],"replies":[{"embeddable":true,"href":"https:\/\/www.sisinternational.com\/it\/wp-json\/wp\/v2\/comments?post=36631"}],"version-history":[{"count":5,"href":"https:\/\/www.sisinternational.com\/it\/wp-json\/wp\/v2\/pages\/36631\/revisions"}],"predecessor-version":[{"id":81526,"href":"https:\/\/www.sisinternational.com\/it\/wp-json\/wp\/v2\/pages\/36631\/revisions\/81526"}],"up":[{"embeddable":true,"href":"https:\/\/www.sisinternational.com\/it\/wp-json\/wp\/v2\/pages\/14508"}],"wp:featuredmedia":[{"embeddable":true,"href":"https:\/\/www.sisinternational.com\/it\/wp-json\/wp\/v2\/media\/65724"}],"wp:attachment":[{"href":"https:\/\/www.sisinternational.com\/it\/wp-json\/wp\/v2\/media?parent=36631"}],"curies":[{"name":"wp","href":"https:\/\/api.w.org\/{rel}","templated":true}]}}