{"id":36597,"date":"2021-02-01T01:24:15","date_gmt":"2021-02-01T01:24:15","guid":{"rendered":"https:\/\/www.sisinternational.com\/?page_id=36597"},"modified":"2026-01-27T16:37:07","modified_gmt":"2026-01-27T21:37:07","slug":"ricerche-di-mercato-in-sud-africa","status":"publish","type":"page","link":"https:\/\/www.sisinternational.com\/it\/copertura\/ricerche-di-mercato-africane\/ricerche-di-mercato-in-sud-africa\/","title":{"rendered":"Ricerche di mercato in Sud Africa"},"content":{"rendered":"<h1 class=\"wp-block-heading\">Ricerche di mercato in Sud Africa<\/h1>\n\n\n\n<figure class=\"gb-block-image gb-block-image-21e2d778\"><img loading=\"lazy\" decoding=\"async\" width=\"1456\" height=\"816\" class=\"gb-image gb-image-21e2d778\" src=\"https:\/\/www.sisinternational.com\/wp-content\/uploads\/2025\/08\/South-Africa-5.jpg\" alt=\"Ricerca e strategia di mercato internazionale SIS\" title=\"South Africa (5)\" srcset=\"https:\/\/www.sisinternational.com\/wp-content\/uploads\/2025\/08\/South-Africa-5.jpg 1456w, https:\/\/www.sisinternational.com\/wp-content\/uploads\/2025\/08\/South-Africa-5-300x168.jpg 300w, https:\/\/www.sisinternational.com\/wp-content\/uploads\/2025\/08\/South-Africa-5-1024x574.jpg 1024w, https:\/\/www.sisinternational.com\/wp-content\/uploads\/2025\/08\/South-Africa-5-768x430.jpg 768w, https:\/\/www.sisinternational.com\/wp-content\/uploads\/2025\/08\/South-Africa-5-18x10.jpg 18w\" sizes=\"auto, (max-width: 1456px) 100vw, 1456px\"><\/figure>\n\n\n\n<p><\/p>\n\n\n\n<h2 class=\"wp-block-heading\">Il Sudafrica \u00e8 una delle principali economie africane.<\/h2>\n\n\n\n<p>As a member of G20, this country provides opportunities for business growth and is well-positioned to influence trade beyond its borders.<\/p>\n\n\n\n<h2 class=\"wp-block-heading\">Le industrie strategiche del Sud Africa<\/h2>\n\n\n\n<p>Inizialmente un\u2019economia basata sul settore primario, il Sudafrica si \u00e8 trasformato in un\u2019economia guidata dal settore terziario. Ecco alcune delle sue industrie pi\u00f9 strategiche.<\/p>\n\n\n\n<h2 class=\"wp-block-heading\">1. Produzione<\/h2>\n\n\n\n<p>L\u2019industria manifatturiera in Sud Africa \u00e8 trainata dalla produzione di veicoli. Marchi internazionali come BMW, Ford, Volkswagen e Daimler-Chrysler hanno stabilimenti di produzione nel paese.<br>Un altro settore manifatturiero chiave \u00e8 l\u2019ICT e l\u2019elettronica. Con migliaia di aziende in questo settore e un facile accesso alle nuove tecnologie, il Sudafrica ha visto una rapida crescita economica determinata dalle apparecchiature di telecomunicazione e dalla produzione elettronica.<\/p>\n\n\n\n<h2 class=\"wp-block-heading\">2. Estrazione mineraria<\/h2>\n\n\n\n<p>Il Sudafrica \u00e8 un produttore globale di metalli e minerali preziosi, minerali industriali, minerali energetici nonch\u00e9 minerali ferrosi e non ferrosi. Il paese possiede una delle riserve pi\u00f9 grandi al mondo di oro, diamanti, cromite e vanadio.<br>With an interest in mining for rare earth, the country stands to become a supplier of the components used in smartphones, electric vehicles, and high-tech weaponry.<\/p>\n\n\n\n<h2 class=\"wp-block-heading\">3. Turismo<\/h2>\n\n\n\n<p>Il settore del turismo \u00e8 una grande fonte di reddito per il paese. Alcune delle attrazioni turistiche preferite in Sud Africa sono i safari, la fauna selvatica, gli sport acquatici e le spiagge. Il paese \u00e8 anche ai primi posti nel mondo come destinazione per eventi aziendali.<\/p>\n\n\n\n<h2 class=\"wp-block-heading\">4. Servizi finanziari<\/h2>\n\n\n\n<p>Il settore bancario del Sud Africa \u00e8 ben sviluppato e ospita numerose istituzioni finanziarie straniere. Il mercato \u00e8 competitivo con le banche grandi e piccole, nonch\u00e9 con le strutture di investimento e di banca d\u2019affari che operano nel paese.<\/p>\n\n\n\n<h2 class=\"wp-block-heading p1\">Opportunit\u00e0 di business in Sud Africa<\/h2>\n\n\n\n<p class=\"p2\">South <a href=\"https:\/\/www.sisinternational.com\/it\/leffetto-della-cultura-del-mercato-nigeriano-sugli-affari\/\" title=\"Il mercato nigeriano: l&#039;effetto della cultura sul business\"  data-wpil-monitor-id=\"7484\">Africa offers various business<\/a> opportunities. These are mainly in the following sectors.<\/p>\n\n\n\n<h2 class=\"wp-block-heading\">1. Sanit\u00e0<\/h2>\n\n\n\n<p>The need for healthcare in South Africa is huge. Setting up a healthcare business in South Africa will however, go beyond serving the locals only. With the whole continent importing medication and South Africa having a strong manufacturing base, it\u2019s possible to start an export-focused medical business in the country.<\/p>\n\n\n\n<h2 class=\"wp-block-heading\">2. Istruzione<\/h2>\n\n\n\n<p>Molti sudafricani istruiti stanno emigrando in Nuova Zelanda, Australia, Europa e Stati Uniti in cerca di pascoli pi\u00f9 verdi. Dato che coloro che restano indietro non sono in grado di gestire alcuni lavori ad alta tecnologia, gli investitori possono colmare questa lacuna gestendo scuole private.<br>Dato che la maggior parte delle persone ha accesso a Internet, l&#039;e-learning pu\u00f2 essere un&#039;opzione redditizia.<\/p>\n\n\n\n<h2 class=\"wp-block-heading\">3. Immobiliare<\/h2>\n\n\n\n<p>Nonostante altri paesi riferiscano pochi giovani acquirenti di immobili, il Sudafrica ha visto un numero record di millennial che acquistano case. La domanda pi\u00f9 forte \u00e8 per immobili a prezzi accessibili. Le tendenze nelle vendite immobiliari rivelano che gli investitori che utilizzano canali di marketing emergenti vedono pi\u00f9 acquisti rispetto a quelli che si attengono alla pubblicit\u00e0 tradizionale.<\/p>\n\n\n\n<h2 class=\"wp-block-heading p1\">4. Tecnologia<\/h2>\n\n\n\n<p class=\"p2\">L\u2019innovazione tecnologica ha visto la crescita dello shopping online e del Fintech. Man mano che i consumatori fondono la tecnologia con la loro vita quotidiana, la domanda di soluzioni tecnologiche non potr\u00e0 che aumentare.<\/p>\n\n\n\n<h2 class=\"wp-block-heading p1\">5. Energia<\/h2>\n\n\n\n<p class=\"p2\">There has been an uptake of renewable energy, and corporate customers have shown a willingness to pay more for green energy. With Energy as a Service (EaaS) gaining acceptance and the cost of storage technology reducing, the energy sector is a strong candidate for profitable business.<\/p>\n\n\n\n<h2 class=\"wp-block-heading p5\">Le sfide che deve affrontare l\u2019economia del Sud Africa<\/h2>\n\n\n\n<p class=\"p2\">Il Sudafrica lotta con la disoccupazione e questo porta ad un alto tasso di criminalit\u00e0. Da ci\u00f2 derivano anche altri problemi socioeconomici come la corruzione, l\u2019instabilit\u00e0 politica, la cattiva salute e la genitorialit\u00e0 adolescenziale.<\/p>\n\n\n\n<h2 class=\"wp-block-heading p1\">Hub di localizzazione delle imprese del Sud Africa<\/h2>\n\n\n\n<figure class=\"gb-block-image gb-block-image-93ddd45d\"><img loading=\"lazy\" decoding=\"async\" width=\"1456\" height=\"816\" class=\"gb-image gb-image-93ddd45d\" src=\"https:\/\/www.sisinternational.com\/wp-content\/uploads\/2025\/08\/South-Africa-3.jpg\" alt=\"Ricerca e strategia di mercato internazionale SIS\" title=\"South Africa (3)\" srcset=\"https:\/\/www.sisinternational.com\/wp-content\/uploads\/2025\/08\/South-Africa-3.jpg 1456w, https:\/\/www.sisinternational.com\/wp-content\/uploads\/2025\/08\/South-Africa-3-300x168.jpg 300w, https:\/\/www.sisinternational.com\/wp-content\/uploads\/2025\/08\/South-Africa-3-1024x574.jpg 1024w, https:\/\/www.sisinternational.com\/wp-content\/uploads\/2025\/08\/South-Africa-3-768x430.jpg 768w, https:\/\/www.sisinternational.com\/wp-content\/uploads\/2025\/08\/South-Africa-3-18x10.jpg 18w\" sizes=\"auto, (max-width: 1456px) 100vw, 1456px\"><\/figure>\n\n\n\n<p><\/p>\n\n\n\n<p class=\"p2\">Varie citt\u00e0 e regioni del Sud Africa hanno un ambiente molto favorevole per gli affari. Una di queste citt\u00e0 \u00e8 Johannesburg, riconosciuta a livello globale come un ottimo luogo per le startup. Anche Citt\u00e0 del Capo \u00e8 ai primi posti, poich\u00e9 molte startup e societ\u00e0 di venture capital la chiamano casa.<\/p>\n\n\n\n<p class=\"p2\">Il comune di Stellenbosch \u00e8 anche un centro commerciale grazie alla sua vicinanza all&#039;area metropolitana di Citt\u00e0 del Capo. Ha un vantaggio comparativo nel settore manifatturiero, nei servizi finanziari, nel commercio all\u2019ingrosso e al dettaglio, nonch\u00e9 nel settore dell\u2019ospitalit\u00e0.<\/p>\n\n\n\n<h2 class=\"wp-block-heading p1\">Informazioni sulle ricerche di mercato in Sud Africa<\/h2>\n\n\n\n<p class=\"p2\">South <a href=\"https:\/\/www.sisinternational.com\/it\/il-mercato-africano-in-continua-evoluzione\/\" title=\"Ricerca sulle opportunit\u00e0 di mercato in Africa\"  data-wpil-monitor-id=\"2794\">Africa<\/a> provides many opportunities for entry into the African market. A thorough market research is however needed to understand the trends, customer dynamics, corporate intelligence and other market insights so as to create a winning strategy.<\/p>\n\n\n\n<p class=\"p2\">SIS International Research has been conducting detailed <a href=\"https:\/\/www.sisinternational.com\/it\/ricerche-di-mercato-in-africa\/\" title=\"Ricerche di mercato in Africa\"  data-wpil-monitor-id=\"2941\">market<\/a> research for local and international businesses for years. We have the expertise and experience to analyze markets and advise businesses on the best way to launch and carve out a portion of the market for guaranteed business growth.<\/p>\n\n\n\n<p><\/p>","protected":false},"excerpt":{"rendered":"<p>Fai crescere il tuo business con le ricerche di mercato in Sud Africa.<\/p>","protected":false},"author":1,"featured_media":65225,"parent":14281,"menu_order":0,"comment_status":"closed","ping_status":"closed","template":"","meta":{"footnotes":""},"class_list":["post-36597","page","type-page","status-publish","has-post-thumbnail"],"_links":{"self":[{"href":"https:\/\/www.sisinternational.com\/it\/wp-json\/wp\/v2\/pages\/36597","targetHints":{"allow":["GET"]}}],"collection":[{"href":"https:\/\/www.sisinternational.com\/it\/wp-json\/wp\/v2\/pages"}],"about":[{"href":"https:\/\/www.sisinternational.com\/it\/wp-json\/wp\/v2\/types\/page"}],"author":[{"embeddable":true,"href":"https:\/\/www.sisinternational.com\/it\/wp-json\/wp\/v2\/users\/1"}],"replies":[{"embeddable":true,"href":"https:\/\/www.sisinternational.com\/it\/wp-json\/wp\/v2\/comments?post=36597"}],"version-history":[{"count":9,"href":"https:\/\/www.sisinternational.com\/it\/wp-json\/wp\/v2\/pages\/36597\/revisions"}],"predecessor-version":[{"id":81111,"href":"https:\/\/www.sisinternational.com\/it\/wp-json\/wp\/v2\/pages\/36597\/revisions\/81111"}],"up":[{"embeddable":true,"href":"https:\/\/www.sisinternational.com\/it\/wp-json\/wp\/v2\/pages\/14281"}],"wp:featuredmedia":[{"embeddable":true,"href":"https:\/\/www.sisinternational.com\/it\/wp-json\/wp\/v2\/media\/65225"}],"wp:attachment":[{"href":"https:\/\/www.sisinternational.com\/it\/wp-json\/wp\/v2\/media?parent=36597"}],"curies":[{"name":"wp","href":"https:\/\/api.w.org\/{rel}","templated":true}]}}