{"id":35277,"date":"2020-05-09T06:00:18","date_gmt":"2020-05-09T06:00:18","guid":{"rendered":"https:\/\/www.sisinternational.com\/?page_id=35277"},"modified":"2026-03-12T13:33:48","modified_gmt":"2026-03-12T17:33:48","slug":"ricerche-di-mercato-sulla-produzione-di-bevande-alimentari","status":"publish","type":"page","link":"https:\/\/www.sisinternational.com\/it\/soluzioni\/ricerche-di-mercato-nel-settore-delle-bevande-alimentari\/ricerche-di-mercato-sulla-produzione-di-bevande-alimentari\/","title":{"rendered":"Ricerche di mercato sulla produzione di alimenti e bevande"},"content":{"rendered":"<h1 class=\"wp-block-heading\">Ricerche di mercato sulla produzione di alimenti e bevande<\/h1>\n\n\n\n<figure class=\"gb-block-image gb-block-image-045b045b\"><img loading=\"lazy\" decoding=\"async\" width=\"1456\" height=\"816\" class=\"gb-image gb-image-045b045b\" src=\"https:\/\/www.sisinternational.com\/wp-content\/uploads\/2025\/08\/Food-taste-testing-10.jpg\" alt=\"Ricerca e strategia di mercato internazionale SIS\" title=\"Food taste testing (10)\" srcset=\"https:\/\/www.sisinternational.com\/wp-content\/uploads\/2025\/08\/Food-taste-testing-10.jpg 1456w, https:\/\/www.sisinternational.com\/wp-content\/uploads\/2025\/08\/Food-taste-testing-10-300x168.jpg 300w, https:\/\/www.sisinternational.com\/wp-content\/uploads\/2025\/08\/Food-taste-testing-10-1024x574.jpg 1024w, https:\/\/www.sisinternational.com\/wp-content\/uploads\/2025\/08\/Food-taste-testing-10-768x430.jpg 768w, https:\/\/www.sisinternational.com\/wp-content\/uploads\/2025\/08\/Food-taste-testing-10-18x10.jpg 18w\" sizes=\"auto, (max-width: 1456px) 100vw, 1456px\"><\/figure>\n\n\n\n<p><\/p>\n\n\n\n<h2 class=\"wp-block-heading\">La produzione alimentare \u00e8 un settore critico che produce bevande, snack e prodotti alimentari per la popolazione mondiale<\/h2>\n\n\n\n<p>Food Manufacturing is the industry that supplies meat to people worldwide.&nbsp; One of the world&#8217;s largest industries, Food and Beverage Manufacturing is a large industry with millions of people employed to ensure efficient production of goods.&nbsp; Millions of lives depend on the efficient functioning of the industry.&nbsp; Food and Beverage <a class=\"wpil_keyword_link\" href=\"https:\/\/www.sisinternational.com\/it\/soluzioni\/soluzioni-di-ricerca-quantitativa-qualitativa\/ricerche-di-mercato-nel-settore-manifatturiero\/\"   title=\"Ricerche di mercato nel settore manifatturiero\" data-wpil-keyword-link=\"linked\"  data-wpil-monitor-id=\"438\">Ricerche di mercato nel settore manifatturiero<\/a> helps companies to be more efficient, to become more profitable and to serve customer needs.<\/p>\n\n\n\n<p>For this reason, food and beverage <a class=\"wpil_keyword_link\" href=\"https:\/\/www.sisinternational.com\/it\/soluzioni\/ricerche-di-mercato-nel-settore-manifatturiero\/\"   title=\"Ricerche di mercato nel settore manifatturiero\" data-wpil-keyword-link=\"linked\"  data-wpil-monitor-id=\"751\">ricerche di mercato nel settore manifatturiero<\/a> is a vital asset for organizations in the food industry to be more efficient, become more profitable and serve customer needs. It allows producers, suppliers, distributors, and vendors to gain a more comprehensive perception of market trends, detect the potential for growth, and remain dynamic in a landscape that is constantly shifting.<\/p>\n\n\n\n<p>Inoltre, poich\u00e9 i consumatori diventano sempre pi\u00f9 esigenti nei confronti della propria salute e dell\u2019ambiente, l\u2019industria alimentare si trova ad affrontare una serie di nuovi ostacoli e prospettive che devono essere valutati strategicamente e pianificati con una ricerca approfondita.<\/p>\n\n\n\n<h2 class=\"wp-block-heading\">Scopo della ricerca di mercato sulla produzione di alimenti e bevande<\/h2>\n\n\n\n<p>Cibo e bevande <a href=\"https:\/\/www.sisinternational.com\/it\/ricerche-di-mercato-sulla-produzione-intelligente\/\" title=\"Ricerche di mercato sulla produzione intelligente\"  data-wpil-monitor-id=\"3608\">Ricerche di mercato nel settore manifatturiero<\/a> is a key tool for gathering insight into the current trends, issues, and opportunities within the food industry. The data collected can provide businesses with the necessary knowledge to make strategic decisions regarding product development, marketing, and operational moves. Particularly, it is useful for businesses to:<\/p>\n\n\n\n<ul class=\"wp-block-list\">\n<li>Gain valuable insights into consumer tastes and behaviors. Food and beverage manufacturing market. research can provide important information on upcoming <a href=\"https:\/\/www.sisinternational.com\/it\/soluzioni\/ricerca-di-consulenza-strategica-fintech\/ricerca-di-mercato-libor\/\" title=\"Ricerca di mercato Libor\"  data-wpil-monitor-id=\"4992\">market<\/a> trends and help companies develop products that satisfy consumer needs.<\/li>\n\n\n\n<li>Consentire alle aziende di comprendere il panorama competitivo e la loro posizione rispetto ad altre imprese.<\/li>\n\n\n\n<li>Previsione <a href=\"https:\/\/www.sisinternational.com\/it\/produttore-di-stoviglie-in-ceramica-per-lingresso-nel-mercato-asiatico\/\" title=\"Ingresso nel mercato asiatico per un produttore di stoviglie in ceramica\"  data-wpil-monitor-id=\"6607\">market demand for food and beverage manufacturing<\/a> products and identify the expected demand for specific products.<\/li>\n\n\n\n<li>Fornire alle aziende la conoscenza delle modifiche alle normative sulla sicurezza alimentare, ai protocolli di etichettatura e alle normative ambientali.<\/li>\n<\/ul>\n\n\n\n<h2 class=\"wp-block-heading\">Informazioni sulle ricerche di mercato sulla produzione di alimenti e bevande<\/h2>\n\n\n\n<p>In Qualitative Market Research, we conduct exploratory research to understand why consumers buy certain food products and why business executives make decisions.&nbsp; We uncover preferences, habits, decision-making, and ways for companies to gain new customers.&nbsp; Examples of projects include openness to new food technologies and concepts.<\/p>\n\n\n\n<p>In Quantitative Market Research, we measure the extent to which consumers prefer certain products or how business people perceive food brands.&nbsp; We can uncover new opportunities with this data and can help our clients make decisions more confidently.&nbsp; We also conduct Taste Testing to examine consumer reactions to different tastes, ingredients, and flavors.<\/p>\n\n\n\n<p>In Strategy Research, we examine the competitive dynamics, industry movements, and new opportunities in the market.&nbsp; Our solutions include Go To Market Strategy, Market Opportunity and Market Sizing Assessments.<\/p>\n\n\n\n<h2 class=\"wp-block-heading\">Ricerche di mercato sulla produzione di alimenti e bevande: driver e tendenze di mercato<\/h2>\n\n\n\n<figure class=\"gb-block-image gb-block-image-7bc27358\"><img loading=\"lazy\" decoding=\"async\" width=\"1456\" height=\"816\" class=\"gb-image gb-image-7bc27358\" src=\"https:\/\/www.sisinternational.com\/wp-content\/uploads\/2025\/08\/Beverages-5.jpg\" alt=\"Ricerca e strategia di mercato internazionale SIS\" title=\"Beverages (5)\" srcset=\"https:\/\/www.sisinternational.com\/wp-content\/uploads\/2025\/08\/Beverages-5.jpg 1456w, https:\/\/www.sisinternational.com\/wp-content\/uploads\/2025\/08\/Beverages-5-300x168.jpg 300w, https:\/\/www.sisinternational.com\/wp-content\/uploads\/2025\/08\/Beverages-5-1024x574.jpg 1024w, https:\/\/www.sisinternational.com\/wp-content\/uploads\/2025\/08\/Beverages-5-768x430.jpg 768w, https:\/\/www.sisinternational.com\/wp-content\/uploads\/2025\/08\/Beverages-5-18x10.jpg 18w\" sizes=\"auto, (max-width: 1456px) 100vw, 1456px\"><\/figure>\n\n\n\n<p><\/p>\n\n\n\n<p>Research into the <a href=\"https:\/\/www.sisinternational.com\/it\/agentic-ai-in-market-research\/\" title=\"Agentic AI in Market Research\"  data-wpil-monitor-id=\"493\">food and beverage manufacturing market<\/a> can offer invaluable knowledge of the key dynamics and developments that are influencing the sector. Notable dynamics and current trends presently impacting the food and beverage manufacturing industry are the following:<\/p>\n\n\n\n<ul class=\"wp-block-list\">\n<li>Man mano che le preferenze dei consumatori si evolvono verso prodotti alimentari pi\u00f9 sani, biologici e sostenibili, la ricerca di mercato sulla produzione di alimenti e bevande pu\u00f2 aiutare le aziende a riconoscere queste tendenze e a creare prodotti corrispondenti per soddisfare la domanda.<\/li>\n\n\n\n<li>I progressi tecnologici all&#039;avanguardia nel settore della produzione alimentare, come la robotica, l&#039;intelligenza artificiale (AI) e l&#039;Internet of Things (IoT), stanno diventando sempre pi\u00f9 essenziali per condurre ricerche di mercato sulla produzione alimentare. Le aziende devono comprendere l&#039;influenza di queste tecnologie e come utilizzarle per massimizzare la produttivit\u00e0 e migliorare l&#039;efficienza complessiva.<\/li>\n\n\n\n<li>Con l\u2019evoluzione demografica della popolazione, i gusti dei consumatori stanno subendo una trasformazione. Di conseguenza, la ricerca di mercato nel settore della produzione alimentare pu\u00f2 aiutare le organizzazioni a comprendere queste tendenze e creare offerte che soddisfino le esigenze dei diversi segmenti di consumatori.<\/li>\n<\/ul>\n\n\n\n<h2 class=\"wp-block-heading\">Argomenti di ricerca di mercato sulla produzione di alimenti e bevande<\/h2>\n\n\n\n<ul class=\"wp-block-list\">\n<li>Additivi del cibo<\/li>\n\n\n\n<li>Fornitori di prodotti alimentari<\/li>\n\n\n\n<li>Esportazione di prodotti alimentari<\/li>\n\n\n\n<li>Test su alimenti e bevande<\/li>\n\n\n\n<li>Ingredienti<\/li>\n\n\n\n<li>Patogeni alimentari e microbiologia<\/li>\n\n\n\n<li>Imballaggio alimentare<\/li>\n\n\n\n<li>La sicurezza alimentare<\/li>\n\n\n\n<li>Contaminazione degli alimenti<\/li>\n\n\n\n<li>Assicurazione della qualit\u00e0 alimentare\/Gestione della qualit\u00e0<\/li>\n\n\n\n<li>Logistica alimentare<\/li>\n\n\n\n<li>Scienza del cibo<\/li>\n\n\n\n<li>Tecnologia alimentare<\/li>\n\n\n\n<li>Nutrizione<\/li>\n\n\n\n<li>Produzione di attrezzature alimentari<\/li>\n\n\n\n<li>Tecnologia dell&#039;inscatolamento<\/li>\n\n\n\n<li>Approvvigionamento alimentare<\/li>\n\n\n\n<li>Conservanti alimentari<\/li>\n<\/ul>\n\n\n\n<h2 class=\"wp-block-heading\">Intervistati del settore alimentare e delle bevande<\/h2>\n\n\n\n<p>Le persone a cui sottoponiamo regolarmente sondaggi nel settore della produzione di alimenti e bevande includono:<\/p>\n\n\n\n<ul class=\"wp-block-list\">\n<li>Tecnologi Alimentari<\/li>\n\n\n\n<li>Responsabili della ricerca e sviluppo<\/li>\n\n\n\n<li>Responsabili della sicurezza alimentare<\/li>\n\n\n\n<li>Responsabili della qualit\u00e0 e della qualit\u00e0 alimentare<\/li>\n\n\n\n<li>Gestori dell&#039;inventario<\/li>\n\n\n\n<li>Professionisti del sourcing strategico<\/li>\n\n\n\n<li>Direttori degli appalti<\/li>\n\n\n\n<li>Filiera alimentare<\/li>\n<\/ul>\n\n\n\n<h2 class=\"wp-block-heading\">Settori<\/h2>\n\n\n\n<p>I settori chiave del settore alimentare e delle bevande che copriamo:<\/p>\n\n\n\n<ul class=\"wp-block-list\">\n<li>Pesca<\/li>\n\n\n\n<li>Latticini<\/li>\n\n\n\n<li>Cibo<\/li>\n\n\n\n<li>Bevanda<\/li>\n\n\n\n<li>Dolciaria<\/li>\n\n\n\n<li>Trasformazione dei prodotti alimentari<\/li>\n\n\n\n<li>Vino<\/li>\n\n\n\n<li>Spiriti<\/li>\n\n\n\n<li>Alcol<\/li>\n<\/ul>\n\n\n\n<h2 class=\"wp-block-heading\">Sfide e opportunit\u00e0 nella ricerca di mercato nella produzione di alimenti e bevande<\/h2>\n\n\n\n<p>Le ricerche di mercato nel settore della produzione di alimenti e bevande possono fornire alle aziende le informazioni necessarie per identificare potenziali sfide e opportunit\u00e0.<\/p>\n\n\n\n<h2 class=\"wp-block-heading\">Con l\u2019avvento della tecnologia, ci sono molte opportunit\u00e0 per le aziende produttrici di alimenti e bevande.<\/h2>\n\n\n\n<h2 class=\"wp-block-heading\">Opportunita di crescita<\/h2>\n\n\n\n<ul class=\"wp-block-list\">\n<li>Catene di ristoranti informali<\/li>\n\n\n\n<li>Macellerie di fascia alta<\/li>\n\n\n\n<li>Alimenti speciali<\/li>\n\n\n\n<li>Innovazione sensoriale<\/li>\n\n\n\n<li>Esperienza del cliente<\/li>\n\n\n\n<li>Cambiamenti demografici e gusti<\/li>\n\n\n\n<li>Cibo come servizio<\/li>\n\n\n\n<li>Carni di prima qualit\u00e0<\/li>\n\n\n\n<li>Consegna in linea<\/li>\n\n\n\n<li>Consegna futura del cibo con droni e IoT<\/li>\n\n\n\n<li>Automazione e Robotica<\/li>\n\n\n\n<li>Adozione dell&#039;intelligenza artificiale<\/li>\n\n\n\n<li>Proteine vegetali nelle principali catene alimentari<\/li>\n\n\n\n<li>Agnello e manzo sottovuoto<\/li>\n\n\n\n<li>Sicurezza alimentare post-Coronavirus<\/li>\n<\/ul>\n\n\n\n<h2 class=\"wp-block-heading\">Opportunit\u00e0 di innovazione alimentare<\/h2>\n\n\n\n<ul class=\"wp-block-list\">\n<li>Carni a base vegetale<\/li>\n\n\n\n<li>Non OGM<\/li>\n\n\n\n<li>Vegano<\/li>\n\n\n\n<li>Senza glutine<\/li>\n\n\n\n<li>Senza soia<\/li>\n\n\n\n<li>Halal<\/li>\n\n\n\n<li>Kosher<\/li>\n\n\n\n<li>Innovazione nel confezionamento<\/li>\n\n\n\n<li>Sostenibilit\u00e0 alimentare<\/li>\n\n\n\n<li>Tecnologia alimentare<\/li>\n\n\n\n<li>AgTech<\/li>\n\n\n\n<li>Alimenti biologici<\/li>\n\n\n\n<li>CBD<\/li>\n<\/ul>\n\n\n\n<h2 class=\"wp-block-heading\">Sfide<\/h2>\n\n\n\n<ul class=\"wp-block-list\">\n<li>Il prezzo dei materiali essenziali per la produzione alimentare come cereali, frutta e verdura pu\u00f2 essere soggetto a grandi variazioni. Tale instabilit\u00e0 dei costi crea una sfida per le organizzazioni nel prevedere accuratamente le spese e organizzare in modo efficace la produzione.<\/li>\n\n\n\n<li>Il settore della produzione alimentare \u00e8 estremamente competitivo e molte organizzazioni cercano di conquistare quote di mercato. L\u2019ingresso di nuovi partecipanti, tra cui startup e marchi diretti al consumatore, sta ulteriormente aumentando il livello di concorrenza.<\/li>\n\n\n\n<li>As consumer tastes continue to evolve, businesses must stay ahead of the curve to meet changing demands. Failure to do so can lead to a <a href=\"https:\/\/www.sisinternational.com\/it\/competenza\/industrie\/ricerche-di-mercato-sulla-perdita-delludito\/\" title=\"Ricerche di mercato sulla perdita dell\u2019udito\u00a0 \u00a0\"  data-wpil-monitor-id=\"6814\">loss of market<\/a> share and revenue.<\/li>\n<\/ul>\n\n\n\n<h2 class=\"wp-block-heading\">Principali tendenze del mercato e prospettive future<\/h2>\n\n\n\n<ul class=\"wp-block-list\">\n<li>Man mano che il sentimento dei consumatori si sposta verso scelte alimentari pi\u00f9 attente all\u2019ambiente, ci si aspetta che le aziende intraprendano azioni come la riduzione dei rifiuti, l\u2019utilizzo di imballaggi sostenibili e l\u2019adozione di altre pratiche sostenibili.<\/li>\n\n\n\n<li>Si prevede che la tendenza dell\u2019e-commerce continuer\u00e0 con un numero crescente di clienti che sceglieranno di acquistare generi alimentari online. Le aziende che si adattano a questa tendenza offrendo ai propri clienti la possibilit\u00e0 di acquistare e ricevere ordini in modo digitale probabilmente guadagneranno una quota di mercato maggiore.<\/li>\n\n\n\n<li>L\u2019industria manifatturiera alimentare sta abbracciando sempre pi\u00f9 la globalizzazione con organizzazioni che si sviluppano in nuove aree geografiche per ottenere l\u2019accesso ai mercati del fresco. Si prevede che questa tendenza persister\u00e0, poich\u00e9 sempre pi\u00f9 aziende cercheranno di avventurarsi nelle economie in via di sviluppo.<\/li>\n<\/ul>\n\n\n\n<h2 class=\"wp-block-heading\">Vantaggi delle ricerche di mercato sulla produzione alimentare<\/h2>\n\n\n\n<ul class=\"wp-block-list\">\n<li>Lanciare un nuovo prodotto in modo efficace<\/li>\n\n\n\n<li>Aumenta i profitti<\/li>\n\n\n\n<li>Acquisire nuovi clienti<\/li>\n\n\n\n<li>Mantieni i clienti esistenti<\/li>\n\n\n\n<li>Espandere a livello globale<\/li>\n\n\n\n<li>Ridurre il rischio<\/li>\n<\/ul>\n\n\n\n<p><\/p>","protected":false},"excerpt":{"rendered":"<p>Scopri come le ricerche di mercato sulla produzione di alimenti e bevande aumentano i tuoi profitti con la societ\u00e0 internazionale di ricerche di mercato SIS.<\/p>","protected":false},"author":1,"featured_media":64686,"parent":22018,"menu_order":62,"comment_status":"closed","ping_status":"closed","template":"","meta":{"_uag_custom_page_level_css":"","footnotes":""},"class_list":["post-35277","page","type-page","status-publish","has-post-thumbnail"],"uagb_featured_image_src":{"full":["https:\/\/www.sisinternational.com\/wp-content\/uploads\/2025\/08\/Food-taste-testing-10.jpg",1456,816,false],"thumbnail":["https:\/\/www.sisinternational.com\/wp-content\/uploads\/2025\/08\/Food-taste-testing-10-150x150.jpg",150,150,true],"medium":["https:\/\/www.sisinternational.com\/wp-content\/uploads\/2025\/08\/Food-taste-testing-10-300x168.jpg",300,168,true],"medium_large":["https:\/\/www.sisinternational.com\/wp-content\/uploads\/2025\/08\/Food-taste-testing-10-768x430.jpg",768,430,true],"large":["https:\/\/www.sisinternational.com\/wp-content\/uploads\/2025\/08\/Food-taste-testing-10-1024x574.jpg",1024,574,true],"1536x1536":["https:\/\/www.sisinternational.com\/wp-content\/uploads\/2025\/08\/Food-taste-testing-10.jpg",1456,816,false],"2048x2048":["https:\/\/www.sisinternational.com\/wp-content\/uploads\/2025\/08\/Food-taste-testing-10.jpg",1456,816,false],"trp-custom-language-flag":["https:\/\/www.sisinternational.com\/wp-content\/uploads\/2025\/08\/Food-taste-testing-10-18x10.jpg",18,10,true]},"uagb_author_info":{"display_name":"Ruth Stanat","author_link":"https:\/\/www.sisinternational.com\/it\/author\/expert\/"},"uagb_comment_info":0,"uagb_excerpt":"Discover how Food and Beverage Manufacturing Market Research boosts your profits with SIS International Market Research Company.","_links":{"self":[{"href":"https:\/\/www.sisinternational.com\/it\/wp-json\/wp\/v2\/pages\/35277","targetHints":{"allow":["GET"]}}],"collection":[{"href":"https:\/\/www.sisinternational.com\/it\/wp-json\/wp\/v2\/pages"}],"about":[{"href":"https:\/\/www.sisinternational.com\/it\/wp-json\/wp\/v2\/types\/page"}],"author":[{"embeddable":true,"href":"https:\/\/www.sisinternational.com\/it\/wp-json\/wp\/v2\/users\/1"}],"replies":[{"embeddable":true,"href":"https:\/\/www.sisinternational.com\/it\/wp-json\/wp\/v2\/comments?post=35277"}],"version-history":[{"count":13,"href":"https:\/\/www.sisinternational.com\/it\/wp-json\/wp\/v2\/pages\/35277\/revisions"}],"predecessor-version":[{"id":80390,"href":"https:\/\/www.sisinternational.com\/it\/wp-json\/wp\/v2\/pages\/35277\/revisions\/80390"}],"up":[{"embeddable":true,"href":"https:\/\/www.sisinternational.com\/it\/wp-json\/wp\/v2\/pages\/22018"}],"wp:featuredmedia":[{"embeddable":true,"href":"https:\/\/www.sisinternational.com\/it\/wp-json\/wp\/v2\/media\/64686"}],"wp:attachment":[{"href":"https:\/\/www.sisinternational.com\/it\/wp-json\/wp\/v2\/media?parent=35277"}],"curies":[{"name":"wp","href":"https:\/\/api.w.org\/{rel}","templated":true}]}}