{"id":35230,"date":"2020-05-03T05:09:23","date_gmt":"2020-05-03T05:09:23","guid":{"rendered":"https:\/\/www.sisinternational.com\/?page_id=35230"},"modified":"2025-09-12T20:52:27","modified_gmt":"2025-09-13T00:52:27","slug":"ricerche-di-mercato-sui-prezzi-delle-materie-prime","status":"publish","type":"page","link":"https:\/\/www.sisinternational.com\/it\/soluzioni\/ricerca-di-consulenza-strategica-fintech\/ricerche-di-mercato-sui-prezzi-delle-materie-prime\/","title":{"rendered":"Ricerche di mercato sui prezzi delle materie prime"},"content":{"rendered":"<h1 class=\"wp-block-heading\">Ricerche di mercato sui prezzi delle materie prime<\/h1>\n\n\n\n<figure class=\"gb-block-image gb-block-image-a875c067\"><img loading=\"lazy\" decoding=\"async\" width=\"1456\" height=\"816\" class=\"gb-image gb-image-a875c067\" src=\"https:\/\/www.sisinternational.com\/wp-content\/uploads\/2025\/08\/Mining-workers-2.jpg\" alt=\"Ricerca e strategia di mercato internazionale SIS\" title=\"Mining workers (2)\" srcset=\"https:\/\/www.sisinternational.com\/wp-content\/uploads\/2025\/08\/Mining-workers-2.jpg 1456w, https:\/\/www.sisinternational.com\/wp-content\/uploads\/2025\/08\/Mining-workers-2-300x168.jpg 300w, https:\/\/www.sisinternational.com\/wp-content\/uploads\/2025\/08\/Mining-workers-2-1024x574.jpg 1024w, https:\/\/www.sisinternational.com\/wp-content\/uploads\/2025\/08\/Mining-workers-2-768x430.jpg 768w, https:\/\/www.sisinternational.com\/wp-content\/uploads\/2025\/08\/Mining-workers-2-18x10.jpg 18w\" sizes=\"auto, (max-width: 1456px) 100vw, 1456px\"><\/figure>\n\n\n\n<hr class=\"wp-block-separator has-alpha-channel-opacity is-style-dots\"\/>\n\n\n\n<h2 class=\"wp-block-heading\">Le materie prime sono una parte vitale della vita quotidiana<\/h2>\n\n\n\n<p>From sugar to precious metals, commodities are critical to economies, societies, and governments. Having access to commodities and ensuring stable prices can be a matter of national security. SIS is your strategic partner for Commodity Pricing Market Research worldwide in today&#8217;s fast-paced global economy.<\/p>\n\n\n\n<p>We provide Customer Research, Competitive Research, and Strategy Research. In Customer Research, we provide data and analysis into <a href=\"https:\/\/www.sisinternational.com\/it\/analisi-della-soddisfazione-del-cliente\/\" title=\"8 modi per aumentare la soddisfazione del cliente nel commercio al dettaglio\"  data-wpil-monitor-id=\"10967\">customer needs and ways<\/a> to reach new customers efficiently. In Competitive Research, we uncover competitive intelligence and insights into how competitors are evolving. In Strategy Research, we uncover Market Size, Pricing Analytics, and other quantitative measures of the Commodity trade.<\/p>\n\n\n\n<h2 class=\"wp-block-heading\">Merci agricole<\/h2>\n\n\n\n<p>Esaminiamo una variet\u00e0 di materie prime agricole tra cui:<\/p>\n\n\n\n<ul class=\"wp-block-list\">\n<li>Zucchero<\/li>\n\n\n\n<li>Carne<\/li>\n\n\n\n<li>Mais<\/li>\n\n\n\n<li>Semi di soia<\/li>\n\n\n\n<li>Grano<\/li>\n\n\n\n<li>Riso<\/li>\n\n\n\n<li>Avena<\/li>\n\n\n\n<li>Cacao<\/li>\n\n\n\n<li>Caff\u00e8<\/li>\n\n\n\n<li>cotone<\/li>\n<\/ul>\n\n\n\n<h2 class=\"wp-block-heading\">Materie prime metalliche<\/h2>\n\n\n\n<figure class=\"gb-block-image gb-block-image-3cbe8bfa\"><img loading=\"lazy\" decoding=\"async\" width=\"1456\" height=\"816\" class=\"gb-image gb-image-3cbe8bfa\" src=\"https:\/\/www.sisinternational.com\/wp-content\/uploads\/2025\/08\/Mining-workers-4.jpg\" alt=\"Ricerca e strategia di mercato internazionale SIS\" title=\"Mining workers (4)\" srcset=\"https:\/\/www.sisinternational.com\/wp-content\/uploads\/2025\/08\/Mining-workers-4.jpg 1456w, https:\/\/www.sisinternational.com\/wp-content\/uploads\/2025\/08\/Mining-workers-4-300x168.jpg 300w, https:\/\/www.sisinternational.com\/wp-content\/uploads\/2025\/08\/Mining-workers-4-1024x574.jpg 1024w, https:\/\/www.sisinternational.com\/wp-content\/uploads\/2025\/08\/Mining-workers-4-768x430.jpg 768w, https:\/\/www.sisinternational.com\/wp-content\/uploads\/2025\/08\/Mining-workers-4-18x10.jpg 18w\" sizes=\"auto, (max-width: 1456px) 100vw, 1456px\"><\/figure>\n\n\n\n<p><\/p>\n\n\n\n<p>Noi forniamo <a href=\"https:\/\/www.sisinternational.com\/it\/competenza\/industrie\/prezzi_e_analisi_competitiva_nel_retail\/\" title=\"Prezzi al dettaglio e analisi competitiva\"  data-wpil-monitor-id=\"10966\">pricing and analysis<\/a> on the following metal commodities:<\/p>\n\n\n\n<ul class=\"wp-block-list i8Z77e\">\n<li>Oro<\/li>\n\n\n\n<li>Argento<\/li>\n\n\n\n<li>Platino<\/li>\n\n\n\n<li>Rame<\/li>\n<\/ul>\n\n\n\n<h2 class=\"wp-block-heading\">Materie prime energetiche<\/h2>\n\n\n\n<p>Tracciamo le seguenti materie prime:<\/p>\n\n\n\n<ul class=\"wp-block-list i8Z77e\">\n<li>Olio crudo<\/li>\n\n\n\n<li>Olio bollente<\/li>\n\n\n\n<li>Gas naturale<\/li>\n\n\n\n<li>Benzina<\/li>\n\n\n\n<li>Propano<\/li>\n<\/ul>\n\n\n\n<h2 class=\"wp-block-heading\">Materie prime legate al bestiame<\/h2>\n\n\n\n<p>Siamo in grado di monitorare le materie prime del bestiame come:<\/p>\n\n\n\n<ul class=\"wp-block-list i8Z77e\">\n<li>Maiali magri<\/li>\n\n\n\n<li>Bestiame<\/li>\n\n\n\n<li>Mucche<\/li>\n\n\n\n<li>Polli<\/li>\n<\/ul>\n\n\n\n<h2 class=\"wp-block-heading\">Cosa pu\u00f2 influire sui prezzi<\/h2>\n\n\n\n<p>I seguenti fattori possono influenzare i prezzi delle materie prime.<\/p>\n\n\n\n<ul class=\"wp-block-list\">\n<li>Tempo atmosferico<\/li>\n\n\n\n<li>Rendimenti agricoli inferiori<\/li>\n\n\n\n<li>Scorte<\/li>\n\n\n\n<li>Colture concorrenti come l&#039;etanolo<\/li>\n\n\n\n<li>Esportazioni<\/li>\n\n\n\n<li>Carenza di manodopera<\/li>\n\n\n\n<li>Domanda industriale<\/li>\n\n\n\n<li>Politica commerciale (ad esempio quote, dazi, tariffe, antidumping)<\/li>\n\n\n\n<li>Politica interna<\/li>\n<\/ul>\n\n\n\n<h2 class=\"wp-block-heading\">Ricerca sui decisori delle materie prime<\/h2>\n\n\n\n<figure class=\"gb-block-image gb-block-image-0751d21e\"><img loading=\"lazy\" decoding=\"async\" width=\"1456\" height=\"816\" class=\"gb-image gb-image-0751d21e\" src=\"https:\/\/www.sisinternational.com\/wp-content\/uploads\/2025\/08\/Oit-petroleum-petrochemical-9.jpg\" alt=\"Ricerca e strategia di mercato internazionale SIS\" title=\"Oit petroleum petrochemical (9)\" srcset=\"https:\/\/www.sisinternational.com\/wp-content\/uploads\/2025\/08\/Oit-petroleum-petrochemical-9.jpg 1456w, https:\/\/www.sisinternational.com\/wp-content\/uploads\/2025\/08\/Oit-petroleum-petrochemical-9-300x168.jpg 300w, https:\/\/www.sisinternational.com\/wp-content\/uploads\/2025\/08\/Oit-petroleum-petrochemical-9-1024x574.jpg 1024w, https:\/\/www.sisinternational.com\/wp-content\/uploads\/2025\/08\/Oit-petroleum-petrochemical-9-768x430.jpg 768w, https:\/\/www.sisinternational.com\/wp-content\/uploads\/2025\/08\/Oit-petroleum-petrochemical-9-18x10.jpg 18w\" sizes=\"auto, (max-width: 1456px) 100vw, 1456px\"><\/figure>\n\n\n\n<p><\/p>\n\n\n\n<p>As a <a href=\"https:\/\/www.sisinternational.com\/it\/competenza\/curriculum-di-esperienza\/curriculum-di-esperienza-nel-settore-automobilistico\/\" title=\"Societ\u00e0 di ricerche di mercato nel settore automobilistico\"  data-wpil-monitor-id=\"10964\">Market Research company<\/a>, we connect you to buyers and influencers with the following services<\/p>\n\n\n\n<ul class=\"wp-block-list\">\n<li>Acquirenti<\/li>\n\n\n\n<li>Esportatori<\/li>\n\n\n\n<li>Esperti in materia<\/li>\n\n\n\n<li>Influencer del settore<\/li>\n<\/ul>\n\n\n\n<h2 class=\"wp-block-heading\">Analisi dei prezzi e dei volumi<\/h2>\n\n\n\n<p>Forniamo le seguenti soluzioni di ricerca sulle materie prime:<\/p>\n\n\n\n<ul class=\"wp-block-list\">\n<li>Prezzi all&#039;ingrosso<\/li>\n\n\n\n<li>Prezzo medio<\/li>\n\n\n\n<li>Prezzi al dettaglio<\/li>\n\n\n\n<li>Scorte<\/li>\n\n\n\n<li>Volume degli scambi<\/li>\n\n\n\n<li>Profili degli acquirenti e analisi<\/li>\n\n\n\n<li>Prezzi FX e copertura<\/li>\n<\/ul>\n\n\n\n<h2 class=\"wp-block-heading\">La nostra sede a New York<\/h2>\n\n\n\n<p>  <iframe loading=\"lazy\" src=\"https:\/\/www.google.com\/maps\/embed?pb=!1m18!1m12!1m3!1d3022.976188376966!2d-73.99130312499956!3d40.740549471389315!2m3!1f0!2f0!3f0!3m2!1i1024!2i768!4f13.1!3m3!1m2!1s0x89c259a15798c731%3A0xd695d09bdd495f25!2s11%20E%2022nd%20St%20FL%202%2C%20New%20York%2C%20NY%2010010%2C%20USA!5e0!3m2!1sen!2spe!4v1726171763526!5m2!1sen!2spe\" width=\"600\" height=\"450\" allowfullscreen=\"allowfullscreen\" data-mce-fragment=\"1\"><\/iframe>  <\/p>\n\n\n\n<h3 class=\"wp-block-heading\">11 E 22nd Street, piano 2, New York, NY 10010 T: +1(212) 505-6805<\/h3>\n\n\n\n<hr class=\"wp-block-separator has-alpha-channel-opacity\"\/>\n\n\n\n<h2 class=\"wp-block-heading\"><span style=\"font-weight: 400;\">A proposito di SIS Internazionale<\/span><\/h2>\n\n\n\n<p><a href=\"https:\/\/www.sisinternational.com\/it\/\"><span style=\"font-weight: 400;\">SIS Internazionale<\/span><\/a><span style=\"font-weight: 400;\"> offers Quantitative, Qualitative, and Strategy Research. We provide data, tools, strategies, reports, and insights for decision-making. We also conduct interviews, surveys, focus groups, and other <a href=\"https:\/\/www.sisinternational.com\/it\/quantitative-market-research-methods-and-techniques\/\" title=\"Quantitative Market Research Methods and Techniques\"  data-wpil-monitor-id=\"10965\">Market Research methods<\/a> and approaches.<\/span><a href=\"https:\/\/www.sisinternational.com\/it\/sulla-sua-ricerca-internazionale\/contact-sis-international-market-research\/\"><span style=\"font-weight: 400;\"> Contattaci<\/span><\/a><span style=\"font-weight: 400;\"> per il tuo prossimo progetto di ricerca di mercato.<\/span><\/p>\n\n\n\n<p><\/p>","protected":false},"excerpt":{"rendered":"<p>SIS \u00e8 una societ\u00e0 leader nella ricerca di mercato globale e nella consulenza strategica. Scopri nuove opportunit\u00e0 con le ricerche di mercato sui prezzi delle materie prime.<\/p>","protected":false},"author":1,"featured_media":63971,"parent":27462,"menu_order":36,"comment_status":"closed","ping_status":"closed","template":"","meta":{"footnotes":""},"class_list":["post-35230","page","type-page","status-publish","has-post-thumbnail"],"_links":{"self":[{"href":"https:\/\/www.sisinternational.com\/it\/wp-json\/wp\/v2\/pages\/35230","targetHints":{"allow":["GET"]}}],"collection":[{"href":"https:\/\/www.sisinternational.com\/it\/wp-json\/wp\/v2\/pages"}],"about":[{"href":"https:\/\/www.sisinternational.com\/it\/wp-json\/wp\/v2\/types\/page"}],"author":[{"embeddable":true,"href":"https:\/\/www.sisinternational.com\/it\/wp-json\/wp\/v2\/users\/1"}],"replies":[{"embeddable":true,"href":"https:\/\/www.sisinternational.com\/it\/wp-json\/wp\/v2\/comments?post=35230"}],"version-history":[{"count":5,"href":"https:\/\/www.sisinternational.com\/it\/wp-json\/wp\/v2\/pages\/35230\/revisions"}],"predecessor-version":[{"id":81793,"href":"https:\/\/www.sisinternational.com\/it\/wp-json\/wp\/v2\/pages\/35230\/revisions\/81793"}],"up":[{"embeddable":true,"href":"https:\/\/www.sisinternational.com\/it\/wp-json\/wp\/v2\/pages\/27462"}],"wp:featuredmedia":[{"embeddable":true,"href":"https:\/\/www.sisinternational.com\/it\/wp-json\/wp\/v2\/media\/63971"}],"wp:attachment":[{"href":"https:\/\/www.sisinternational.com\/it\/wp-json\/wp\/v2\/media?parent=35230"}],"curies":[{"name":"wp","href":"https:\/\/api.w.org\/{rel}","templated":true}]}}