{"id":35208,"date":"2020-05-02T04:06:54","date_gmt":"2020-05-02T04:06:54","guid":{"rendered":"https:\/\/www.sisinternational.com\/?page_id=35208"},"modified":"2025-09-12T20:47:32","modified_gmt":"2025-09-13T00:47:32","slug":"ricerca-di-mercato-sui-macchinari-pesanti","status":"publish","type":"page","link":"https:\/\/www.sisinternational.com\/it\/competenza\/ricerca-di-mercato-sui-macchinari-pesanti\/","title":{"rendered":"Ricerche di mercato sui macchinari pesanti"},"content":{"rendered":"<h1 class=\"wp-block-heading\">Ricerche di mercato sui macchinari pesanti<\/h1>\n\n\n\n<figure class=\"gb-block-image gb-block-image-de1f325b\"><img loading=\"lazy\" decoding=\"async\" width=\"1456\" height=\"816\" class=\"gb-image gb-image-de1f325b\" src=\"https:\/\/www.sisinternational.com\/wp-content\/uploads\/2025\/08\/Industrial-3-1.jpg\" alt=\"Ricerca e strategia di mercato internazionale SIS\" title=\"Industrial (3)\" srcset=\"https:\/\/www.sisinternational.com\/wp-content\/uploads\/2025\/08\/Industrial-3-1.jpg 1456w, https:\/\/www.sisinternational.com\/wp-content\/uploads\/2025\/08\/Industrial-3-1-300x168.jpg 300w, https:\/\/www.sisinternational.com\/wp-content\/uploads\/2025\/08\/Industrial-3-1-1024x574.jpg 1024w, https:\/\/www.sisinternational.com\/wp-content\/uploads\/2025\/08\/Industrial-3-1-768x430.jpg 768w, https:\/\/www.sisinternational.com\/wp-content\/uploads\/2025\/08\/Industrial-3-1-18x10.jpg 18w\" sizes=\"auto, (max-width: 1456px) 100vw, 1456px\"><\/figure>\n\n\n\n<p><\/p>\n\n\n\n<h2 class=\"wp-block-heading p2\"><span class=\"s2\">Gli analisti di mercato prevedono una crescita nel settore della produzione di macchinari pesanti. <\/span><\/h2>\n\n\n\n<p class=\"p2\"><span class=\"s2\">They project that this growth will occur over the next seven or so years. Several key factors drive the growth of the industrial equipment market. Examples are growth in real estate and more involvement in the private sector. Residential and commercial infrastructure set-up in emerging economies also drives growth, as do <a href=\"https:\/\/www.sisinternational.com\/it\/competenza\/industrie\/ricerche-di-mercato-sui-negozi-di-ferramenta\/\" title=\"Ricerche di mercato su negozi di ferramenta e bricolage\"  data-wpil-monitor-id=\"9044\">improved economic conditions in a market<\/a>.<\/span><\/p>\n\n\n\n<h2 class=\"wp-block-heading\">Tipi di macchinari pesanti<\/h2>\n\n\n\n<ul class=\"wp-block-list\">\n<li>Bulldozer<\/li>\n\n\n\n<li>Compattatore<\/li>\n\n\n\n<li>Escavatore<\/li>\n\n\n\n<li>Terna<\/li>\n\n\n\n<li>Sollevatore telescopico<\/li>\n\n\n\n<li>Raschietto per trattore gommato<\/li>\n\n\n\n<li>Feller Buncher<\/li>\n\n\n\n<li>Caricatore<\/li>\n\n\n\n<li>Selezionatore<\/li>\n\n\n\n<li>Scavatrici<\/li>\n\n\n\n<li>Finitrice<\/li>\n\n\n\n<li>Camion della spazzatura<\/li>\n\n\n\n<li>Carrello elevatore<\/li>\n\n\n\n<li>Gru<\/li>\n\n\n\n<li>Spedizioniere<\/li>\n\n\n\n<li>Trattore<\/li>\n\n\n\n<li>Mietitrice<\/li>\n<\/ul>\n\n\n\n<h2 class=\"wp-block-heading p3\"><span class=\"s2\">Dimensioni del mercato globale delle attrezzature per l\u2019edilizia<\/span><\/h2>\n\n\n\n<p class=\"p4\"><span class=\"s2\">COVID-19 has slowed down the economy. This slowdown is affecting sales in the <a href=\"https:\/\/www.sisinternational.com\/it\/competenza\/industrie\/ricerche-di-mercato-nel-settore-edile\/\" title=\"Ricerche sul mercato delle costruzioni\"  data-wpil-monitor-id=\"9045\">construction and mining equipment market<\/a>. Still, analysts expect a recovery once the situation improves. The <a href=\"https:\/\/www.sisinternational.com\/it\/azienda-leader-nella-strategia-di-marketing\/\" title=\"Azienda di strategia di marketing di alto livello\"  data-wpil-monitor-id=\"9043\">top company in the heavy machinery market<\/a> is Caterpillar Inc. AB Volvo, CNH Industrial NV, Hitachi Ltd., Doosan Infracore Co. Ltd., Komatsu Ltd., Deere &amp; Company, and J C Bamford Excavators Ltd are also heavy-hitters.<\/span><\/p>\n\n\n\n<p class=\"p4\"><span class=\"s2\">Analysts have uncovered several construction equipment trends. Of significance is the ongoing shift from traditional to automated. Global demand for more upgraded, fuel-efficient equipment is on the increase. The Asia-Pacific region may emerge dominant in the worldwide heavy machinery market share. Analysts also expect the <a href=\"https:\/\/www.sisinternational.com\/it\/ricerche-di-mercato-in-europa\/\" title=\"Il mercato europeo\"  data-wpil-monitor-id=\"9041\">mercato europeo<\/a> to grow due to improving employment levels. That market also had an increasing demand for new housing units (pre-COVID).<\/span><\/p>\n\n\n\n<h2 class=\"wp-block-heading p3\"><span class=\"s2\">Quota di mercato dei produttori di attrezzature per l&#039;edilizia<\/span><\/h2>\n\n\n\n<p class=\"p4\"><span class=\"s2\">Molte grandi citt\u00e0 in tutto il mondo stanno attraversando una rapida industrializzazione. Ci\u00f2, unito alle opportunit\u00e0 di lavoro redditizie, sta sostenendo lo spostamento della popolazione dalle aree rurali a quelle urbane. \u00c8 uno dei motori di crescita del settore delle macchine per le costruzioni (India e Cina ne sono esempi). Anche il mercato delle macchine edili in India sta crescendo grazie ai progetti di citt\u00e0 intelligenti. La necessit\u00e0 di macchine edili \u00e8 elevata nel settore dell&#039;edilizia residenziale. Questi progetti aumentano la domanda di macchinari pesanti di alta qualit\u00e0.<\/span><\/p>\n\n\n\n<p class=\"p4\"><span class=\"s2\">IL <a href=\"https:\/\/www.sisinternational.com\/it\/competenza\/industrie\/ricerche-di-mercato-nellindustria-pesante\/\" title=\"Ricerche di mercato nell&#039;industria pesante\"  data-wpil-monitor-id=\"9046\">heavy equipment industry<\/a> is also seeing an increase in public-private partnerships. Many of these partnerships are for installing infrastructure work. There has also been wide-scale adoption of the rental business model. Many companies are entering the construction equipment rental business. They are finding the profitability of the rental model to be attractive. These factors have increased demand for heavy machinery over the past few years. <\/span><\/p>\n\n\n\n<h2 class=\"wp-block-heading p3\"><span class=\"s2\">Quota di mercato Cat nel settore delle macchine edili<\/span><\/h2>\n\n\n\n<p class=\"p2\"><span class=\"s2\">Quasi tutti i rapporti sulle macchine edili mostrano Caterpillar Inc. come dominatore del mercato. La linea di prodotti delle attrezzature Cat comprende pi\u00f9 di 300 macchine. Stabilisce lo standard per l\u2019industria dei macchinari pesanti. Cat domina anche i mercati del noleggio di attrezzature pesanti e delle attrezzature usate. L&#039;azienda produce anche calzature, abbigliamento, modellini in scala, giocattoli, accessori e altro ancora.<\/span><\/p>\n\n\n\n<h2 class=\"wp-block-heading p3\"><span class=\"s2\">L\u2019impatto di COVID-19 sul mercato Attrezzature per l\u2019edilizia e l\u2019estrazione mineraria<\/span><\/h2>\n\n\n\n<p class=\"p4\"><span class=\"s2\">COVID-19 has hurt construction equipment <a href=\"https:\/\/www.sisinternational.com\/it\/soluzioni\/ricerche-di-mercato-sulle-vendite-aziendali-b2b\/\" title=\"Ricerche di mercato sulle vendite aziendali B2B\"  data-wpil-monitor-id=\"9047\">marketing and sales<\/a>. Caterpillar has reported declining sales, which, of course, has led to a drop in profits. The industry will feel the impact of the continued global economic uncertainty. Some companies are not even providing a financial outlook for the near future. Still, many governments have classed heavy machinery as an essential activity. They need equipment for the support of critical infrastructure. Thus, equipment manufacturers can continue to operate in those countries.<\/span><\/p>\n\n\n\n<p class=\"p2\"><span class=\"s2\">Sulla scia della crisi, i produttori stanno adottando nuovi metodi. Stanno inoltre aggiungendo procedure di sicurezza per continuare la produzione, ove possibile. Alcune aziende hanno spostato la loro attenzione. Hanno iniziato a produrre e distribuire dispositivi di protezione individuale salvavita. Altri hanno ritenuto necessario chiudere alcune strutture per garantire la sicurezza dei dipendenti. Anche gli stabilimenti chiudono a causa della riduzione della domanda.<\/span><\/p>\n\n\n\n<h2 class=\"wp-block-heading p3\"><span class=\"s2\">Perch\u00e9 le ricerche di mercato sui macchinari pesanti sono cos\u00ec importanti?<\/span><\/h2>\n\n\n\n<p class=\"p4\"><span class=\"s2\">Heavy Machinery Market Research is essential. It is invaluable for stakeholders in the construction and mining industries and crucial for a better understanding of your customers. It also gives you knowledge about your competitors and how they approach the market. <a href=\"https:\/\/www.sisinternational.com\/it\/contattaci\/\" title=\"Contattaci\"  data-wpil-monitor-id=\"9040\">Ricerca internazionale SIS<\/a> provides insights into the heavy machinery industry. We help you identify and analyze the needs of your market. In that way, you can improve your efficiency and profitability.<\/span><\/p>\n\n\n\n<h3 class=\"wp-block-heading\">I metodi di ricerca di mercato includono:<\/h3>\n\n\n\n<ul class=\"wp-block-list\">\n<li><a href=\"https:\/\/www.sisinternational.com\/it\/soluzioni\/soluzioni-di-ricerca-quantitativa-qualitativa\/focus-group-online\/\" title=\"Focus group on-line\"  data-wpil-monitor-id=\"9042\">Focus group on-line<\/a><\/li>\n\n\n\n<li>Sondaggi<\/li>\n\n\n\n<li>Interviste approfondite<\/li>\n\n\n\n<li>Videointerviste<\/li>\n\n\n\n<li>Etnografia<\/li>\n\n\n\n<li>Comunit\u00e0 in linea<\/li>\n\n\n\n<li>Secondary Research (<a class=\"wpil_keyword_link\" href=\"https:\/\/www.sisinternational.com\/it\/strumenti-e-risorse-per-la-ricerca-da-tavolo\/\"   title=\"Strumenti e risorse per la ricerca da tavolo\" data-wpil-keyword-link=\"linked\"  data-wpil-monitor-id=\"752\">Ricerca a tavolino<\/a>)<\/li>\n<\/ul>","protected":false},"excerpt":{"rendered":"<p>La ricerca di mercato per i macchinari pesanti \u00e8 fondamentale per le parti interessate nei settori edile e minerario e per comprendere i clienti.<\/p>","protected":false},"author":1,"featured_media":63182,"parent":14514,"menu_order":61,"comment_status":"closed","ping_status":"closed","template":"","meta":{"footnotes":""},"class_list":["post-35208","page","type-page","status-publish","has-post-thumbnail"],"_links":{"self":[{"href":"https:\/\/www.sisinternational.com\/it\/wp-json\/wp\/v2\/pages\/35208","targetHints":{"allow":["GET"]}}],"collection":[{"href":"https:\/\/www.sisinternational.com\/it\/wp-json\/wp\/v2\/pages"}],"about":[{"href":"https:\/\/www.sisinternational.com\/it\/wp-json\/wp\/v2\/types\/page"}],"author":[{"embeddable":true,"href":"https:\/\/www.sisinternational.com\/it\/wp-json\/wp\/v2\/users\/1"}],"replies":[{"embeddable":true,"href":"https:\/\/www.sisinternational.com\/it\/wp-json\/wp\/v2\/comments?post=35208"}],"version-history":[{"count":4,"href":"https:\/\/www.sisinternational.com\/it\/wp-json\/wp\/v2\/pages\/35208\/revisions"}],"predecessor-version":[{"id":81514,"href":"https:\/\/www.sisinternational.com\/it\/wp-json\/wp\/v2\/pages\/35208\/revisions\/81514"}],"up":[{"embeddable":true,"href":"https:\/\/www.sisinternational.com\/it\/wp-json\/wp\/v2\/pages\/14514"}],"wp:featuredmedia":[{"embeddable":true,"href":"https:\/\/www.sisinternational.com\/it\/wp-json\/wp\/v2\/media\/63182"}],"wp:attachment":[{"href":"https:\/\/www.sisinternational.com\/it\/wp-json\/wp\/v2\/media?parent=35208"}],"curies":[{"name":"wp","href":"https:\/\/api.w.org\/{rel}","templated":true}]}}