{"id":35196,"date":"2020-05-02T00:01:03","date_gmt":"2020-05-02T00:01:03","guid":{"rendered":"https:\/\/www.sisinternational.com\/?page_id=35196"},"modified":"2025-09-12T20:46:08","modified_gmt":"2025-09-13T00:46:08","slug":"ricerche-di-mercato-nel-campo-dellingegneria","status":"publish","type":"page","link":"https:\/\/www.sisinternational.com\/it\/competenza\/ricerche-di-mercato-nel-campo-dellingegneria\/","title":{"rendered":"Ricerche di mercato nel settore dell&#039;ingegneria"},"content":{"rendered":"<h1 class=\"wp-block-heading p1\"><span class=\"s1\">Ricerche di mercato nel settore dell&#039;ingegneria<\/span><\/h1>\n\n\n\n<figure class=\"gb-block-image gb-block-image-ca0ed1eb\"><img loading=\"lazy\" decoding=\"async\" width=\"1456\" height=\"816\" class=\"gb-image gb-image-ca0ed1eb\" src=\"https:\/\/www.sisinternational.com\/wp-content\/uploads\/2025\/08\/Construction-30-1.jpg\" alt=\"Ricerca e strategia di mercato internazionale SIS\" title=\"Construction (30)\" srcset=\"https:\/\/www.sisinternational.com\/wp-content\/uploads\/2025\/08\/Construction-30-1.jpg 1456w, https:\/\/www.sisinternational.com\/wp-content\/uploads\/2025\/08\/Construction-30-1-300x168.jpg 300w, https:\/\/www.sisinternational.com\/wp-content\/uploads\/2025\/08\/Construction-30-1-1024x574.jpg 1024w, https:\/\/www.sisinternational.com\/wp-content\/uploads\/2025\/08\/Construction-30-1-768x430.jpg 768w, https:\/\/www.sisinternational.com\/wp-content\/uploads\/2025\/08\/Construction-30-1-18x10.jpg 18w\" sizes=\"auto, (max-width: 1456px) 100vw, 1456px\"><\/figure>\n\n\n\n<p><\/p>\n\n\n\n<h2 class=\"wp-block-heading p2\"><span class=\"s2\">Le ricerche di mercato di Engineering rivelano spunti per la crescita del business<\/span><\/h2>\n\n\n\n<p class=\"p2\"><span class=\"s2\">This sector has a technical nature, so it often requires<\/span> specialized market researchers. We survey engineering firms, engineering professionals, industry bodies, and those who provide design solutions. SIS International Research has extensive experience in conducting engineering market research<span class=\"s2\">.<\/span><\/p>\n\n\n\n<h3 class=\"wp-block-heading\">Tipi di ingegneria:<\/h3>\n\n\n\n<ul class=\"wp-block-list\">\n<li>Ingegnere elettrico<\/li>\n\n\n\n<li>Ingegneria Chimica<\/li>\n\n\n\n<li>Ingegneria petrolifera<\/li>\n\n\n\n<li>Ingegneria Civile<\/li>\n\n\n\n<li>Industria meccanica<\/li>\n\n\n\n<li>Ingegneria Biomedica<\/li>\n\n\n\n<li>Ingegneria agricola<\/li>\n\n\n\n<li>Ingegneria Aerospaziale<\/li>\n\n\n\n<li>Ingegneria ambientale<\/li>\n<\/ul>\n\n\n\n<h2 class=\"wp-block-heading p3\"><span class=\"s2\">Tendenze del settore<\/span><\/h2>\n\n\n\n<p class=\"p4\"><span class=\"s2\">The first industrial revolution took place hundreds of years ago, therefore experts describe today&#8217;s industrial revolution as Industry 4.0, as a result, they adopted a change to a more self-aware and digitized system of work that will use Big Data and the <a href=\"https:\/\/www.sisinternational.com\/it\/soluzioni\/sis-consulenza-blockchain\/blockchain-internet-delle-cose\/\" title=\"Blockchain e Internet delle cose\"  data-wpil-monitor-id=\"9007\">Internet of Things<\/a>.<span class=\"s2\"> Utilizzer\u00e0 anche la nuova infrastruttura di comunicazione. Pertanto, l\u2019Industria 4.0 rappresenter\u00e0 una tendenza significativa e dirompente nel settore dell\u2019ingegneria. <\/span><\/p>\n\n\n\n<p class=\"p4\"><span class=\"s2\">La crescita del mercato si \u00e8 verificata nel settore dell\u2019ingegneria e delle costruzioni nonostante la carenza di manodopera e le pressioni sui costi. Il settore ha inoltre registrato una tendenza verso progetti a offerta fissa. \u00c8 probabile che queste sfide continuino in futuro. Tuttavia, le aziende E&amp;C godranno di numerose opportunit\u00e0 significative nel settore. L&#039;aumento di <\/span>citt\u00e0 intelligente <span class=\"s2\">I megaprogetti sono una di queste opportunit\u00e0, e l\u2019iniziativa statunitense sui trasporti e le infrastrutture \u00e8 un\u2019altra<\/span><span class=\"s2\">.<\/span><\/p>\n\n\n\n<p>IL <a href=\"https:\/\/www.sisinternational.com\/it\/competenza\/industrie\/ricerche-sul-mercato-energetico\/\" title=\"Ricerche sul mercato energetico\"  data-wpil-monitor-id=\"9004\">energy sector is another new market<\/a> to observe. As a result, many countries should see sustainable energy getting a bigger bite of the pie. These energy sources include solar, wind, utility-scale renewable fuels, and hydropower. Innovations may also occur in:<\/p>\n\n\n\n<ul class=\"wp-block-list\">\n<li><a href=\"https:\/\/www.sisinternational.com\/it\/soluzioni\/ai-ricerche-di-mercato-e-consulenza-strategica\/consulenza-per-lautomazione-della-sostenibilita-ambientale-e-lintelligenza-artificiale\/\" title=\"Ambiente e sostenibilit\u00e0 Consulenza sull&#039;automazione e sull&#039;intelligenza artificiale\"  data-wpil-monitor-id=\"9003\">Energia sostenibile e intelligenza artificiale<\/a><\/li>\n\n\n\n<li>Accumulo di energia, comprese le batterie<\/li>\n\n\n\n<li>Parit\u00e0 di griglia<\/li>\n\n\n\n<li>Blockchain<\/li>\n\n\n\n<li>Risorsa energetica distribuita<\/li>\n\n\n\n<li>Sicurezza informatica<\/li>\n\n\n\n<li>Il clima politico<\/li>\n<\/ul>\n\n\n\n<h2 class=\"wp-block-heading p3\"><span class=\"s2\">Analisi del mercato dei servizi<\/span><\/h2>\n\n\n\n<p class=\"p4\"><span class=\"s2\">L\u2019aumento delle entrate del settore tiene il passo con l\u2019economia statunitense in generale. La crescita pu\u00f2 verificarsi a causa di un aumento del valore dell\u2019edilizia privata non residenziale. Gli analisti utilizzano spesso questo settore come proxy della domanda di servizi industriali perch\u00e9 i prezzi delle materie prime e la domanda possono incidere sulla redditivit\u00e0.&nbsp;<\/span><\/p>\n\n\n\n<p class=\"p4\"><span class=\"s2\">The main driver of the engineering services <a href=\"https:\/\/www.sisinternational.com\/it\/soluzioni\/ricerca-di-consulenza-strategica-fintech\/consulenza-per-ricerche-di-mercato-sullinclusione-finanziaria-nelle-economie-emergenti\/\" title=\"Ricerche di mercato e consulenza sull&#039;inclusione finanziaria nelle economie emergenti\"  data-wpil-monitor-id=\"9002\">market is investments in emerging economies<\/a>, and these investments are occurring in the industrial, transport, and commercial infrastructure sectors. Most engineering <a href=\"https:\/\/www.sisinternational.com\/it\/soluzioni\/consulenza-per-lospitalita-turistica-turistica\/consulenza-strategica-per-ricerche-di-mercato-da-parte-di-societa-di-gestione-alberghiera\/\" title=\"Societ\u00e0 di gestione alberghiera Ricerche di mercato e consulenza strategica\"  data-wpil-monitor-id=\"9005\">companies function only in their regional\/national markets<\/a>, however, they do so for two reasons:<\/span><\/p>\n\n\n\n<ul class=\"wp-block-list\">\n<li><span class=\"s2\">Normative regionali<\/span><\/li>\n\n\n\n<li><span class=\"s2\">Competenza nei servizi di ingegneria specializzata<\/span><\/li>\n<\/ul>\n\n\n\n<h2 class=\"wp-block-heading p3\"><span class=\"s2\">Prospettive del settore dei servizi<\/span><\/h2>\n\n\n\n<p class=\"p4\"><span class=\"s2\">COVID-19 has had adverse effects on <a href=\"https:\/\/www.sisinternational.com\/it\/pubblicazioni\/ricerche-di-mercato-per-un-business-scalabile-7-modi-per-costruire-un-business-scalabile\/\" title=\"Ricerche di mercato per aziende scalabili: 7 modi per costruire un business scalabile\"  data-wpil-monitor-id=\"9006\">business activity and markets<\/a>, and consequently, it is presenting many challenges to the engineering and construction industry. These challenges can intensify depending on the length and severity of the crisis. For instance, construction jobs have already been canceled, and others suspended.<\/span><\/p>\n\n\n\n<p class=\"p4\"><span class=\"s2\">Gli esperti prevedono che gli effetti del Covid-19 saranno temporanei. L\u2019industria avr\u00e0 bisogno di pi\u00f9 ingegneri che mai quando il mondo torner\u00e0 alla normalit\u00e0.<\/span> <a href=\"https:\/\/www.sciencedaily.com\/news\/computers_math\/robotics\/\" target=\"_blank\" rel=\"noopener\">R<\/a><a href=\"https:\/\/www.sciencedaily.com\/news\/computers_math\/robotics\/\" target=\"_blank\" rel=\"noopener\">robotica<\/a><a href=\"https:\/\/www.sciencedaily.com\/news\/computers_math\/robotics\/\" target=\"_blank\" rel=\"noopener\"> E<\/a><a href=\"https:\/\/www.sciencedaily.com\/news\/computers_math\/robotics\/\" target=\"_blank\" rel=\"noopener\"> intelligenza artificiale<\/a> <span class=\"s2\">stimoler\u00e0 questa crescita della domanda, cos\u00ec come la realt\u00e0 virtuale e la produzione additiva. Altre tecnologie verranno incorporate in prodotti ingegnerizzati, come i dispositivi medici. Gli esperti prevedono anche un aumento della produzione di mezzi di trasporto. Anche i prodotti e i macchinari informatici ed elettronici aumenteranno la produzione.<\/span><\/p>\n\n\n\n<h2 class=\"wp-block-heading p3\"><span class=\"s2\">Perch\u00e9 le ricerche di mercato nel settore dell\u2019ingegneria sono cos\u00ec importanti?<\/span><\/h2>\n\n\n\n<p class=\"p4\"><span class=\"s2\">The engineering industry is one of the most diverse in the world because it covers OEM assembly and the manufacturing of components. It also includes the maintenance of equipment and machinery after their sale. Thus, you must work with the right <a href=\"https:\/\/www.sisinternational.com\/it\/competenza\/curriculum-di-esperienza\/curriculum-di-esperienza-nel-settore-automobilistico\/\" title=\"Societ\u00e0 di ricerche di mercato nel settore automobilistico\" data-wpil-monitor-id=\"9001\">Market Research company<\/a>. <\/span><\/p>\n\n\n\n<p class=\"p4\">Ricerche di mercato nel settore dell&#039;ingegneria<span class=\"s2\"> provides insights into the current state of the industry and also forecasts business activity in the sector. At <a href=\"https:\/\/www.sisinternational.com\/it\/contattaci\/\" title=\"Contattaci\" data-wpil-monitor-id=\"9000\">Ricerca internazionale SIS<\/a>, we give our clients the information they need in addition to helping them to plan for the future and to come up with effective growth strategies. To get this information, for instance, we survey:<\/span><\/p>\n\n\n\n<ul class=\"wp-block-list ul1\">\n<li><span class=\"s2\">Ingegnere elettrico\u00a0<\/span><\/li>\n\n\n\n<li><span class=\"s2\">Ingegnere chimico<\/span><\/li>\n\n\n\n<li><span class=\"s2\">Ingegnere meccanico\u00a0<\/span><\/li>\n\n\n\n<li><span class=\"s2\">Ingegnere della qualit\u00e0\u00a0<\/span><\/li>\n\n\n\n<li><span class=\"s2\">Ingegnere industriale\u00a0<\/span><\/li>\n\n\n\n<li><span class=\"s2\">Ingegnere di produzione\u00a0<\/span><\/li>\n\n\n\n<li><span class=\"s2\">Ingegnere petrolifero\u00a0<\/span><\/li>\n\n\n\n<li><span class=\"s2\">Ingegnere di processo\u00a0<\/span><\/li>\n\n\n\n<li><span class=\"s2\">Ingegnere di progetto\u00a0<\/span><\/li>\n\n\n\n<li><span class=\"s2\">Ingegnere del software\u00a0<\/span><\/li>\n\n\n\n<li><span class=\"s2\">Ingegnere robotico<\/span><\/li>\n\n\n\n<li><span class=\"s2\">Acquirente\/Progettista\u00a0<\/span><\/li>\n\n\n\n<li><span class=\"s2\">Responsabile della catena di fornitura\u00a0<\/span><\/li>\n\n\n\n<li><span class=\"s2\">Responsabile dei materiali\u00a0<\/span><\/li>\n\n\n\n<li><span class=\"s2\">ingegnere procuratore\u00a0<\/span><\/li>\n\n\n\n<li>Dirigenti della suite C<\/li>\n\n\n\n<li>Presidenti<\/li>\n\n\n\n<li><span class=\"s5\">VP<\/span><\/li>\n\n\n\n<li><span class=\"s2\">registi<\/span><\/li>\n\n\n\n<li><span class=\"s2\">Manager<\/span><\/li>\n\n\n\n<li><span class=\"s2\">Tecnico Elettromeccanico<\/span><\/li>\n\n\n\n<li><span class=\"s2\">Tecnico della qualit\u00e0\u00a0<\/span><\/li>\n\n\n\n<li><span class=\"s2\">Tecnico di prova\u00a0<\/span><\/li>\n\n\n\n<li><span class=\"s2\">Tecnico elettronico\u00a0<\/span><\/li>\n\n\n\n<li><span class=\"s2\">Ingegnere Meccatronico<\/span><\/li>\n<\/ul>\n\n\n\n<p><\/p>","protected":false},"excerpt":{"rendered":"<p>SIS \u00e8 una societ\u00e0 leader nella ricerca di mercato e nella strategia globale specializzata in ricerche di mercato ingegneristiche. Scopri come possiamo aumentare i tuoi profitti.<\/p>","protected":false},"author":1,"featured_media":62987,"parent":14514,"menu_order":60,"comment_status":"closed","ping_status":"closed","template":"","meta":{"footnotes":""},"class_list":["post-35196","page","type-page","status-publish","has-post-thumbnail"],"_links":{"self":[{"href":"https:\/\/www.sisinternational.com\/it\/wp-json\/wp\/v2\/pages\/35196","targetHints":{"allow":["GET"]}}],"collection":[{"href":"https:\/\/www.sisinternational.com\/it\/wp-json\/wp\/v2\/pages"}],"about":[{"href":"https:\/\/www.sisinternational.com\/it\/wp-json\/wp\/v2\/types\/page"}],"author":[{"embeddable":true,"href":"https:\/\/www.sisinternational.com\/it\/wp-json\/wp\/v2\/users\/1"}],"replies":[{"embeddable":true,"href":"https:\/\/www.sisinternational.com\/it\/wp-json\/wp\/v2\/comments?post=35196"}],"version-history":[{"count":4,"href":"https:\/\/www.sisinternational.com\/it\/wp-json\/wp\/v2\/pages\/35196\/revisions"}],"predecessor-version":[{"id":81508,"href":"https:\/\/www.sisinternational.com\/it\/wp-json\/wp\/v2\/pages\/35196\/revisions\/81508"}],"up":[{"embeddable":true,"href":"https:\/\/www.sisinternational.com\/it\/wp-json\/wp\/v2\/pages\/14514"}],"wp:featuredmedia":[{"embeddable":true,"href":"https:\/\/www.sisinternational.com\/it\/wp-json\/wp\/v2\/media\/62987"}],"wp:attachment":[{"href":"https:\/\/www.sisinternational.com\/it\/wp-json\/wp\/v2\/media?parent=35196"}],"curies":[{"name":"wp","href":"https:\/\/api.w.org\/{rel}","templated":true}]}}