{"id":35108,"date":"2020-04-25T22:14:08","date_gmt":"2020-04-25T22:14:08","guid":{"rendered":"https:\/\/www.sisinternational.com\/?page_id=35108"},"modified":"2026-01-27T15:24:07","modified_gmt":"2026-01-27T20:24:07","slug":"ricerche-di-mercato-sui-negozi-di-ferramenta","status":"publish","type":"page","link":"https:\/\/www.sisinternational.com\/it\/competenza\/ricerche-di-mercato-sui-negozi-di-ferramenta\/","title":{"rendered":"Ricerche di mercato su negozi di ferramenta e bricolage"},"content":{"rendered":"<h1 class=\"wp-block-heading\">Ricerche di mercato su negozi di ferramenta e bricolage<\/h1>\n\n\n\n<figure class=\"gb-block-image gb-block-image-c7f7ff23\"><img loading=\"lazy\" decoding=\"async\" width=\"1456\" height=\"816\" class=\"gb-image gb-image-c7f7ff23\" src=\"https:\/\/www.sisinternational.com\/wp-content\/uploads\/2025\/08\/Smart-home-3.jpg\" alt=\"Ricerca e strategia di mercato internazionale SIS\" title=\"Smart home (3)\" srcset=\"https:\/\/www.sisinternational.com\/wp-content\/uploads\/2025\/08\/Smart-home-3.jpg 1456w, https:\/\/www.sisinternational.com\/wp-content\/uploads\/2025\/08\/Smart-home-3-300x168.jpg 300w, https:\/\/www.sisinternational.com\/wp-content\/uploads\/2025\/08\/Smart-home-3-1024x574.jpg 1024w, https:\/\/www.sisinternational.com\/wp-content\/uploads\/2025\/08\/Smart-home-3-768x430.jpg 768w, https:\/\/www.sisinternational.com\/wp-content\/uploads\/2025\/08\/Smart-home-3-18x10.jpg 18w\" sizes=\"auto, (max-width: 1456px) 100vw, 1456px\"><\/figure>\n\n\n\n<p><\/p>\n\n\n\n<h2 class=\"wp-block-heading\">I negozi di ferramenta sono una parte importante della societ\u00e0<\/h2>\n\n\n\n<p>At Hardware stores, buyers buy vital products and equipment for homes and businesses.\u00a0 Customers can efficiently buy products that improve lives and boost productivity.<\/p>\n\n\n\n<p>SIS ha una vasta esperienza nell&#039;aiutare le catene di negozi di ferramenta a diventare globali, a raggiungere obiettivi strategici e a soddisfare meglio le esigenze dei clienti.<\/p>\n\n\n\n<h2 class=\"wp-block-heading\">Ricerche di mercato su negozi di ferramenta e bricolage<\/h2>\n\n\n\n<p>Aiutiamo i negozi di ferramenta a esaminare quanto segue:<\/p>\n\n\n\n<ul class=\"wp-block-list ul1\">\n<li><span class=\"s2\">Which categories to emphasize in store to be best aligned with consumer needs\/DIY behavior<\/span><\/li>\n\n\n\n<li><span class=\"s2\">Profondit\u00e0 di assortimento in varie categorie di prodotti<\/span><\/li>\n\n\n\n<li><span class=\"s2\">Confezione del prodotto (confezioni sfuse o singole) per categoria<\/span><\/li>\n\n\n\n<li><span class=\"s2\">Enfasi sugli assortimenti di articoli stagionali<\/span><\/li>\n\n\n\n<li>Mix di marketing<\/li>\n<\/ul>\n\n\n\n<p class=\"p1\"><span class=\"s1\">We provide valuable insights regarding purchasing behavior, current home improvement trends, and the purchase journey. The overall project objectives are:<\/span><\/p>\n\n\n\n<ul class=\"wp-block-list ol2\">\n<li><span class=\"s1\">Develop a greater understanding of who the local home maintenance and home improvement shopper\u00a0<\/span><\/li>\n\n\n\n<li><span class=\"s1\">Determinare quali progetti \u00e8 pi\u00f9 probabile che i clienti intraprendano<\/span><\/li>\n\n\n\n<li><span class=\"s1\">Determine how customers complete projects across the 3 main project types<\/span><\/li>\n<\/ul>\n\n\n\n<h2 class=\"wp-block-heading p3\"><span class=\"s1\">Comportamento del cliente<\/span><\/h2>\n\n\n\n<ul class=\"wp-block-list ol2\">\n<li><span class=\"s1\">Determina dove i clienti fanno acquisti<\/span><\/li>\n\n\n\n<li><span class=\"s1\">Identificare le fonti utilizzate per ottenere informazioni su quali prodotti acquistare<\/span><\/li>\n\n\n\n<li><span class=\"s1\">Breve profilo attitudinale<\/span><\/li>\n\n\n\n<li><span class=\"s1\">Offer in-depth analysis and reporting of the findings in a final report to be presented to the client team if requested<\/span><\/li>\n<\/ul>\n\n\n\n<h2 class=\"wp-block-heading\">Clienti idraulici<\/h2>\n\n\n\n<p class=\"p1\"><span class=\"s1\">Definiamo un segmento come<b>\u00a0Pluming Related Projects, <\/b>che \u00e8 classificato da coloro che hanno svolto una delle seguenti attivit\u00e0 negli ultimi 3 anni o che probabilmente lo faranno nei prossimi 2 anni.<\/span><\/p>\n\n\n\n<p class=\"p2\"><span class=\"s1\">Questi individui saranno presi di mira con la loro conoscenza di questi tipi di compiti.<\/span><\/p>\n\n\n\n<ul class=\"wp-block-list ul1\">\n<li><span class=\"s1\">Riparare una valvola che perde nel serbatoio della toilette<\/span><\/li>\n\n\n\n<li><span class=\"s1\">Riparare una toilette che perde (acqua che esce dalla base della toilette)<\/span><\/li>\n\n\n\n<li><span class=\"s1\">Riparare un rubinetto del lavandino che perde<\/span><\/li>\n\n\n\n<li><span class=\"s1\">Sostituzione di un rubinetto<\/span><\/li>\n\n\n\n<li><span class=\"s1\">Riparare una o pi\u00f9 perdite nei tubi sotto il lavandino<\/span><\/li>\n\n\n\n<li><span class=\"s1\">Riparare un WC intasato<\/span><\/li>\n\n\n\n<li><span class=\"s1\">Sturare un lavandino<\/span><\/li>\n\n\n\n<li><span class=\"s1\">Sostituzione soffione doccia<\/span><\/li>\n\n\n\n<li><span class=\"s1\">Sostituzione o installazione di uno scaldabagno<\/span><\/li>\n<\/ul>\n\n\n\n<p class=\"p1\"><span class=\"s1\">Gli individui sotto il<b> Progetti correlati all&#039;elettricit\u00e0 e all&#039;illuminazione<\/b> sono classificati in base a coloro che hanno svolto una delle seguenti attivit\u00e0 negli ultimi 3 anni o che probabilmente lo faranno nei prossimi 2 anni.<\/span><\/p>\n\n\n\n<h2 class=\"wp-block-heading\">Clienti Elettricisti<\/h2>\n\n\n\n<p class=\"p1\"><span class=\"s1\">Electricians are therefore very skilled for having to protect against surges and are multi-talented.\u00a0<\/span><\/p>\n\n\n\n<ul class=\"wp-block-list ul1\">\n<li><span class=\"s3\">Sostituisci o installi un nuovo campanello cablato?\u00a0<\/span><\/li>\n\n\n\n<li><span class=\"s3\">Sostituisci o installi un nuovo ventilatore da soffitto?\u00a0<\/span><\/li>\n\n\n\n<li><span class=\"s3\">Sostituire o installare un nuovo lampadario?\u00a0<\/span><\/li>\n\n\n\n<li><span class=\"s3\">Sostituire o aggiungere una piastra dell&#039;interruttore?\u00a0<\/span><\/li>\n\n\n\n<li><span class=\"s1\">Sostituire o aggiungere una piastra di raccolta?\u00a0 <\/span><span class=\"s5\">O piastra per presa a muro?<\/span><\/li>\n\n\n\n<li><span class=\"s1\">Sostituire o installare un tritarifiuti sotto il lavandino?\u00a0<\/span><\/li>\n<\/ul>\n\n\n\n<h2 class=\"wp-block-heading\">Altri clienti<\/h2>\n\n\n\n<p class=\"p1\"><span class=\"s1\">Gli individui sotto il<b> Altri progetti<\/b> sono classificati in base a coloro che hanno svolto una delle seguenti attivit\u00e0 negli ultimi 3 anni o che probabilmente lo faranno nei prossimi 2 anni.<\/span><\/p>\n\n\n\n<p class=\"p2\"><span class=\"s1\">These are all high-incidence as these DIY jobs are done by the head of the household. Even the elderly will ask a neighbor to do this job for them rather than employing a contractor. <\/span><\/p>\n\n\n\n<ul class=\"wp-block-list ul1\">\n<li><span class=\"s1\">Sostituire o installare una serratura? <\/span><\/li>\n\n\n\n<li><span class=\"s1\">Sostituire una porta della tua casa?<\/span><\/li>\n\n\n\n<li><span class=\"s1\">Dipingere una o pi\u00f9 stanze della tua casa?<\/span><\/li>\n\n\n\n<li><span class=\"s1\">Dipingere l&#039;esterno della tua casa?<\/span><\/li>\n\n\n\n<li><span class=\"s1\">Riparare un tetto che perde?<\/span><\/li>\n\n\n\n<li><span class=\"s1\">Installazione di tapparelle o tende?<\/span><\/li>\n<\/ul>\n\n\n\n<h2 class=\"wp-block-heading\">Ricerche di mercato sui finanziamenti per la casa<\/h2>\n\n\n\n<p>We conduct research with contractors and lenders on the topic of Home Improvement Lending and Financing.&nbsp; For example, we conduct <a href=\"https:\/\/www.sisinternational.com\/it\/metodi-di-ricerca-alternativi-e-visite-domiciliari\/\" title=\"Metodi di ricerca alternativi e visite domiciliari\u00a0\"  data-wpil-monitor-id=\"850\">research on how small-to-mid-sized home<\/a> improving and remodeling businesses finance their operations.&nbsp; We examine:<\/p>\n\n\n\n<ul class=\"wp-block-list\">\n<li>qual \u00e8 l&#039;ambiente aziendale in cui operano questi appaltatori<\/li>\n\n\n\n<li>quali sono le loro esigenze di finanziamento oggi<\/li>\n\n\n\n<li>quali alternative utilizzano per soddisfare tali bisogni<\/li>\n\n\n\n<li>quali sono le reazioni degli appaltatori a 3 nuovi concetti che potrebbero soddisfare le loro esigenze finanziarie<\/li>\n<\/ul>\n\n\n\n<p>Scopriamo le principali esigenze non soddisfatte relative alla gestione del flusso di cassa, ai tipi di finanziamento e alle modalit\u00e0 per coinvolgere gli appaltatori edili.<\/p>\n\n\n\n<h2 class=\"wp-block-heading\">Metodologia di test della posizione centrale<\/h2>\n\n\n\n<p class=\"p1\"><span class=\"s1\">A Central Location Test (CLT) is a face-to-face methodology in which respondents are invited to take part in research that is conducted in a public accessible place, such as a hall or specialized facility. <a class=\"wpil_keyword_link\" href=\"https:\/\/www.sisinternational.com\/it\/soluzioni\/soluzioni-di-branding-e-ricerca-clienti\/ricerche-di-mercato-per-test-di-prodotto\/azienda-leader-nei-test-di-posizione-centrale\/\"   title=\"Azienda leader nei test in posizione centrale\" data-wpil-keyword-link=\"linked\"  data-wpil-monitor-id=\"754\">Central Location Testing<\/a> thrives on showing products or stimulus to a big group of respondents that need to be carried out in standard conditions and\/or procedures. Central Location Testing typically achieves a higher response rate and better results in research that may be too long or difficult for the respondent to carry out individually. <\/span><\/p>\n\n\n\n<h2 class=\"wp-block-heading p1\"><span class=\"s1\">Metodologia di esempio<\/span><\/h2>\n\n\n\n<ul class=\"wp-block-list ul1\">\n<li><span class=\"s1\">Targeting per n=450 intervistati\u00a0<\/span><\/li>\n\n\n\n<li><span class=\"s1\">Segmentato in n=150 per tipo di progetto:<\/span>\n<ul class=\"wp-block-list\">\n<li>\n<ul class=\"wp-block-list\">\n<li><span class=\"s1\"><b>Progetti relativi a impianti idraulici<\/b> <\/span><\/li>\n\n\n\n<li><span class=\"s1\"><b>Progetti legati all&#039;elettricit\u00e0 e all&#039;illuminazione<\/b> <\/span><\/li>\n\n\n\n<li><span class=\"s1\"><b>Altri progetti<\/b><\/span><\/li>\n<\/ul>\n<\/li>\n<\/ul>\n<\/li>\n\n\n\n<li><span class=\"s1\"> Ciascun intervistato impiegher\u00e0 20-25 minuti per rispondere al sondaggio sui tablet <\/span><\/li>\n\n\n\n<li><span class=\"s1\">SIS utilizzer\u00e0 le domande fornite dal team del cliente e, se necessario, tradurr\u00e0 e modificher\u00e0 le domande per il mercato locale<\/span><\/li>\n\n\n\n<li><span class=\"s1\">Non verranno apportate modifiche se non approvate dal cliente<\/span><\/li>\n\n\n\n<li><span class=\"s1\">Il questionario \u00e8 composto principalmente da domande a risposta multipla a risposta chiusa, con un massimo di 5 domande a risposta aperta<\/span><\/li>\n<\/ul>\n\n\n\n<h2 class=\"wp-block-heading p1\"><span class=\"s1\">Mercato di riferimento<\/span><\/h2>\n\n\n\n<p><span class=\"s1\">Un mercato target comune per i nostri studi in questo settore sono i consumatori che hanno realizzato almeno uno dei tipi di progetto di cui sopra negli ultimi 3 anni o intendono farlo nei prossimi 2 anni:<\/span><\/p>\n\n\n\n<ul class=\"wp-block-list ul1\">\n<li><span class=\"s1\">Pittura d&#039;interni<\/span><\/li>\n\n\n\n<li><span class=\"s1\">Verniciatura esterna<\/span><\/li>\n\n\n\n<li><span class=\"s1\">Riparazione di impianti idraulici leggeri (riparare la toilette, sostituire il rubinetto, ecc.)<\/span><\/li>\n\n\n\n<li><span class=\"s1\">Luce elettrica (sostituzione lampadine, interruttori, ecc.)<\/span><\/li>\n\n\n\n<li><span class=\"s1\">Pianta un giardino\/fiori<\/span><\/li>\n\n\n\n<li><span class=\"s1\">Manutenzione del prato (fertilizzante, ecc.)<\/span><\/li>\n\n\n\n<li><span class=\"s1\">Reclutare per un mix di rappresentanza del progetto<\/span><\/li>\n<\/ul>\n\n\n\n<p>It is important to recruit for a mix of project representation.\u00a0 We may focus on consumers who have purchased a home maintenance\/home improvement item for their home in the past year using a self-service format store.\u00a0 The age range is typically ages 30-50, and there may be a mix of 60% males\/40% female.\u00a0 Depending on which country we survey, the <a href=\"https:\/\/www.sisinternational.com\/it\/ricerche-di-mercato-in-medio-oriente\/\" title=\"Ricerche di mercato in Medio Oriente\"  data-wpil-monitor-id=\"7343\">middle class is defined by local market<\/a> standards.\u00a0 We may also examine the role of e-commerce and online research in the purchasing decision.<\/p>\n\n\n\n<p><\/p>","protected":false},"excerpt":{"rendered":"<p>Scopri come le ricerche di mercato nei negozi di ferramenta e nel settore del bricolage possono migliorare le tue prestazioni.<\/p>","protected":false},"author":1,"featured_media":64960,"parent":14514,"menu_order":57,"comment_status":"closed","ping_status":"closed","template":"","meta":{"footnotes":""},"class_list":["post-35108","page","type-page","status-publish","has-post-thumbnail"],"_links":{"self":[{"href":"https:\/\/www.sisinternational.com\/it\/wp-json\/wp\/v2\/pages\/35108","targetHints":{"allow":["GET"]}}],"collection":[{"href":"https:\/\/www.sisinternational.com\/it\/wp-json\/wp\/v2\/pages"}],"about":[{"href":"https:\/\/www.sisinternational.com\/it\/wp-json\/wp\/v2\/types\/page"}],"author":[{"embeddable":true,"href":"https:\/\/www.sisinternational.com\/it\/wp-json\/wp\/v2\/users\/1"}],"replies":[{"embeddable":true,"href":"https:\/\/www.sisinternational.com\/it\/wp-json\/wp\/v2\/comments?post=35108"}],"version-history":[{"count":6,"href":"https:\/\/www.sisinternational.com\/it\/wp-json\/wp\/v2\/pages\/35108\/revisions"}],"predecessor-version":[{"id":80986,"href":"https:\/\/www.sisinternational.com\/it\/wp-json\/wp\/v2\/pages\/35108\/revisions\/80986"}],"up":[{"embeddable":true,"href":"https:\/\/www.sisinternational.com\/it\/wp-json\/wp\/v2\/pages\/14514"}],"wp:featuredmedia":[{"embeddable":true,"href":"https:\/\/www.sisinternational.com\/it\/wp-json\/wp\/v2\/media\/64960"}],"wp:attachment":[{"href":"https:\/\/www.sisinternational.com\/it\/wp-json\/wp\/v2\/media?parent=35108"}],"curies":[{"name":"wp","href":"https:\/\/api.w.org\/{rel}","templated":true}]}}