{"id":34845,"date":"2020-04-05T00:27:21","date_gmt":"2020-04-05T00:27:21","guid":{"rendered":"https:\/\/www.sisinternational.com\/?page_id=34845"},"modified":"2025-09-13T01:18:54","modified_gmt":"2025-09-13T05:18:54","slug":"ricerche-di-mercato-in-franchising","status":"publish","type":"page","link":"https:\/\/www.sisinternational.com\/it\/competenza\/ricerche-di-mercato-in-franchising\/","title":{"rendered":"Ricerche di mercato in franchising"},"content":{"rendered":"<h1 class=\"wp-block-heading\">Ricerche di mercato in franchising<\/h1>\n\n\n\n<figure class=\"gb-block-image gb-block-image-0fa2707f\"><img loading=\"lazy\" decoding=\"async\" width=\"1456\" height=\"816\" class=\"gb-image gb-image-0fa2707f\" src=\"https:\/\/www.sisinternational.com\/wp-content\/uploads\/2025\/08\/Franchise-2.jpg\" alt=\"Ricerca e strategia di mercato internazionale SIS\" title=\"Franchise (2)\" srcset=\"https:\/\/www.sisinternational.com\/wp-content\/uploads\/2025\/08\/Franchise-2.jpg 1456w, https:\/\/www.sisinternational.com\/wp-content\/uploads\/2025\/08\/Franchise-2-300x168.jpg 300w, https:\/\/www.sisinternational.com\/wp-content\/uploads\/2025\/08\/Franchise-2-1024x574.jpg 1024w, https:\/\/www.sisinternational.com\/wp-content\/uploads\/2025\/08\/Franchise-2-768x430.jpg 768w, https:\/\/www.sisinternational.com\/wp-content\/uploads\/2025\/08\/Franchise-2-18x10.jpg 18w\" sizes=\"auto, (max-width: 1456px) 100vw, 1456px\"><\/figure>\n\n\n\n<p><\/p>\n\n\n\n<h2 class=\"wp-block-heading\">SIS conduce le seguenti soluzioni di ricerche di mercato in franchising:<\/h2>\n\n\n\n<ul class=\"wp-block-list\">\n<li>Ricerca di mercato sulla soddisfazione degli affiliati<\/li>\n\n\n\n<li>Ricerche di mercato sulla soddisfazione dei dipendenti<\/li>\n\n\n\n<li>Fattibilit\u00e0 del sito e valutazione dell&#039;ubicazione<\/li>\n\n\n\n<li>Opportunit\u00e0 di mercato, valutazioni di dimensionamento dell&#039;ingresso<\/li>\n\n\n\n<li>Monitoraggio del settore<\/li>\n\n\n\n<li>Analisi competitiva<\/li>\n\n\n\n<li><a href=\"https:\/\/www.sisinternational.com\/it\/competenza\/industrie\/voce-delle-bevande-alimentari-della-ricerca-di-mercato-dei-clienti\/\" title=\"La voce del cliente nel settore alimentare e delle bevande. Ricerche di mercato\"  data-wpil-monitor-id=\"9246\">Ricerche di mercato sui clienti<\/a><\/li>\n<\/ul>\n\n\n\n<h2 class=\"wp-block-heading\">Temi strategici da esaminare:<\/h2>\n\n\n\n<ul class=\"wp-block-list\">\n<li><span style=\"font-weight: 400;\">Qual \u00e8 la forza intrinseca del tuo franchising? rispetto ad altri franchising? concorrenti?<\/span><\/li>\n\n\n\n<li><span style=\"font-weight: 400;\">Perch\u00e9 i clienti scelgono quel franchising specifico?<\/span><\/li>\n\n\n\n<li><span style=\"font-weight: 400;\">Qual \u00e8 il valore di quel franchising per la comunit\u00e0?<\/span><\/li>\n\n\n\n<li><span style=\"font-weight: 400;\">What is the derived <a href=\"https:\/\/www.sisinternational.com\/it\/competenza\/industrie\/ricerche-di-mercato-sulla-misurazione-del-marchio\/\" title=\"Ricerche di mercato sulla misurazione del marchio\"  data-wpil-monitor-id=\"9252\">measurement of the franchise brand<\/a> equity at the local level?<\/span><\/li>\n\n\n\n<li><span style=\"font-weight: 400;\">Quali sono i punti deboli percepiti del tuo franchising?<\/span><\/li>\n\n\n\n<li><span style=\"font-weight: 400;\">Quali sono i punti di forza percepiti del vostro franchising?<\/span><\/li>\n\n\n\n<li><span style=\"font-weight: 400;\">Quali attributi del tuo franchising supportano la fidelizzazione dei clienti?<\/span><\/li>\n\n\n\n<li><span style=\"font-weight: 400;\">Il tuo franchising \u00e8 soggetto a rischi competitivi sul mercato?<\/span><\/li>\n\n\n\n<li><span style=\"font-weight: 400;\">What <a href=\"https:\/\/www.sisinternational.com\/it\/competenza\/industrie\/k-beauty-opportunita-di-tendenze-coreane-per-la-cura-della-pelle\/\" title=\"K Beauty \u2013 Tendenze e opportunit\u00e0 per la cura della pelle coreana\"  data-wpil-monitor-id=\"9256\">trends offer opportunities<\/a> to your franchise?<\/span><\/li>\n\n\n\n<li><span style=\"font-weight: 400;\">Quali tendenze rappresentano una minaccia per il tuo franchising?<\/span><\/li>\n\n\n\n<li>Come puoi riposizionare strategicamente il tuo franchising per rafforzare la salute del tuo franchising?<\/li>\n<\/ul>\n\n\n\n<h2 class=\"wp-block-heading\">Decisioni strategiche da prendere<\/h2>\n\n\n\n<ul class=\"wp-block-list\">\n<li><span style=\"font-weight: 400;\">Quali sono le tendenze, gli atteggiamenti e le aspettative attuali dei clienti?<\/span><\/li>\n\n\n\n<li><span style=\"font-weight: 400;\">Quali sono i vostri attuali livelli di soddisfazione dei clienti?<\/span><\/li>\n\n\n\n<li><span style=\"font-weight: 400;\">Quali sono le esigenze soddisfatte dei tuoi clienti?<\/span><\/li>\n\n\n\n<li><span style=\"font-weight: 400;\">Quali sono i bisogni insoddisfatti dei tuoi clienti?<\/span><\/li>\n\n\n\n<li><span style=\"font-weight: 400;\">Cosa piace ai tuoi clienti?<\/span><\/li>\n\n\n\n<li><span style=\"font-weight: 400;\">Cosa non piace ai tuoi clienti?<\/span><\/li>\n\n\n\n<li><span style=\"font-weight: 400;\">Qual \u00e8 il punteggio del tuo promotore netto in franchising? Rispetto ad altri franchising? rispetto ai tuoi concorrenti?<\/span><\/li>\n\n\n\n<li><span style=\"font-weight: 400;\">Quali sono gli attuali livelli di soddisfazione del tuo cliente?<\/span><\/li>\n\n\n\n<li><span style=\"font-weight: 400;\">La fedelt\u00e0 del cliente \u00e8 un derivato della soddisfazione del cliente. Qual \u00e8 la tua misura della fedelt\u00e0 del cliente?<\/span><\/li>\n\n\n\n<li><span style=\"font-weight: 400;\">Quanto rischi di perdere un cliente dati i tuoi attuali livelli di soddisfazione del cliente?<\/span><\/li>\n\n\n\n<li><span style=\"font-weight: 400;\">In che modo i livelli di soddisfazione del cliente influiranno sulla tua reputazione?<\/span><\/li>\n\n\n\n<li><span style=\"font-weight: 400;\">What services do you need to employ to <a href=\"https:\/\/www.sisinternational.com\/it\/migliorare-le-relazioni-con-i-clienti\/\" title=\"Come migliorare la soddisfazione del cliente e soddisfare i clienti insoddisfatti\"  data-wpil-monitor-id=\"9248\">improve your customer satisfaction<\/a> and customer loyalty index or ratings?<\/span><\/li>\n\n\n\n<li><span style=\"font-weight: 400;\">Quali sono le opportunit\u00e0 formative per i franchising?<\/span><\/li>\n\n\n\n<li><span style=\"font-weight: 400;\">Quali sono i consigli dei clienti per i franchising?<\/span><\/li>\n\n\n\n<li><span style=\"font-weight: 400;\">Dove si colloca il tuo franchising tra gli altri franchising? E i concorrenti?<\/span><\/li>\n\n\n\n<li><span style=\"font-weight: 400;\">Dove sono le opportunit\u00e0 di miglioramento per il tuo franchising?<\/span><\/li>\n\n\n\n<li><span style=\"font-weight: 400;\">Con quale probabilit\u00e0 i clienti attuali raccomandano il tuo franchising?<\/span><\/li>\n<\/ul>\n\n\n\n<p><\/p>","protected":false},"excerpt":{"rendered":"<p>SIS \u00e8 una societ\u00e0 leader nella ricerca di mercato globale e nella consulenza strategica. Scopri come far crescere la tua attivit\u00e0 in franchising con approfondimenti e dati.<\/p>","protected":false},"author":1,"featured_media":63810,"parent":14514,"menu_order":55,"comment_status":"closed","ping_status":"closed","template":"","meta":{"footnotes":""},"class_list":["post-34845","page","type-page","status-publish","has-post-thumbnail"],"_links":{"self":[{"href":"https:\/\/www.sisinternational.com\/it\/wp-json\/wp\/v2\/pages\/34845","targetHints":{"allow":["GET"]}}],"collection":[{"href":"https:\/\/www.sisinternational.com\/it\/wp-json\/wp\/v2\/pages"}],"about":[{"href":"https:\/\/www.sisinternational.com\/it\/wp-json\/wp\/v2\/types\/page"}],"author":[{"embeddable":true,"href":"https:\/\/www.sisinternational.com\/it\/wp-json\/wp\/v2\/users\/1"}],"replies":[{"embeddable":true,"href":"https:\/\/www.sisinternational.com\/it\/wp-json\/wp\/v2\/comments?post=34845"}],"version-history":[{"count":4,"href":"https:\/\/www.sisinternational.com\/it\/wp-json\/wp\/v2\/pages\/34845\/revisions"}],"predecessor-version":[{"id":81547,"href":"https:\/\/www.sisinternational.com\/it\/wp-json\/wp\/v2\/pages\/34845\/revisions\/81547"}],"up":[{"embeddable":true,"href":"https:\/\/www.sisinternational.com\/it\/wp-json\/wp\/v2\/pages\/14514"}],"wp:featuredmedia":[{"embeddable":true,"href":"https:\/\/www.sisinternational.com\/it\/wp-json\/wp\/v2\/media\/63810"}],"wp:attachment":[{"href":"https:\/\/www.sisinternational.com\/it\/wp-json\/wp\/v2\/media?parent=34845"}],"curies":[{"name":"wp","href":"https:\/\/api.w.org\/{rel}","templated":true}]}}