{"id":34686,"date":"2020-02-29T04:57:31","date_gmt":"2020-02-29T04:57:31","guid":{"rendered":"https:\/\/www.sisinternational.com\/?page_id=34686"},"modified":"2026-01-25T19:37:11","modified_gmt":"2026-01-26T00:37:11","slug":"ricerche-di-mercato-relative-al-finanziamento-della-supply-chain","status":"publish","type":"page","link":"https:\/\/www.sisinternational.com\/it\/soluzioni\/ricerca-di-consulenza-strategica-fintech\/ricerche-di-mercato-relative-al-finanziamento-della-supply-chain\/","title":{"rendered":"Ricerche di mercato sulla finanza della catena di fornitura"},"content":{"rendered":"<h1 class=\"wp-block-heading\">Ricerche di mercato sulla finanza della catena di fornitura<\/h1>\n\n\n\n<figure class=\"gb-block-image gb-block-image-737a1663\"><img loading=\"lazy\" decoding=\"async\" width=\"1456\" height=\"816\" class=\"gb-image gb-image-737a1663\" src=\"https:\/\/www.sisinternational.com\/wp-content\/uploads\/2025\/08\/Finance-9.jpg\" alt=\"Ricerca e strategia di mercato internazionale SIS\" title=\"Finance (9)\" srcset=\"https:\/\/www.sisinternational.com\/wp-content\/uploads\/2025\/08\/Finance-9.jpg 1456w, https:\/\/www.sisinternational.com\/wp-content\/uploads\/2025\/08\/Finance-9-300x168.jpg 300w, https:\/\/www.sisinternational.com\/wp-content\/uploads\/2025\/08\/Finance-9-1024x574.jpg 1024w, https:\/\/www.sisinternational.com\/wp-content\/uploads\/2025\/08\/Finance-9-768x430.jpg 768w, https:\/\/www.sisinternational.com\/wp-content\/uploads\/2025\/08\/Finance-9-18x10.jpg 18w\" sizes=\"auto, (max-width: 1456px) 100vw, 1456px\"><\/figure>\n\n\n\n<p><\/p>\n\n\n\n<hr class=\"wp-block-separator has-alpha-channel-opacity is-style-dots\"\/>\n\n\n\n<p><span style=\"font-weight: 400;\">In today&#8217;s interconnected world, with supply chains stretching across continents and encompassing a multitude of stakeholders, the need for robust financial strategies is more pronounced. Consequently, supply chain finance market research emerges as a critical tool for understanding the mechanisms, opportunities, and challenges inherent in optimizing the financial aspects of the supply chain.<\/span><\/p>\n\n\n\n<h2 class=\"wp-block-heading\"><strong>Comprendere le ricerche di mercato sulla finanza della supply chain<\/strong><\/h2>\n\n\n\n<p><span style=\"font-weight: 400;\">Supply chain <a href=\"https:\/\/sisaisolutions.com\/application-of-ai-in-financial-services\/\" target=\"_blank\" rel=\"noopener\">finance market research analyzes<\/a> data related to the financial aspects of supply chains, from suppliers&#8217; creditworthiness to payment mechanisms&#8217; efficiency. It offers businesses valuable insights into enhancing their working capital and strengthening their supply chain operations.<\/span><\/p>\n\n\n\n<p><span style=\"font-weight: 400;\">At its core, supply chain <a href=\"https:\/\/www.sisinternational.com\/it\/soluzioni\/ricerca-di-consulenza-strategica-fintech\/ricerche-di-mercato-di-consulenti-finanziari-indipendenti\/\" title=\"Ricerche di mercato sui consulenti finanziari indipendenti\" data-wpil-monitor-id=\"6031\">finance market research<\/a> seeks to understand the financial relationships and dependencies between the different entities in a supply chain. It examines how funds flow between suppliers, manufacturers, distributors, and retailers, identifying areas where financial processes can be optimized to benefit all parties involved.&nbsp;<\/span><\/p>\n\n\n\n<h2 class=\"wp-block-heading\"><strong>Importanza delle ricerche di mercato sulla finanza della supply chain<\/strong><\/h2>\n\n\n\n<p><span style=\"font-weight: 400;\"><a href=\"https:\/\/www.sisinternational.com\/it\/soluzioni\/consulenza-strategica\/ricerche-di-mercato-sulla-catena-di-fornitura\/\" title=\"Ricerche di mercato sulla catena di fornitura\" data-wpil-monitor-id=\"6541\">Supply chain finance market research<\/a> empowers companies to mitigate risks associated with supplier insolvency or liquidity constraints. It protects the company&#8217;s interests and ensures the resilience of the entire supply chain.<\/span><\/p>\n\n\n\n<p><span style=\"font-weight: 400;\">Moreover, supply chain finance market research identifies cost-saving opportunities. Businesses can optimize their working capital management by analyzing payment terms, financing options, and cash flow strategies. <\/span><span style=\"font-weight: 400;\">Oltre alla gestione del rischio e alla riduzione dei costi, la ricerca di mercato finanziaria della supply chain promuove l\u2019innovazione nelle operazioni finanziarie. Con l\u2019emergere di nuove tecnologie e strumenti finanziari, la ricerca aiuta le aziende ad adattare e adottare questi progressi, rimanendo competitive in un mercato in continua evoluzione.<\/span><\/p>\n\n\n\n<h2 class=\"wp-block-heading\"><strong>Quali sono i vantaggi della ricerca di mercato sulla finanza della supply chain?<\/strong><\/h2>\n\n\n\n<figure class=\"gb-block-image gb-block-image-17eefa34\"><img loading=\"lazy\" decoding=\"async\" width=\"1456\" height=\"816\" class=\"gb-image gb-image-17eefa34\" src=\"https:\/\/www.sisinternational.com\/wp-content\/uploads\/2025\/08\/Finance-13.jpg\" alt=\"Ricerca e strategia di mercato internazionale SIS\" title=\"Finance (13)\" srcset=\"https:\/\/www.sisinternational.com\/wp-content\/uploads\/2025\/08\/Finance-13.jpg 1456w, https:\/\/www.sisinternational.com\/wp-content\/uploads\/2025\/08\/Finance-13-300x168.jpg 300w, https:\/\/www.sisinternational.com\/wp-content\/uploads\/2025\/08\/Finance-13-1024x574.jpg 1024w, https:\/\/www.sisinternational.com\/wp-content\/uploads\/2025\/08\/Finance-13-768x430.jpg 768w, https:\/\/www.sisinternational.com\/wp-content\/uploads\/2025\/08\/Finance-13-18x10.jpg 18w\" sizes=\"auto, (max-width: 1456px) 100vw, 1456px\"><\/figure>\n\n\n\n<p><\/p>\n\n\n\n<p><span style=\"font-weight: 400;\">Businesses that invest time and resources into this type of research can expect various advantages that improve their financial standing and enhance their strategic positioning.<\/span><\/p>\n\n\n\n<p><b> \u2022 Miglioramento del processo decisionale: <\/b><span style=\"font-weight: 400;\">Supply chain finance market research equips decision-makers with data-driven insights, enabling them to craft strategies aligning with financial and operational goals.&nbsp;<\/span><\/p>\n\n\n\n<p><b> \u2022 Maggiore efficienza operativa: <\/b><span style=\"font-weight: 400;\">La ricerca fornisce approfondimenti sulle pratiche e sugli strumenti finanziari pi\u00f9 efficienti, aiutando le aziende a semplificare processi quali fatturazione, pagamenti e gestione del flusso di cassa.<\/span><\/p>\n\n\n\n<p><b> \u2022 Mitigazione del rischio: <\/b><span style=\"font-weight: 400;\">Companies can proactively protect themselves against credit risk, currency fluctuations, and market volatility, thereby securing their supply chains against unforeseen events.<\/span><\/p>\n\n\n\n<p><b> \u2022 Rapporti strategici con i fornitori: <\/b>Supply chain finance <a href=\"https:\/\/www.sisinternational.com\/it\/competenza\/industrie\/ricerche-di-mercato-sulla-diversita-dei-fornitori\/\" title=\"Ricerca di mercato sulla diversit\u00e0 dei fornitori\" data-wpil-monitor-id=\"5811\">market research helps businesses understand their suppliers<\/a>&#8216; financial stability and performance. With this knowledge, companies can develop mutually beneficial financing arrangements such as dynamic discounting or reverse factoring, which can strengthen supplier relationships and ensure continuity of supply.<\/span><\/p>\n\n\n\n<p><b> \u2022 Vantaggio competitivo: <\/b>Companies that leverage <a href=\"https:\/\/www.sisinternational.com\/it\/carta-bianca-che-viene-prima-dalla-domanda-o-dallofferta\/\" title=\"Libro bianco: cosa viene prima: domanda o offerta?\" data-wpil-monitor-id=\"4787\">supply chain finance<\/a> effectively can respond more quickly to market demands, invest in growth opportunities, and ultimately deliver greater value to their customers.<\/span><\/p>\n\n\n\n<h2 class=\"wp-block-heading\"><strong>Chi utilizza le ricerche di mercato Supply Chain Finance<\/strong><\/h2>\n\n\n\n<p><span style=\"font-weight: 400;\">In primis, <\/span><b>direttori finanziari (CFO)<\/b><span style=\"font-weight: 400;\"> E <\/span><b>dipartimenti del tesoro<\/b><span style=\"font-weight: 400;\"> utilizzare le ricerche di mercato relative al finanziamento della supply chain per garantire la liquidit\u00e0 e gestire il capitale circolante in modo pi\u00f9 efficace. Gli approfondimenti di questa ricerca consentono loro di elaborare strategie sfumate che bilanciano rischio e rendimento nell\u2019ambito finanziario della supply chain.<\/span><\/p>\n\n\n\n<p><span style=\"font-weight: 400;\">Per <\/span><b>unit\u00e0 di vendita e di sviluppo commerciale<\/b><span style=\"font-weight: 400;\">, supply chain finance market research provides intelligence supporting customer payment terms negotiation.&nbsp;<\/span><\/p>\n\n\n\n<p><b>Produttori e distributori<\/b><span style=\"font-weight: 400;\"> use <a href=\"https:\/\/www.sisinternational.com\/it\/soluzioni\/ricerche-di-mercato-nel-settore-manifatturiero\/\" title=\"Ricerche di mercato nel settore manifatturiero\" data-wpil-monitor-id=\"5520\">ricerche di mercato relative al finanziamento della supply chain<\/a> to identify opportunities for improving cash-to-cash cycle times. By doing so, they can free up cash trapped in the supply chain, enabling reinvestment in growth initiatives or new product development.<\/span><\/p>\n\n\n\n<p><b>Istituzioni finanziarie e societ\u00e0 fintech<\/b><span style=\"font-weight: 400;\"> are also key supply chain finance market research users. They leverage the insights to design tailored financial products that address the specific needs of businesses seeking to enhance their supply chain operations.<\/span><\/p>\n\n\n\n<p><span style=\"font-weight: 400;\">Da ultimo, <a href=\"https:\/\/www.sisinternational.com\/it\/soluzioni\/ai-ricerche-di-mercato-e-consulenza-strategica\/consulenza-sulla-supply-chain-e-sullautomazione\/\" title=\"Consulenza sull&#039;automazione dell&#039;intelligenza artificiale della catena di fornitura\" data-wpil-monitor-id=\"4410\">consultants and advisory firms integrate supply chain<\/a> finance market research into their services, providing clients with strategic advice on managing and improving their financial supply chain processes.<\/span><\/p>\n\n\n\n<h2 class=\"wp-block-heading\"><strong>Quando condurre ricerche di mercato sulla finanza della supply chain<\/strong><\/h2>\n\n\n\n<figure class=\"gb-block-image gb-block-image-50c3d896\"><img loading=\"lazy\" decoding=\"async\" width=\"1456\" height=\"816\" class=\"gb-image gb-image-50c3d896\" src=\"https:\/\/www.sisinternational.com\/wp-content\/uploads\/2025\/08\/Finance-18.jpg\" alt=\"Ricerca e strategia di mercato internazionale SIS\" title=\"Finance (18)\" srcset=\"https:\/\/www.sisinternational.com\/wp-content\/uploads\/2025\/08\/Finance-18.jpg 1456w, https:\/\/www.sisinternational.com\/wp-content\/uploads\/2025\/08\/Finance-18-300x168.jpg 300w, https:\/\/www.sisinternational.com\/wp-content\/uploads\/2025\/08\/Finance-18-1024x574.jpg 1024w, https:\/\/www.sisinternational.com\/wp-content\/uploads\/2025\/08\/Finance-18-768x430.jpg 768w, https:\/\/www.sisinternational.com\/wp-content\/uploads\/2025\/08\/Finance-18-18x10.jpg 18w\" sizes=\"auto, (max-width: 1456px) 100vw, 1456px\"><\/figure>\n\n\n\n<p><\/p>\n\n\n\n<p><span style=\"font-weight: 400;\">Prima di approfondire i casi specifici che richiedono una ricerca di mercato sul finanziamento della supply chain, \u00e8 fondamentale riconoscere che tale ricerca non \u00e8 un progetto una tantum. Si tratta invece di un processo continuo che supporta il processo decisionale strategico e la gestione del rischio in corso.<\/span><\/p>\n\n\n\n<p><b>Durante la pianificazione strategica<\/b><\/p>\n\n\n\n<p><span style=\"font-weight: 400;\">When companies embark on strategic planning, supply chain finance market research provides the financial insights needed to support long-term goals.&nbsp;<\/span><\/p>\n\n\n\n<p><b>In risposta ai cambiamenti del mercato<\/b><\/p>\n\n\n\n<p><span style=\"font-weight: 400;\">Le dinamiche di mercato (come le fluttuazioni dei prezzi delle materie prime, dei tassi di cambio o dei tassi di interesse) possono avere un impatto significativo sui costi e sui rischi associati al finanziamento della catena di approvvigionamento. Condurre ricerche di mercato sulla scia di tali cambiamenti pu\u00f2 aiutare le aziende ad adattare di conseguenza le proprie strategie di finanziamento.<\/span><\/p>\n\n\n\n<p><b>A seguito dei cambiamenti normativi<\/b><\/p>\n\n\n\n<p><span style=\"font-weight: 400;\">Regulatory changes can profoundly affect supply chain finance. Businesses must undertake market research to comprehend new compliance requirements and adjust their financial strategies to maintain legal and competitive standing.<\/span><\/p>\n\n\n\n<p><b>Nel mezzo dei progressi tecnologici<\/b><\/p>\n\n\n\n<p><span style=\"font-weight: 400;\">As new technologies emerge, they change how supply chain finance can be managed. Research into these advancements enables companies to stay at the forefront of innovation and incorporate these technologies into their financial operations.<\/span><\/p>\n\n\n\n<h2 class=\"wp-block-heading\"><strong>Cosa aspettarsi dalle ricerche di mercato del Supply Chain Finance<\/strong><\/h2>\n\n\n\n<p><span style=\"font-weight: 400;\">When undertaking supply chain finance market research, businesses can anticipate various outcomes and deliverables that will aid in enhancing their supply chain strategies. Here&#8217;s what to expect:<\/span><\/p>\n\n\n\n<p><b> \u2022 Analisi dettagliata del settore: <\/b><span style=\"font-weight: 400;\">Supply chain finance market research provides a comprehensive analysis of the industry, including current trends, challenges, and opportunities within supply chain finance.&nbsp;<\/span><\/p>\n\n\n\n<p><b> \u2022 Benchmarking finanziario: <\/b><span style=\"font-weight: 400;\">The research offers benchmarking data against which companies can measure their performance. T<\/span><\/p>\n\n\n\n<p><b> \u2022 Approfondimenti sulla conformit\u00e0 normativa: <\/b><span style=\"font-weight: 400;\">Supply chain finance market research informs businesses about current and upcoming regulatory changes that could affect their operations.&nbsp;<\/span><\/p>\n\n\n\n<p><b> \u2022 Soluzioni di finanziamento e innovazioni: <\/b><span style=\"font-weight: 400;\">Research can uncover new and innovative financing solutions that may benefit the company.&nbsp;<\/span><\/p>\n\n\n\n<h2 class=\"wp-block-heading p3\"><span class=\"s1\">Blockchain, Machine Learning e AI hanno anche rivoluzionato il mercato globale della supply chain.<\/span><\/h2>\n\n\n\n<figure class=\"gb-block-image gb-block-image-bdf52c29\"><img loading=\"lazy\" decoding=\"async\" width=\"1456\" height=\"816\" class=\"gb-image gb-image-bdf52c29\" src=\"https:\/\/www.sisinternational.com\/wp-content\/uploads\/2025\/08\/Fintech-14.jpg\" alt=\"Ricerca e strategia di mercato internazionale SIS\" title=\"Fintech (14)\" srcset=\"https:\/\/www.sisinternational.com\/wp-content\/uploads\/2025\/08\/Fintech-14.jpg 1456w, https:\/\/www.sisinternational.com\/wp-content\/uploads\/2025\/08\/Fintech-14-300x168.jpg 300w, https:\/\/www.sisinternational.com\/wp-content\/uploads\/2025\/08\/Fintech-14-1024x574.jpg 1024w, https:\/\/www.sisinternational.com\/wp-content\/uploads\/2025\/08\/Fintech-14-768x430.jpg 768w, https:\/\/www.sisinternational.com\/wp-content\/uploads\/2025\/08\/Fintech-14-18x10.jpg 18w\" sizes=\"auto, (max-width: 1456px) 100vw, 1456px\"><\/figure>\n\n\n\n<p><\/p>\n\n\n\n<p class=\"p3\"><span class=\"s1\">Un fattore determinante \u00e8 anche la crescita di alcune piccole e medie imprese (PMI). <\/span><\/p>\n\n\n\n<p class=\"p3\"><span class=\"s1\">The banking sector has become a key global supply chain finance market player. The increased demand for payables has also become a significant trend, driving the market&#8217;s growth. Emerging markets have also made companies look for solutions. They are seeking more cash and assets offered by supply chain finance markets.<\/span><\/p>\n\n\n\n<h2 class=\"wp-block-heading p5\"><span class=\"s1\">Le sfide che il mercato finanziario della supply chain deve affrontare<\/span><\/h2>\n\n\n\n<p class=\"p3\"><span class=\"s1\">Le principali sfide che il mercato finanziario globale della supply chain deve affrontare sono:<\/span><\/p>\n\n\n\n<ul class=\"wp-block-list\">\n<li><span class=\"s1\">Concorrenza tra nuovi finanziatori e banche<\/span><\/li>\n\n\n\n<li><span class=\"s1\">I tassi di interesse dei fornitori<\/span><\/li>\n\n\n\n<li><span class=\"s1\">Mancanza di inventario sufficiente <\/span><\/li>\n\n\n\n<li><span class=\"s1\">Obiettivi diversi per acquirenti e venditori<\/span><\/li>\n\n\n\n<li><span class=\"s1\">Eccessiva dipendenza dai sistemi tecnologici e dalle reti neurali. <\/span><\/li>\n<\/ul>\n\n\n\n<h2 class=\"wp-block-heading p5\"><span class=\"s1\">Il futuro del mercato finanziario della supply chain<\/span><\/h2>\n\n\n\n<p class=\"p3\"><span class=\"s1\">Gli esperti si aspettano che il mercato cresca. Questa crescita \u00e8 dovuta all\u2019impatto dei nuovi mercati emergenti e dei nuovi fornitori di finanziamenti. Anche il mercato globale \u00e8 diventato trasparente e pi\u00f9 aperto a operatori nuovi e ancora pi\u00f9 piccoli. <\/span><\/p>\n\n\n\n<p class=\"p3\"><span class=\"s1\">Finally, AI will impact the supply chain finance market. Machine Learning and Blockchain will also be significant factors. <\/span><\/p>\n\n\n\n<p class=\"p3\"><span class=\"s1\">Supply Chain Finance allows a small supplier to access affordable financing. It also decreases the time taken to collect payment. Thus, it improves the company\u2019s cash flow, which it can use for something else. It removes outstanding debts owed to a company from its balance sheets. It also allows another party to assume payment risk on its behalf.<\/span><\/p>\n\n\n\n<h2 class=\"wp-block-heading\">La nostra sede a New York<\/h2>\n\n\n\n<p>\n\n\n\n<iframe loading=\"lazy\" src=\"https:\/\/www.google.com\/maps\/embed?pb=!1m18!1m12!1m3!1d3022.976188376966!2d-73.99130312499956!3d40.740549471389315!2m3!1f0!2f0!3f0!3m2!1i1024!2i768!4f13.1!3m3!1m2!1s0x89c259a15798c731%3A0xd695d09bdd495f25!2s11%20E%2022nd%20St%20FL%202%2C%20New%20York%2C%20NY%2010010%2C%20USA!5e0!3m2!1sen!2spe!4v1726171763526!5m2!1sen!2spe\" width=\"600\" height=\"450\" allowfullscreen=\"allowfullscreen\" data-mce-fragment=\"1\"><\/iframe>\n\n\n\n<\/p>\n\n\n\n<h3 class=\"wp-block-heading\">11 E 22nd Street, piano 2, New York, NY 10010 T: +1(212) 505-6805<\/h3>\n\n\n\n<hr class=\"wp-block-separator has-alpha-channel-opacity\"\/>\n\n\n\n<h2 class=\"wp-block-heading\"><span style=\"font-weight: 400;\">A proposito di SIS Internazionale<\/span><\/h2>\n\n\n\n<p><a href=\"https:\/\/www.sisinternational.com\/it\/\"><span style=\"font-weight: 400;\">SIS Internazionale<\/span><\/a><span style=\"font-weight: 400;\"> offre ricerca quantitativa, qualitativa e strategica. Forniamo dati, strumenti, strategie, report e approfondimenti per il processo decisionale. Conduciamo anche interviste, sondaggi, focus group e altri metodi e approcci di ricerca di mercato.<\/span><a href=\"https:\/\/www.sisinternational.com\/it\/sulla-sua-ricerca-internazionale\/contact-sis-international-market-research\/\"><span style=\"font-weight: 400;\"> Contattaci<\/span><\/a><span style=\"font-weight: 400;\"> per il tuo prossimo progetto di ricerca di mercato.<\/span><\/p>\n\n\n\n<p><\/p>","protected":false},"excerpt":{"rendered":"<p>Forniamo ricerche di mercato e consulenza nel settore Supply Chain Finance.<\/p>","protected":false},"author":1,"featured_media":62819,"parent":27462,"menu_order":32,"comment_status":"closed","ping_status":"closed","template":"","meta":{"footnotes":""},"class_list":["post-34686","page","type-page","status-publish","has-post-thumbnail"],"_links":{"self":[{"href":"https:\/\/www.sisinternational.com\/it\/wp-json\/wp\/v2\/pages\/34686","targetHints":{"allow":["GET"]}}],"collection":[{"href":"https:\/\/www.sisinternational.com\/it\/wp-json\/wp\/v2\/pages"}],"about":[{"href":"https:\/\/www.sisinternational.com\/it\/wp-json\/wp\/v2\/types\/page"}],"author":[{"embeddable":true,"href":"https:\/\/www.sisinternational.com\/it\/wp-json\/wp\/v2\/users\/1"}],"replies":[{"embeddable":true,"href":"https:\/\/www.sisinternational.com\/it\/wp-json\/wp\/v2\/comments?post=34686"}],"version-history":[{"count":11,"href":"https:\/\/www.sisinternational.com\/it\/wp-json\/wp\/v2\/pages\/34686\/revisions"}],"predecessor-version":[{"id":80126,"href":"https:\/\/www.sisinternational.com\/it\/wp-json\/wp\/v2\/pages\/34686\/revisions\/80126"}],"up":[{"embeddable":true,"href":"https:\/\/www.sisinternational.com\/it\/wp-json\/wp\/v2\/pages\/27462"}],"wp:featuredmedia":[{"embeddable":true,"href":"https:\/\/www.sisinternational.com\/it\/wp-json\/wp\/v2\/media\/62819"}],"wp:attachment":[{"href":"https:\/\/www.sisinternational.com\/it\/wp-json\/wp\/v2\/media?parent=34686"}],"curies":[{"name":"wp","href":"https:\/\/api.w.org\/{rel}","templated":true}]}}