{"id":34647,"date":"2020-02-26T05:51:08","date_gmt":"2020-02-26T05:51:08","guid":{"rendered":"https:\/\/www.sisinternational.com\/?page_id=34647"},"modified":"2026-01-26T18:57:27","modified_gmt":"2026-01-26T23:57:27","slug":"ricerche-di-mercato-sullanalisi-dei-dati-bancari","status":"publish","type":"page","link":"https:\/\/www.sisinternational.com\/it\/soluzioni\/ricerca-di-consulenza-strategica-fintech\/ricerche-di-mercato-sullanalisi-dei-dati-bancari\/","title":{"rendered":"Ricerche di mercato sull&#039;analisi dei dati bancari"},"content":{"rendered":"<h1 class=\"gb-headline gb-headline-5d1675a8 gb-headline-text\">Ricerche di mercato sull&#039;analisi dei dati bancari<\/h1>\n\n\n\n<figure class=\"gb-block-image gb-block-image-49fecfeb\"><img loading=\"lazy\" decoding=\"async\" width=\"1456\" height=\"816\" class=\"gb-image gb-image-49fecfeb\" src=\"https:\/\/www.sisinternational.com\/wp-content\/uploads\/2025\/08\/Data-37.jpg\" alt=\"Ricerca e strategia di mercato internazionale SIS\" title=\"Data (37)\" srcset=\"https:\/\/www.sisinternational.com\/wp-content\/uploads\/2025\/08\/Data-37.jpg 1456w, https:\/\/www.sisinternational.com\/wp-content\/uploads\/2025\/08\/Data-37-300x168.jpg 300w, https:\/\/www.sisinternational.com\/wp-content\/uploads\/2025\/08\/Data-37-1024x574.jpg 1024w, https:\/\/www.sisinternational.com\/wp-content\/uploads\/2025\/08\/Data-37-768x430.jpg 768w, https:\/\/www.sisinternational.com\/wp-content\/uploads\/2025\/08\/Data-37-18x10.jpg 18w\" sizes=\"auto, (max-width: 1456px) 100vw, 1456px\"><\/figure>\n\n\n\n<h2 class=\"wp-block-heading\"><\/h2>\n\n\n\n<hr class=\"wp-block-separator has-alpha-channel-opacity is-style-dots\"\/>\n\n\n\n<h2 class=\"wp-block-heading p3\"><span class=\"s1\">L\u2019analisi dei dati svolge un ruolo significativo nel settore bancario<\/span><\/h2>\n\n\n\n<p class=\"p3\"><span class=\"s1\">Gaining the top position in the banking sector is not easy in today&#8217;s competitive world. Executives need a better understanding of banking details and current status, which plays a significant role in lifting the bank\u2019s position to the top. Banks can use a data analytics program to order and examine customer details. Such a program shows deposits and other transactions. It&#8217;s an excellent tool for customer retention and compliance.<\/span><\/p>\n\n\n\n<h2 class=\"wp-block-heading\"><strong>Comprendere le ricerche di mercato sull&#039;analisi dei dati bancari<\/strong><\/h2>\n\n\n\n<p><span style=\"font-weight: 400;\">Bank <a href=\"https:\/\/www.sisinternational.com\/it\/soluzioni\/ai-ricerche-di-mercato-e-consulenza-strategica\/scienza-dei-dati-e-ricerche-di-mercato\/\" title=\"Ricerche di mercato sull&#039;intelligenza artificiale per la scienza dei dati\"  data-wpil-monitor-id=\"2403\">data analytics market research<\/a> analyzes customer behavior analysis, risk assessment, fraud detection, and operational optimization, among other elements. By leveraging advanced analytics tools and techniques, financial institutions gain invaluable insights into their operations, enabling them to make data-driven decisions that drive profitability and enhance customer satisfaction.<\/span><\/p>\n\n\n\n<h2 class=\"wp-block-heading\"><strong>Perch\u00e9 le aziende hanno bisogno di ricerche di mercato sull\u2019analisi dei dati bancari<\/strong><\/h2>\n\n\n\n<figure class=\"gb-block-image gb-block-image-02a2b2f7\"><img loading=\"lazy\" decoding=\"async\" width=\"1456\" height=\"816\" class=\"gb-image gb-image-02a2b2f7\" src=\"https:\/\/www.sisinternational.com\/wp-content\/uploads\/2025\/08\/Data-38.jpg\" alt=\"Ricerca e strategia di mercato internazionale SIS\" title=\"Data (38)\" srcset=\"https:\/\/www.sisinternational.com\/wp-content\/uploads\/2025\/08\/Data-38.jpg 1456w, https:\/\/www.sisinternational.com\/wp-content\/uploads\/2025\/08\/Data-38-300x168.jpg 300w, https:\/\/www.sisinternational.com\/wp-content\/uploads\/2025\/08\/Data-38-1024x574.jpg 1024w, https:\/\/www.sisinternational.com\/wp-content\/uploads\/2025\/08\/Data-38-768x430.jpg 768w, https:\/\/www.sisinternational.com\/wp-content\/uploads\/2025\/08\/Data-38-18x10.jpg 18w\" sizes=\"auto, (max-width: 1456px) 100vw, 1456px\"><\/figure>\n\n\n\n<p><\/p>\n\n\n\n<p><span style=\"font-weight: 400;\"><a href=\"https:\/\/www.sisinternational.com\/it\/aggiornamento-sulle-tendenze-del-settore-bancario-e-finanziario-islamico\/\" title=\"Ricerche di mercato nel settore bancario islamico\"  data-wpil-monitor-id=\"2869\">Bank data analytics market research<\/a> provides invaluable insights into customer trends, allowing banks to tailor their products and services effectively to meet evolving demands. It also enables banks to assess and mitigate various risks, including credit risks, market risks, and fraud risks.&nbsp;<\/span><\/p>\n\n\n\n<p><span style=\"font-weight: 400;\">Moreover, operational efficiency is essential for banks to optimize resources and streamline processes. Bank <a href=\"https:\/\/www.sisinternational.com\/it\/competenza\/industrie\/ricerche-di-mercato-sui-dati-di-formazione\/\" title=\"Ricerche di mercato sui dati di formazione\"  data-wpil-monitor-id=\"3424\">data analytics market research<\/a> helps banks identify inefficiencies, simplify workflows, and allocate resources effectively.&nbsp;&nbsp;<\/span><\/p>\n\n\n\n<p><span style=\"font-weight: 400;\">Inoltre, questa ricerca aiuta le banche a garantire la conformit\u00e0 agli standard normativi fornendo approfondimenti sui requisiti normativi e monitorando le attivit\u00e0 di conformit\u00e0... Ma offre molti altri vantaggi, tra cui:<\/span><\/p>\n\n\n\n<p><b>\u2022 Esperienza cliente migliorata:<\/b><span style=\"font-weight: 400;\"> Bank <a href=\"https:\/\/www.sisinternational.com\/it\/competenza\/industrie\/esternalizzazione-dellanalisi-dei-dati\/\" title=\"Outsourcing di ricerche di mercato di dati e analisi\"  data-wpil-monitor-id=\"3668\">data analytics market research<\/a> allows banks to better understand their customers&#8217; needs, preferences, and behaviors. This insight enables them to tailor their products and services to meet customer expectations, deliver personalized experiences, and build stronger customer relationships.<\/span><\/p>\n\n\n\n<p><b>\u2022 Rilevamento e prevenzione delle frodi:<\/b><span style=\"font-weight: 400;\"> Con la crescente diffusione delle frodi nel settore bancario, individuare e prevenire le attivit\u00e0 fraudolente \u00e8 una priorit\u00e0 assoluta per le banche. Le ricerche di mercato sull\u2019analisi dei dati bancari forniscono alle banche gli strumenti e le capacit\u00e0 per rilevare modelli sospetti e anomalie nei dati delle transazioni, consentendo loro di identificare e prevenire le frodi in tempo reale.<\/span><\/p>\n\n\n\n<p><b>\u2022 Efficienza operativa:<\/b><span style=\"font-weight: 400;\"> Questa ricerca consente alle banche di analizzare i propri processi operativi, identificare aree di miglioramento e semplificare i flussi di lavoro, portando a una maggiore produttivit\u00e0 ed efficienza in tutta l\u2019organizzazione.<\/span><\/p>\n\n\n\n<h2 class=\"wp-block-heading\"><strong>In che modo la ricerca di mercato sull\u2019analisi dei dati bancari differisce dalla ricerca di mercato tradizionale?<\/strong><\/h2>\n\n\n\n<p><span style=\"font-weight: 400;\">Le ricerche di mercato sull&#039;analisi dei dati bancari si occupano di grandi volumi di dati finanziari complessi, inclusi dati transazionali, informazioni sui clienti, dati di mercato e dati normativi. La ricerca di mercato tradizionale, d\u2019altro canto, comporta in genere la raccolta e l\u2019analisi di dati provenienti da sondaggi, focus group e fonti secondarie, che potrebbero non essere cos\u00ec voluminosi o complessi come i dati finanziari.<\/span><\/p>\n\n\n\n<p><span style=\"font-weight: 400;\">Additionally, bank data analytics market research often employs predictive analytics techniques to forecast future trends, identify risks, and make strategic decisions. Traditional market research may focus more on descriptive analytics to understand past trends and current market conditions.<\/span><\/p>\n\n\n\n<p><span style=\"font-weight: 400;\">Inoltre, <a href=\"https:\/\/www.sisinternational.com\/it\/comprendere-il-sistema-bancario-ombra-cinese\/\" title=\"Comprendere il sistema bancario ombra cinese\"  data-wpil-monitor-id=\"4378\">ricerche di mercato sull&#039;analisi dei dati bancari<\/a> requires a thorough understanding of regulatory requirements and compliance standards, given the sensitive nature of financial data. Traditional market research may not have the same level of regulatory scrutiny, although ethical considerations and data privacy concerns are still relevant.<\/span><\/p>\n\n\n\n<h2 class=\"wp-block-heading\"><strong>Aspettatevi risultati dalle ricerche di mercato sull&#039;analisi dei dati bancari<\/strong><\/h2>\n\n\n\n<figure class=\"gb-block-image gb-block-image-3ed670ee\"><img loading=\"lazy\" decoding=\"async\" width=\"1456\" height=\"816\" class=\"gb-image gb-image-3ed670ee\" src=\"https:\/\/www.sisinternational.com\/wp-content\/uploads\/2025\/08\/Data-33.jpg\" alt=\"Ricerca e strategia di mercato internazionale SIS\" title=\"Data (33)\" srcset=\"https:\/\/www.sisinternational.com\/wp-content\/uploads\/2025\/08\/Data-33.jpg 1456w, https:\/\/www.sisinternational.com\/wp-content\/uploads\/2025\/08\/Data-33-300x168.jpg 300w, https:\/\/www.sisinternational.com\/wp-content\/uploads\/2025\/08\/Data-33-1024x574.jpg 1024w, https:\/\/www.sisinternational.com\/wp-content\/uploads\/2025\/08\/Data-33-768x430.jpg 768w, https:\/\/www.sisinternational.com\/wp-content\/uploads\/2025\/08\/Data-33-18x10.jpg 18w\" sizes=\"auto, (max-width: 1456px) 100vw, 1456px\"><\/figure>\n\n\n\n<p><\/p>\n\n\n\n<p><span style=\"font-weight: 400;\">Businesses can expect several key results from conducting <a href=\"https:\/\/www.sisinternational.com\/it\/copertura\/le-americhe\/copertura-degli-stati-uniti\/ricerca-di-mercato-nel-key-west-florida\/\" title=\"Ricerche di mercato a Key West Florida\"  data-wpil-monitor-id=\"7157\">ricerche di mercato sull&#039;analisi dei dati bancari<\/a>. These results include:<\/span><\/p>\n\n\n\n<p><b>\u2022 Analisi completa dei dati:<\/b><span style=\"font-weight: 400;\"> La ricerca di mercato sull&#039;analisi dei dati bancari prevede un&#039;analisi completa dei dati finanziari, inclusi dati transazionali, informazioni sui clienti, dati di mercato e dati normativi. Le aziende possono aspettarsi approfondimenti sulle loro operazioni, sul comportamento dei clienti, sulle tendenze del mercato e sui requisiti di conformit\u00e0 normativa.<\/span><\/p>\n\n\n\n<p><b>\u2022 Soluzioni personalizzate:<\/b><span style=\"font-weight: 400;\"> Bank data analytics market research provides customized solutions tailored to the specific needs and objectives of banking sector businesses.&nbsp;<\/span><\/p>\n\n\n\n<p><b>\u2022 Conformit\u00e0 normativa:<\/b><span style=\"font-weight: 400;\"> Le ricerche di mercato garantiscono la conformit\u00e0 normativa aderendo agli standard di settore e alle migliori pratiche per la gestione dei dati finanziari sensibili. Le aziende possono aspettarsi solide misure di sicurezza dei dati, pratiche etiche di gestione dei dati e conformit\u00e0 ai requisiti normativi per proteggere la privacy e la riservatezza dei clienti.<\/span><\/p>\n\n\n\n<p><b>\u2022 Raccomandazioni strategiche:<\/b><span style=\"font-weight: 400;\"> Fornisce raccomandazioni strategiche basate su approfondimenti basati sui dati, consentendo alle aziende di prendere decisioni informate che favoriscono la crescita e la redditivit\u00e0.&nbsp;<\/span><\/p>\n\n\n\n<h2 class=\"wp-block-heading\"><strong>Tendenze attuali nelle ricerche di mercato sull\u2019analisi dei dati bancari<\/strong><\/h2>\n\n\n\n<p><span style=\"font-weight: 400;\">Several current trends are shaping the landscape of <a href=\"https:\/\/www.sisinternational.com\/it\/competenza\/industrie\/ricerche-di-mercato-per-il-monitoraggio-delle-tendenze\/\" title=\"Ricerche di mercato per il monitoraggio delle tendenze\"  data-wpil-monitor-id=\"5458\">ricerche di mercato sull&#039;analisi dei dati bancari<\/a>. Some of these trends include:<\/span><\/p>\n\n\n\n<p><b>\u2022 Apprendimento automatico e intelligenza artificiale:<\/b><span style=\"font-weight: 400;\"> Machine learning and artificial intelligence (AI) are increasingly adopted in bank data analytics market research to enhance predictive modeling, risk assessment, and customer segmentation. Banks leverage machine learning algorithms to analyze customer behavior, detect anomalies, and personalize banking experiences, improving customer satisfaction and retention.<\/span><\/p>\n\n\n\n<p><b>\u2022 Rilevamento e prevenzione delle frodi:<\/b><span style=\"font-weight: 400;\"> With the rise of sophisticated cyber threats and financial fraud, banks prioritize fraud detection and prevention in their data analytics initiatives. Advanced analytics techniques, such as anomaly detection and pattern recognition, are being employed to identify fraudulent activities in real-time, helping banks mitigate risks and protect their assets and customers.<\/span><\/p>\n\n\n\n<p><b>\u2022 Ottimizzazione dell&#039;esperienza del cliente:<\/b><span style=\"font-weight: 400;\"> Migliorare l&#039;esperienza del cliente \u00e8 diventato un punto focale per le banche, guidando l&#039;adozione dell&#039;analisi dei dati per comprendere le preferenze dei clienti, prevederne le esigenze e offrire esperienze bancarie personalizzate. Le banche stanno sfruttando l\u2019analisi dei dati per ottimizzare i canali digitali, personalizzare l\u2019offerta di prodotti e migliorare il coinvolgimento dei clienti, portando in ultima analisi a una maggiore soddisfazione e fidelizzazione dei clienti.<\/span><\/p>\n\n\n\n<h2 class=\"wp-block-heading\"><strong>Opportunit\u00e0 nelle ricerche di mercato sull&#039;analisi dei dati bancari per le imprese<\/strong><\/h2>\n\n\n\n<p><span style=\"font-weight: 400;\">Le aziende del settore bancario possono sfruttare le numerose opportunit\u00e0 offerte dalle ricerche di mercato sull\u2019analisi dei dati bancari. Queste opportunit\u00e0 includono:<\/span><\/p>\n\n\n\n<ul class=\"wp-block-list\">\n<li><b>Informazioni migliorate sui clienti:<\/b><span style=\"font-weight: 400;\"> Le ricerche di mercato sull&#039;analisi dei dati bancari forniscono alle aziende informazioni approfondite sul comportamento, le preferenze e le esigenze dei clienti.\u00a0<\/span><\/li>\n\n\n\n<li><b>Ottimizzazione della gestione del rischio:<\/b><span style=\"font-weight: 400;\"> Le ricerche di mercato sull&#039;analisi dei dati bancari consentono alle aziende di ottimizzare le strategie di gestione del rischio identificando e mitigando i potenziali rischi in tempo reale.\u00a0<\/span><\/li>\n\n\n\n<li><b>Innovazione del prodotto:<\/b><span style=\"font-weight: 400;\"> Le ricerche di mercato sull\u2019analisi dei dati bancari consentono alle aziende di innovare e sviluppare nuovi prodotti e servizi che rispondono alle esigenze emergenti dei clienti e alle tendenze del mercato.\u00a0<\/span><\/li>\n<\/ul>\n\n\n\n<h2 class=\"wp-block-heading\"><strong>Sfide delle ricerche di mercato sull&#039;analisi dei dati bancari per le imprese<\/strong><\/h2>\n\n\n\n<figure class=\"gb-block-image gb-block-image-bf86607a\"><img loading=\"lazy\" decoding=\"async\" width=\"1456\" height=\"816\" class=\"gb-image gb-image-bf86607a\" src=\"https:\/\/www.sisinternational.com\/wp-content\/uploads\/2025\/08\/Bank-9.jpg\" alt=\"Ricerca e strategia di mercato internazionale SIS\" title=\"Bank (9)\" srcset=\"https:\/\/www.sisinternational.com\/wp-content\/uploads\/2025\/08\/Bank-9.jpg 1456w, https:\/\/www.sisinternational.com\/wp-content\/uploads\/2025\/08\/Bank-9-300x168.jpg 300w, https:\/\/www.sisinternational.com\/wp-content\/uploads\/2025\/08\/Bank-9-1024x574.jpg 1024w, https:\/\/www.sisinternational.com\/wp-content\/uploads\/2025\/08\/Bank-9-768x430.jpg 768w, https:\/\/www.sisinternational.com\/wp-content\/uploads\/2025\/08\/Bank-9-18x10.jpg 18w\" sizes=\"auto, (max-width: 1456px) 100vw, 1456px\"><\/figure>\n\n\n\n<p><\/p>\n\n\n\n<p><span style=\"font-weight: 400;\">Le aziende del settore bancario devono affrontare diverse sfide per sfruttare in modo efficace l\u2019analisi dei dati. Queste sfide includono:<\/span><\/p>\n\n\n\n<ul class=\"wp-block-list\">\n<li><b>Divario di talenti e competenze:<\/b><span style=\"font-weight: 400;\"> Another challenge is the shortage of skilled data analytics professionals with expertise in banking and finance. Banks require diverse skills, including data science, statistical analysis, and domain knowledge in banking operations.\u00a0<\/span><\/li>\n\n\n\n<li><b>Complessit\u00e0 di conformit\u00e0 normativa:<\/b><span style=\"font-weight: 400;\"> Banks operate in a highly regulated environment with stringent compliance requirements. Implementing data analytics solutions while ensuring compliance with GDPR, CCPA, and Basel III regulations poses significant challenges.<\/span><\/li>\n\n\n\n<li><b>Problemi etici e di pregiudizio:<\/b> Considerazioni etiche e pregiudizi nell\u2019analisi dei dati rappresentano sfide per le banche. L\u2019analisi di grandi volumi di dati pu\u00f2 inavvertitamente portare a risultati distorti o pratiche non etiche, sollevando preoccupazioni su equit\u00e0, trasparenza e responsabilit\u00e0.<\/li>\n<\/ul>\n\n\n\n<h2 class=\"wp-block-heading\"><strong>Key Elements to Consider in Bank Data Analytics Market Research<\/strong><\/h2>\n\n\n\n<h3 class=\"wp-block-heading\">Soddisfazione del cliente<\/h3>\n\n\n\n<p class=\"p3\"><span class=\"s1\">Customer Satisfaction is crucial to achieving excellent business results. It helps retain existing customers and attract new ones. Banks generally inform customers about the details of the latest offers and other exciting deals through emails and messages. <\/span><\/p>\n\n\n\n<p class=\"p3\"><span class=\"s1\">Il supporto in qualsiasi momento \u00e8 uno dei migliori vantaggi del settore bancario di oggi. La maggior parte dei principali settori bancari ora dispone di assistenza clienti 24 ore su 24, 7 giorni su 7. Pu\u00f2 aumentare il numero di clienti e investitori nel settore bancario. <\/span><\/p>\n\n\n\n<p class=\"p3\"><span class=\"s1\">The monitoring of phone numbers and tracking codes is critical. It helps bankers get details about transactions and other banking details. The use of a data analytics program in the banking sector can reduce labor costs. It assures instant access to customer details and reduces the risk of time and money loss. Delays in banking transactions can cause the bank to lose customers. Banks can prevent customer loss by using data analytics.<\/span><\/p>\n\n\n\n<h3 class=\"wp-block-heading\">Apprendimento automatico<\/h3>\n\n\n\n<p class=\"p3\"><span class=\"s1\">Machine learning in banking is essential. It helps bankers achieve the best results in today&#8217;s marketing world. At present, many online services are available worldwide. These services provide training in machine learning. How do we use data science in banking? By using the right software programs. Artificial Intelligence (AI) is one of the best tools for promoting banking sectors.<\/span><\/p>\n\n\n\n<h3 class=\"wp-block-heading\">Fidelizzazione dei clienti<\/h3>\n\n\n\n<p class=\"p3\"><span class=\"s1\">Customer retention is crucial for uplifting the bank&#8217;s value. Data analytics can help banks manage customer acquisition costs, and even better, it does so effectively. Customer segmentation is critical. It provides details of new offers and other exciting sales. Artificial intelligence helps bank marketers pick the targeted group or audience, dramatically extending customer lifetime value.<\/span><\/p>\n\n\n\n<h3 class=\"wp-block-heading\">Intelligenza artificiale<\/h3>\n\n\n\n<p class=\"p3\"><span class=\"s1\">Finding new sources of growth is crucial to boosting profits. Your bank will need AI tools for this search, and it can also benefit from our expertise at SIS International.<\/span><\/p>\n\n\n\n<h3 class=\"wp-block-heading\">Modellazione dei dati<\/h3>\n\n\n\n<p class=\"p3\"><span class=\"s1\">The shift from traditional to digital bank services calls for new techniques. For example, at SIS International, we use data modeling. This technique documents software and business system design. Financial institutions can move faster and smarter with real-time data, since it improves customer experience, boosts financial performance, and manages risk. It&#8217;s also helpful in developing an HR Talent Strategy with Data Scientists.<\/span><\/p>\n\n\n\n<h2 class=\"wp-block-heading\">Informazioni sulle ricerche di mercato sull&#039;analisi dei dati bancari<\/h2>\n\n\n\n<p class=\"p3\"><span class=\"s1\">Having data is not enough. Banks need data quality controls. These controls ensure that the information they have is accessible and trustworthy, allowing them to remain competitive and compliant. They also need to know that they&#8217;re getting decent Returns on Assets (ROA) and Returns on Equity (ROE).<\/span><\/p>\n\n\n\n<p class=\"p3\"><span class=\"s1\">SIS International fornisce le seguenti soluzioni:<\/span><\/p>\n\n\n\n<ul class=\"wp-block-list\">\n<li><span class=\"s1\">Visualizzazione dati<\/span><\/li>\n\n\n\n<li><span class=\"s1\">Consulenza statistica<\/span><\/li>\n\n\n\n<li><span class=\"s1\">Analisi di regressione<\/span><\/li>\n\n\n\n<li><span class=\"s1\">Analisi congiunta<\/span><\/li>\n\n\n\n<li><span class=\"s1\">Analisi predittiva<\/span><\/li>\n\n\n\n<li><span class=\"s1\">ANOVA<\/span><\/li>\n\n\n\n<li><span class=\"s1\">Analisi di Montecarlo<\/span><\/li>\n\n\n\n<li><span class=\"s1\">Modellazione dei dati<\/span><\/li>\n\n\n\n<li><span class=\"s1\">Pacchetto Statistica Generale<\/span><\/li>\n\n\n\n<li><span class=\"s1\">Analisi della scatola<\/span><\/li>\n\n\n\n<li><span class=\"s1\">Intervalli di confidenza<\/span><\/li>\n\n\n\n<li><span class=\"s1\">Analisi dei valori anomali<\/span><\/li>\n\n\n\n<li><span class=\"s1\">Analisi di distribuzione, asimmetria e curtosi<\/span><\/li>\n\n\n\n<li><span class=\"s1\">Alfa, F-stat, valore p, ecc.<\/span><\/li>\n\n\n\n<li><span class=\"s1\">Analisi ROA e ROE<\/span><\/li>\n\n\n\n<li><span class=\"s1\">Analisi destagionalizzata<\/span><\/li>\n<\/ul>\n\n\n\n<h2 class=\"wp-block-heading\">La nostra sede a New York<\/h2>\n\n\n\n<p>  <iframe loading=\"lazy\" src=\"https:\/\/www.google.com\/maps\/embed?pb=!1m18!1m12!1m3!1d3022.976188376966!2d-73.99130312499956!3d40.740549471389315!2m3!1f0!2f0!3f0!3m2!1i1024!2i768!4f13.1!3m3!1m2!1s0x89c259a15798c731%3A0xd695d09bdd495f25!2s11%20E%2022nd%20St%20FL%202%2C%20New%20York%2C%20NY%2010010%2C%20USA!5e0!3m2!1sen!2spe!4v1726171763526!5m2!1sen!2spe\" width=\"600\" height=\"450\" allowfullscreen=\"allowfullscreen\" data-mce-fragment=\"1\"><\/iframe>  <\/p>\n\n\n\n<h3 class=\"wp-block-heading\">11 E 22nd Street, piano 2, New York, NY 10010 T: +1(212) 505-6805<\/h3>\n\n\n\n<hr class=\"wp-block-separator has-alpha-channel-opacity\"\/>\n\n\n\n<h2 class=\"wp-block-heading\"><span style=\"font-weight: 400;\">A proposito di SIS Internazionale<\/span><\/h2>\n\n\n\n<p><a href=\"https:\/\/www.sisinternational.com\/it\/\"><span style=\"font-weight: 400;\">SIS Internazionale<\/span><\/a><span style=\"font-weight: 400;\"> offre ricerca quantitativa, qualitativa e strategica. Forniamo dati, strumenti, strategie, report e approfondimenti per il processo decisionale. Conduciamo anche interviste, sondaggi, focus group e altri metodi e approcci di ricerca di mercato.<\/span><a href=\"https:\/\/www.sisinternational.com\/it\/sulla-sua-ricerca-internazionale\/contact-sis-international-market-research\/\"><span style=\"font-weight: 400;\"> Contattaci<\/span><\/a><span style=\"font-weight: 400;\"> per il tuo prossimo progetto di ricerca di mercato.<\/span><\/p>\n\n\n\n<p><\/p>","protected":false},"excerpt":{"rendered":"<p>Forniamo ricerche di mercato sull&#039;analisi dei dati bancari per migliorare le tue prestazioni.<\/p>","protected":false},"author":1,"featured_media":64375,"parent":27462,"menu_order":25,"comment_status":"closed","ping_status":"closed","template":"","meta":{"footnotes":""},"class_list":["post-34647","page","type-page","status-publish","has-post-thumbnail"],"_links":{"self":[{"href":"https:\/\/www.sisinternational.com\/it\/wp-json\/wp\/v2\/pages\/34647","targetHints":{"allow":["GET"]}}],"collection":[{"href":"https:\/\/www.sisinternational.com\/it\/wp-json\/wp\/v2\/pages"}],"about":[{"href":"https:\/\/www.sisinternational.com\/it\/wp-json\/wp\/v2\/types\/page"}],"author":[{"embeddable":true,"href":"https:\/\/www.sisinternational.com\/it\/wp-json\/wp\/v2\/users\/1"}],"replies":[{"embeddable":true,"href":"https:\/\/www.sisinternational.com\/it\/wp-json\/wp\/v2\/comments?post=34647"}],"version-history":[{"count":12,"href":"https:\/\/www.sisinternational.com\/it\/wp-json\/wp\/v2\/pages\/34647\/revisions"}],"predecessor-version":[{"id":80718,"href":"https:\/\/www.sisinternational.com\/it\/wp-json\/wp\/v2\/pages\/34647\/revisions\/80718"}],"up":[{"embeddable":true,"href":"https:\/\/www.sisinternational.com\/it\/wp-json\/wp\/v2\/pages\/27462"}],"wp:featuredmedia":[{"embeddable":true,"href":"https:\/\/www.sisinternational.com\/it\/wp-json\/wp\/v2\/media\/64375"}],"wp:attachment":[{"href":"https:\/\/www.sisinternational.com\/it\/wp-json\/wp\/v2\/media?parent=34647"}],"curies":[{"name":"wp","href":"https:\/\/api.w.org\/{rel}","templated":true}]}}