{"id":34614,"date":"2020-02-17T16:45:56","date_gmt":"2020-02-17T16:45:56","guid":{"rendered":"https:\/\/www.sisinternational.com\/?page_id=34614"},"modified":"2026-01-27T16:53:38","modified_gmt":"2026-01-27T21:53:38","slug":"ricerche-di-mercato-sulle-filiali-bancarie","status":"publish","type":"page","link":"https:\/\/www.sisinternational.com\/it\/soluzioni\/ricerca-di-consulenza-strategica-fintech\/ricerche-di-mercato-sulle-filiali-bancarie\/","title":{"rendered":"Ricerche di mercato sulle filiali bancarie"},"content":{"rendered":"<h1 class=\"gb-headline gb-headline-c384f282 gb-headline-text\">Ricerche di mercato sulle filiali bancarie<\/h1>\n\n\n\n<figure class=\"gb-block-image gb-block-image-35c54e52\"><img loading=\"lazy\" decoding=\"async\" width=\"1456\" height=\"816\" class=\"gb-image gb-image-35c54e52\" src=\"https:\/\/www.sisinternational.com\/wp-content\/uploads\/2025\/08\/Bank-2-1.jpg\" alt=\"Ricerca e strategia di mercato internazionale SIS\" title=\"Bank (2)\" srcset=\"https:\/\/www.sisinternational.com\/wp-content\/uploads\/2025\/08\/Bank-2-1.jpg 1456w, https:\/\/www.sisinternational.com\/wp-content\/uploads\/2025\/08\/Bank-2-1-300x168.jpg 300w, https:\/\/www.sisinternational.com\/wp-content\/uploads\/2025\/08\/Bank-2-1-1024x574.jpg 1024w, https:\/\/www.sisinternational.com\/wp-content\/uploads\/2025\/08\/Bank-2-1-768x430.jpg 768w, https:\/\/www.sisinternational.com\/wp-content\/uploads\/2025\/08\/Bank-2-1-18x10.jpg 18w\" sizes=\"auto, (max-width: 1456px) 100vw, 1456px\"><\/figure>\n\n\n\n<h1 class=\"wp-block-heading\"><\/h1>\n\n\n\n<hr class=\"wp-block-separator has-alpha-channel-opacity is-style-dots\"\/>\n\n\n\n<h2 class=\"wp-block-heading p3\"><span class=\"s1\">Aprire una nuova filiale bancaria oggigiorno \u00e8 un\u2019impresa audace. <\/span><\/h2>\n\n\n\n<p class=\"p3\"><span class=\"s1\">Per prima cosa, la concorrenza \u00e8 pi\u00f9 agguerrita. Anche il settore \u00e8 completamente cambiato a causa della trasformazione digitale. Pertanto, la ricerca di mercato delle filiali bancarie \u00e8 diventata uno strumento essenziale. Le banche possono utilizzarlo per valutare lo stato attuale del business e le opportunit\u00e0 di nicchia. <\/span><\/p>\n\n\n\n<h2 class=\"wp-block-heading\"><strong>Comprendere le ricerche di mercato delle filiali bancarie<\/strong><\/h2>\n\n\n\n<p><span style=\"font-weight: 400;\"><a href=\"https:\/\/www.sisinternational.com\/it\/aggiornamento-sulle-tendenze-del-settore-bancario-e-finanziario-islamico\/\" title=\"Ricerche di mercato nel settore bancario islamico\"  data-wpil-monitor-id=\"2873\">Bank branch market research<\/a> allows financial institutions to make data-driven decisions, optimize branch operations, and tailor services to meet evolving customer needs.<\/span><\/p>\n\n\n\n<p><span style=\"font-weight: 400;\">One fundamental aspect of <a href=\"https:\/\/www.sisinternational.com\/it\/comprendere-il-sistema-bancario-ombra-cinese\/\" title=\"Comprendere il sistema bancario ombra cinese\"  data-wpil-monitor-id=\"4383\">ricerche di mercato sulle filiali bancarie<\/a> is its focus on understanding customer behavior within the physical banking environment. This includes analyzing transaction volumes and customer interactions to identify opportunities for improving service delivery and enhancing customer satisfaction.<\/span><\/p>\n\n\n\n<p><span style=\"font-weight: 400;\">Inoltre, la ricerca di mercato delle filiali bancarie si estende oltre le singole filiali per comprendere tendenze di mercato pi\u00f9 ampie e analisi della concorrenza. Valutando la saturazione del mercato, i cambiamenti demografici e il posizionamento competitivo, le istituzioni finanziarie possono identificare segmenti di mercato non sfruttati e sviluppare strategie mirate per l\u2019espansione.<\/span><\/p>\n\n\n\n<h2 class=\"wp-block-heading\"><strong>Ricerca di mercato sulle filiali bancarie: perch\u00e9 \u00e8 importante?<\/strong><\/h2>\n\n\n\n<figure class=\"gb-block-image gb-block-image-e49258c8\"><img loading=\"lazy\" decoding=\"async\" width=\"1456\" height=\"816\" class=\"gb-image gb-image-e49258c8\" src=\"https:\/\/www.sisinternational.com\/wp-content\/uploads\/2025\/08\/Bank-8-1.jpg\" alt=\"Ricerca e strategia di mercato internazionale SIS\" title=\"Bank (8)\" srcset=\"https:\/\/www.sisinternational.com\/wp-content\/uploads\/2025\/08\/Bank-8-1.jpg 1456w, https:\/\/www.sisinternational.com\/wp-content\/uploads\/2025\/08\/Bank-8-1-300x168.jpg 300w, https:\/\/www.sisinternational.com\/wp-content\/uploads\/2025\/08\/Bank-8-1-1024x574.jpg 1024w, https:\/\/www.sisinternational.com\/wp-content\/uploads\/2025\/08\/Bank-8-1-768x430.jpg 768w, https:\/\/www.sisinternational.com\/wp-content\/uploads\/2025\/08\/Bank-8-1-18x10.jpg 18w\" sizes=\"auto, (max-width: 1456px) 100vw, 1456px\"><\/figure>\n\n\n\n<p><\/p>\n\n\n\n<p><span style=\"font-weight: 400;\">Le ricerche di mercato delle filiali bancarie consentono agli istituti finanziari di ottimizzare le proprie reti di filiali per la massima efficienza ed efficacia. Attraverso un\u2019attenta analisi della domanda di mercato, delle tendenze demografiche e del posizionamento competitivo, le banche possono allocare strategicamente le risorse, aprire nuove filiali in aree ad alto potenziale e semplificare le operazioni per migliorare la redditivit\u00e0.<\/span><\/p>\n\n\n\n<p><span style=\"font-weight: 400;\">Furthermore, bank branch market research is a foundational element in strategic planning and decision-making for financial institutions. Whether it&#8217;s identifying growth opportunities, evaluating the feasibility of new products and services, or assessing the impact of regulatory changes, market research provides the data-driven insights necessary for informed decision-making.<\/span><\/p>\n\n\n\n<p><span style=\"font-weight: 400;\">Tuttavia, ha molti altri vantaggi, tra cui:<\/span><\/p>\n\n\n\n<p><b>\u2022 Esperienza cliente migliorata<\/b><span style=\"font-weight: 400;\">: By understanding customer preferences and behaviors, banks can enhance the overall branch experience, leading to higher satisfaction and customer loyalty.<\/span><\/p>\n\n\n\n<p><b>\u2022 Operazioni delle filiali ottimizzate<\/b><span style=\"font-weight: 400;\">: Attraverso informazioni basate sui dati, le banche possono semplificare le operazioni delle filiali, allocare le risorse in modo efficace e migliorare l&#039;efficienza operativa, riducendo in definitiva i costi e massimizzando la redditivit\u00e0.<\/span><\/p>\n\n\n\n<p><b>\u2022 Processo decisionale informato<\/b><span style=\"font-weight: 400;\">: Le ricerche di mercato sulle filiali bancarie forniscono alle banche i dati e gli approfondimenti necessari per prendere decisioni strategiche informate.<\/span><\/p>\n\n\n\n<p><b>\u2022 Vantaggio competitivo<\/b><span style=\"font-weight: 400;\">: Stando al passo con le tendenze del mercato e le preferenze dei consumatori, le banche possono differenziarsi dalla concorrenza, offrendo servizi unici e su misura che incontrano il favore dei clienti.<\/span><\/p>\n\n\n\n<p><b>\u2022 Mitigazione del rischio<\/b><span style=\"font-weight: 400;\">: Le ricerche di mercato delle filiali bancarie aiutano le banche a identificare potenziali rischi e sfide, consentendo loro di mitigare proattivamente tali rischi e sviluppare piani di emergenza, salvaguardando cos\u00ec la loro stabilit\u00e0 finanziaria.<\/span><\/p>\n\n\n\n<h2 class=\"wp-block-heading\"><strong>In che modo le ricerche di mercato delle filiali bancarie differiscono dalle ricerche di mercato tradizionali?<\/strong><\/h2>\n\n\n\n<p><span style=\"font-weight: 400;\">A differenza delle ricerche di mercato tradizionali, che possono concentrarsi sui canali online o sul comportamento generale dei consumatori, le ricerche di mercato delle filiali bancarie si concentrano sulle sedi fisiche delle filiali, analizzando la disposizione delle filiali e le interazioni dei clienti all&#039;interno di questi ambienti.<\/span><\/p>\n\n\n\n<p><span style=\"font-weight: 400;\">Similarly, bank branch market research often adopts a more customer-centric approach to understand customer preferences, behaviors, and experiences within the branch environment. This includes gathering feedback on branch services, waiting times, and overall satisfaction levels.<\/span><\/p>\n\n\n\n<h2 class=\"wp-block-heading\"><strong>Quali risultati possono aspettarsi le aziende dalle ricerche di mercato delle filiali bancarie?<\/strong><\/h2>\n\n\n\n<p><span style=\"font-weight: 400;\">Quando si impegnano in ricerche di mercato sulle filiali bancarie, gli istituti finanziari possono aspettarsi un&#039;analisi completa che comprenda vari fattori che influenzano le prestazioni delle filiali e la soddisfazione del cliente, tra cui:<\/span><\/p>\n\n\n\n<p><b>Approfondimenti basati sui dati<\/b><span style=\"font-weight: 400;\">:<\/span><\/p>\n\n\n\n<p><span style=\"font-weight: 400;\">La ricerca di mercato delle filiali bancarie sfrutta le tecniche di analisi dei dati per estrarre preziose informazioni dalle interazioni dei clienti, dai record delle transazioni e dai parametri di performance delle filiali. Questo approccio basato sui dati consente alle banche di identificare tendenze, modelli e opportunit\u00e0 di miglioramento.<\/span><\/p>\n\n\n\n<p><b>Valutazione delle prestazioni delle filiali<\/b><span style=\"font-weight: 400;\">:<\/span><\/p>\n\n\n\n<p><span style=\"font-weight: 400;\">Bank branch market research involves evaluating individual branches&#8217; performance based on metrics such as foot traffic, transaction volumes, wait times, and service quality. This evaluation helps identify high-performing branches and areas for improvement.<\/span><\/p>\n\n\n\n<p><b>Analisi competitiva<\/b><span style=\"font-weight: 400;\">:<\/span><\/p>\n\n\n\n<p><span style=\"font-weight: 400;\">Financial institutions conduct competitive analysis as part of <a href=\"https:\/\/www.sisinternational.com\/it\/soluzioni\/soluzioni-di-ricerca-quantitativa-qualitativa\/ricerche-di-mercato-basate-sullanalisi-dei-cluster\/\" title=\"Ricerche di mercato sull&#039;analisi dei cluster\"  data-wpil-monitor-id=\"7021\">ricerche di mercato sulle filiali bancarie<\/a> to benchmark their branch performance against competitors. This involves assessing competitor branch locations, service offerings, customer satisfaction levels, and market positioning.<\/span><\/p>\n\n\n\n<p><b>Efficienza operativa<\/b><span style=\"font-weight: 400;\">:<\/span><\/p>\n\n\n\n<p><span style=\"font-weight: 400;\">Un altro aspetto della ricerca di mercato delle filiali bancarie \u00e8 l\u2019ottimizzazione delle operazioni delle filiali per la massima efficienza. Ci\u00f2 include la valutazione dei livelli di personale, della disposizione delle filiali, dei sistemi di code e dell&#039;integrazione tecnologica per semplificare le operazioni e migliorare il servizio clienti.<\/span><\/p>\n\n\n\n<p><b>Raccomandazioni strategiche<\/b><span style=\"font-weight: 400;\">:<\/span><\/p>\n\n\n\n<p><span style=\"font-weight: 400;\">Financial institutions receive strategic recommendations to enhance branch performance and customer satisfaction based on the insights gathered from bank branch market research.&nbsp;<\/span><\/p>\n\n\n\n<h2 class=\"wp-block-heading\"><strong>Tendenze attuali nelle ricerche di mercato delle filiali bancarie<\/strong><\/h2>\n\n\n\n<figure class=\"gb-block-image gb-block-image-dfcaaf36\"><img loading=\"lazy\" decoding=\"async\" width=\"1456\" height=\"816\" class=\"gb-image gb-image-dfcaaf36\" src=\"https:\/\/www.sisinternational.com\/wp-content\/uploads\/2025\/08\/Bank-5.jpg\" alt=\"Ricerca e strategia di mercato internazionale SIS\" title=\"Bank (5)\" srcset=\"https:\/\/www.sisinternational.com\/wp-content\/uploads\/2025\/08\/Bank-5.jpg 1456w, https:\/\/www.sisinternational.com\/wp-content\/uploads\/2025\/08\/Bank-5-300x168.jpg 300w, https:\/\/www.sisinternational.com\/wp-content\/uploads\/2025\/08\/Bank-5-1024x574.jpg 1024w, https:\/\/www.sisinternational.com\/wp-content\/uploads\/2025\/08\/Bank-5-768x430.jpg 768w, https:\/\/www.sisinternational.com\/wp-content\/uploads\/2025\/08\/Bank-5-18x10.jpg 18w\" sizes=\"auto, (max-width: 1456px) 100vw, 1456px\"><\/figure>\n\n\n\n<p><\/p>\n\n\n\n<p><span style=\"font-weight: 400;\">As the banking industry continues to evolve, several trends are shaping the landscape of bank branch market research. These trends reflect consumers&#8217; changing preferences, advancements in technology, and the evolving regulatory environment.&nbsp;<\/span><\/p>\n\n\n\n<p><b>\u2022 Trasformazione digitale<\/b><span style=\"font-weight: 400;\">: Con l&#039;avvento del digital banking, c&#039;\u00e8 una crescente enfasi sull&#039;integrazione dei canali digitali con le esperienze delle filiali fisiche. La ricerca di mercato delle filiali bancarie ora include l\u2019analisi delle interazioni dei clienti attraverso le piattaforme digitali e la valutazione dell\u2019impatto della trasformazione digitale sulle prestazioni delle filiali.<\/span><\/p>\n\n\n\n<p><b>\u2022 Ottimizzazione dell&#039;esperienza del cliente<\/b>: Customer experience has become a focal point in <a href=\"https:\/\/www.sisinternational.com\/it\/competenza\/curriculum-di-esperienza\/curriculum-dellesperienza-negli-studi-etnografici\/\" title=\"Esperienza in ricerche di mercato etnografiche\"  data-wpil-monitor-id=\"6356\">ricerche di mercato sulle filiali bancarie<\/a>, with financial institutions striving to create seamless and personalized customer experiences. This trend involves gathering feedback on branch services, employee interactions, and overall satisfaction to identify areas for improvement.<\/span><\/p>\n\n\n\n<p><b>\u2022 Analisi dei dati e intelligenza artificiale<\/b><span style=\"font-weight: 400;\">: Gli istituti finanziari sfruttano gli strumenti di analisi dei dati per analizzare il comportamento dei clienti, prevedere le tendenze e ottimizzare le operazioni delle filiali. I chatbot e gli assistenti virtuali basati sull&#039;intelligenza artificiale migliorano inoltre il servizio clienti e semplificano le interazioni con le filiali.<\/span><\/p>\n\n\n\n<p><b>\u2022 Riprogettazione e layout delle filiali<\/b><span style=\"font-weight: 400;\">: Banks are reimagining branch layouts and designs to create more customer-centric environments. Bank <a href=\"https:\/\/www.sisinternational.com\/it\/soluzioni\/soluzioni-di-branding-e-ricerca-clienti\/ricerca-del-layout-del-negozio\/\" title=\"Ricerca sul layout del negozio\"  data-wpil-monitor-id=\"6507\">branch<\/a> market research includes evaluating the effectiveness of branch layouts, traffic flow, and the use of technology to enhance the overall branch experience.<\/span><\/p>\n\n\n\n<p><b>\u2022 L&#039;impegno della comunit\u00e0<\/b><span style=\"font-weight: 400;\">: Financial institutions focus on building stronger connections with their local communities through community engagement initiatives. Bank branch market research may involve assessing the impact of community events, sponsorships, and outreach programs on brand perception and customer loyalty.<\/span><\/p>\n\n\n\n<h2 class=\"wp-block-heading\"><strong>Opportunit\u00e0 nelle ricerche di mercato delle filiali bancarie per le imprese<\/strong><\/h2>\n\n\n\n<p><span style=\"font-weight: 400;\">Per le aziende che operano nel settore bancario, impegnarsi in ricerche di mercato presso le filiali bancarie offre diverse opportunit\u00e0 per stimolare la crescita, migliorare la soddisfazione dei clienti e rimanere competitive. Ecco alcune opportunit\u00e0 chiave da considerare:<\/span><\/p>\n\n\n\n<p><b>\u2022 Ottimizzazione delle prestazioni delle filiali<\/b><span style=\"font-weight: 400;\">: Attraverso le ricerche di mercato delle filiali bancarie, le aziende possono identificare opportunit\u00e0 per ottimizzare le prestazioni delle filiali analizzando il traffico pedonale, i volumi delle transazioni e le interazioni con i clienti. Ci\u00f2 include l\u2019identificazione di filiali ad alte prestazioni e l\u2019implementazione di strategie per replicare il loro successo in tutta la rete.<\/span><\/p>\n\n\n\n<p><b>\u2022 Ampliare la portata del mercato<\/b><span style=\"font-weight: 400;\">: Conducendo ricerche di mercato sulle filiali bancarie, le aziende possono identificare segmenti di mercato non sfruttati e opportunit\u00e0 di crescita, consentendo loro di espandere strategicamente la propria rete di filiali in nuove regioni geografiche o segmenti demografici.&nbsp;<\/span><\/p>\n\n\n\n<p><b>\u2022 Costruire la fedelt\u00e0 al marchio<\/b><span style=\"font-weight: 400;\">: Attraverso le ricerche di mercato delle filiali bancarie, le aziende possono rafforzare le relazioni con i clienti e fidelizzare la marca comprendendo le esigenze dei clienti, affrontando i punti critici e offrendo esperienze personalizzate.<\/span><\/p>\n\n\n\n<h2 class=\"wp-block-heading\">Principali aree da analizzare con le ricerche di mercato delle filiali bancarie<\/h2>\n\n\n\n<figure class=\"gb-block-image gb-block-image-2e4d3657\"><img loading=\"lazy\" decoding=\"async\" width=\"1456\" height=\"816\" class=\"gb-image gb-image-2e4d3657\" src=\"https:\/\/www.sisinternational.com\/wp-content\/uploads\/2025\/08\/Bank-4-1.jpg\" alt=\"Ricerca e strategia di mercato internazionale SIS\" title=\"Bank (4)\" srcset=\"https:\/\/www.sisinternational.com\/wp-content\/uploads\/2025\/08\/Bank-4-1.jpg 1456w, https:\/\/www.sisinternational.com\/wp-content\/uploads\/2025\/08\/Bank-4-1-300x168.jpg 300w, https:\/\/www.sisinternational.com\/wp-content\/uploads\/2025\/08\/Bank-4-1-1024x574.jpg 1024w, https:\/\/www.sisinternational.com\/wp-content\/uploads\/2025\/08\/Bank-4-1-768x430.jpg 768w, https:\/\/www.sisinternational.com\/wp-content\/uploads\/2025\/08\/Bank-4-1-18x10.jpg 18w\" sizes=\"auto, (max-width: 1456px) 100vw, 1456px\"><\/figure>\n\n\n\n<p><\/p>\n\n\n\n<h3 class=\"wp-block-heading p3\"><span class=\"s1\">1. Gestione automatizzata di contanti e monete<\/span><\/h3>\n\n\n\n<p class=\"p3\"><span class=\"s1\">Before outlining plans for new bank branches, it is necessary to cover the basics. People want their banks to handle their finances, but they also want them to put simple procedures in place to attend to their needs. Automated cash and coin handling is an effective way to improve the customer experience. The initial costs may be high, yet automated cash and coin handling will make customers more satisfied. It will also free the staff to focus on core activities to grow the branch.<\/span><\/p>\n\n\n\n<h3 class=\"wp-block-heading p3\"><span class=\"s1\">2. Strategia omnicanale<\/span><\/h3>\n\n\n\n<p class=\"p3\"><span class=\"s1\">Banks must recognize that digital transformation changed the industry. They have new ways to attract clients and maintain their customer base. Yet, it doesn&#8217;t make sense to have a website, an app, and a social profile if they don&#8217;t dialogue with each other. The omnichannel attitude is an excellent solution to create a frictionless customer experience, which can be consistent across all platforms. <\/span><\/p>\n\n\n\n<p class=\"p3\"><span class=\"s1\">The omnichannel approach is a cross-content strategy. Banks can apply it to integrate all the settings where they are present. For example, if an app is in place, displaying general information about the branch is a good idea. The bank can give information, such as working hours and services. They can also offer a personalized experience by providing specific information. For example, they can add the name and contact information of the manager for the individual account. This way, digital banking will become more integrated with its physical counterpart. It will also be more engaging as a customer experience.<\/span><\/p>\n\n\n\n<h3 class=\"wp-block-heading p3\"><span class=\"s1\">3. Apertura bancaria<\/span><\/h3>\n\n\n\n<p class=\"p3\"><span class=\"s1\">La ricerca di mercato pu\u00f2 affrontare l\u2019open banking su due fronti. Innanzitutto, l\u2019open banking riguarda la trasparenza. Le persone vogliono sapere che le loro informazioni finanziarie sono al sicuro. In questo senso, \u00e8 un\u2019ottima pratica far sapere ai clienti che tipo di dati memorizza la banca. La banca dovrebbe rassicurarli che non condivider\u00e0 questi dati senza il loro consenso.<\/span><\/p>\n\n\n\n<p class=\"p3\"><span class=\"s1\">Tuttavia, i clienti devono sapere che la condivisione dei dati pu\u00f2 essere vantaggiosa. \u00c8 l\u2019altro aspetto dell\u2019open banking. A questo proposito, le banche possono utilizzare le API (Application Programming Interfaces). Questi programmi utilizzano i dati raccolti per presentare offerte su misura di diverse aziende. Possono avere un impatto positivo sul marketing delle relazioni con i clienti. Pertanto, il cliente pu\u00f2 usufruire di un\u2019esperienza cliente personalizzata. <\/span><\/p>\n\n\n\n<p class=\"p3\"><span class=\"s1\">One of the most underexploited niches in open banking is the Small\u2014to Mid-Sized Enterprise (SME). Open banking is useful not only to individual customers; SMEs can also benefit. Plus, when the offer hits the right target, it provides a higher return on investment to the bank.<\/span><\/p>\n\n\n\n<h3 class=\"wp-block-heading p3\"><span class=\"s1\">4. Segnaletica digitale<\/span><\/h3>\n\n\n\n<p class=\"p3\"><span class=\"s1\">After the bank <a href=\"https:\/\/www.sisinternational.com\/it\/competenza\/industrie\/ricerca-di-mercato-sulla-mappa-termica\/\" title=\"Ricerche di mercato sulla mappa termica\"  data-wpil-monitor-id=\"7668\">maps the market<\/a>, it can set up a branch. Now, it is time to think about how to convey the bank&#8217;s message to the public. Digital signage is an excellent yet overlooked tool to enhance customer experience. It is not a new concept, but it is still a potent marketing tool. Why? Because it is inexpensive to implement compared with other options. Your marketing team can do content management in-house.<\/span><\/p>\n\n\n\n<h2 class=\"wp-block-heading\"><strong>Le sfide delle ricerche di mercato delle filiali bancarie per le imprese<\/strong><\/h2>\n\n\n\n<p><span style=\"font-weight: 400;\">While bank branch market research offers numerous opportunities for businesses in the banking sector, it also presents several challenges that must be addressed to maximize effectiveness.&nbsp;<\/span><\/p>\n\n\n\n<p><b>\u2022 Privacy e conformit\u00e0 dei dati<\/b><span style=\"font-weight: 400;\">: Gathering and analyzing customer data for bank branch market research must comply with strict data privacy regulations, such as GDPR and CCPA. Ensuring compliance while extracting valuable insights can be challenging for businesses, requiring robust data governance and compliance measures.<\/span><\/p>\n\n\n\n<p><b>\u2022 Complessit\u00e0 delle interazioni multicanale<\/b><span style=\"font-weight: 400;\">: Con la proliferazione dei canali bancari digitali, i clienti interagiscono con le banche attraverso molteplici punti di contatto, tra cui online, mobile e in filiale. L&#039;integrazione dei dati provenienti da questi diversi canali per ottenere una visione olistica del comportamento e delle preferenze dei clienti pu\u00f2 essere complessa e impegnativa per le aziende che conducono ricerche di mercato sulle filiali bancarie.<\/span><\/p>\n\n\n\n<p><b>\u2022 Rapidi progressi tecnologici<\/b><span style=\"font-weight: 400;\">: Il rapido ritmo dei progressi tecnologici nel settore bancario pone sfide alle aziende che conducono ricerche di mercato sulle filiali bancarie. Stare al passo con le tecnologie pi\u00f9 recenti, come l\u2019intelligenza artificiale, l\u2019apprendimento automatico e gli strumenti di analisi dei dati, e integrarli nelle metodologie di ricerca richiede investimenti e competenze costanti.<\/span><\/p>\n\n\n\n<h2 class=\"wp-block-heading\">La nostra sede a New York<\/h2>\n\n\n\n<p>  <iframe loading=\"lazy\" src=\"https:\/\/www.google.com\/maps\/embed?pb=!1m18!1m12!1m3!1d3022.976188376966!2d-73.99130312499956!3d40.740549471389315!2m3!1f0!2f0!3f0!3m2!1i1024!2i768!4f13.1!3m3!1m2!1s0x89c259a15798c731%3A0xd695d09bdd495f25!2s11%20E%2022nd%20St%20FL%202%2C%20New%20York%2C%20NY%2010010%2C%20USA!5e0!3m2!1sen!2spe!4v1726171763526!5m2!1sen!2spe\" width=\"600\" height=\"450\" allowfullscreen=\"allowfullscreen\" data-mce-fragment=\"1\"><\/iframe>  <\/p>\n\n\n\n<h3 class=\"wp-block-heading\">11 E 22nd Street, piano 2, New York, NY 10010 T: +1(212) 505-6805<\/h3>\n\n\n\n<hr class=\"wp-block-separator has-alpha-channel-opacity\"\/>\n\n\n\n<h2 class=\"wp-block-heading\"><span style=\"font-weight: 400;\">A proposito di SIS Internazionale<\/span><\/h2>\n\n\n\n<p><a href=\"https:\/\/www.sisinternational.com\/it\/\"><span style=\"font-weight: 400;\">SIS Internazionale<\/span><\/a><span style=\"font-weight: 400;\"> offre ricerca quantitativa, qualitativa e strategica. Forniamo dati, strumenti, strategie, report e approfondimenti per il processo decisionale. Conduciamo anche interviste, sondaggi, focus group e altri metodi e approcci di ricerca di mercato.<\/span><a href=\"https:\/\/www.sisinternational.com\/it\/sulla-sua-ricerca-internazionale\/contact-sis-international-market-research\/\"><span style=\"font-weight: 400;\"> Contattaci<\/span><\/a><span style=\"font-weight: 400;\"> per il tuo prossimo progetto di ricerca di mercato.<\/span><\/p>\n\n\n\n<p><\/p>","protected":false},"excerpt":{"rendered":"<p>SIS FinTech and Strategy Consulting provides Bank Branch Market Research to boost performance in today&#8217;s fast-paced global economy.<\/p>","protected":false},"author":1,"featured_media":62864,"parent":27462,"menu_order":24,"comment_status":"closed","ping_status":"closed","template":"","meta":{"footnotes":""},"class_list":["post-34614","page","type-page","status-publish","has-post-thumbnail"],"_links":{"self":[{"href":"https:\/\/www.sisinternational.com\/it\/wp-json\/wp\/v2\/pages\/34614","targetHints":{"allow":["GET"]}}],"collection":[{"href":"https:\/\/www.sisinternational.com\/it\/wp-json\/wp\/v2\/pages"}],"about":[{"href":"https:\/\/www.sisinternational.com\/it\/wp-json\/wp\/v2\/types\/page"}],"author":[{"embeddable":true,"href":"https:\/\/www.sisinternational.com\/it\/wp-json\/wp\/v2\/users\/1"}],"replies":[{"embeddable":true,"href":"https:\/\/www.sisinternational.com\/it\/wp-json\/wp\/v2\/comments?post=34614"}],"version-history":[{"count":11,"href":"https:\/\/www.sisinternational.com\/it\/wp-json\/wp\/v2\/pages\/34614\/revisions"}],"predecessor-version":[{"id":81289,"href":"https:\/\/www.sisinternational.com\/it\/wp-json\/wp\/v2\/pages\/34614\/revisions\/81289"}],"up":[{"embeddable":true,"href":"https:\/\/www.sisinternational.com\/it\/wp-json\/wp\/v2\/pages\/27462"}],"wp:featuredmedia":[{"embeddable":true,"href":"https:\/\/www.sisinternational.com\/it\/wp-json\/wp\/v2\/media\/62864"}],"wp:attachment":[{"href":"https:\/\/www.sisinternational.com\/it\/wp-json\/wp\/v2\/media?parent=34614"}],"curies":[{"name":"wp","href":"https:\/\/api.w.org\/{rel}","templated":true}]}}