{"id":34603,"date":"2020-02-17T15:42:13","date_gmt":"2020-02-17T15:42:13","guid":{"rendered":"https:\/\/www.sisinternational.com\/?page_id=34603"},"modified":"2026-01-25T18:51:06","modified_gmt":"2026-01-25T23:51:06","slug":"ricerche-di-mercato-sulle-assicurazioni-contro-i-danni-alla-proprieta","status":"publish","type":"page","link":"https:\/\/www.sisinternational.com\/it\/competenza\/ricerche-di-mercato-sulle-assicurazioni-contro-i-danni-alla-proprieta\/","title":{"rendered":"Ricerche di mercato sulle assicurazioni contro danni e danni"},"content":{"rendered":"<h1 class=\"wp-block-heading\"><span class=\"s1\">Ricerche di mercato sulle assicurazioni contro danni e danni<\/span><\/h1>\n\n\n\n<figure class=\"gb-block-image gb-block-image-32f2dfda\"><img loading=\"lazy\" decoding=\"async\" width=\"1456\" height=\"816\" class=\"gb-image gb-image-32f2dfda\" src=\"https:\/\/www.sisinternational.com\/wp-content\/uploads\/2025\/08\/Real-estate-architect-house-2.jpg\" alt=\"Ricerca e strategia di mercato internazionale SIS\" title=\"Real estate architect house (2)\" srcset=\"https:\/\/www.sisinternational.com\/wp-content\/uploads\/2025\/08\/Real-estate-architect-house-2.jpg 1456w, https:\/\/www.sisinternational.com\/wp-content\/uploads\/2025\/08\/Real-estate-architect-house-2-300x168.jpg 300w, https:\/\/www.sisinternational.com\/wp-content\/uploads\/2025\/08\/Real-estate-architect-house-2-1024x574.jpg 1024w, https:\/\/www.sisinternational.com\/wp-content\/uploads\/2025\/08\/Real-estate-architect-house-2-768x430.jpg 768w, https:\/\/www.sisinternational.com\/wp-content\/uploads\/2025\/08\/Real-estate-architect-house-2-18x10.jpg 18w\" sizes=\"auto, (max-width: 1456px) 100vw, 1456px\"><\/figure>\n\n\n\n<p><\/p>\n\n\n\n<h2 class=\"wp-block-heading p3\"><span class=\"s1\">Il termine Assicurazione contro danni e danni copre molti tipi di polizze. <\/span><\/h2>\n\n\n\n<p class=\"p3\"><span class=\"s1\">\u00c8 un investimento intelligente che pu\u00f2 aiutare te e la tua famiglia in caso di incidente imprevisto sulla tua propriet\u00e0. Pu\u00f2 anche proteggere gli imprenditori e fornire copertura per le azioni legali. <\/span><\/p>\n\n\n\n<p class=\"p3\"><span class=\"s1\">L&#039;assicurazione contro danni e danni \u00e8 un tipo di copertura che ti aiuta a proteggerti. Protegge anche la propriet\u00e0 che possiedi. L&#039;assicurazione sulla propriet\u00e0 ti aiuta a coprire le cose che possiedi come la tua auto o la tua casa. Assicurazione contro le vittime significa che la polizza include la copertura della responsabilit\u00e0. Ti protegge se sei responsabile di un incidente che provoca lesioni a qualcun altro. Potresti anche averne bisogno se causi danni agli effetti personali di un&#039;altra persona.<\/span><\/p>\n\n\n\n<h2 class=\"wp-block-heading p5\"><span class=\"s1\">Responsabilit\u00e0 da amianto<\/span><\/h2>\n\n\n\n<p class=\"p3\"><span class=\"s1\">Property and Casualty <a href=\"https:\/\/www.sisinternational.com\/it\/soluzioni\/ricerca-di-consulenza-strategica-fintech\/consulenza-strategica-per-ricerche-di-mercato-assicurative-in-caso-di-interruzione-dellattivita\/\" title=\"Ricerche di mercato e consulenza strategica nel settore assicurativo per l&#039;interruzione dell&#039;attivit\u00e0\"  data-wpil-monitor-id=\"10951\">Insurance is critical for businesses<\/a> whose workers deal with asbestos. It doesn&#8217;t matter if the exposure is direct or indirect. It may be necessary to get Asbestos Liability insurance, since not all Property and Casualty policies cover asbestos exposure. Check your policy to ensure that you have coverage.<\/span><\/p>\n\n\n\n<h2 class=\"wp-block-heading p5\"><span class=\"s1\">Malasanit\u00e0<\/span><\/h2>\n\n\n\n<p class=\"p3\"><span class=\"s1\">I dati statistici mostrano che la negligenza medica \u00e8 un evento comune. Pu\u00f2 verificarsi se un medico non \u00e8 in grado di diagnosticare una malattia. Oppure potrebbe prescrivere la medicina sbagliata per ignoranza o errore. <\/span><\/p>\n\n\n\n<p class=\"p3\"><span class=\"s1\">Alcuni stati richiedono che i medici abbiano una copertura assicurativa per negligenza medica. Questo tipo di polizza protegge gli operatori sanitari dalle richieste di risarcimento dei pazienti. L\u2019assicurazione contro la negligenza medica pu\u00f2 assumere molte forme. Individui o gruppi possono acquistare la copertura da un assicuratore privato tradizionale. Oppure, un datore di lavoro, come un ospedale, pu\u00f2 trattenere la polizza. Tale politica riguarder\u00e0 gli operatori sanitari che impiega. <\/span><\/p>\n\n\n\n<h2 class=\"wp-block-heading p5\"><span class=\"s1\">Sottoscrizione<\/span><\/h2>\n\n\n\n<p class=\"p3\"><span class=\"s1\">The insurance company is underwriting for its customers. Thus, it has to work out premium amounts based on the information provided by the customer. Usually, the premium is higher for some high-risk customers. In some cases, the insurance company may not sell insurance to certain customers. Insurance <a href=\"https:\/\/www.sisinternational.com\/it\/soluzioni\/consulenza-strategica\/analisi-dei-dati\/\" title=\"Societ\u00e0 di analisi dei dati\"  data-wpil-monitor-id=\"10950\">companies require a lot of data<\/a> for their Actuarial tasks. The data helps them calculate your insurance risk. <\/span><\/p>\n\n\n\n<p class=\"p3\"><span class=\"s1\">Not all insurance companies have the staff to <a href=\"https:\/\/www.sisinternational.com\/it\/copertura\/europa\/ricerche-di-mercato-liverpool-regno-unito\/\" title=\"Ricerche di mercato a Liverpool | Focus group e raccolta dati nel Regno Unito\"  data-wpil-monitor-id=\"10944\">collect actuarial data<\/a>. Some may not have the expertise to compile this information. Hence it is wise to hire the services of an experienced market research firm. A market <a href=\"https:\/\/www.sisinternational.com\/it\/competenza\/industrie\/ricerche-di-mercato-sullassicurazione-sanitaria\/\" title=\"Ricerche di mercato sull&#039;assicurazione sanitaria\"  data-wpil-monitor-id=\"5217\">ricerca<\/a> firm can collect the data needed from insurance buyers. <\/span><\/p>\n\n\n\n<h2 class=\"wp-block-heading p5\"><span class=\"s1\">RegTech<\/span><\/h2>\n\n\n\n<p class=\"p3\"><span class=\"s1\">Il settore assicurativo \u00e8 altamente regolamentato. Il governo a volte implementa nuove leggi per proteggere gli acquirenti dalle frodi. Le compagnie assicurative devono garantire il rispetto delle normative. Molti utilizzano la tecnologia di regolamentazione, o RegTech, per farlo. Un gran numero di aziende forniscono RegTech. Compilare dati su queste aziende tecnologiche \u00e8 un compito noioso e dispendioso in termini di tempo. Una societ\u00e0 di ricerche di mercato pu\u00f2 anche raccogliere informazioni su tutte queste societ\u00e0 Regtech. Permette alla compagnia assicurativa di scegliere un determinato fornitore.<\/span><\/p>\n\n\n\n<h2 class=\"wp-block-heading p5\"><span class=\"s1\">API<\/span><\/h2>\n\n\n\n<p class=\"p3\"><span class=\"s1\">If an insurance company uses the services of a market research firm, it will need access to the data compiled. APIs allow the <a href=\"https:\/\/www.sisinternational.com\/it\/competenza\/industrie\/consulenza-sulla-strategia-di-ricerca-di-mercato-assicurativo-per-la-costruzione\/\" title=\"Building Insurance Market Research\"  data-wpil-monitor-id=\"5019\">insurance company to access the market research<\/a> data. API stands for Application Programming Interface. It is a piece of software that allows two applications to communicate with each other. Advanced <a href=\"https:\/\/www.sisinternational.com\/it\/soluzioni\/ricerca-di-consulenza-strategica-fintech\/ricerche-di-mercato-sullanalisi-dei-dati-bancari\/\" title=\"Ricerche di mercato sull&#039;analisi dei dati bancari\"  data-wpil-monitor-id=\"10946\">Analytics is also available for the data<\/a> required by the insurance company. It does not have to waste resources analyzing the data to get the information they need. APIs make it easy to retrieve. <\/span><\/p>\n\n\n\n<p class=\"p3\"><span class=\"s1\">Firms can also use RPA (<a href=\"https:\/\/www.sisinternational.com\/it\/financial-services-consulting\/robotic-process-automation-in-financial-services\/\" title=\"Robotic Process Automation in Financial Services\"  data-wpil-monitor-id=\"10943\">Robotic Process Automation<\/a>) and Artificial Intelligence ( AI ). These technologies allow them to gain insights into insurance risk. It also enables the insurance company to set a suitable premium amount.<\/span><\/p>\n\n\n\n<h2 class=\"wp-block-heading\">Informazioni sulla ricerca di mercato sulle assicurazioni contro danni e danni<\/h2>\n\n\n\n<p class=\"p3\"><span class=\"s1\">SIS Market Research pu\u00f2 trovare la polizza assicurativa contro danni e danni pi\u00f9 adatta a te. Possiamo anche occuparci delle vostre esigenze di compilazione dei dati. Chiamaci oggi per una consulenza.<\/span><\/p>\n\n\n\n<p><\/p>","protected":false},"excerpt":{"rendered":"<p>Migliora le prestazioni della tua azienda con le ricerche di mercato sulle assicurazioni contro danni e danni. <\/p>","protected":false},"author":1,"featured_media":63325,"parent":14514,"menu_order":53,"comment_status":"closed","ping_status":"closed","template":"","meta":{"footnotes":""},"class_list":["post-34603","page","type-page","status-publish","has-post-thumbnail"],"_links":{"self":[{"href":"https:\/\/www.sisinternational.com\/it\/wp-json\/wp\/v2\/pages\/34603","targetHints":{"allow":["GET"]}}],"collection":[{"href":"https:\/\/www.sisinternational.com\/it\/wp-json\/wp\/v2\/pages"}],"about":[{"href":"https:\/\/www.sisinternational.com\/it\/wp-json\/wp\/v2\/types\/page"}],"author":[{"embeddable":true,"href":"https:\/\/www.sisinternational.com\/it\/wp-json\/wp\/v2\/users\/1"}],"replies":[{"embeddable":true,"href":"https:\/\/www.sisinternational.com\/it\/wp-json\/wp\/v2\/comments?post=34603"}],"version-history":[{"count":6,"href":"https:\/\/www.sisinternational.com\/it\/wp-json\/wp\/v2\/pages\/34603\/revisions"}],"predecessor-version":[{"id":81790,"href":"https:\/\/www.sisinternational.com\/it\/wp-json\/wp\/v2\/pages\/34603\/revisions\/81790"}],"up":[{"embeddable":true,"href":"https:\/\/www.sisinternational.com\/it\/wp-json\/wp\/v2\/pages\/14514"}],"wp:featuredmedia":[{"embeddable":true,"href":"https:\/\/www.sisinternational.com\/it\/wp-json\/wp\/v2\/media\/63325"}],"wp:attachment":[{"href":"https:\/\/www.sisinternational.com\/it\/wp-json\/wp\/v2\/media?parent=34603"}],"curies":[{"name":"wp","href":"https:\/\/api.w.org\/{rel}","templated":true}]}}