{"id":34591,"date":"2020-02-16T05:09:39","date_gmt":"2020-02-16T05:09:39","guid":{"rendered":"https:\/\/www.sisinternational.com\/?page_id=34591"},"modified":"2026-03-12T12:35:52","modified_gmt":"2026-03-12T16:35:52","slug":"ricerche-di-mercato-sullassicurazione-sanitaria","status":"publish","type":"page","link":"https:\/\/www.sisinternational.com\/it\/soluzioni\/ricerche-di-mercato-nel-settore-sanitario\/ricerche-di-mercato-sullassicurazione-sanitaria\/","title":{"rendered":"Ricerche di mercato sull&#039;assicurazione sanitaria"},"content":{"rendered":"<h1 class=\"wp-block-heading\"><span class=\"s1\">Ricerche di mercato sull&#039;assicurazione sanitaria<\/span><\/h1>\n\n\n\n<figure class=\"gb-block-image gb-block-image-f22e6098\"><img loading=\"lazy\" decoding=\"async\" width=\"1456\" height=\"816\" class=\"gb-image gb-image-f22e6098\" src=\"https:\/\/www.sisinternational.com\/wp-content\/uploads\/2025\/08\/Healthcare-16.jpg\" alt=\"Ricerca e strategia di mercato internazionale SIS\" title=\"Healthcare (16)\" srcset=\"https:\/\/www.sisinternational.com\/wp-content\/uploads\/2025\/08\/Healthcare-16.jpg 1456w, https:\/\/www.sisinternational.com\/wp-content\/uploads\/2025\/08\/Healthcare-16-300x168.jpg 300w, https:\/\/www.sisinternational.com\/wp-content\/uploads\/2025\/08\/Healthcare-16-1024x574.jpg 1024w, https:\/\/www.sisinternational.com\/wp-content\/uploads\/2025\/08\/Healthcare-16-768x430.jpg 768w, https:\/\/www.sisinternational.com\/wp-content\/uploads\/2025\/08\/Healthcare-16-18x10.jpg 18w\" sizes=\"auto, (max-width: 1456px) 100vw, 1456px\"><\/figure>\n\n\n\n<p><\/p>\n\n\n\n<h2 class=\"wp-block-heading p3\"><span class=\"s1\">Il mercato dell\u2019assicurazione sanitaria sta cambiando con l\u2019evoluzione del RegTech e di altri requisiti di conformit\u00e0. <\/span><\/h2>\n\n\n\n<p class=\"p3\"><span class=\"s1\">Se stai cercando prestazioni sanitarie, dovrai ottenere preventivi dai fornitori. \u00c8 il modo migliore per trovare un programma che ti offra il massimo valore per i tuoi soldi. <\/span><\/p>\n\n\n\n<p class=\"p3\"><span class=\"s1\">Before getting or purchasing anything, we have to investigate certain variables. Healthcare is no exception. For health insurance, the principal issues are the premiums and health coverage. Keep these two components in mind as you begin your search for the best options on the market. <\/span><\/p>\n\n\n\n<h2 class=\"wp-block-heading p5\"><span class=\"s1\">Sanit\u00e0 a pagamento unico<\/span><\/h2>\n\n\n\n<p class=\"p3\"><span class=\"s1\">Chiamata anche \u201cMedicare for All\u201d, l\u2019assicurazione sanitaria nazionale a pagamento unico \u00e8 un sistema proposto per l\u2019uso quotidiano. In questo sistema, un ente pubblico o semi-pubblico coordina il finanziamento sanitario. L\u2019erogazione dell\u2019assistenza sanitaria rimane in mani private. L\u2019assicurazione a contribuente unico non \u00e8 ancora una realt\u00e0, sebbene sia una proposta popolare.<\/span><\/p>\n\n\n\n<p class=\"p3\"><span class=\"s1\">Il piano a pagamento unico \u00e8 di gran lunga il tipo di piano meno costoso. Ti permette di visitare specialisti e cliniche mediche di tua scelta. Un sistema del genere sarebbe finanziato dai contribuenti. Sarebbe inoltre soggetto alla regolamentazione da parte delle autorit\u00e0 assicurative competenti. <\/span><\/p>\n\n\n\n<h2 class=\"wp-block-heading p5\"><span class=\"s1\">Assicurazione privata vs. pubblica<\/span><\/h2>\n\n\n\n<p class=\"p3\"><span class=\"s1\">Dovremmo lasciare l\u2019assistenza sanitaria al libero mercato o dovrebbe essere il governo a fornirla? Il dibattito infuria e molti paragonano il mercato statunitense a quelli del Regno Unito e del Canada. La ricerca di mercato \u00e8 essenziale per determinare la risposta alla domanda sanitaria.<\/span><\/p>\n\n\n\n<h2 class=\"wp-block-heading p5\"><span class=\"s1\">Verso una nuova strategia per i benefici sanitari<\/span><\/h2>\n\n\n\n<p><span class=\"s1\">The debate over single-payer and private vs. public insurance can become moot. Many large employers are adopting a new healthcare benefits strategy, which includes <a href=\"https:\/\/www.sisinternational.com\/it\/salute-intelligente\/\" title=\"Ricerche di mercato sulla salute intelligente\"  data-wpil-monitor-id=\"1957\">innovations<\/a> such as on-site health clinics and health coaching. It leads to healthier employees with less need for coverage.<\/span><\/p>\n\n\n\n<h2 class=\"wp-block-heading p5\"><span class=\"s1\">Organizzazione professionale dei datori di lavoro (PEO)<\/span><\/h2>\n\n\n\n<p class=\"p3\"><span class=\"s1\">Should you outsource your company&#8217;s health insurance to a PEO? A PEO gives you access to all its carriers; thus, you have more options. Even better, you won&#8217;t have to administer the plan &#8211; that&#8217;s the PEO&#8217;s job. <a href=\"https:\/\/www.sisinternational.com\/it\/soluzioni\/soluzioni-di-branding-e-ricerca-clienti\/narrazione-di-ricerche-di-mercato\/\" title=\"Ricerche di mercato sul racconto di storie\"  data-wpil-monitor-id=\"5957\">Market research will tell<\/a> you whether a PEO is the best option for you.<\/span><\/p>\n\n\n\n<h2 class=\"wp-block-heading p5\"><span class=\"s1\">How Healthcare Benefits Improve HR Talent Strategy<\/span><\/h2>\n\n\n\n<p class=\"p3\"><span class=\"s1\">Hiring and retaining talented workers is getting harder and harder. Thus, HR specialists are leveraging employee benefits as a tool to boost employee recruitment and retention. Healthcare is one such benefit. The right plan will help you attract and keep your best talent. That&#8217;s why it&#8217;s wise to be careful in your selection.<\/span><\/p>\n\n\n\n<h2 class=\"wp-block-heading p5\"><span class=\"s1\">Aperte le iscrizioni<\/span><\/h2>\n\n\n\n<p class=\"p3\"><span class=\"s1\">Open enrollment is a particular time of year when individuals can sign up for health insurance. The health plan must ensure that any eligible person who applies during open enrollment. It&#8217;s one of the best times to look for affordable health coverage.<\/span><\/p>\n\n\n\n<h2 class=\"wp-block-heading p5\"><span class=\"s1\">Benefici dell&#039;assicurazione sanitaria per gli imprenditori<\/span><\/h2>\n\n\n\n<p class=\"p3\"><span class=\"s1\">Trovare buoni piani assicurativi per gli imprenditori pu\u00f2 essere difficile. La \u201cpartecipazione ai costi sanitari\u201d \u00e8 uno dei modi per ottenere la copertura. \u00c8 un modo per le persone sane di proteggersi dagli eventi inaspettati della vita. Il costo \u00e8 di gran lunga inferiore rispetto alle assicurazioni tradizionali e comprende le principali tipologie di assistenza.<\/span><\/p>\n\n\n\n<h2 class=\"wp-block-heading p5\"><span class=\"s1\">Benefici per la salute e Millennials<\/span><\/h2>\n\n\n\n<p class=\"p7\"><span class=\"s1\">La tua organizzazione impiega un\u2019ampia percentuale di millennial? \u00c8 importante notare che questo gruppo pone sfide speciali. Ad esempio, molti millennial soffrono di condizioni di salute che incidono sulla loro qualit\u00e0 di vita. La salute mentale \u00e8 una di queste condizioni. Dovrai considerare questi dati quando scegli un piano.<\/span><\/p>\n\n\n\n<h2 class=\"wp-block-heading p5\"><span class=\"s1\">Gig Economy e assicurazione sanitaria<\/span><\/h2>\n\n\n\n<p class=\"p3\"><span class=\"s1\">La gig economy sostiene manager e artisti. Fanno parte di questo gruppo anche i professionisti pronti a salire su un aereo in un attimo e gli autisti di turno. Questi professionisti indipendenti spesso non hanno il giusto livello di assicurazione sanitaria. Se lo fanno, non \u00e8 sempre a un costo accessibile. Se fai parte della gig economy, potresti aver bisogno di aiuto per ricercare il piano giusto per te.<\/span><\/p>\n\n\n\n<p class=\"p3\"><span class=\"s1\">Ogni anno sempre pi\u00f9 persone acquistano la propria assicurazione sanitaria online. Molti non sanno quale sia il migliore per loro. La maggior parte sceglie piani di assicurazione sanitaria che hanno premi mensili bassi. Successivamente scoprono che questa soluzione non soddisfa le loro esigenze n\u00e9 quelle dei loro lavoratori. Le spese possono essere molto pi\u00f9 elevate nel lungo periodo. Il piano di assicurazione sanitaria pi\u00f9 adatto finir\u00e0 per essere quello che ti offre il miglior rapporto qualit\u00e0-prezzo. Non importa se non \u00e8 il piano con il premio pi\u00f9 basso.<\/span><\/p>\n\n\n\n<h2 class=\"wp-block-heading\">Informazioni sulle ricerche di mercato sull&#039;assicurazione sanitaria<\/h2>\n\n\n\n<p class=\"p3\"><span class=\"s1\">Do you need Health <a href=\"https:\/\/www.sisinternational.com\/it\/competenza\/industrie\/consulenza-sulla-strategia-di-ricerca-di-mercato-assicurativo-per-la-costruzione\/\" title=\"Building Insurance Market Research\"  data-wpil-monitor-id=\"5021\">Insurance Market Research<\/a>?<span class=\"Apple-converted-space\">&nbsp; <\/span>SIS International ti copre. Effettuiamo ricerche di mercato per trovare il piano pi\u00f9 adatto a te o alla tua organizzazione. Chiamaci ora per un preventivo per gestire la tua copertura assicurativa sanitaria.<\/span><\/p>\n\n\n\n<p><\/p>","protected":false},"excerpt":{"rendered":"<p>SIS \u00e8 una societ\u00e0 leader nella ricerca di mercato globale e nella consulenza strategica. Ottieni analisi dei dati e approfondimenti dalle ricerche di mercato dell&#039;assicurazione sanitaria.<\/p>","protected":false},"author":1,"featured_media":62434,"parent":11294,"menu_order":52,"comment_status":"closed","ping_status":"closed","template":"","meta":{"_uag_custom_page_level_css":"","footnotes":""},"class_list":["post-34591","page","type-page","status-publish","has-post-thumbnail"],"uagb_featured_image_src":{"full":["https:\/\/www.sisinternational.com\/wp-content\/uploads\/2025\/08\/Healthcare-16.jpg",1456,816,false],"thumbnail":["https:\/\/www.sisinternational.com\/wp-content\/uploads\/2025\/08\/Healthcare-16-150x150.jpg",150,150,true],"medium":["https:\/\/www.sisinternational.com\/wp-content\/uploads\/2025\/08\/Healthcare-16-300x168.jpg",300,168,true],"medium_large":["https:\/\/www.sisinternational.com\/wp-content\/uploads\/2025\/08\/Healthcare-16-768x430.jpg",768,430,true],"large":["https:\/\/www.sisinternational.com\/wp-content\/uploads\/2025\/08\/Healthcare-16-1024x574.jpg",1024,574,true],"1536x1536":["https:\/\/www.sisinternational.com\/wp-content\/uploads\/2025\/08\/Healthcare-16.jpg",1456,816,false],"2048x2048":["https:\/\/www.sisinternational.com\/wp-content\/uploads\/2025\/08\/Healthcare-16.jpg",1456,816,false],"trp-custom-language-flag":["https:\/\/www.sisinternational.com\/wp-content\/uploads\/2025\/08\/Healthcare-16-18x10.jpg",18,10,true]},"uagb_author_info":{"display_name":"Ruth Stanat","author_link":"https:\/\/www.sisinternational.com\/it\/author\/expert\/"},"uagb_comment_info":0,"uagb_excerpt":"SIS is a leading Global Market Research and Strategy Consulting company. Gain data analytics and insights from Health Insurance Market Research.","_links":{"self":[{"href":"https:\/\/www.sisinternational.com\/it\/wp-json\/wp\/v2\/pages\/34591","targetHints":{"allow":["GET"]}}],"collection":[{"href":"https:\/\/www.sisinternational.com\/it\/wp-json\/wp\/v2\/pages"}],"about":[{"href":"https:\/\/www.sisinternational.com\/it\/wp-json\/wp\/v2\/types\/page"}],"author":[{"embeddable":true,"href":"https:\/\/www.sisinternational.com\/it\/wp-json\/wp\/v2\/users\/1"}],"replies":[{"embeddable":true,"href":"https:\/\/www.sisinternational.com\/it\/wp-json\/wp\/v2\/comments?post=34591"}],"version-history":[{"count":6,"href":"https:\/\/www.sisinternational.com\/it\/wp-json\/wp\/v2\/pages\/34591\/revisions"}],"predecessor-version":[{"id":79627,"href":"https:\/\/www.sisinternational.com\/it\/wp-json\/wp\/v2\/pages\/34591\/revisions\/79627"}],"up":[{"embeddable":true,"href":"https:\/\/www.sisinternational.com\/it\/wp-json\/wp\/v2\/pages\/11294"}],"wp:featuredmedia":[{"embeddable":true,"href":"https:\/\/www.sisinternational.com\/it\/wp-json\/wp\/v2\/media\/62434"}],"wp:attachment":[{"href":"https:\/\/www.sisinternational.com\/it\/wp-json\/wp\/v2\/media?parent=34591"}],"curies":[{"name":"wp","href":"https:\/\/api.w.org\/{rel}","templated":true}]}}