{"id":34568,"date":"2020-02-08T21:49:34","date_gmt":"2020-02-08T21:49:34","guid":{"rendered":"https:\/\/www.sisinternational.com\/?page_id=34568"},"modified":"2026-01-25T16:41:14","modified_gmt":"2026-01-25T21:41:14","slug":"analisi-dei-dati","status":"publish","type":"page","link":"https:\/\/www.sisinternational.com\/it\/soluzioni\/consulenza-strategica\/analisi-dei-dati\/","title":{"rendered":"Societ\u00e0 di analisi dei dati"},"content":{"rendered":"<h1 class=\"wp-block-heading\">Societ\u00e0 di analisi dei dati<\/h1>\n\n\n\n<figure class=\"gb-block-image gb-block-image-68ed9aa7\"><img loading=\"lazy\" decoding=\"async\" width=\"1456\" height=\"816\" class=\"gb-image gb-image-68ed9aa7\" src=\"https:\/\/www.sisinternational.com\/wp-content\/uploads\/2025\/08\/Data-38.jpg\" alt=\"Ricerca e strategia di mercato internazionale SIS\" title=\"Data (38)\" srcset=\"https:\/\/www.sisinternational.com\/wp-content\/uploads\/2025\/08\/Data-38.jpg 1456w, https:\/\/www.sisinternational.com\/wp-content\/uploads\/2025\/08\/Data-38-300x168.jpg 300w, https:\/\/www.sisinternational.com\/wp-content\/uploads\/2025\/08\/Data-38-1024x574.jpg 1024w, https:\/\/www.sisinternational.com\/wp-content\/uploads\/2025\/08\/Data-38-768x430.jpg 768w, https:\/\/www.sisinternational.com\/wp-content\/uploads\/2025\/08\/Data-38-18x10.jpg 18w\" sizes=\"auto, (max-width: 1456px) 100vw, 1456px\"><\/figure>\n\n\n\n<p><\/p>\n\n\n\n<h2 class=\"wp-block-heading p3\"><span class=\"s1\">Trasforma i tuoi dati in insight<\/span><\/h2>\n\n\n\n<p class=\"p3\"><span class=\"s1\">Do you feel your business is missing insight for confident decision making?&nbsp; Having support from a professional Data &amp; Analytics team can improve the effectiveness and profitability of your business. <\/span><\/p>\n\n\n\n<p class=\"p3\"><span class=\"s1\">Tuttavia, la creazione di un team interno di dati e analisi all&#039;interno della tua azienda pu\u00f2 essere un compito costoso e impegnativo. Potrebbe volerci del tempo prima che il nuovo team diventi produttivo, fornisca risultati e generi un ritorno sull&#039;investimento (ROI). <\/span><\/p>\n\n\n\n<p class=\"p3\"><span class=\"s1\">Have you considered outsourcing your Data &amp; Analytics department? A professional <a href=\"https:\/\/www.sisinternational.com\/it\/sis-application-of-quantitative-data-analytics-to-sensory-testing\/\" title=\"SIS Application of Quantitative Data Analytics to Sensory Testing\"  data-wpil-monitor-id=\"1280\">Data Analytics consultancy like SIS<\/a> can provide you with cutting-edge analysis, tools, analytics and reports. By outsourcing Data Analysis, you can also receive the required reports rapidly and cost effectively. <\/span><\/p>\n\n\n\n<h2 class=\"wp-block-heading p3\"><span class=\"s1\">Il valore della nostra proposta<\/span><\/h2>\n\n\n\n<p class=\"p3\"><span class=\"s1\">At SIS Research, our reports are clear and easy to digest. We have experts who add value with their experience. We gather and analyze your data rapidly. We are your strategic partner for Data Science and <a href=\"https:\/\/www.sisinternational.com\/it\/competenza\/industrie\/consulenza-in-analisi-di-scienza-dei-dati\/\" title=\"Consulenza in materia di scienza e analisi dei dati\"  data-wpil-monitor-id=\"3675\">Analisi dei dati<\/a>.<\/span><\/p>\n\n\n\n<h2 class=\"wp-block-heading\">Siamo pi\u00f9 convenienti e pi\u00f9 specializzati rispetto all&#039;assunzione di un team di data science.<\/h2>\n\n\n\n<p class=\"p3\"><span class=\"s1\">I nostri team di dati e analisi conoscono molte tecniche analitiche. Possiamo creare informazioni dettagliate su tutti i processi aziendali. Con una maggiore comprensione, il processo decisionale diventa pi\u00f9 naturale e pi\u00f9 efficace. Puoi scoprire nuove fonti di vantaggio e trovare modi per diventare pi\u00f9 redditizio.<\/span><\/p>\n\n\n\n<h2 class=\"wp-block-heading\">I nostri vantaggi<\/h2>\n\n\n\n<ul class=\"wp-block-list\">\n<li>Conveniente<\/li>\n\n\n\n<li>Specializzato<\/li>\n\n\n\n<li>Rapido<\/li>\n\n\n\n<li>Globale<\/li>\n\n\n\n<li>Imparziale<\/li>\n\n\n\n<li>Reportistica avanzata strategica e attuabile<\/li>\n\n\n\n<li>Funzionalit\u00e0 statistiche avanzate<\/li>\n<\/ul>\n\n\n\n<h2 class=\"wp-block-heading\">Soluzioni<\/h2>\n\n\n\n<p class=\"p3\"><span class=\"s1\">Noi di SIS Research offriamo le seguenti soluzioni:<\/span><\/p>\n\n\n\n<ul class=\"wp-block-list\">\n<li><span class=\"s1\"><b>Visualizzazione e tableau dei dati.<\/b> I nostri strumenti mostrano i risultati graficamente, il che \u00e8 facile da digerire e comprendere. Possiamo realizzarlo secondo le vostre esigenze e desideri. <\/span><\/li>\n\n\n\n<li><span class=\"s1\"><b>Analisi di regressione<\/b> mostra la relazione tra due o pi\u00f9 variabili. Questo strumento ti aiuta a capire come i componenti del sistema si relazionano tra loro. Mostra gli elementi che devono essere migliorati per creare un impatto positivo sull\u2019organizzazione. <\/span><\/li>\n\n\n\n<li><span class=\"s1\">Con <b>Analisi congiunta<\/b>, controlli il rendimento dei tuoi prodotti e servizi. Vedi anche come li percepiscono i tuoi clienti. Conjoint analizza i diversi componenti e caratteristiche dei tuoi prodotti e servizi. I clienti possono valutare parti separate. Questa valutazione fornir\u00e0 informazioni preziose ai team di marketing. <\/span><\/li>\n\n\n\n<li><span class=\"s1\"><b>Analisi predittiva<\/b> prevedere modelli e tendenze futuri. Analizzando i dati storici, possiamo prevedere i risultati futuri. <\/span><\/li>\n\n\n\n<li><span class=\"s1\"><b>Analisi della varianza (ANOVA)<\/b> confronta la differenza tra pi\u00f9 di due variabili. Per essere pi\u00f9 specifici, esamina la variazione all\u2019interno dei gruppi. Analizza anche il cambiamento tra i gruppi. ANOVA \u00e8 uno strumento utile per comprendere set di dati pi\u00f9 complicati. <\/span><\/li>\n\n\n\n<li><span class=\"s1\"><b>Analisi di Montecarlo<\/b> consente ai ricercatori di eseguire diversi studi. Possiamo definire tutti i possibili risultati di un evento o di un investimento. <\/span><\/li>\n\n\n\n<li><span class=\"s1\"><b>Modellazione dei dati<\/b> esamina i concetti di cui desideri tenere traccia dei dati e questi diventano le tabelle in un database. <\/span><\/li>\n\n\n\n<li><span class=\"s1\"><b>SQL e Python<\/b> \u00e8 un altro strumento di analisi, che offre ai data scientist molte opzioni. Questo strumento semplifica l&#039;elaborazione, l&#039;interrogazione e l&#039;utilizzo dei dati raccolti. <\/span><\/li>\n\n\n\n<li><span class=\"s1\">Noi offriamo <b>Analisi ROA e ROE<\/b>. ROA sta per Return on Assets e ROE \u00e8 Return on Equity. <\/span><\/li>\n\n\n\n<li><span class=\"s1\">UN <b>Report destagionalizzato<\/b> \u00e8 dove eliminiamo i tuoi dati dai loro schemi stagionali. <\/span><\/li>\n\n\n\n<li><span class=\"s1\">Offriamo anche a <b>Pacchetto di analisi completo<\/b>. Include quanto segue:\u00a0<\/span>\n<ul class=\"wp-block-list\">\n<li><span class=\"s1\">Analisi della scatola<\/span><\/li>\n\n\n\n<li><span class=\"s1\">Intervalli di confidenza<\/span><\/li>\n\n\n\n<li><span class=\"s1\">Analisi dei valori anomali<\/span><\/li>\n\n\n\n<li><span class=\"s1\">Analisi di distribuzione, asimmetria e curtosi<\/span><\/li>\n\n\n\n<li><span class=\"s1\">Alfa, F-stat, valore p, ecc.<\/span><\/li>\n<\/ul>\n<\/li>\n<\/ul>\n\n\n\n<h2 class=\"wp-block-heading\">Perch\u00e9 l&#039;analisi dei dati \u00e8 fondamentale<\/h2>\n\n\n\n<p class=\"p3\"><span class=\"s1\">Una societ\u00e0 di ricerche di mercato e una societ\u00e0 di analisi dei dati possono fornire alla tua azienda i tipi di analisi di cui sopra, che creeranno una comprensione pi\u00f9 approfondita della tua azienda, dei tuoi prodotti e dei tuoi servizi. Pu\u00f2 anche aiutarti con le tue finanze, l&#039;efficienza e altro ancora. <\/span><\/p>\n\n\n\n<p class=\"p3\"><span class=\"s1\">Data &amp; Analytics consulting is low-cost, efficient, and reliable.&nbsp; It can uncover a deeper understanding of your operations&nbsp;<\/span><\/p>\n\n\n\n<p class=\"p3\"><span class=\"s1\">A Market <a class=\"wpil_keyword_link\" href=\"https:\/\/www.sisinternational.com\/it\/\"   title=\"Casa\" data-wpil-keyword-link=\"linked\"  data-wpil-monitor-id=\"756\">Research and Strategy<\/a> Consulting company like SIS is skilled at Data Analysis and tools.&nbsp; We can examine the products\/services you offer. We can examine the relationships of different components within the business.&nbsp; We can uncover efficiencies in the decision-making process, and provide actionable data and insight for confident decision making.<\/span><\/p>\n\n\n\n<p><\/p>","protected":false},"excerpt":{"rendered":"<p>SIS funge da team di scienza dei dati e analisi dei dati. Forniamo soluzioni di Data Analytics e Consulenza Statistica.<\/p>","protected":false},"author":1,"featured_media":64376,"parent":14567,"menu_order":13,"comment_status":"closed","ping_status":"closed","template":"","meta":{"footnotes":""},"class_list":["post-34568","page","type-page","status-publish","has-post-thumbnail"],"_links":{"self":[{"href":"https:\/\/www.sisinternational.com\/it\/wp-json\/wp\/v2\/pages\/34568","targetHints":{"allow":["GET"]}}],"collection":[{"href":"https:\/\/www.sisinternational.com\/it\/wp-json\/wp\/v2\/pages"}],"about":[{"href":"https:\/\/www.sisinternational.com\/it\/wp-json\/wp\/v2\/types\/page"}],"author":[{"embeddable":true,"href":"https:\/\/www.sisinternational.com\/it\/wp-json\/wp\/v2\/users\/1"}],"replies":[{"embeddable":true,"href":"https:\/\/www.sisinternational.com\/it\/wp-json\/wp\/v2\/comments?post=34568"}],"version-history":[{"count":6,"href":"https:\/\/www.sisinternational.com\/it\/wp-json\/wp\/v2\/pages\/34568\/revisions"}],"predecessor-version":[{"id":77883,"href":"https:\/\/www.sisinternational.com\/it\/wp-json\/wp\/v2\/pages\/34568\/revisions\/77883"}],"up":[{"embeddable":true,"href":"https:\/\/www.sisinternational.com\/it\/wp-json\/wp\/v2\/pages\/14567"}],"wp:featuredmedia":[{"embeddable":true,"href":"https:\/\/www.sisinternational.com\/it\/wp-json\/wp\/v2\/media\/64376"}],"wp:attachment":[{"href":"https:\/\/www.sisinternational.com\/it\/wp-json\/wp\/v2\/media?parent=34568"}],"curies":[{"name":"wp","href":"https:\/\/api.w.org\/{rel}","templated":true}]}}