{"id":33419,"date":"2019-10-06T21:53:24","date_gmt":"2019-10-06T21:53:24","guid":{"rendered":"https:\/\/www.sisinternational.com\/?page_id=33419"},"modified":"2025-09-13T18:13:39","modified_gmt":"2025-09-13T22:13:39","slug":"ricerche-di-mercato-nellidaho","status":"publish","type":"page","link":"https:\/\/www.sisinternational.com\/it\/copertura\/north-america\/copertura-degli-stati-uniti\/ricerche-di-mercato-nellidaho\/","title":{"rendered":"Ricerche di mercato nell&#039;Idaho"},"content":{"rendered":"<h1 class=\"wp-block-heading\">Ricerche di mercato nell&#039;Idaho<\/h1>\n\n\n\n<figure class=\"gb-block-image gb-block-image-7d19e551\"><img loading=\"lazy\" decoding=\"async\" width=\"1456\" height=\"816\" class=\"gb-image gb-image-7d19e551\" src=\"https:\/\/www.sisinternational.com\/wp-content\/uploads\/2025\/09\/Idaho-5.jpg\" alt=\"Ricerca e strategia di mercato internazionale SIS\" title=\"Idaho (5)\" srcset=\"https:\/\/www.sisinternational.com\/wp-content\/uploads\/2025\/09\/Idaho-5.jpg 1456w, https:\/\/www.sisinternational.com\/wp-content\/uploads\/2025\/09\/Idaho-5-300x168.jpg 300w, https:\/\/www.sisinternational.com\/wp-content\/uploads\/2025\/09\/Idaho-5-1024x574.jpg 1024w, https:\/\/www.sisinternational.com\/wp-content\/uploads\/2025\/09\/Idaho-5-768x430.jpg 768w, https:\/\/www.sisinternational.com\/wp-content\/uploads\/2025\/09\/Idaho-5-18x10.jpg 18w\" sizes=\"auto, (max-width: 1456px) 100vw, 1456px\"><\/figure>\n\n\n\n<p><\/p>\n\n\n\n<h2 class=\"wp-block-heading p3\"><span class=\"s1\">Conosciuto anche come &quot;Gem State&quot;, l&#039;Idaho comprende 83.569 miglia quadrate di territorio e conta 1,7 milioni di persone. <\/span><\/h2>\n\n\n\n<p class=\"p3\"><span class=\"s1\">Washington, Oregon, Montana, Nevada e Wyoming confinano tutti con l&#039;Idaho. Condivide un breve confine con la Columbia Britannica, in Canada. Boise \u00e8 la sua capitale e la citt\u00e0 pi\u00f9 grande. <\/span><\/p>\n\n\n\n<p class=\"p3\"><span class=\"s1\">A state that is both scenic and adventurous, Idaho offers a little bit of everything. Part of Yellowstone Park is in this state. Idaho Falls, Coeur d\u2019Alene, and Shoshone Falls are some of the top things to look forward to when visiting Idaho. You can always expect unpredictable weather here. Despite this, many people consider July and August to be the best months. Winter is cold, and fall characterized by cooler type weather. <\/span><\/p>\n\n\n\n<h2 class=\"wp-block-heading p5\"><span class=\"s1\">Energia<\/span><\/h2>\n\n\n\n<p class=\"p3\"><span class=\"s1\">The Department of Energy designed the Idaho National Laboratory. This laboratory is the <a href=\"https:\/\/www.sisinternational.com\/it\/competenza\/curriculum-di-esperienza\/b2b-market-research-company\/\" title=\"Principale societ\u00e0 di ricerche di mercato B2B\"  data-wpil-monitor-id=\"8028\">top nuclear research<\/a> facility in the nation. Its engineers do development, testing, and demonstration of new materials and fuels so that the residents enjoy clean and sustainable energy through the advancement of the facility. <\/span><\/p>\n\n\n\n<h2 class=\"wp-block-heading p5\"><span class=\"s1\">Aerospaziale<\/span><\/h2>\n\n\n\n<p class=\"p3\"><span class=\"s1\">Aerospace businesses keep finding a home here. Idaho is home to more than 24 aerospace companies, such as Empire Airlines. Its location is ideal as it is close to several international airports. These companies engage in airplane assembly and its related <a href=\"https:\/\/www.sisinternational.com\/it\/soluzioni\/prova-del-gusto\/servizi-di-test-di-prodotto-a-new-york\/\" title=\"Servizi di test di prodotto a New York\"  data-wpil-monitor-id=\"8029\">products and services<\/a>. Aerospace continues to play a massive role in the economic development of Idaho. <\/span><\/p>\n\n\n\n<h2 class=\"wp-block-heading p5\"><span class=\"s1\">Produzione avanzata <\/span><\/h2>\n\n\n\n<p class=\"p3\"><span class=\"s1\">The use of cutting-edge processes is what makes the difference from conventional manufacturing. Moreover, in Idaho, businesses have access to such methods along with a skilled workforce. These skills and advancements make Idaho the ideal place to invest in manufacturing. Companies such as Motive Power and Unitech Composites have done so. They have found that Idaho provides an opportunity for the use of technology. The state also has an excellent transportation network, which complements its technological advancements.<\/span><\/p>\n\n\n\n<h2 class=\"wp-block-heading p5\"><span class=\"s1\">Produzione di cibo<\/span><\/h2>\n\n\n\n<p class=\"p3\"><span class=\"s1\">Molte persone conoscono l&#039;Idaho per la sua produzione di patate. Tuttavia, i suoi prodotti includono latticini, vini, bestiame, raccolti e sementi. GoGo, Squeeze e Chobani hanno trovato vantaggioso aprire un negozio in Idaho.<\/span><\/p>\n\n\n\n<h2 class=\"wp-block-heading p5\"><span class=\"s1\">Turismo e attivit\u00e0 ricreative all&#039;aria aperta<\/span><\/h2>\n\n\n\n<p class=\"p3\"><span class=\"s1\">Il turismo rappresenta una grossa fetta del reddito dell&#039;Idaho. Lo stato offre molte attivit\u00e0 all&#039;aperto per incoraggiare i visitatori. Sia i visitatori che gli imprenditori stanno prendendo nota e crogiolandosi nella bellezza all&#039;aperto dell&#039;Idaho. Le opportunit\u00e0 sono vaste in questo settore. <\/span><\/p>\n\n\n\n<h2 class=\"wp-block-heading p5\"><span class=\"s1\">Incentivi aziendali in Idaho<\/span><\/h2>\n\n\n\n<p class=\"p3\"><span class=\"s1\">L&#039;Idaho ha reso vantaggioso fare affari nel Gem State. Alcuni incentivi includono: <\/span><\/p>\n\n\n\n<ul class=\"wp-block-list\">\n<li><span class=\"s1\">Fondo opportunit\u00e0 dell&#039;Idaho. Questo fondo \u00e8 per lo sviluppo infrastrutturale. Tale sviluppo aiuta ad attrarre o accogliere nuove strutture commerciali. <\/span><\/li>\n\n\n\n<li><span class=\"s1\">TRI &#8211; Tax Reimbursement Incentive, can offer a tax credit up to 30% on income generated by a business<\/span><\/li>\n\n\n\n<li><span class=\"s1\">Esenzione dall&#039;imposta sulla propriet\u00e0. Questa esenzione \u00e8 per le imprese nuove o esistenti che investono almeno $500K. Tali societ\u00e0 possono beneficiare di un&#039;esenzione dall&#039;imposta sulla propriet\u00e0. In alcuni casi, l\u2019esenzione fiscale dura fino a 5 anni. <\/span><\/li>\n\n\n\n<li><span class=\"s1\">Investment in Human Resources. This incentive can result in a reimbursement of up to $3,000 when training employees.<\/span><\/li>\n\n\n\n<li><span class=\"s1\">Credito d&#039;imposta sugli investimenti. Quando investe in macchinari e attrezzature in Idaho, un&#039;azienda pu\u00f2 ricevere un credito d&#039;imposta 3%.<\/span><\/li>\n<\/ul>\n\n\n\n<h2 class=\"wp-block-heading\">Informazioni sulle ricerche di mercato in Idaho<\/h2>\n\n\n\n<p class=\"p3\"><span class=\"s1\">For your business to thrive, you need information. <a href=\"https:\/\/www.sisinternational.com\/it\/soluzioni\/soluzioni-di-ricerca-quantitativa-qualitativa\/reclutamento-per-la-ricerca-qualitativa\/\" title=\"Reclutamento per la ricerca qualitativa\"  data-wpil-monitor-id=\"8026\">Ricerca qualitativa e quantitativa<\/a> can help you figure out your business location. It tells you what the consumer needs or current wants are. It also gives you the best <a href=\"https:\/\/www.sisinternational.com\/it\/soluzioni\/ricerca-di-consulenza-strategica-fintech\/consulenza-strategica-per-ricerche-di-mercato-assicurative-in-caso-di-interruzione-dellattivita\/\" title=\"Ricerche di mercato e consulenza strategica nel settore assicurativo per l&#039;interruzione dell&#039;attivit\u00e0\"  data-wpil-monitor-id=\"8030\">strategy to use for your business<\/a> success. SIS can do this and more for you. We specialize in Qualitative, Quantitative, and Strategy Research. The future and <a href=\"https:\/\/www.sisinternational.com\/it\/predictive-analytics\/\" title=\"Predictive Analytics: Your Crystal Ball for Business Success\"  data-wpil-monitor-id=\"8027\">success of your business<\/a> are in your hands. Moreover, you can trust <a href=\"https:\/\/www.sisinternational.com\/it\/sis-presenta-la-piattaforma-di-data-science-e-analisi-quantitativa\/\" title=\"SIS presenta la piattaforma di scienza dei dati e analisi quantitativa\"  data-wpil-monitor-id=\"8025\">SIS<\/a> to assist you in taking loads of data and transforming it into a solid base for your decision-making. Click on the link below and experience how we can assist in your business success.<\/span><\/p>\n\n\n\n<h2 class=\"wp-block-heading\">&nbsp;<\/h2>","protected":false},"excerpt":{"rendered":"<p>Scopri nuove opportunit\u00e0 di business con le ricerche di mercato in Idaho.<\/p>","protected":false},"author":1,"featured_media":66550,"parent":19303,"menu_order":55,"comment_status":"closed","ping_status":"closed","template":"","meta":{"footnotes":""},"class_list":["post-33419","page","type-page","status-publish","has-post-thumbnail"],"_links":{"self":[{"href":"https:\/\/www.sisinternational.com\/it\/wp-json\/wp\/v2\/pages\/33419","targetHints":{"allow":["GET"]}}],"collection":[{"href":"https:\/\/www.sisinternational.com\/it\/wp-json\/wp\/v2\/pages"}],"about":[{"href":"https:\/\/www.sisinternational.com\/it\/wp-json\/wp\/v2\/types\/page"}],"author":[{"embeddable":true,"href":"https:\/\/www.sisinternational.com\/it\/wp-json\/wp\/v2\/users\/1"}],"replies":[{"embeddable":true,"href":"https:\/\/www.sisinternational.com\/it\/wp-json\/wp\/v2\/comments?post=33419"}],"version-history":[{"count":4,"href":"https:\/\/www.sisinternational.com\/it\/wp-json\/wp\/v2\/pages\/33419\/revisions"}],"predecessor-version":[{"id":81352,"href":"https:\/\/www.sisinternational.com\/it\/wp-json\/wp\/v2\/pages\/33419\/revisions\/81352"}],"up":[{"embeddable":true,"href":"https:\/\/www.sisinternational.com\/it\/wp-json\/wp\/v2\/pages\/19303"}],"wp:featuredmedia":[{"embeddable":true,"href":"https:\/\/www.sisinternational.com\/it\/wp-json\/wp\/v2\/media\/66550"}],"wp:attachment":[{"href":"https:\/\/www.sisinternational.com\/it\/wp-json\/wp\/v2\/media?parent=33419"}],"curies":[{"name":"wp","href":"https:\/\/api.w.org\/{rel}","templated":true}]}}