{"id":33413,"date":"2019-10-06T19:22:04","date_gmt":"2019-10-06T19:22:04","guid":{"rendered":"https:\/\/www.sisinternational.com\/?page_id=33413"},"modified":"2025-09-13T18:06:55","modified_gmt":"2025-09-13T22:06:55","slug":"ricerche-di-mercato-nel-vermont","status":"publish","type":"page","link":"https:\/\/www.sisinternational.com\/it\/copertura\/north-america\/copertura-degli-stati-uniti\/ricerche-di-mercato-nel-vermont\/","title":{"rendered":"Ricerche di mercato nel Vermont"},"content":{"rendered":"<h1 class=\"wp-block-heading\">Ricerche di mercato nel Vermont<\/h1>\n\n\n\n<figure class=\"gb-block-image gb-block-image-429df7f0\"><img loading=\"lazy\" decoding=\"async\" width=\"1456\" height=\"816\" class=\"gb-image gb-image-429df7f0\" src=\"https:\/\/www.sisinternational.com\/wp-content\/uploads\/2025\/09\/Vermont-2.jpg\" alt=\"Ricerca e strategia di mercato internazionale SIS\" title=\"Vermont (2)\" srcset=\"https:\/\/www.sisinternational.com\/wp-content\/uploads\/2025\/09\/Vermont-2.jpg 1456w, https:\/\/www.sisinternational.com\/wp-content\/uploads\/2025\/09\/Vermont-2-300x168.jpg 300w, https:\/\/www.sisinternational.com\/wp-content\/uploads\/2025\/09\/Vermont-2-1024x574.jpg 1024w, https:\/\/www.sisinternational.com\/wp-content\/uploads\/2025\/09\/Vermont-2-768x430.jpg 768w, https:\/\/www.sisinternational.com\/wp-content\/uploads\/2025\/09\/Vermont-2-18x10.jpg 18w\" sizes=\"auto, (max-width: 1456px) 100vw, 1456px\"><\/figure>\n\n\n\n<p><\/p>\n\n\n\n<h2 class=\"wp-block-heading p2\"><span class=\"s1\">Il Vermont si trova nel New England, nell&#039;angolo nord-orientale degli Stati Uniti. <\/span><\/h2>\n\n\n\n<p class=\"p2\"><span class=\"s1\">Con circa 624.000 residenti, \u00e8 il secondo stato pi\u00f9 piccolo degli Stati Uniti per popolazione. \u00c8 un piccolo stato, il sesto pi\u00f9 piccolo del paese per area. Burlington \u00e8 la citt\u00e0 pi\u00f9 grande, con 42.000 abitanti, e South Burlington, situata nella contea di Chittenden, ha la seconda popolazione pi\u00f9 grande del Vermont. Ha una popolazione di 18.000 persone. Altre grandi aree metropolitane includono Rutland, Barre e Montpelier, la capitale del Vermont.<\/span><\/p>\n\n\n\n<p class=\"p2\"><span class=\"s1\">Vivaci stazioni sciistiche, tranquille montagne boscose e vero sciroppo d&#039;acero fanno parte del Vermont, con una delle attrazioni principali che \u00e8 la Billings Farm and Museum a Woodstock. Un museo di storia all&#039;aperto, Billings \u00e8 uno dei migliori del paese. Un&#039;altra attrazione \u00e8 Hildene, la casa della famiglia Lincoln, una splendida dimora in stile neo-georgiano. \u00c8 la casa di famiglia dei discendenti del presidente Lincoln.<\/span><\/p>\n\n\n\n<h2 class=\"wp-block-heading p5\"><span class=\"s1\">Industrie chiave nel Vermont<\/span><\/h2>\n\n\n\n<p class=\"p2\"><span class=\"s1\">The largest employer in Vermont is the US Government, with most public employees working in the fields of education and healthcare. Full-service restaurants are also major employers, but they have one of the lowest average earnings figures. There is a noticeable lack of professional services in Vermont. For example, the state has few technical and professional consultants and lawyers. However, it has an extensive semiconductor and other <a href=\"https:\/\/www.sisinternational.com\/it\/soluzioni\/ai-ricerche-di-mercato-e-consulenza-strategica\/consulenza-sullintelligenza-artificiale-per-lautomazione-dellindustria-elettronica\/\" title=\"Consulenza sull&#039;automazione dell&#039;industria elettronica e sull&#039;intelligenza artificiale\"  data-wpil-monitor-id=\"9063\">electronic manufacturing industry<\/a>.<\/span><\/p>\n\n\n\n<h2 class=\"wp-block-heading\">Produzione<\/h2>\n\n\n\n<p class=\"p6\"><span class=\"s1\">Manufacturing is Vermont\u2019s leading industry, accounting for approximately 11 percent of state&#8217;s GDP. The state has over 1000 manufacturing firms, and a new <a href=\"https:\/\/www.sisinternational.com\/it\/competenza\/industrie\/ricerche-di-mercato-sulla-produzione-di-energia\/\" title=\"Ricerche di mercato sulla produzione di energia\"  data-wpil-monitor-id=\"9059\">generation of market<\/a> leaders is driving innovation in this sector. Agriculture, tech, and energy are also leading industries, with other vital lines of business being software development, IT, financial services, and insurance. Renewable energy, green companies, and food and beverage also contribute to GDP. Vermont also manufactures consumer goods. Finally, the state has vibrant <a href=\"https:\/\/www.sisinternational.com\/it\/soluzioni\/ai-ricerche-di-mercato-e-consulenza-strategica\/consulenza-per-lindustria-del-turismo-ospitalita-adozione-viaggi\/\" title=\"Adozione dell&#039;intelligenza artificiale nella consulenza nel settore dei viaggi, dell&#039;ospitalit\u00e0 e del turismo\"  data-wpil-monitor-id=\"9064\">tourism and outdoor recreation industries<\/a>. Each industry has strong <a href=\"https:\/\/www.sisinternational.com\/it\/soluzioni\/soluzioni-di-branding-e-ricerca-clienti\/narrazione-di-ricerche-di-mercato\/\" title=\"Ricerche di mercato sul racconto di storie\"  data-wpil-monitor-id=\"9060\">stories to tell<\/a> about Vermont as a place to live, work, or start and grow a business.<\/span><\/p>\n\n\n\n<h2 class=\"wp-block-heading p5\"><span class=\"s1\">Punti salienti e vantaggi di fare affari nel Vermont<\/span><\/h2>\n\n\n\n<p class=\"p2\"><span class=\"s1\">Gli imprenditori stanno creando pi\u00f9 start-up nel Vermont che mai. Perch\u00e9 registrare una nuova attivit\u00e0 nel Vermont? Ecco alcuni dei motivi:<\/span><\/p>\n\n\n\n<ul class=\"wp-block-list\">\n<li><span class=\"s1\"><b>Zero imposte sul reddito: <\/b>You can enjoy the fact that Vermont does not tax S corporations<\/span><\/li>\n\n\n\n<li><span class=\"s1\"><b>Altri incentivi fiscali:<\/b> Lo stato, alcune citt\u00e0 e contee come Newport offrono diversi programmi di incentivi. Questi programmi sono destinati alle startup che si registrano come LLC.<\/span><\/li>\n\n\n\n<li><span class=\"s1\"><b>Programmi di capitale e incentivi:<\/b> Questi programmi spaziano dall\u2019angel investing a un\u2019ampia variet\u00e0 di fonti di debito. L&#039;Autorit\u00e0 per lo sviluppo economico del Vermont offre molti di questi programmi.<\/span><\/li>\n\n\n\n<li><span class=\"s1\"><b>Protezione dalla responsabilit\u00e0 limitata:<\/b> I proprietari di LLC nel Vermont godono di una protezione simile a quella delle societ\u00e0.<\/span><\/li>\n\n\n\n<li><span class=\"s1\"><b>Distribuzione flessibile degli utili:<\/b> Una startup registrata nel Vermont pu\u00f2 scegliere diversi modi per distribuire i profitti. Questo accordo \u00e8 diverso dalle partnership, dove la percentuale \u00e8 50-50<\/span><\/li>\n<\/ul>\n\n\n\n<h2 class=\"wp-block-heading\">Ambiente imprenditoriale favorevole<\/h2>\n\n\n\n<p class=\"p6\"><span class=\"s1\">Il Vermont offre la possibilit\u00e0 di incorporare imprese come \u201csociet\u00e0 benefit\u201d. Questo vantaggio consente alle aziende di aggiungere una missione sociale ai propri obiettivi finanziari. Ci\u00f2 consentir\u00e0 alla societ\u00e0 benefit di sostenere le opportunit\u00e0 economiche per comunit\u00e0 o individui. Queste opportunit\u00e0 possono essere fuori dalla norma nel normale svolgimento delle attivit\u00e0. Forniscono inoltre alle comunit\u00e0 e agli individui svantaggiati o a basso reddito i prodotti e i servizi necessari. Le societ\u00e0 benefit possono anche avere interesse a preservare o migliorare l\u2019ambiente.<\/span><\/p>\n\n\n\n<h2 class=\"wp-block-heading p5\"><span class=\"s1\">Informazioni sulle ricerche di mercato nel Vermont<\/span><\/h2>\n\n\n\n<p class=\"p2\"><span class=\"s1\"><a href=\"https:\/\/www.sisinternational.com\/it\/top-5-benefits-of-conducting-quantitative-market-research\/\" title=\"Top 5 Benefits of Conducting Quantitative Market Research\"  data-wpil-monitor-id=\"9058\">Ricerche di mercato quantitative<\/a> uses statistical, mathematical, and computational tools to derive results. It involves experiments, surveys, and real-time data gathering, and offers a more subjective overview. For Qualitative research, we use Focus Groups and other tools. We help <a href=\"https:\/\/www.sisinternational.com\/it\/pubblicazioni\/ricerche-di-mercato-per-un-business-scalabile-7-modi-per-costruire-un-business-scalabile\/\" title=\"Ricerche di mercato per aziende scalabili: 7 modi per costruire un business scalabile\"  data-wpil-monitor-id=\"9062\">businesses define their markets<\/a> and strengthen their competitive advantages. Both types of <a href=\"https:\/\/www.sisinternational.com\/it\/competenza\/curriculum-di-esperienza\/ricerca-sul-marchio\/\" title=\"Societ\u00e0 di ricerca sul marchio\"  data-wpil-monitor-id=\"9061\">research are beneficial to companies<\/a> considering doing business in Vermont.<\/span><\/p>\n\n\n\n<p class=\"p2\"><span class=\"s1\"><a href=\"https:\/\/www.sisinternational.com\/it\/what-to-expect-in-your-first-year-entering-a-new-market-5-essential-strategies\/\" title=\"What to Expect in Your First Year Entering a New Market: 5 Essential Strategies\"  data-wpil-monitor-id=\"9065\">Strategy Research is also essential<\/a>. It helps businesses to identify potential opportunities and threats. It minimizes investment risk and helps companies to strengthen their position. It also facilitates strategic planning. It allows businesses to discover their own and their competitors\u2019 weaknesses and strengths. It also helps them to stay ahead of the competition and assists them in spotting emerging trends. <\/span><\/p>\n\n\n\n<p><\/p>\n\n\n\n<h2 class=\"wp-block-heading\">&nbsp;<\/h2>","protected":false},"excerpt":{"rendered":"<p>Scopri nuove opportunit\u00e0 di business con le ricerche di mercato nel Vermont.<\/p>","protected":false},"author":1,"featured_media":66734,"parent":19303,"menu_order":53,"comment_status":"closed","ping_status":"closed","template":"","meta":{"footnotes":""},"class_list":["post-33413","page","type-page","status-publish","has-post-thumbnail"],"_links":{"self":[{"href":"https:\/\/www.sisinternational.com\/it\/wp-json\/wp\/v2\/pages\/33413","targetHints":{"allow":["GET"]}}],"collection":[{"href":"https:\/\/www.sisinternational.com\/it\/wp-json\/wp\/v2\/pages"}],"about":[{"href":"https:\/\/www.sisinternational.com\/it\/wp-json\/wp\/v2\/types\/page"}],"author":[{"embeddable":true,"href":"https:\/\/www.sisinternational.com\/it\/wp-json\/wp\/v2\/users\/1"}],"replies":[{"embeddable":true,"href":"https:\/\/www.sisinternational.com\/it\/wp-json\/wp\/v2\/comments?post=33413"}],"version-history":[{"count":5,"href":"https:\/\/www.sisinternational.com\/it\/wp-json\/wp\/v2\/pages\/33413\/revisions"}],"predecessor-version":[{"id":81518,"href":"https:\/\/www.sisinternational.com\/it\/wp-json\/wp\/v2\/pages\/33413\/revisions\/81518"}],"up":[{"embeddable":true,"href":"https:\/\/www.sisinternational.com\/it\/wp-json\/wp\/v2\/pages\/19303"}],"wp:featuredmedia":[{"embeddable":true,"href":"https:\/\/www.sisinternational.com\/it\/wp-json\/wp\/v2\/media\/66734"}],"wp:attachment":[{"href":"https:\/\/www.sisinternational.com\/it\/wp-json\/wp\/v2\/media?parent=33413"}],"curies":[{"name":"wp","href":"https:\/\/api.w.org\/{rel}","templated":true}]}}