{"id":33392,"date":"2019-10-05T20:39:24","date_gmt":"2019-10-05T20:39:24","guid":{"rendered":"https:\/\/www.sisinternational.com\/?page_id=33392"},"modified":"2026-01-25T16:59:27","modified_gmt":"2026-01-25T21:59:27","slug":"ricerche-di-mercato-nel-sud-dakota","status":"publish","type":"page","link":"https:\/\/www.sisinternational.com\/it\/copertura\/north-america\/copertura-degli-stati-uniti\/ricerche-di-mercato-nel-sud-dakota\/","title":{"rendered":"Ricerche di mercato nel Sud Dakota"},"content":{"rendered":"<h1 class=\"wp-block-heading\">Ricerche di mercato nel Sud Dakota<\/h1>\n\n\n\n<figure class=\"gb-block-image gb-block-image-3661bb70\"><img loading=\"lazy\" decoding=\"async\" width=\"1456\" height=\"816\" class=\"gb-image gb-image-3661bb70\" src=\"https:\/\/www.sisinternational.com\/wp-content\/uploads\/2025\/09\/South-Dakota-5.jpg\" alt=\"Ricerca e strategia di mercato internazionale SIS\" title=\"South Dakota (5)\" srcset=\"https:\/\/www.sisinternational.com\/wp-content\/uploads\/2025\/09\/South-Dakota-5.jpg 1456w, https:\/\/www.sisinternational.com\/wp-content\/uploads\/2025\/09\/South-Dakota-5-300x168.jpg 300w, https:\/\/www.sisinternational.com\/wp-content\/uploads\/2025\/09\/South-Dakota-5-1024x574.jpg 1024w, https:\/\/www.sisinternational.com\/wp-content\/uploads\/2025\/09\/South-Dakota-5-768x430.jpg 768w, https:\/\/www.sisinternational.com\/wp-content\/uploads\/2025\/09\/South-Dakota-5-18x10.jpg 18w\" sizes=\"auto, (max-width: 1456px) 100vw, 1456px\"><\/figure>\n\n\n\n<p><\/p>\n\n\n\n<h2 class=\"wp-block-heading p2\">South Dakota is a Midwestern state, receiving its name from the Lakota and Dakota Sioux Native American<span class=\"s1\"> people. <\/span><\/h2>\n\n\n\n<p class=\"p2\"><span class=\"s1\">Its nicknames are the Coyote State and the Mount Rushmore State after its most famous tourist destination. South Dakota became a member of the Union on November 2, 1889, as the 40<sup>th<\/sup> state. It borders the states of Minnesota to the east, Iowa to the southeast, and Nebraska to the south. It also shares borders with Wyoming to the west, Montana to the northwest, and North Dakota to the north. The Missouri River runs through the state. It bisects South Dakota into two distinct halves known as the East River and the West River.<\/span><\/p>\n\n\n\n<h2 class=\"wp-block-heading\">Benefici economici<\/h2>\n\n\n\n<p class=\"p2\"><span class=\"s1\">La capitale del South Dakota \u00e8 Pierre, con una popolazione di oltre 13.000 abitanti. La sua citt\u00e0 pi\u00f9 grande \u00e8 Sioux Falls, dove la popolazione conta pi\u00f9 di 180.000 individui. Il panorama economico del South Dakota offre una visione incoraggiante per le nuove imprese. Lo stato non ha un&#039;imposta statale sul reddito delle societ\u00e0 o delle persone fisiche. Inoltre non prevede un&#039;imposta sull&#039;inventario aziendale. Queste esenzioni offrono maggiori opportunit\u00e0 per una continua crescita aziendale. Il South Dakota \u00e8 un luogo conveniente per condurre affari perch\u00e9 le tariffe limitate facilitano il raggiungimento degli obiettivi aziendali. <\/span><\/p>\n\n\n\n<h2 class=\"wp-block-heading\">Attrazioni<\/h2>\n\n\n\n<p class=\"p2\"><span class=\"s1\">South Dakota presents a breathtaking landscape. Its striking scenery of the mountainous Black Hills is a sight to behold. You\u2019ll also find rugged stretches of rocky badlands and undulating grassy plains. The state is most well-known for the Mount Rushmore National Memorial in Keystone in the Black Hills, and the Crazy Horse Memorial is nearby. Both monuments are carvings into the mountains to honor influential past leaders. There\u2019s also Custer State Park with its buffalo safari and the Black Hills Wild Horse Sanctuary. At the sanctuary, rescued mustangs and other horses run free. Outside of the Black Hills, much of South Dakota is grasslands. You\u2019ll also find small forest areas near rivers and in shelterbelts. Wild West enthusiasts also visit Deadwood, a restored western town. This town is the burial site of Wild Bill Hickok and Calamity Jane.<\/span><\/p>\n\n\n\n<h2 class=\"wp-block-heading\">agricoltura<\/h2>\n\n\n\n<p class=\"p2\"><span class=\"s1\">L&#039;agricoltura \u00e8 stata un&#039;industria fondamentale nel South Dakota, fornendo un contributo vitale all&#039;economia dello stato. I prodotti agricoli pi\u00f9 redditizi sono la soia, il grano e il mais. Ci sono anche ranch coinvolti nell&#039;allevamento di bovini e maiali.<\/span><\/p>\n\n\n\n<h2 class=\"wp-block-heading\">Industrie di servizi<\/h2>\n\n\n\n<p class=\"p2\"><span class=\"s1\">The modern mainstay of the economy of South Dakota is the service industry. The most significant contributors to this industry are the retail, finance, and healthcare sectors. Government spending is also an essential <a href=\"https:\/\/www.sisinternational.com\/it\/industry-forecast\/industrial-sector-forecast\/\" title=\"Industrial Sector Forecast\"  data-wpil-monitor-id=\"9232\">sector in the service industry<\/a>. The Ellsworth Air Force Base, <a href=\"https:\/\/www.sisinternational.com\/it\/soluzioni\/soluzioni-di-ricerca-quantitativa-qualitativa\/test-di-posizioni-centrali-a-new-york-city\/\" title=\"Test di sedi centrali a New York City: vantaggi per i test di prodotto\"  data-wpil-monitor-id=\"9233\">located close to Rapid City<\/a>, is the state\u2019s second-largest employer.<\/span><\/p>\n\n\n\n<h2 class=\"wp-block-heading\">Turismo<\/h2>\n\n\n\n<p class=\"p2\"><span class=\"s1\"><a href=\"https:\/\/www.sisinternational.com\/it\/soluzioni\/ai-ricerche-di-mercato-e-consulenza-strategica\/consulenza-per-lindustria-del-turismo-ospitalita-adozione-viaggi\/\" title=\"Adozione dell&#039;intelligenza artificiale nella consulenza nel settore dei viaggi, dell&#039;ospitalit\u00e0 e del turismo\"  data-wpil-monitor-id=\"9231\">Tourism is another vital industry<\/a>. Many visitors come to view the state\u2019s attractions and festivals. Most of these attractions are in the Black Hills.&nbsp; South Dakota is also famous for Mount Rushmore National Memorial.<\/span><\/p>\n\n\n\n<h2 class=\"wp-block-heading p2\">Informazioni sulle ricerche di mercato nel Sud Dakota<\/h2>\n\n\n\n<p class=\"p2\"><span class=\"s1\">Are you interested in establishing a business in North Dakota? SIS International can help. We offer Quantitative, Qualitative, and <a href=\"https:\/\/www.sisinternational.com\/it\/soluzioni\/ricerca-di-consulenza-strategica-fintech\/consulenza-strategica-per-la-ricerca-di-mercato-dei-clienti-bancari-per-lacquisizione-digitale\/\" title=\"Acquisizione digitale bancaria Ricerche di mercato per i clienti e consulenza strategica\"  data-wpil-monitor-id=\"9229\">Strategy Research to help you understand customers\u2019<\/a> preferences and pain points. We also give you detailed insights about your competitors. Qualitative Research methods include Focus Groups, Customer Interviews, Ethnography, and <a href=\"https:\/\/www.sisinternational.com\/it\/soluzioni\/soluzioni-di-ricerca-quantitativa-qualitativa\/focus-group-online\/\" title=\"Focus group on-line\"  data-wpil-monitor-id=\"9228\">Focus group on-line<\/a>, while Quantitative techniques include Online, App, and Telephone surveys. Strategy <a href=\"https:\/\/www.sisinternational.com\/it\/competenza\/industrie\/ricerche-di-mercato-ecologiche\/\" title=\"Ricerche di mercato sull&#039;ecologia\"  data-wpil-monitor-id=\"3900\">Research uncovers Market<\/a> Opportunities, Competitive Analysis, Industry Trends, and Go-To-Market Strategies.<span class=\"Apple-converted-space\">&nbsp; <\/span>These insights will help you to understand demographics and economic shifts. You\u2019ll also find out about <a href=\"https:\/\/www.sisinternational.com\/it\/pubblicazioni\/comportamento-dellacquirente-dopo-il-nuovo-consumatore-legato-al-coronavirus\/\" title=\"Comportamento degli acquirenti dopo il coronavirus: ricerche di mercato sui consumatori\"  data-wpil-monitor-id=\"9230\">consumer buying patterns and the latest market<\/a> trends.<\/span><\/p>\n\n\n\n<p><\/p>\n\n\n\n<h2 class=\"wp-block-heading\">&nbsp;<\/h2>","protected":false},"excerpt":{"rendered":"<p>Scopri nuove opportunit\u00e0 di business con le ricerche di mercato nel South Dakota.<\/p>","protected":false},"author":1,"featured_media":66715,"parent":19303,"menu_order":52,"comment_status":"closed","ping_status":"closed","template":"","meta":{"footnotes":""},"class_list":["post-33392","page","type-page","status-publish","has-post-thumbnail"],"_links":{"self":[{"href":"https:\/\/www.sisinternational.com\/it\/wp-json\/wp\/v2\/pages\/33392","targetHints":{"allow":["GET"]}}],"collection":[{"href":"https:\/\/www.sisinternational.com\/it\/wp-json\/wp\/v2\/pages"}],"about":[{"href":"https:\/\/www.sisinternational.com\/it\/wp-json\/wp\/v2\/types\/page"}],"author":[{"embeddable":true,"href":"https:\/\/www.sisinternational.com\/it\/wp-json\/wp\/v2\/users\/1"}],"replies":[{"embeddable":true,"href":"https:\/\/www.sisinternational.com\/it\/wp-json\/wp\/v2\/comments?post=33392"}],"version-history":[{"count":4,"href":"https:\/\/www.sisinternational.com\/it\/wp-json\/wp\/v2\/pages\/33392\/revisions"}],"predecessor-version":[{"id":81542,"href":"https:\/\/www.sisinternational.com\/it\/wp-json\/wp\/v2\/pages\/33392\/revisions\/81542"}],"up":[{"embeddable":true,"href":"https:\/\/www.sisinternational.com\/it\/wp-json\/wp\/v2\/pages\/19303"}],"wp:featuredmedia":[{"embeddable":true,"href":"https:\/\/www.sisinternational.com\/it\/wp-json\/wp\/v2\/media\/66715"}],"wp:attachment":[{"href":"https:\/\/www.sisinternational.com\/it\/wp-json\/wp\/v2\/media?parent=33392"}],"curies":[{"name":"wp","href":"https:\/\/api.w.org\/{rel}","templated":true}]}}