{"id":33361,"date":"2019-10-05T19:40:43","date_gmt":"2019-10-05T19:40:43","guid":{"rendered":"https:\/\/www.sisinternational.com\/?page_id=33361"},"modified":"2026-01-25T17:03:53","modified_gmt":"2026-01-25T22:03:53","slug":"ricerche-di-mercato-in-illinois","status":"publish","type":"page","link":"https:\/\/www.sisinternational.com\/it\/copertura\/north-america\/copertura-degli-stati-uniti\/ricerche-di-mercato-in-illinois\/","title":{"rendered":"Ricerche di mercato nell&#039;Illinois"},"content":{"rendered":"<h1 class=\"wp-block-heading\"><span class=\"s1\">Ricerche di mercato nell&#039;Illinois<\/span><\/h1>\n\n\n\n<figure class=\"gb-block-image gb-block-image-b874140b\"><img loading=\"lazy\" decoding=\"async\" width=\"1456\" height=\"816\" class=\"gb-image gb-image-b874140b\" src=\"https:\/\/www.sisinternational.com\/wp-content\/uploads\/2025\/09\/Chicago-1.jpg\" alt=\"Ricerca e strategia di mercato internazionale SIS\" title=\"Chicago (1)\" srcset=\"https:\/\/www.sisinternational.com\/wp-content\/uploads\/2025\/09\/Chicago-1.jpg 1456w, https:\/\/www.sisinternational.com\/wp-content\/uploads\/2025\/09\/Chicago-1-300x168.jpg 300w, https:\/\/www.sisinternational.com\/wp-content\/uploads\/2025\/09\/Chicago-1-1024x574.jpg 1024w, https:\/\/www.sisinternational.com\/wp-content\/uploads\/2025\/09\/Chicago-1-768x430.jpg 768w, https:\/\/www.sisinternational.com\/wp-content\/uploads\/2025\/09\/Chicago-1-18x10.jpg 18w\" sizes=\"auto, (max-width: 1456px) 100vw, 1456px\"><\/figure>\n\n\n\n<p><\/p>\n\n\n\n<h2 class=\"wp-block-heading p2\"><span class=\"s1\">Nel 1818 lo Stato di Prairie dell&#039;Illinois divenne il 21\u00b0 Stato<\/span><span class=\"s2\"><sup>st<\/sup><\/span><span class=\"s1\"> stato degli Stati Uniti. <\/span><\/h2>\n\n\n\n<p class=\"p2\"><span class=\"s1\">Confina con gli stati dell&#039;Indiana a est e del Wisconsin a nord. Il grande fiume Mississippi si trova a ovest, separandolo dall&#039;Iowa e dal Missouri. Il paesaggio dell&#039;Illinois presenta vaste aree di foreste, terreni agricoli, colline e zone umide. \u00c8 la sede di una delle citt\u00e0 pi\u00f9 grandi degli Stati Uniti: The Windy City, Chicago, che si trova sulle rive del Lago Michigan.<\/span><\/p>\n\n\n\n<h2 class=\"wp-block-heading\">Aree economiche<\/h2>\n\n\n\n<p class=\"p2\"><span class=\"s1\">Chicago is the largest city in Illinois. Its population is around two million. Situated in the center of Illinois, Chicago is the third-largest metropolitan area in the USA. Thus, there is an extensive customer base for a business. It also means that there are a large job <a href=\"https:\/\/www.sisinternational.com\/it\/competenza\/industrie\/ricerche-sul-mercato-del-lavoro\/\" title=\"Ricerche sul mercato del lavoro\"  data-wpil-monitor-id=\"10926\">market and skilled labor<\/a> pool.&nbsp; <\/span><\/p>\n\n\n\n<p class=\"p2\"><span class=\"s1\">Alcune delle altre citt\u00e0 principali sono Aurora, Rockford, Joliet, Naperville e la capitale, Springfield. Insieme, queste citt\u00e0 ospitano oltre 756.000 persone. Lo stato ha complessivamente una popolazione di oltre dodici milioni.<\/span><\/p>\n\n\n\n<h2 class=\"wp-block-heading\">Attrazioni<\/h2>\n\n\n\n<p class=\"p2\">Peoria (pictured) is home to over 110,000 people, and is on the Illinois River.&nbsp; The Peoria Riverfront museum is an important attraction.<\/p>\n\n\n\n<p class=\"p2\">Inoltre, <span class=\"s1\">Springfield \u00e8 l&#039;orgoglioso luogo di nascita del presidente Abraham Lincoln e quella citt\u00e0 ha diverse attrazioni dedicate alla sua vita e al suo lavoro. Queste attrazioni includono la Biblioteca e il Museo presidenziale Abraham Lincoln e la Tomba di Lincoln nel cimitero di Oak Ridge, nel nord dello stato. L&#039;Illinois ha molti altri siti storici da vedere. I visitatori possono scegliere tra numerosi parchi come il bellissimo Starved Rock State Park. Interessante \u00e8 anche la Fiera Statale che si tiene ad Harvey.<\/span><\/p>\n\n\n\n<p><span class=\"s1\">L&#039;Illinois ospita alcuni dei musei pi\u00f9 prestigiosi al mondo, la maggior parte dei quali ha sede a Chicago. Questi includono istituzioni stimate come il Museo della scienza e dell&#039;industria, il Field Museum of Natural History e l&#039;Art Institute of Chicago.<span class=\"Apple-converted-space\">&nbsp; <\/span>Le aree di interesse all&#039;aperto includono il Millennium Park e il Wrigley Field. <\/span><\/p>\n\n\n\n<h2 class=\"wp-block-heading\">Opportunit\u00e0 di business<\/h2>\n\n\n\n<p class=\"p2\"><span class=\"s1\">Illinois is home to thriving manufacturing, agriculture, exports, and mining industries. There are also significant economic growth <a href=\"https:\/\/www.sisinternational.com\/it\/soluzioni\/sis-consulenza-blockchain\/opportunita-blockchain-oltre-i-servizi-finanziari\/\" title=\"Opportunit\u00e0 Blockchain oltre i servizi finanziari\"  data-wpil-monitor-id=\"10929\">opportunities in the services<\/a> sector, mainly in the areas of finance, technology, government, and transportation.<\/span><\/p>\n\n\n\n<h2 class=\"wp-block-heading\">Industrie di servizi<\/h2>\n\n\n\n<p class=\"p2\"><span class=\"s1\">Le industrie dei servizi in tutto l&#039;Illinois sono in rapida crescita. Gli esperti si aspettano che diventino i maggiori generatori di reddito. I servizi personali, come l\u2019assistenza sanitaria, gli alberghi, gli studi legali e gli studi contabili, sono in testa. I servizi finanziari sono al secondo posto. Molte persone considerano Chicago la capitale finanziaria del Midwest americano. Anche i servizi all\u2019ingrosso e al dettaglio contribuiscono in modo significativo ai profitti.<\/span><\/p>\n\n\n\n<h2 class=\"wp-block-heading\">agricoltura<\/h2>\n\n\n\n<p class=\"p2\"><span class=\"s1\">L&#039;industria agricola \u00e8 uno dei pilastri dell&#039;economia dell&#039;Illinois grazie al suo terreno fertile. Mais, soia, grano e zucche sono tra le colture pi\u00f9 coltivate nello stato.<\/span><\/p>\n\n\n\n<h2 class=\"wp-block-heading\">Produzione<\/h2>\n\n\n\n<p class=\"p2\"><span class=\"s1\">Illinois is also well known for the manufacturing of large machines. These include farm machinery and construction equipment. There are also quite a few companies processing food items. Some of these <a href=\"https:\/\/www.sisinternational.com\/it\/soluzioni\/prova-del-gusto\/food-product-tests-in-ny\/\" title=\"Food Product Tests In NY\"  data-wpil-monitor-id=\"10927\">foods are dairy products<\/a>, cereals, baked goods, and candy.<\/span><\/p>\n\n\n\n<h2 class=\"wp-block-heading\">Minerario ed energetico<\/h2>\n\n\n\n<p class=\"p2\"><span class=\"s1\">L&#039;industria mineraria si concentra sul carbone, ma anche il petrolio fornisce un contributo significativo al settore. L&#039;Illinois produce pietrisco, sabbia, ghiaia e persino prodotti minerali come le argille.<\/span><\/p>\n\n\n\n<h2 class=\"wp-block-heading p2\">Informazioni sulle ricerche di mercato nell&#039;Illinois<\/h2>\n\n\n\n<p class=\"p2\"><span class=\"s1\">Market Research in Illinois provides essential data. Newcomers can learn about the many businesses already operating in the state. It also aids <a href=\"https:\/\/www.sisinternational.com\/it\/copertura\/le-americhe\/ricerche-di-mercato-nei-caraibi\/societa-di-consulenza-strategica-caraibica\/\" title=\"Societ\u00e0 di consulenza strategica per i Caraibi\"  data-wpil-monitor-id=\"10932\">companies<\/a> in coming up with the best strategies to ensure longevity. <a href=\"https:\/\/www.sisinternational.com\/it\/soluzioni\/ai-ricerche-di-mercato-e-consulenza-strategica\/elaborazione-del-linguaggio-naturale-e-ricerche-di-mercato\/\" title=\"Ricerca di mercato sull\u2019intelligenza artificiale per l\u2019elaborazione del linguaggio naturale\"  data-wpil-monitor-id=\"10931\">Research is crucial to the decision-making process<\/a> by increasing its efficiency. It also shows the impact a company can have in the area.<\/span><\/p>\n\n\n\n<p class=\"p2\"><span class=\"s1\">SIS International Research is a <a href=\"https:\/\/www.sisinternational.com\/it\/copertura\/ricerche-di-mercato-africane\/ricerche-di-mercato-in-tanzania\/\" title=\"Ricerche di mercato in Tanzania\"  data-wpil-monitor-id=\"3937\">Mercato<\/a> Research and Strategy Consulting provider for the B2B, Consumer, Healthcare, and other industries. SIS provides Customer Interviews, Surveys, Focus Groups, Ethnography, Competitive Analysis, and Product Testing. We can help you stay competitive by giving you full insight. You can learn about the business landscape through <a href=\"https:\/\/www.sisinternational.com\/it\/copertura\/ricerche-di-mercato-asiatiche\/micronesia-delle-ricerche-di-mercato\/\" title=\"Ricerche di mercato in Micronesia\"  data-wpil-monitor-id=\"3954\">ricerca sulle opportunit\u00e0 di mercato<\/a>. We also offer competitor analysis, market intelligence, and other services.<\/span><\/p>\n\n\n\n<h2 class=\"wp-block-heading\">&nbsp;<\/h2>","protected":false},"excerpt":{"rendered":"<p>Scopri nuove opportunit\u00e0 di business con le ricerche di mercato in Illinois.<\/p>","protected":false},"author":1,"featured_media":66514,"parent":19303,"menu_order":50,"comment_status":"closed","ping_status":"closed","template":"","meta":{"footnotes":""},"class_list":["post-33361","page","type-page","status-publish","has-post-thumbnail"],"_links":{"self":[{"href":"https:\/\/www.sisinternational.com\/it\/wp-json\/wp\/v2\/pages\/33361","targetHints":{"allow":["GET"]}}],"collection":[{"href":"https:\/\/www.sisinternational.com\/it\/wp-json\/wp\/v2\/pages"}],"about":[{"href":"https:\/\/www.sisinternational.com\/it\/wp-json\/wp\/v2\/types\/page"}],"author":[{"embeddable":true,"href":"https:\/\/www.sisinternational.com\/it\/wp-json\/wp\/v2\/users\/1"}],"replies":[{"embeddable":true,"href":"https:\/\/www.sisinternational.com\/it\/wp-json\/wp\/v2\/comments?post=33361"}],"version-history":[{"count":8,"href":"https:\/\/www.sisinternational.com\/it\/wp-json\/wp\/v2\/pages\/33361\/revisions"}],"predecessor-version":[{"id":81788,"href":"https:\/\/www.sisinternational.com\/it\/wp-json\/wp\/v2\/pages\/33361\/revisions\/81788"}],"up":[{"embeddable":true,"href":"https:\/\/www.sisinternational.com\/it\/wp-json\/wp\/v2\/pages\/19303"}],"wp:featuredmedia":[{"embeddable":true,"href":"https:\/\/www.sisinternational.com\/it\/wp-json\/wp\/v2\/media\/66514"}],"wp:attachment":[{"href":"https:\/\/www.sisinternational.com\/it\/wp-json\/wp\/v2\/media?parent=33361"}],"curies":[{"name":"wp","href":"https:\/\/api.w.org\/{rel}","templated":true}]}}