{"id":33199,"date":"2019-09-21T19:02:42","date_gmt":"2019-09-21T19:02:42","guid":{"rendered":"https:\/\/www.sisinternational.com\/?page_id=33199"},"modified":"2026-03-13T00:44:15","modified_gmt":"2026-03-13T04:44:15","slug":"ricerche-di-mercato-in-australia","status":"publish","type":"page","link":"https:\/\/www.sisinternational.com\/it\/copertura\/ricerche-di-mercato-oceania\/ricerche-di-mercato-in-australia\/","title":{"rendered":"Ricerche di mercato in Australia"},"content":{"rendered":"<h1 class=\"wp-block-heading\"><span style=\"font-weight: 400;\"><strong>Ricerche di mercato in Australia<\/strong><\/span><\/h1>\n\n\n\n<figure class=\"gb-block-image gb-block-image-e53cf86c\"><img loading=\"lazy\" decoding=\"async\" width=\"1456\" height=\"816\" class=\"gb-image gb-image-e53cf86c\" src=\"https:\/\/www.sisinternational.com\/wp-content\/uploads\/2025\/09\/Australia-1.jpg\" alt=\"Ricerca e strategia di mercato internazionale SIS\" title=\"Australia (1)\" srcset=\"https:\/\/www.sisinternational.com\/wp-content\/uploads\/2025\/09\/Australia-1.jpg 1456w, https:\/\/www.sisinternational.com\/wp-content\/uploads\/2025\/09\/Australia-1-300x168.jpg 300w, https:\/\/www.sisinternational.com\/wp-content\/uploads\/2025\/09\/Australia-1-1024x574.jpg 1024w, https:\/\/www.sisinternational.com\/wp-content\/uploads\/2025\/09\/Australia-1-768x430.jpg 768w, https:\/\/www.sisinternational.com\/wp-content\/uploads\/2025\/09\/Australia-1-18x10.jpg 18w\" sizes=\"auto, (max-width: 1456px) 100vw, 1456px\"><\/figure>\n\n\n\n<p><\/p>\n\n\n\n<hr class=\"wp-block-separator has-alpha-channel-opacity is-style-dots\"\/>\n\n\n\n<p><span style=\"font-weight: 400;\">L\u2019Australia vanta un\u2019economia stabile e prospera caratterizzata dall\u2019innovazione e da una forte base di consumatori \u2013 e con le ricerche di mercato in Australia, aziende, imprenditori e investitori possono sbloccare un tesoro di approfondimenti e dati, facendo luce sulle preferenze, i comportamenti e le aspettative dei consumatori. consumatori in questo mercato dinamico.<\/span><\/p>\n\n\n\n<h2 class=\"wp-block-heading\"><span style=\"font-weight: 400;\"><strong>L&#039;Australia comprende la terraferma e molte isole minori. <\/strong><\/span><\/h2>\n\n\n\n<p><span style=\"font-weight: 400;\">\u00c8 il paese pi\u00f9 grande dell&#039;Oceania. La sua capitale \u00e8 Canberra e la sua citt\u00e0 pi\u00f9 grande \u00e8 Sydney. L\u2019Australia ha una popolazione di circa 26 milioni di persone. \u00c8 un paese urbanizzato, ai primi posti in termini di qualit\u00e0 della vita, istruzione e salute.<\/span><\/p>\n\n\n\n<p><span style=\"font-weight: 400;\">L&#039;Australia \u00e8 nella lista dei posti in cui viaggiare di molte persone. Ha splendide coste e bellissimi terreni. Ha anche monumenti di fama mondiale come la Sydney Opera House. La \u201cLand Down Under\u201d, come la chiamano molti, ha un clima temperato. Sperimenterai varie fluttuazioni in base alla tua posizione. Le parti meridionali dell&#039;Australia hanno un clima pi\u00f9 freddo rispetto al nord. Quella parte del paese ha estati miti e inverni piovosi occasionali. Il clima di tipo tropicale \u00e8 tipico nella zona settentrionale. Quella regione ha estati umide e inverni secchi.&nbsp;<\/span><\/p>\n\n\n\n<h2 class=\"wp-block-heading\"><span style=\"font-weight: 400;\"><strong>Importanza delle ricerche di mercato in Australia<\/strong><\/span><\/h2>\n\n\n\n<p><span style=\"font-weight: 400;\">Muoversi nel panorama prospero ma competitivo dell\u2019Australia richiede una profonda comprensione dei suoi meccanismi di mercato perch\u00e9 gli australiani possiedono un insieme unico di preferenze e aspettative \u2013 e la ricerca di mercato in Australia facilita la comprensione del comportamento, delle tendenze e delle richieste dei consumatori, fungendo da base per lo sviluppo prodotti e strategie che abbiano risonanza con il pubblico locale.<\/span><\/p>\n\n\n\n<p><span style=\"font-weight: 400;\">In ogni caso, questi sono alcuni dei vantaggi pi\u00f9 importanti che le aziende possono ottenere conducendo ricerche di mercato in Australia:<\/span><\/p>\n\n\n\n<p><b>\u2022 Identificazione e analisi delle tendenze: <\/b><span style=\"font-weight: 400;\">Le tendenze del mercato australiano sono dinamiche e sfaccettate. Le ricerche di mercato consentono alle aziende di identificare e analizzare queste tendenze, facilitando lo sviluppo di prodotti e servizi in linea con le richieste attuali e future del mercato.&nbsp;<\/span><\/p>\n\n\n\n<p><b>\u2022 Posizionamento del marchio migliorato: <\/b><span style=\"font-weight: 400;\">Comprendere il panorama competitivo \u00e8 vitale per un posizionamento efficace del marchio. Le ricerche di mercato forniscono approfondimenti sulle strategie della concorrenza e sulle preferenze dei consumatori, consentendo alle aziende di posizionare i propri marchi in modo che risuonino con il pubblico target differenziandosi dalla concorrenza.<\/span><\/p>\n\n\n\n<p><b>\u2022 Maggiore soddisfazione del cliente: <\/b><span style=\"font-weight: 400;\">Comprendendo le esigenze e le aspettative dei clienti, le aziende possono migliorare la propria offerta, aumentando la soddisfazione e la fidelizzazione dei clienti.&nbsp;<\/span><\/p>\n\n\n\n<h2 class=\"wp-block-heading\"><span style=\"font-weight: 400;\"><strong>Quali sono le principali attrazioni turistiche e citt\u00e0?&nbsp;<\/strong><\/span><\/h2>\n\n\n\n<p><span style=\"font-weight: 400;\">Per le aziende che operano nei settori del turismo, dell&#039;ospitalit\u00e0 o dei viaggi, le ricerche di mercato in Australia offrono una finestra sulle principali destinazioni del paese che attirano continuamente turisti da tutto il mondo:<\/span><\/p>\n\n\n\n<p><b>\u2022 Grande Barriera Corallina: <\/b><span style=\"font-weight: 400;\">Essendo una delle sette meraviglie naturali del mondo, la Grande Barriera Corallina attira milioni di visitatori ogni anno.&nbsp;<\/span><\/p>\n\n\n\n<p><b>\u2022 Sydney: <\/b><span style=\"font-weight: 400;\">Sede di monumenti iconici come la Sydney Opera House e l&#039;Harbour Bridge, Sydney \u00e8 una calamita per turisti nazionali e internazionali. Le ricerche di mercato in Australia basate sul turismo di Sydney possono aiutare le aziende a comprendere le dinamiche del turismo urbano e la domanda di vari servizi di ospitalit\u00e0 e di viaggio.<\/span><\/p>\n\n\n\n<p><b>\u2022Melbourne: <\/b><span style=\"font-weight: 400;\">Conosciuta per la sua vivace scena artistica, i festival culturali e gli eventi sportivi, Melbourne \u00e8 una destinazione privilegiata. L\u2019impegno nelle ricerche di mercato offre dati preziosi sul turismo culturale e il potenziale per sponsorizzazioni e partnership di eventi.<\/span><\/p>\n\n\n\n<p><b>\u2022 Costa d&#039;Oro: <\/b><span style=\"font-weight: 400;\">Famosa per le sue bellissime spiagge e gli emozionanti parchi a tema, Gold Coast attira una vasta gamma di turisti. Le ricerche di mercato in questa citt\u00e0 aiutano le aziende ad attingere ai mercati del turismo d&#039;avventura e del tempo libero, a comprendere i dati demografici dei visitatori e a creare offerte su misura.<\/span><\/p>\n\n\n\n<h2 class=\"wp-block-heading\"><span style=\"font-weight: 400;\"><strong>Industrie chiave nel mercato australiano<\/strong><\/span><\/h2>\n\n\n\n<figure class=\"gb-block-image gb-block-image-c07f409b\"><img loading=\"lazy\" decoding=\"async\" width=\"1456\" height=\"816\" class=\"gb-image gb-image-c07f409b\" src=\"https:\/\/www.sisinternational.com\/wp-content\/uploads\/2025\/09\/Australia-4.jpg\" alt=\"Ricerca e strategia di mercato internazionale SIS\" title=\"Australia (4)\" srcset=\"https:\/\/www.sisinternational.com\/wp-content\/uploads\/2025\/09\/Australia-4.jpg 1456w, https:\/\/www.sisinternational.com\/wp-content\/uploads\/2025\/09\/Australia-4-300x168.jpg 300w, https:\/\/www.sisinternational.com\/wp-content\/uploads\/2025\/09\/Australia-4-1024x574.jpg 1024w, https:\/\/www.sisinternational.com\/wp-content\/uploads\/2025\/09\/Australia-4-768x430.jpg 768w, https:\/\/www.sisinternational.com\/wp-content\/uploads\/2025\/09\/Australia-4-18x10.jpg 18w\" sizes=\"auto, (max-width: 1456px) 100vw, 1456px\"><\/figure>\n\n\n\n<p><\/p>\n\n\n\n<p><span style=\"font-weight: 400;\">Un&#039;analisi approfondita delle ricerche di mercato svela i settori chiave che guidano l&#039;economia della nazione, ciascuno dei quali presenta opportunit\u00e0 e sfide uniche per le imprese:<\/span><\/p>\n\n\n\n<p><b>\u2022 Estrazione mineraria e risorse: <\/b><span style=\"font-weight: 400;\">L\u2019Australia \u00e8 ricca di minerali e risorse, con aziende come BHP Group e Rio Tinto che svolgono un ruolo fondamentale nel settore minerario globale. Condurre ricerche di mercato in Australia all\u2019interno di questo settore offre informazioni sulla domanda di vari minerali, sulle opportunit\u00e0 di investimento e sulla salute generale del settore.<\/span><\/p>\n\n\n\n<p><b>\u2022 Servizi finanziari: <\/b><span style=\"font-weight: 400;\">With major firms like Commonwealth Bank, Westpac, and ANZ, Australia\u2019s financial services sector is robust and innovative. In-depth market research helps businesses understand consumer financial behavior, emerging <a class=\"wpil_keyword_link\" href=\"https:\/\/www.sisinternational.com\/it\/fintech-trends-2025\/\" title=\"FinTech Trends\" data-wpil-keyword-link=\"linked\" data-wpil-monitor-id=\"446\">tendenze fintech<\/a>, and the competitive landscape in this sector.<\/span><\/p>\n\n\n\n<p><b>\u2022 Istruzione e formazione: <\/b><span style=\"font-weight: 400;\">Con istituzioni rinomate come l&#039;Universit\u00e0 di Sydney e l&#039;Universit\u00e0 Nazionale Australiana, il settore dell&#039;istruzione fornisce un contributo significativo all&#039;economia. Uno studio di mercato pu\u00f2 fornire approfondimenti sui dati demografici degli studenti, sulle preferenze dei corsi e sulle collaborazioni internazionali.<\/span><\/p>\n\n\n\n<p><b>\u2022 Agricoltura: <\/b><span style=\"font-weight: 400;\">Con aziende leader come GrainCorp e Elders, l\u2019agricoltura rimane un settore fondamentale. L\u2019impegno nelle ricerche di mercato in Australia fornisce informazioni fondamentali sui rendimenti dei raccolti, sulle tendenze dell\u2019allevamento del bestiame e sulla domanda di vari prodotti agricoli a livello nazionale e internazionale.<\/span><\/p>\n\n\n\n<p><b>\u2022 Turismo: <\/b><span style=\"font-weight: 400;\">With attractions like the Great Barrier Reef and Sydney Opera House, tourism is a significant industry. Therefore, having comprehensive insights allows businesses to understand traveler behaviors, popular destinations, and potential areas for investment in hospitality and travel services.<\/span><\/p>\n\n\n\n<h2 class=\"wp-block-heading\"><span style=\"font-weight: 400;\"><strong>Opportunit\u00e0 in Australia<\/strong><\/span><\/h2>\n\n\n\n<p><span style=\"font-weight: 400;\">La posizione del paese nell&#039;Asia del Pacifico offre ai nuovi investitori diverse opportunit\u00e0. Il mercato australiano ti consente di costruire o far crescere la tua attivit\u00e0.&nbsp;<\/span><\/p>\n\n\n\n<h2 class=\"wp-block-heading\"><span style=\"font-weight: 400;\">Estrazione&nbsp;<\/span><\/h2>\n\n\n\n<p><span style=\"font-weight: 400;\">L\u2019Australia ha un vasto territorio e abbondanti risorse naturali. Questi fattori hanno consentito all&#039;attivit\u00e0 mineraria di diventare il fondamento dell&#039;economia australiana. Alcune delle sue risorse includono ferro, bauxite, rame, oro, uranio e argento. Questo elenco non \u00e8 esaustivo.&nbsp;<\/span><\/p>\n\n\n\n<h2 class=\"wp-block-heading\"><span style=\"font-weight: 400;\">Produzione<\/span><\/h2>\n\n\n\n<p><span style=\"font-weight: 400;\">Anche il settore manifatturiero svolge un ruolo significativo nel boom economico dell\u2019Australia. L\u2019Australia ha pi\u00f9 aerei pro capite di qualsiasi altro paese. Pertanto, non sorprende che GE Aviation e Boeing siano a capo dell&#039;industria manifatturiera. L\u2019Australia \u00e8 uno dei principali paesi produttori al mondo. Produce anche abbigliamento, tessuti e calzature. La produzione di alimenti e bevande contribuisce in modo significativo all&#039;economia e il paese esporta latticini e prodotti a base di carne, zucchero e dolciumi. Lavora anche i frutti di mare.<\/span><\/p>\n\n\n\n<h2 class=\"wp-block-heading\"><span style=\"font-weight: 400;\">Assistenza sanitaria<\/span><\/h2>\n\n\n\n<p><span style=\"font-weight: 400;\">Il Commonwealth ha classificato il sistema sanitario come il secondo migliore al mondo. L\u2019Australia ha un sistema avanzato. \u00c8 adatto non solo per le indagini mediche ma anche per gli studi clinici. L&#039;infrastruttura sanitaria \u00e8 di prim&#039;ordine e contribuisce in modo considerevole al suo PIL.&nbsp;<\/span><\/p>\n\n\n\n<h2 class=\"wp-block-heading\"><span style=\"font-weight: 400;\">Industria finanziaria<\/span><\/h2>\n\n\n\n<p><span style=\"font-weight: 400;\">L\u2019Australia \u00e8 uno dei paesi pi\u00f9 stabili nel mondo della finanza. Le sue banche dominanti sono tutte note per far parte della cerchia delle banche pi\u00f9 sicure del mondo. Gode dell\u2019accesso ai finanziamenti e della capacit\u00e0 di fare affari in tutto il mondo con sicurezza e facilit\u00e0. Questi fattori garantiscono la continuit\u00e0 del settore finanziario come motore economico fondamentale.<\/span><\/p>\n\n\n\n<h2 class=\"wp-block-heading\"><span style=\"font-weight: 400;\">Turismo<\/span><\/h2>\n\n\n\n<p><\/p>\n\n\n\n<p><span style=\"font-weight: 400;\">La terra dei canguri \u00e8 una destinazione di viaggio invidiata perch\u00e9 la bellezza paesaggistica dell&#039;Australia attira molti visitatori nei suoi vasti territori. La maggior parte dei visitatori proviene da Giappone, Regno Unito, Stati Uniti e Cina. Offre squisite esperienze culinarie e un&#039;incredibile flora e fauna. L&#039;aura magica garantisce che continui ad essere in cima alla lista delle destinazioni di viaggio.<\/span><\/p>\n\n\n\n<h2 class=\"wp-block-heading\"><span style=\"font-weight: 400;\"><strong>Le sfide per le imprese<\/strong><\/span><\/h2>\n\n\n\n<figure class=\"gb-block-image gb-block-image-bfe89eea\"><img loading=\"lazy\" decoding=\"async\" width=\"1456\" height=\"816\" class=\"gb-image gb-image-bfe89eea\" src=\"https:\/\/www.sisinternational.com\/wp-content\/uploads\/2025\/09\/Australia-2.jpg\" alt=\"Ricerca e strategia di mercato internazionale SIS\" title=\"Australia (2)\" srcset=\"https:\/\/www.sisinternational.com\/wp-content\/uploads\/2025\/09\/Australia-2.jpg 1456w, https:\/\/www.sisinternational.com\/wp-content\/uploads\/2025\/09\/Australia-2-300x168.jpg 300w, https:\/\/www.sisinternational.com\/wp-content\/uploads\/2025\/09\/Australia-2-1024x574.jpg 1024w, https:\/\/www.sisinternational.com\/wp-content\/uploads\/2025\/09\/Australia-2-768x430.jpg 768w, https:\/\/www.sisinternational.com\/wp-content\/uploads\/2025\/09\/Australia-2-18x10.jpg 18w\" sizes=\"auto, (max-width: 1456px) 100vw, 1456px\"><\/figure>\n\n\n\n<p><\/p>\n\n\n\n<p><span style=\"font-weight: 400;\">Sebbene l\u2019Australia offra numerose opportunit\u00e0 di investimento, condurre ricerche di mercato efficaci in Australia comporta anche una serie di sfide che le aziende devono affrontare per avere successo in questo mercato maturo. Queste sono alcune delle sfide pi\u00f9 importanti da superare:<\/span><\/p>\n\n\n\n<p><b>\u2022 Vasta diversit\u00e0 geografica: <\/b><span style=\"font-weight: 400;\">La vasta superficie continentale e le diverse regioni geografiche dell&#039;Australia fanno s\u00ec che i comportamenti dei consumatori, le preferenze e le dinamiche di mercato possano variare in modo significativo da una regione all&#039;altra. La ricerca di mercato deve tenere conto di queste differenze regionali per fornire informazioni accurate.<\/span><\/p>\n\n\n\n<p><b>\u2022 Mercato competitivo: <\/b><span style=\"font-weight: 400;\">L&#039;ambiente imprenditoriale australiano \u00e8 altamente competitivo, con attori sia locali che internazionali. Ci\u00f2 intensifica la sfida di distinguersi sul mercato.&nbsp;<\/span><\/p>\n\n\n\n<p><b>\u2022 Costi operativi elevati: <\/b><span style=\"font-weight: 400;\">Australia is known for its high operational costs, including labor and real estate. <a href=\"https:\/\/www.sisinternational.com\/it\/competenza\/industrie\/ricerche-di-mercato-sui-cablaggi-strutturati\/\" title=\"Ricerche di mercato sui cablaggi strutturati\" data-wpil-monitor-id=\"5759\">Market research in Australia<\/a> should include insights into cost structures and efficiency strategies.<\/span><\/p>\n\n\n\n<p><b>\u2022 Sensibilit\u00e0 culturale: <\/b><span style=\"font-weight: 400;\">Le aziende devono essere culturalmente sensibili quando commercializzano e operano in Australia, data la sua popolazione diversificata.&nbsp;<\/span><\/p>\n\n\n\n<p><b>\u2022 Privacy dei dati:<\/b><span style=\"font-weight: 400;\"> Le normative sulla privacy dei dati sono rigorose in Australia. Le ricerche di mercato dovrebbero essere condotte con una forte attenzione alla protezione dei dati per garantire la conformit\u00e0.<\/span><\/p>\n\n\n\n<p><b>\u2022 Saturazione del mercato: <\/b><span style=\"font-weight: 400;\">In some sectors, the market may be saturated, making it challenging for new entrants to gain a foothold. For this reason, <a href=\"https:\/\/www.sisinternational.com\/it\/copertura\/ricerche-di-mercato-africane\/ricerche-di-mercato-in-tanzania\/\" title=\"Ricerche di mercato in Tanzania\" data-wpil-monitor-id=\"3950\">researchers must identify niche markets<\/a> or innovative approaches to overcome saturation.<\/span><\/p>\n\n\n\n<h2 class=\"wp-block-heading\"><span style=\"font-weight: 400;\"><strong>Fare affari in Australia<\/strong><\/span><\/h2>\n\n\n\n<p><span style=\"font-weight: 400;\">L\u2019Australia ha una forza lavoro sana, istruita e motivata. Avviare un&#039;attivit\u00e0 e farla funzionare pu\u00f2 essere semplice come 1-2-3.&nbsp; <\/span><span style=\"font-weight: 400;\">Alcuni dei vantaggi di fare affari in Australia sono i seguenti:<\/span><\/p>\n\n\n\n<ul class=\"wp-block-list\">\n<li><span style=\"font-weight: 400;\">I costi sostenuti per lo sviluppo e le iniziative di ricerca possono attrarre una compensazione fiscale di 43,5%<\/span><\/li>\n\n\n\n<li><span style=\"font-weight: 400;\">Concessioni duty-free per alcune importazioni di materie prime. Queste agevolazioni si applicano solo alle imprese australiane&nbsp;<\/span><\/li>\n\n\n\n<li><span style=\"font-weight: 400;\">Gli imprenditori possono richiedere sovvenzioni per aiutare la propria attivit\u00e0 a crescere. Queste iniezioni di capitale consentono loro di competere in mercati nuovi o innovativi&nbsp;<\/span><\/li>\n\n\n\n<li><span style=\"font-weight: 400;\">Gli investitori stranieri possono godere di crediti d\u2019imposta e sconti per le aziende. Possono accedere a questi vantaggi anche gli investitori che finanziano progetti di ricerca e sviluppo in Australia<\/span><\/li>\n<\/ul>\n\n\n\n<h2 class=\"wp-block-heading\"><span style=\"font-weight: 400;\">Informazioni sulle ricerche di mercato in Australia<\/span><\/h2>\n\n\n\n<p><span style=\"font-weight: 400;\">Le ricerche di mercato danno alle aziende un\u2019idea di come i clienti risponderanno a un nuovo prodotto. Mostra loro anche potenziali problemi che potrebbero influenzare le decisioni aziendali. SIS offre ricerca quantitativa, qualitativa e strategica. Ti aiutiamo a garantire che tu prenda le migliori decisioni aziendali possibili. Pertanto, ti aiutiamo a migliorare l\u2019efficienza, la redditivit\u00e0 e la quota di mercato.&nbsp;<\/span><\/p>\n\n\n\n<p><\/p>\n\n\n\n<p><\/p>","protected":false},"excerpt":{"rendered":"<p>Discover new business opportunities with Market Research in Australia.<\/p>","protected":false},"author":1,"featured_media":66627,"parent":42665,"menu_order":4,"comment_status":"closed","ping_status":"closed","template":"","meta":{"footnotes":""},"class_list":["post-33199","page","type-page","status-publish","has-post-thumbnail"],"_links":{"self":[{"href":"https:\/\/www.sisinternational.com\/it\/wp-json\/wp\/v2\/pages\/33199","targetHints":{"allow":["GET"]}}],"collection":[{"href":"https:\/\/www.sisinternational.com\/it\/wp-json\/wp\/v2\/pages"}],"about":[{"href":"https:\/\/www.sisinternational.com\/it\/wp-json\/wp\/v2\/types\/page"}],"author":[{"embeddable":true,"href":"https:\/\/www.sisinternational.com\/it\/wp-json\/wp\/v2\/users\/1"}],"replies":[{"embeddable":true,"href":"https:\/\/www.sisinternational.com\/it\/wp-json\/wp\/v2\/comments?post=33199"}],"version-history":[{"count":9,"href":"https:\/\/www.sisinternational.com\/it\/wp-json\/wp\/v2\/pages\/33199\/revisions"}],"predecessor-version":[{"id":84115,"href":"https:\/\/www.sisinternational.com\/it\/wp-json\/wp\/v2\/pages\/33199\/revisions\/84115"}],"up":[{"embeddable":true,"href":"https:\/\/www.sisinternational.com\/it\/wp-json\/wp\/v2\/pages\/42665"}],"wp:featuredmedia":[{"embeddable":true,"href":"https:\/\/www.sisinternational.com\/it\/wp-json\/wp\/v2\/media\/66627"}],"wp:attachment":[{"href":"https:\/\/www.sisinternational.com\/it\/wp-json\/wp\/v2\/media?parent=33199"}],"curies":[{"name":"wp","href":"https:\/\/api.w.org\/{rel}","templated":true}]}}