{"id":33182,"date":"2019-09-21T18:25:53","date_gmt":"2019-09-21T18:25:53","guid":{"rendered":"https:\/\/www.sisinternational.com\/?page_id=33182"},"modified":"2026-01-24T14:16:50","modified_gmt":"2026-01-24T19:16:50","slug":"ricerche-di-mercato-alle-hawaii","status":"publish","type":"page","link":"https:\/\/www.sisinternational.com\/it\/copertura\/north-america\/copertura-degli-stati-uniti\/ricerche-di-mercato-alle-hawaii\/","title":{"rendered":"Ricerche di mercato alle Hawaii"},"content":{"rendered":"<h1 class=\"wp-block-heading\">Ricerche di mercato alle Hawaii<\/h1>\n\n\n\n<figure class=\"gb-block-image gb-block-image-a501de4c\"><img loading=\"lazy\" decoding=\"async\" width=\"1456\" height=\"816\" class=\"gb-image gb-image-a501de4c\" src=\"https:\/\/www.sisinternational.com\/wp-content\/uploads\/2025\/09\/Hawai-4-1.jpg\" alt=\"Ricerca e strategia di mercato internazionale SIS\" title=\"Hawai (4)\" srcset=\"https:\/\/www.sisinternational.com\/wp-content\/uploads\/2025\/09\/Hawai-4-1.jpg 1456w, https:\/\/www.sisinternational.com\/wp-content\/uploads\/2025\/09\/Hawai-4-1-300x168.jpg 300w, https:\/\/www.sisinternational.com\/wp-content\/uploads\/2025\/09\/Hawai-4-1-1024x574.jpg 1024w, https:\/\/www.sisinternational.com\/wp-content\/uploads\/2025\/09\/Hawai-4-1-768x430.jpg 768w, https:\/\/www.sisinternational.com\/wp-content\/uploads\/2025\/09\/Hawai-4-1-18x10.jpg 18w\" sizes=\"auto, (max-width: 1456px) 100vw, 1456px\"><\/figure>\n\n\n\n<p><\/p>\n\n\n\n<h2 class=\"wp-block-heading\"><span style=\"font-weight: 400;\">Le Hawaii sono uno stato insulare degli Stati Uniti situato nell&#039;Oceano Pacifico, 3.758 miglia a ovest della terraferma degli Stati Uniti.<\/span><\/h2>\n\n\n\n<p><span style=\"font-weight: 400;\">Questo stato \u00e8 un gruppo di piccole isole, isolotti, rocce, barriere coralline e atolli. Le Hawaii hanno un arcipelago di otto isole maggiori che ospitano quasi 1,5 milioni di americani. Tutti gli hawaiani nascono cittadini americani poich\u00e9 le Hawaii sono uno dei cinquanta stati degli Stati Uniti&nbsp;<\/span><\/p>\n\n\n\n<p><span style=\"font-weight: 400;\">Gli isolani si guadagnano da vivere in molti modi. Molti sfruttano le risorse naturali che le isole hanno da offrire. Generano entrate attraverso gli stessi mezzi primari di qualsiasi altro stato. Questi mezzi includono l\u2019agricoltura, la pesca, l\u2019industria manifatturiera e il settore dei servizi. Naturalmente, le specifiche differiscono da regione a regione. Le Hawaii producono prodotti agricoli diversi rispetto, ad esempio, all&#039;Alaska o al Colorado.<\/span><\/p>\n\n\n\n<h2 class=\"wp-block-heading\"><span style=\"font-weight: 400;\">Alimentazione, Agricoltura e Pesca<\/span><\/h2>\n\n\n\n<p><span style=\"font-weight: 400;\">Farmers on the islands rear animals and cultivate crops to harvest and sell to customers. In this way, they earn revenue, which they use to support their livelihood. Chickens, cattle, and hogs are the most common livestock reared and sold on the islands. Farmers also sell their by-products, such as dairy and eggs.\u00a0<\/span><\/p>\n\n\n\n<p><span style=\"font-weight: 400;\">Hai mai sentito parlare della pizza hawaiana? Non \u00e8 un&#039;invenzione di nessuna delle isole. Tuttavia, i condimenti unici di questa pizza sono prosciutto e ananas. L\u2019ananas \u00e8 da molto tempo il simbolo delle Hawaii. Ecco perch\u00e9 molte persone associano l&#039;ananas alle Isole Hawaii. Gli ananas, insieme alla canna da zucchero, sono i raccolti pi\u00f9 preziosi delle Hawaii. Anche le noci di macadamia rappresentano una delle principali esportazioni. Tuttavia, gli agricoltori non sono minimamente limitati nella scelta dei prodotti agricoli da coltivare. Troverai anche avocado, banane, fagioli, caff\u00e8 e mais. Guaiave, lattuga, patate e pomodori sono alcune delle altre colture coltivate sulle isole.<\/span><\/p>\n\n\n\n<p><span style=\"font-weight: 400;\">Essere circondati dall&#039;Oceano Pacifico offre ai pescatori un&#039;opportunit\u00e0 senza ostacoli. Molti praticano la pesca commerciale. Gamberetti, gamberi, pesce spada e tonno sono tra i prodotti della pesca dell&#039;arcipelago. Gli isolani praticano anche la caccia alle balene.<\/span><\/p>\n\n\n\n<h2 class=\"wp-block-heading\"><span style=\"font-weight: 400;\">Produzione<\/span><\/h2>\n\n\n\n<p><span style=\"font-weight: 400;\">I prodotti petroliferi dominano le esportazioni dello stato e questo settore ha fruttato quasi $300 milioni di dollari nel 2018. Gli hawaiani aggiungono valore a molti tipi di materie prime attraverso il processo di produzione. Ad esempio, creano parti di motori di aerei e stampano giornali. Gli hawaiani producono anche pane, caramelle, bibite, zucchero raffinato e alcuni succhi, oggetti in pietra, vetro e argilla e alcuni indumenti. Lo stato ha anche una vivace industria, quella dell&#039;inscatolamento degli ananas per preservarne la prelibatezza.&nbsp;<\/span><\/p>\n\n\n\n<h2 class=\"wp-block-heading\"><span style=\"font-weight: 400;\">Opportunit\u00e0 di servizi<\/span><\/h2>\n\n\n\n<figure class=\"gb-block-image gb-block-image-e7f7a202\"><img loading=\"lazy\" decoding=\"async\" width=\"1456\" height=\"816\" class=\"gb-image gb-image-e7f7a202\" src=\"https:\/\/www.sisinternational.com\/wp-content\/uploads\/2025\/09\/Hawai-4.jpg\" alt=\"Ricerca e strategia di mercato internazionale SIS\" title=\"Hawai (4)\" srcset=\"https:\/\/www.sisinternational.com\/wp-content\/uploads\/2025\/09\/Hawai-4.jpg 1456w, https:\/\/www.sisinternational.com\/wp-content\/uploads\/2025\/09\/Hawai-4-300x168.jpg 300w, https:\/\/www.sisinternational.com\/wp-content\/uploads\/2025\/09\/Hawai-4-1024x574.jpg 1024w, https:\/\/www.sisinternational.com\/wp-content\/uploads\/2025\/09\/Hawai-4-768x430.jpg 768w, https:\/\/www.sisinternational.com\/wp-content\/uploads\/2025\/09\/Hawai-4-18x10.jpg 18w\" sizes=\"auto, (max-width: 1456px) 100vw, 1456px\"><\/figure>\n\n\n\n<p><\/p>\n\n\n\n<p><span style=\"font-weight: 400;\">The service sector is where Hawaiians generate most of the state\u2019s revenue. This sector makes up 9 percent of the state\u2019s gross product, with services ranging from a plethora of options. The intangible money-makers of Hawaii do include community, business, and personal services. Health care is a service; the law is one as well. Accounting, engineering, and car rentals are all service-based. Also falling in the service category are finance, insurance, and real estate. The islands also have military services like the Army, Air Force, Navy, and Marines.\u00a0<\/span><\/p>\n\n\n\n<h2 class=\"wp-block-heading\"><span style=\"font-weight: 400;\">Viaggi e turismo<\/span><\/h2>\n\n\n\n<p><span style=\"font-weight: 400;\">Uno dei servizi generatori di entrate pi\u00f9 significativi alle Hawaii \u00e8 l&#039;industria del turismo. Il turismo ha svolto uno dei ruoli pi\u00f9 importanti nella generazione di entrate. I turisti viaggiano da ogni parte del mondo verso questo \u201cparadiso\u201d ben pubblicizzato. Le isole offrono sistemazioni di prim&#039;ordine. Gli ospiti potranno inoltre gustare la raffinata cucina hawaiana.<\/span><\/p>\n\n\n\n<h2 class=\"wp-block-heading\"><span style=\"font-weight: 400;\">Informazioni sulle ricerche di mercato alle Hawaii<\/span><\/h2>\n\n\n\n<p><span style=\"font-weight: 400;\">For the state of Hawaii, market research aids investors. It assists them in understanding how the most prominent businesses and industries came to be. <a href=\"https:\/\/www.sisinternational.com\/it\/soluzioni\/soluzioni-di-ricerca-quantitativa-qualitativa\/discrete-choice-in-market-research\/\" title=\"Discrete Choice in Market Research\"  data-wpil-monitor-id=\"933\">Ricerca di mercato<\/a> tells prospective investors why these continue to be the industries of choice for Hawaiians. It aids their understanding of the problems a sector may have. Our analysis also assists them in finding solutions to these problems. <\/span><\/p>\n\n\n\n<p><span style=\"font-weight: 400;\"><a href=\"https:\/\/www.sisinternational.com\/it\/qualitative-research-to-enhance-customer-experience\/\" title=\"Qualitative Research to Enhance Customer Experience\"  data-wpil-monitor-id=\"9136\">Qualitative Research informs companies why customers<\/a> buy products.\u00a0 Key Qualitative methods include Focus Groups, Customer Interviews, and Online Communities.\u00a0 Quantitative <a href=\"https:\/\/www.sisinternational.com\/it\/how-to-conduct-effective-quantitative-market-research\/\" title=\"How to Conduct Effective Quantitative Market Research\"  data-wpil-monitor-id=\"9137\">Ricerca<\/a> measures the extent of certain buying phenomena and is often conducted by Online, Mobile, and App surveys.\u00a0 They can see the statistics and exactly how well the industry is doing. <a href=\"https:\/\/www.sisinternational.com\/it\/la-necessita-di-intelligenza-competitiva-in-questa-recessione\/\" title=\"La necessit\u00e0 di intelligence competitiva in una recessione\"  data-wpil-monitor-id=\"9135\">Strategy Research informs companies about competition<\/a>, innovation, industries, and Go-To-Market Strategy.\u00a0 Armed with these insights, they can understand the customers\u2019 reasons for supporting that industry. They can also see precisely how they can fit themselves in and make a profit.<\/span><\/p>\n\n\n\n<p><\/p>\n\n\n\n<h2 class=\"wp-block-heading\">&nbsp;<\/h2>","protected":false},"excerpt":{"rendered":"<p>Scopri nuove opportunit\u00e0 di business con le ricerche di mercato alle Hawaii.<\/p>","protected":false},"author":1,"featured_media":68287,"parent":19303,"menu_order":41,"comment_status":"closed","ping_status":"closed","template":"","meta":{"footnotes":""},"class_list":["post-33182","page","type-page","status-publish","has-post-thumbnail"],"_links":{"self":[{"href":"https:\/\/www.sisinternational.com\/it\/wp-json\/wp\/v2\/pages\/33182","targetHints":{"allow":["GET"]}}],"collection":[{"href":"https:\/\/www.sisinternational.com\/it\/wp-json\/wp\/v2\/pages"}],"about":[{"href":"https:\/\/www.sisinternational.com\/it\/wp-json\/wp\/v2\/types\/page"}],"author":[{"embeddable":true,"href":"https:\/\/www.sisinternational.com\/it\/wp-json\/wp\/v2\/users\/1"}],"replies":[{"embeddable":true,"href":"https:\/\/www.sisinternational.com\/it\/wp-json\/wp\/v2\/comments?post=33182"}],"version-history":[{"count":5,"href":"https:\/\/www.sisinternational.com\/it\/wp-json\/wp\/v2\/pages\/33182\/revisions"}],"predecessor-version":[{"id":81527,"href":"https:\/\/www.sisinternational.com\/it\/wp-json\/wp\/v2\/pages\/33182\/revisions\/81527"}],"up":[{"embeddable":true,"href":"https:\/\/www.sisinternational.com\/it\/wp-json\/wp\/v2\/pages\/19303"}],"wp:featuredmedia":[{"embeddable":true,"href":"https:\/\/www.sisinternational.com\/it\/wp-json\/wp\/v2\/media\/68287"}],"wp:attachment":[{"href":"https:\/\/www.sisinternational.com\/it\/wp-json\/wp\/v2\/media?parent=33182"}],"curies":[{"name":"wp","href":"https:\/\/api.w.org\/{rel}","templated":true}]}}