{"id":33113,"date":"2019-09-14T20:45:33","date_gmt":"2019-09-14T20:45:33","guid":{"rendered":"https:\/\/www.sisinternational.com\/?page_id=33113"},"modified":"2025-09-13T19:03:59","modified_gmt":"2025-09-13T23:03:59","slug":"ricerche-di-mercato-nel-delaware","status":"publish","type":"page","link":"https:\/\/www.sisinternational.com\/it\/copertura\/north-america\/copertura-degli-stati-uniti\/ricerche-di-mercato-nel-delaware\/","title":{"rendered":"Ricerche di mercato nel Delaware"},"content":{"rendered":"<h1 class=\"wp-block-heading\"><span class=\"s1\">Ricerche di mercato nel Delaware<\/span><\/h1>\n\n\n\n<figure class=\"gb-block-image gb-block-image-90aa7e7d\"><img loading=\"lazy\" decoding=\"async\" width=\"1456\" height=\"816\" class=\"gb-image gb-image-90aa7e7d\" src=\"https:\/\/www.sisinternational.com\/wp-content\/uploads\/2025\/09\/Delaware-2.jpg\" alt=\"Ricerca e strategia di mercato internazionale SIS\" title=\"Delaware (2)\" srcset=\"https:\/\/www.sisinternational.com\/wp-content\/uploads\/2025\/09\/Delaware-2.jpg 1456w, https:\/\/www.sisinternational.com\/wp-content\/uploads\/2025\/09\/Delaware-2-300x168.jpg 300w, https:\/\/www.sisinternational.com\/wp-content\/uploads\/2025\/09\/Delaware-2-1024x574.jpg 1024w, https:\/\/www.sisinternational.com\/wp-content\/uploads\/2025\/09\/Delaware-2-768x430.jpg 768w, https:\/\/www.sisinternational.com\/wp-content\/uploads\/2025\/09\/Delaware-2-18x10.jpg 18w\" sizes=\"auto, (max-width: 1456px) 100vw, 1456px\"><\/figure>\n\n\n\n<p><\/p>\n\n\n\n<h2 class=\"wp-block-heading p3\"><span class=\"s1\">Il Delaware \u00e8 uno dei 50 stati degli Stati Uniti con una popolazione di circa 1 milione di persone. <\/span><\/h2>\n\n\n\n<p class=\"p3\"><span class=\"s1\">It is the second smallest state by area. Delaware has three counties: Sussex, Castle, and Kent, and over 50 cities, including Wilmington, Hartly, and the capital, Dover.\u00a0 Its location is beneficially located in the North East Corridor with proximity to major cities of NYC, Philadelphia, Baltimore and Washington DC. The unemployment rate in Delaware is relatively low, and its GDP is over $75 billion.<\/span><\/p>\n\n\n\n<h2 class=\"wp-block-heading p5\"><span class=\"s1\">Vitalit\u00e0 economica<\/span><\/h2>\n\n\n\n<p class=\"p3\"><span class=\"s1\">Perch\u00e9 il Delaware \u00e8 eccezionale?&nbsp;<\/span><span class=\"s1\">Il Delaware ha l&#039;industria chimica pi\u00f9 importante degli Stati Uniti. La sede di DuPont \u00e8 nel Delaware. DuPont \u00e8 il principale produttore chimico al mondo.<\/span><\/p>\n\n\n\n<p class=\"p3\"><span class=\"s1\">Lo stato esporta una grande variet\u00e0 di prodotti chimici in tutto il mondo, tra cui teflon, nylon, tappeti Stainmaster e materiali stampati. L\u2019industria chimica rende pi\u00f9 forte l\u2019economia del Delaware.<\/span><\/p>\n\n\n\n<h2 class=\"wp-block-heading\">Industria agricola<\/h2>\n\n\n\n<p class=\"p3\"><span class=\"s1\">Anche il settore agricolo detiene una parte significativa dell&#039;economia del Delaware. Lo stato \u00e8 il principale produttore di pollo da carne.&nbsp;<\/span><span class=\"s1\">Oltre a ci\u00f2, l\u2019economia si basa su prodotti lattiero-caseari, patate, soia e mais. Con la vicinanza all\u2019Oceano Atlantico, anche l\u2019industria della pesca sta raggiungendo il suo picco. <\/span><\/p>\n\n\n\n<h2 class=\"wp-block-heading p3\"><span class=\"s1\">Industrie in crescita<\/span><\/h2>\n\n\n\n<p class=\"p3\"><span class=\"s1\">Anche i settori sanitario, finanziario, aeronautico e turistico contribuiscono all\u2019economia.<\/span><\/p>\n\n\n\n<h2 class=\"wp-block-heading p5\"><span class=\"s1\">Avviare un&#039;impresa nel Delaware<\/span><\/h2>\n\n\n\n<p class=\"p3\"><span class=\"s1\">Delaware has one of the most favorable systems of new business formation.&nbsp; Many corporations decide to incorporate their businesses in Delaware due to its business-friendly laws and incentives.&nbsp; Delaware also provides support for startups. New businesses can get full technical assistance for the structuring of a corporation. Hence, the state offers greater privacy and provides tax advantages. These benefits include investor opportunities for your corporation.<\/span><\/p>\n\n\n\n<h2 class=\"wp-block-heading p5\"><span class=\"s1\">Informazioni sulle ricerche di mercato nel Delaware<\/span><\/h2>\n\n\n\n<p class=\"p5\"><span class=\"s1\">Per qualsiasi azienda, le ricerche di mercato sono un must.&nbsp;&nbsp;<\/span><span class=\"s1\">Perch\u00e9? <\/span><\/p>\n\n\n\n<p class=\"p3\"><span class=\"s1\">People should understand the needs of the customer base. These needs are social, cultural, and economic, and they influence your business. Your team will have to engage with communities. You&#8217;ll also need in-depth interviews about the possible opportunities for business.<\/span><\/p>\n\n\n\n<p class=\"p3\"><span class=\"s1\">You also <a href=\"https:\/\/www.sisinternational.com\/it\/analysis-b2b\/\" title=\"What Business Leaders Need to Know Right Now\"  data-wpil-monitor-id=\"8083\">need to know<\/a> about your competitors. At SIS International, when we do <strong>Ricerca strategica<\/strong>, it includes complete customer and competitor analysis. We identify the potential strengths and weaknesses of your competitors. This knowledge will help you to build up a successful business.<\/span><\/p>\n\n\n\n<p class=\"p3\"><span class=\"s1\">Getting help from native Delaware is <a href=\"https:\/\/www.sisinternational.com\/it\/competenza\/industrie\/ricerche-di-mercato-sugli-articoli-essenziali-per-la-cucina\/\" title=\"Ricerche di mercato sugli articoli essenziali per la cucina\"  data-wpil-monitor-id=\"8079\">essential when doing proper Qualitative Research<\/a>. Want to know how the people of Delaware are likely to respond to your <a href=\"https:\/\/www.sisinternational.com\/it\/soluzioni\/prova-del-gusto\/servizi-di-test-di-prodotto-a-new-york\/\" title=\"Servizi di test di prodotto a New York\"  data-wpil-monitor-id=\"8082\">product or service<\/a>? <strong>Ricerca qualitativa<\/strong> provides a rich, detailed picture. It shows you why people act the way they do. It also tells you their feelings about these actions.\u00a0 Key methods includes Customer Interviews, Focus Groups, and Ethnography.\u00a0 Qualitative <a href=\"https:\/\/www.sisinternational.com\/it\/soluzioni\/soluzioni-di-ricerca-quantitativa-qualitativa\/interviste-telefoniche-ricerche-di-mercato\/\" title=\"Interviste telefoniche approfondite Ricerche di mercato\"  data-wpil-monitor-id=\"8087\">Ricerca<\/a> records attitudes and feelings and provides depth and detail to your data. It creates openness by encouraging people to open up in their responses. This type of research can explore new topics not considered by your <a href=\"https:\/\/www.sisinternational.com\/it\/competenza\/curriculum-di-esperienza\/ricerca-sul-marchio\/\" title=\"Societ\u00e0 di ricerca sul marchio\"  data-wpil-monitor-id=\"8085\">company<\/a>.<\/span><\/p>\n\n\n\n<p class=\"p3\"><span class=\"s1\"><strong>Ricerca quantitativa<\/strong> allows you to do a broader study involving more subjects. With this type of Research, it&#8217;s easier to show overall results. Quantitative <a href=\"https:\/\/www.sisinternational.com\/it\/sampling-techniques-in-qualitative-research-the-complete-guide-to-choosing-the-right-method\/\" title=\"Sampling Techniques in Qualitative Research: The Complete Guide to Choosing the Right Method\"  data-wpil-monitor-id=\"8080\">Research provides for greater impartiality and completeness<\/a> of results. It uses standards, which means that we can replicate your study, analyze it, and compare it to similar ones. <a href=\"https:\/\/www.sisinternational.com\/it\/competenza\/curriculum-di-esperienza\/ricerche-di-mercato-sui-prodotti-per-la-cura-personale\/\" title=\"Ricerche di mercato sui prodotti per la cura personale\"  data-wpil-monitor-id=\"8078\">Researchers can avoid personal<\/a> bias by keeping their distance from participating subjects. They can also use persons unknown to them.<\/span><\/p>\n\n\n\n<p class=\"p3\"><span class=\"s1\">Comprehensive <a href=\"https:\/\/www.sisinternational.com\/it\/pubblicazioni\/ricerche-di-mercato-per-un-business-scalabile-7-modi-per-costruire-un-business-scalabile\/\" title=\"Ricerche di mercato per aziende scalabili: 7 modi per costruire un business scalabile\"  data-wpil-monitor-id=\"8076\">Market Research helps to grow your business<\/a>. It optimizes your performance, reduces risk, and helps you to beat out the competitors.<\/span><\/p>\n\n\n\n<h2 class=\"wp-block-heading\">&nbsp;<\/h2>","protected":false},"excerpt":{"rendered":"<p>Scopri nuove opportunit\u00e0 di business con le ricerche di mercato nel Delaware.<\/p>","protected":false},"author":1,"featured_media":66527,"parent":19303,"menu_order":39,"comment_status":"closed","ping_status":"closed","template":"","meta":{"footnotes":""},"class_list":["post-33113","page","type-page","status-publish","has-post-thumbnail"],"_links":{"self":[{"href":"https:\/\/www.sisinternational.com\/it\/wp-json\/wp\/v2\/pages\/33113","targetHints":{"allow":["GET"]}}],"collection":[{"href":"https:\/\/www.sisinternational.com\/it\/wp-json\/wp\/v2\/pages"}],"about":[{"href":"https:\/\/www.sisinternational.com\/it\/wp-json\/wp\/v2\/types\/page"}],"author":[{"embeddable":true,"href":"https:\/\/www.sisinternational.com\/it\/wp-json\/wp\/v2\/users\/1"}],"replies":[{"embeddable":true,"href":"https:\/\/www.sisinternational.com\/it\/wp-json\/wp\/v2\/comments?post=33113"}],"version-history":[{"count":4,"href":"https:\/\/www.sisinternational.com\/it\/wp-json\/wp\/v2\/pages\/33113\/revisions"}],"predecessor-version":[{"id":81362,"href":"https:\/\/www.sisinternational.com\/it\/wp-json\/wp\/v2\/pages\/33113\/revisions\/81362"}],"up":[{"embeddable":true,"href":"https:\/\/www.sisinternational.com\/it\/wp-json\/wp\/v2\/pages\/19303"}],"wp:featuredmedia":[{"embeddable":true,"href":"https:\/\/www.sisinternational.com\/it\/wp-json\/wp\/v2\/media\/66527"}],"wp:attachment":[{"href":"https:\/\/www.sisinternational.com\/it\/wp-json\/wp\/v2\/media?parent=33113"}],"curies":[{"name":"wp","href":"https:\/\/api.w.org\/{rel}","templated":true}]}}