{"id":32733,"date":"2019-08-24T20:13:48","date_gmt":"2019-08-24T20:13:48","guid":{"rendered":"https:\/\/www.sisinternational.com\/?page_id=32733"},"modified":"2025-11-15T20:56:04","modified_gmt":"2025-11-16T01:56:04","slug":"ricerche-di-mercato-nella-carolina-del-sud","status":"publish","type":"page","link":"https:\/\/www.sisinternational.com\/it\/copertura\/north-america\/copertura-degli-stati-uniti\/ricerche-di-mercato-nella-carolina-del-sud\/","title":{"rendered":"Ricerche di mercato nella Carolina del Sud"},"content":{"rendered":"<h1 class=\"wp-block-heading\">Ricerche di mercato nella Carolina del Sud<\/h1>\n\n\n\n<figure class=\"gb-block-image gb-block-image-abfefef9\"><img loading=\"lazy\" decoding=\"async\" width=\"1456\" height=\"816\" class=\"gb-image gb-image-abfefef9\" src=\"https:\/\/www.sisinternational.com\/wp-content\/uploads\/2025\/09\/Charleston-South-Carolina-3.jpg\" alt=\"Ricerca e strategia di mercato internazionale SIS\" title=\"Charleston South Carolina (3)\" srcset=\"https:\/\/www.sisinternational.com\/wp-content\/uploads\/2025\/09\/Charleston-South-Carolina-3.jpg 1456w, https:\/\/www.sisinternational.com\/wp-content\/uploads\/2025\/09\/Charleston-South-Carolina-3-300x168.jpg 300w, https:\/\/www.sisinternational.com\/wp-content\/uploads\/2025\/09\/Charleston-South-Carolina-3-1024x574.jpg 1024w, https:\/\/www.sisinternational.com\/wp-content\/uploads\/2025\/09\/Charleston-South-Carolina-3-768x430.jpg 768w, https:\/\/www.sisinternational.com\/wp-content\/uploads\/2025\/09\/Charleston-South-Carolina-3-18x10.jpg 18w\" sizes=\"auto, (max-width: 1456px) 100vw, 1456px\"><\/figure>\n\n\n\n<p><\/p>\n\n\n\n<h2 class=\"wp-block-heading\">La Carolina del Sud si trova negli Stati Uniti sudorientali.<\/h2>\n\n\n\n<p>La Carolina del Nord si trova sul confine settentrionale e l&#039;Oceano Atlantico si trova a sud-est. Lo stato condivide il confine sud-occidentale con la Georgia. La sua citt\u00e0 pi\u00f9 grande \u00e8 Charlestown e la sua capitale \u00e8 Columbia. Chiamata cos\u00ec in onore di Carlo I re d&#039;Inghilterra, la Carolina del Nord copre 32.030 miglia quadrate di spazio ed \u00e8 il 23\u00b0 stato pi\u00f9 popolato degli Stati Uniti.<\/p>\n\n\n\n<p>La Carolina del Sud ha un settore industriale molto diversificato. Contiene la giusta quantit\u00e0 di industria per un investitore interessato. Ecco i principali motori economici della Carolina del Sud<\/p>\n\n\n\n<h2 class=\"wp-block-heading\">Industria aeronautica<\/h2>\n\n\n\n<p>South Carolina is home to mega aerospace providers such as Boeing. The state has proven to be a mecca to top aerospace suppliers due to its skilled labor force. It also has a high-end infrastructure and advanced manufacturing skills.<\/p>\n\n\n\n<h2 class=\"wp-block-heading\">Scienze della vita e biotecnologie<\/h2>\n\n\n\n<p>Large pharmaceutical and biotechnological companies have made their home in SC. This state has shown commitment to life sciences and has cultivated several expansions and investments. It has top-notch hospital systems and <a href=\"https:\/\/www.sisinternational.com\/it\/soluzioni\/ricerche-di-mercato-sui-consumatori\/\" title=\"Consumer Market Research Services for Smarter Business Decisions\"  data-wpil-monitor-id=\"8063\">services and research<\/a>, and development advancements. South Carolina is the number one destination for cutting-edge institutions.<\/p>\n\n\n\n<h2 class=\"wp-block-heading\">Trasporti<\/h2>\n\n\n\n<p>Due to South Carolina\u2019s location, access to commercial services is a breeze. The state has five major airports. It also has timely access to airports in both Atlanta and Charlotte. North Carolina is a convenient and accessible hub. Its location is a great help to both local and international trade. Also, being the seventh-largest port in the US makes SC a desirable destination. It\u2019s perfect for import and export businesses.<\/p>\n\n\n\n<h2 class=\"wp-block-heading\">Produzione automobilistica<\/h2>\n\n\n\n<p>La domanda di veicoli pi\u00f9 puliti, nuovi, pi\u00f9 veloci e pi\u00f9 innovativi \u00e8 in aumento. La Carolina del Sud continua a incoraggiare e rafforzare i propri stabilimenti automobilistici e le relative forniture. Conosciuta per la sua tecnologia avanzata, SC continua ad attrarre industrie. Queste industrie includono la produzione non solo di veicoli ma anche delle parti associate, ecc.<\/p>\n\n\n\n<h2 class=\"wp-block-heading\">Raccolta differenziata<\/h2>\n\n\n\n<p>We live in an age where climate change is no longer a distant thought but a reality. South Carolina has made strides in the ability to convert wastage. It turns garbage into new and usable materials. It boasts more than 500 companies working to create a cleaner environment. South Carolina leads in our quest to save the Earth.<\/p>\n\n\n\n<p>South Carolina also has a goal of encouraging economic activity. The state wants to continue to keep its unemployment ratio in the low single figures. SC provides statutory incentives such as:<\/p>\n\n\n\n<ul class=\"wp-block-list\">\n<li>Nessuna tassa sull&#039;inventario<\/li>\n\n\n\n<li>Reddito locale non imponibile<\/li>\n\n\n\n<li>Nessuna tassa statale sulla propriet\u00e0<\/li>\n\n\n\n<li>Nessuna tassa di vendita applicata ai prodotti interi<\/li>\n\n\n\n<li>Nessuna imposta sulla vendita di energia per scopi industriali, materiali industriali e manifatturieri. Inoltre, non \u00e8 prevista alcuna imposta sulle vendite sui prodotti finiti.<\/li>\n<\/ul>\n\n\n\n<p>Questo stato offre anche una struttura fiscale favorevole sul reddito. Questa struttura rende desiderabile fare affari in SC.<\/p>\n\n\n\n<h2 class=\"wp-block-heading\">Forza lavoro<\/h2>\n\n\n\n<p>South Carolina has a population of about 5 million and a labor force of 2 million. This state has a diversified type of labor, but has invested in its human resources, and provides several avenues for continued learning and advancement. The commitment by both government and industries continues to produce a skilled workforce. This workforce can remain committed and adapt as technology continues to advance.<\/p>\n\n\n\n<h2 class=\"wp-block-heading\">Informazioni sulle ricerche di mercato nella Carolina del Sud<\/h2>\n\n\n\n<p>Quantitative, Qualitative, and <a href=\"https:\/\/www.sisinternational.com\/it\/soluzioni\/ricerca-di-consulenza-strategica-fintech\/consulenza-strategica-per-ricerche-di-mercato-assicurative-in-caso-di-interruzione-dellattivita\/\" title=\"Ricerche di mercato e consulenza strategica nel settore assicurativo per l&#039;interruzione dell&#039;attivit\u00e0\"  data-wpil-monitor-id=\"8062\">Strategy Research can provide businesses<\/a> with insights into their competitors. It also informs them about their <a href=\"https:\/\/www.sisinternational.com\/it\/competenza\/industrie\/voce-delle-bevande-alimentari-della-ricerca-di-mercato-dei-clienti\/\" title=\"La voce del cliente nel settore alimentare e delle bevande. Ricerche di mercato\"  data-wpil-monitor-id=\"8064\">market and customers<\/a>. It can <a href=\"https:\/\/www.sisinternational.com\/it\/soluzioni\/soluzioni-di-branding-e-ricerca-clienti\/narrazione-di-ricerche-di-mercato\/\" title=\"Ricerche di mercato sul racconto di storie\"  data-wpil-monitor-id=\"8065\">tell them the best marketing<\/a> strategies to use. It informs the <a href=\"https:\/\/www.sisinternational.com\/it\/strategia-di-marketing-completa-per-una-societa-americana-di-finanza-personale-online\/\" title=\"Strategia di marketing completa per una societ\u00e0 americana di finanza personale online\"  data-wpil-monitor-id=\"8061\">online marketing strategy<\/a>. It helps firms plan everything from email newsletters to the design of their website. It also helps with social networking and search engine optimization. <a href=\"https:\/\/www.sisinternational.com\/it\/top-5-benefits-of-conducting-quantitative-market-research\/\" title=\"Top 5 Benefits of Conducting Quantitative Market Research\"  data-wpil-monitor-id=\"8060\">Ricerche di mercato quantitative<\/a> includes questionnaires and surveys. Qualitative <a href=\"https:\/\/www.sisinternational.com\/it\/noi-veterani-delle-ricerche-di-mercato\/\" title=\"Ricerca di mercato sui veterani statunitensi\"  data-wpil-monitor-id=\"8059\">Market Research strategies<\/a> include individual interviews, online and offline focus groups, and observations or \u201cshop-alongs.\u201d<\/p>\n\n\n\n<p>If you have a business and you&#8217;re looking to set up shop in South Carolina, tap into Market Research. Leverage it to <a href=\"https:\/\/www.sisinternational.com\/it\/soluzioni\/consulenza-strategica\/consulenza-sullesecuzione-dello-sviluppo-della-strategia\/\" title=\"Consulenza per lo sviluppo e l&#039;esecuzione della strategia\"  data-wpil-monitor-id=\"8066\">develop effective strategies<\/a> that help your business grow and prosper.<\/p>\n\n\n\n<p><\/p>","protected":false},"excerpt":{"rendered":"<p>Scopri nuove opportunit\u00e0 di business con le ricerche di mercato nella Carolina del Sud.<\/p>","protected":false},"author":1,"featured_media":66676,"parent":19303,"menu_order":37,"comment_status":"closed","ping_status":"closed","template":"","meta":{"footnotes":""},"class_list":["post-32733","page","type-page","status-publish","has-post-thumbnail"],"_links":{"self":[{"href":"https:\/\/www.sisinternational.com\/it\/wp-json\/wp\/v2\/pages\/32733","targetHints":{"allow":["GET"]}}],"collection":[{"href":"https:\/\/www.sisinternational.com\/it\/wp-json\/wp\/v2\/pages"}],"about":[{"href":"https:\/\/www.sisinternational.com\/it\/wp-json\/wp\/v2\/types\/page"}],"author":[{"embeddable":true,"href":"https:\/\/www.sisinternational.com\/it\/wp-json\/wp\/v2\/users\/1"}],"replies":[{"embeddable":true,"href":"https:\/\/www.sisinternational.com\/it\/wp-json\/wp\/v2\/comments?post=32733"}],"version-history":[{"count":4,"href":"https:\/\/www.sisinternational.com\/it\/wp-json\/wp\/v2\/pages\/32733\/revisions"}],"predecessor-version":[{"id":81358,"href":"https:\/\/www.sisinternational.com\/it\/wp-json\/wp\/v2\/pages\/32733\/revisions\/81358"}],"up":[{"embeddable":true,"href":"https:\/\/www.sisinternational.com\/it\/wp-json\/wp\/v2\/pages\/19303"}],"wp:featuredmedia":[{"embeddable":true,"href":"https:\/\/www.sisinternational.com\/it\/wp-json\/wp\/v2\/media\/66676"}],"wp:attachment":[{"href":"https:\/\/www.sisinternational.com\/it\/wp-json\/wp\/v2\/media?parent=32733"}],"curies":[{"name":"wp","href":"https:\/\/api.w.org\/{rel}","templated":true}]}}