{"id":32477,"date":"2019-08-10T18:51:58","date_gmt":"2019-08-10T18:51:58","guid":{"rendered":"https:\/\/www.sisinternational.com\/?page_id=32477"},"modified":"2025-09-13T19:37:47","modified_gmt":"2025-09-13T23:37:47","slug":"ricerche-di-mercato-nello-utah","status":"publish","type":"page","link":"https:\/\/www.sisinternational.com\/it\/copertura\/north-america\/copertura-degli-stati-uniti\/ricerche-di-mercato-nello-utah\/","title":{"rendered":"Ricerche di mercato nello Utah"},"content":{"rendered":"<h1 class=\"wp-block-heading\">Ricerche di mercato nello Utah<\/h1>\n\n\n\n<figure class=\"gb-block-image gb-block-image-adbb8ca9\"><img loading=\"lazy\" decoding=\"async\" width=\"1456\" height=\"816\" class=\"gb-image gb-image-adbb8ca9\" src=\"https:\/\/www.sisinternational.com\/wp-content\/uploads\/2025\/09\/Utah-3.jpg\" alt=\"Ricerca e strategia di mercato internazionale SIS\" title=\"Utah (3)\" srcset=\"https:\/\/www.sisinternational.com\/wp-content\/uploads\/2025\/09\/Utah-3.jpg 1456w, https:\/\/www.sisinternational.com\/wp-content\/uploads\/2025\/09\/Utah-3-300x168.jpg 300w, https:\/\/www.sisinternational.com\/wp-content\/uploads\/2025\/09\/Utah-3-1024x574.jpg 1024w, https:\/\/www.sisinternational.com\/wp-content\/uploads\/2025\/09\/Utah-3-768x430.jpg 768w, https:\/\/www.sisinternational.com\/wp-content\/uploads\/2025\/09\/Utah-3-18x10.jpg 18w\" sizes=\"auto, (max-width: 1456px) 100vw, 1456px\"><\/figure>\n\n\n\n<p><\/p>\n\n\n\n<h2 class=\"wp-block-heading\"><span style=\"font-weight: 400;\">Utah is an ideal state for new organizations and is home to many successful companies. <\/span><\/h2>\n\n\n\n<p><span style=\"font-weight: 400;\">Its nickname is the Beehive State due to the industrious nature of the population. The economy of Utah has expanded in 2006 at a yearly rate of 2.3 percent, against the national rate of 0.5 percent.<\/span><\/p>\n\n\n\n<p><span style=\"font-weight: 400;\">Salt Lake \u00e8 la citt\u00e0 pi\u00f9 grande con una popolazione di 200.000 abitanti, seguita da West Valley City, che ospita 136.000 persone. Provo, West Jordan e Orem sono i successivi, seguiti da Sandy, Ogden e St. George. Anche Layton e South Jordan sono citt\u00e0 importanti.<\/span><\/p>\n\n\n\n<h2 class=\"wp-block-heading\">Opportunit\u00e0 di business<\/h2>\n\n\n\n<p><span style=\"font-weight: 400;\">I compositi avanzati costituiscono l\u2019industria principale e lo stato produce ruote per biciclette in fibra di carbonio, componenti aerospaziali e molto altro. Impiega pi\u00f9 di 10.000 persone. Altri settori significativi sono l\u2019aerospaziale, i data center, i media digitali e la distribuzione.<\/span><\/p>\n\n\n\n<p><span style=\"font-weight: 400;\">Imprenditori e imprese considerano questo Stato un ambiente fertile per la crescita: il risultato di decenni di duro lavoro da parte dei suoi residenti. Lo Utah ha molte aziende innovative in crescita e una forza lavoro qualificata. Ha anche mostrato un aumento del numero di imprese, sia grandi che piccole, e molte organizzazioni iconiche hanno creato basi in questo stato. Diversi fattori attirano queste attivit\u00e0, ad esempio la popolazione istruita e le agevolazioni fiscali. Altre attrazioni sono l&#039;affidabile sistema di trasporto pubblico e gli immobili a prezzi accessibili.<\/span><\/p>\n\n\n\n<h2 class=\"wp-block-heading\">Vantaggi di avviare un&#039;attivit\u00e0 nello Utah<\/h2>\n\n\n\n<h3 class=\"wp-block-heading\">Agevolazioni fiscali<\/h3>\n\n\n\n<p><span style=\"font-weight: 400;\">L&#039;Ufficio per lo sviluppo economico del Governatore amministra un programma di credito d&#039;imposta noto come Finanziamento incrementale della zona di sviluppo economico. \u00c8 rivolto sia alle organizzazioni nuove che a quelle in crescita e offre crediti d&#039;imposta post-performance fino al 30% delle entrate statali. Questo credito \u00e8 applicabile per tutta l&#039;esistenza di qualsiasi nuovo progetto commerciale. Ha una validit\u00e0 di 20 anni. Inoltre, una societ\u00e0 registrata come societ\u00e0 S nello Utah non deve pagare l&#039;imposta sul reddito. Invece, il reddito o la perdita dell\u2019impresa vengono trasferiti agli azionisti. Le societ\u00e0 S nello Utah godono di una vita indipendente. L&#039;incapacit\u00e0 di un azionista non pregiudica l&#039;operativit\u00e0 aziendale.<\/span><\/p>\n\n\n\n<h3 class=\"wp-block-heading\">Forza lavoro giovane<\/h3>\n\n\n\n<p><span style=\"font-weight: 400;\">Lo Utah ha un&#039;et\u00e0 media di 29 anni. Un terzo della popolazione \u00e8 bilingue, il risultato della grande popolazione, la maggior parte della quale trascorre il tempo viaggiando all&#039;estero. Le aziende apprezzano la capacit\u00e0 linguistica. Ha attratto organizzazioni internazionali come Goldman Sachs ed eBay.<\/span><\/p>\n\n\n\n<h3 class=\"wp-block-heading\">Incentivi aziendali<\/h3>\n\n\n\n<p><span style=\"font-weight: 400;\">Sono previsti diversi incentivi per le imprese. Questi includono programmi di finanziamento e incentivi all\u2019innovazione disponibili per le imprese. Alcuni dei migliori programmi includono:<\/span><\/p>\n\n\n\n<ul class=\"wp-block-list\">\n<li><b>Recycle <\/b><a href=\"https:\/\/www.sisinternational.com\/it\/pubblicazioni\/ricerche-di-mercato-per-un-business-scalabile-7-modi-per-costruire-un-business-scalabile\/\" title=\"Ricerche di mercato per aziende scalabili: 7 modi per costruire un business scalabile\"  data-wpil-monitor-id=\"8047\">market development zone: This is for businesses<\/a> that deal with recycling. It gives them an opportunity for expansion. The program helps enterprises deal with the collection of recycled materials. It also helps with the processing and distribution of these materials.<\/span><\/li>\n\n\n\n<li><b>Programma Enterprise Zone (EZ):<\/b><span style=\"font-weight: 400;\"> Lo stato ha creato questo programma per incoraggiare lo sviluppo. Mira a stimolare la crescita economica in specifiche localit\u00e0 in difficolt\u00e0. Dopo la registrazione, le nuove aziende diventano idonee a questo programma. Ricevono crediti d&#039;imposta che possono portare avanti per circa tre anni.<\/span><\/li>\n<\/ul>\n\n\n\n<h2 class=\"wp-block-heading\">Turismo<\/h2>\n\n\n\n<p><span style=\"font-weight: 400;\">Questo stato comprende citt\u00e0 storiche e vivaci. I paesaggi naturali dello Utah contengono monumenti nazionali, parchi statali e foreste. Queste attrazioni attirano visitatori da tutto il mondo.<\/span><\/p>\n\n\n\n<p><span style=\"font-weight: 400;\">Le contee di Garfield, Grand e Rich mostrano la crescita pi\u00f9 elevata dell&#039;occupazione annuale. Anche Daggett, Kane e Wayne hanno dimostrato tassi di crescita elevati. La contea di Rich ha una differenza media nel picco annuale di lavoro del 77% dal 2001 al 2018. La contea di Kane \u00e8 un&#039;area meno stagionale, ma i livelli di occupazione oscillano a una media del 35%. Le contee dello Utah hanno pi\u00f9 cose in comune oltre alla stagionalit\u00e0. Le miti condizioni climatiche dello stato lo rendono ideale per il turismo e le economie di diverse contee dipendono da quel settore.<\/span><\/p>\n\n\n\n<h2 class=\"wp-block-heading\">Opportunit\u00e0 tecnologiche<\/h2>\n\n\n\n<p><span style=\"font-weight: 400;\">An essential <a href=\"https:\/\/www.sisinternational.com\/it\/fattori-chiave-di-successo-nelle-ricerche-di-mercato-automobilistiche\/\" title=\"Fattori chiave di successo nelle ricerche di mercato automobilistiche\"  data-wpil-monitor-id=\"8048\">factor in the success<\/a> of Utah is its enormous technology sector. This sector resides in a location called Silicon Slopes. It aims to make Utah tech companies share information and resources. In this way, it will attract other businesses to the state.<\/span><\/p>\n\n\n\n<h2 class=\"wp-block-heading\">&nbsp;<\/h2>","protected":false},"excerpt":{"rendered":"<p>Scopri nuove opportunit\u00e0 di business con ricerche di mercato nello Utah.<\/p>","protected":false},"author":1,"featured_media":66732,"parent":19303,"menu_order":28,"comment_status":"closed","ping_status":"closed","template":"","meta":{"footnotes":""},"class_list":["post-32477","page","type-page","status-publish","has-post-thumbnail"],"_links":{"self":[{"href":"https:\/\/www.sisinternational.com\/it\/wp-json\/wp\/v2\/pages\/32477","targetHints":{"allow":["GET"]}}],"collection":[{"href":"https:\/\/www.sisinternational.com\/it\/wp-json\/wp\/v2\/pages"}],"about":[{"href":"https:\/\/www.sisinternational.com\/it\/wp-json\/wp\/v2\/types\/page"}],"author":[{"embeddable":true,"href":"https:\/\/www.sisinternational.com\/it\/wp-json\/wp\/v2\/users\/1"}],"replies":[{"embeddable":true,"href":"https:\/\/www.sisinternational.com\/it\/wp-json\/wp\/v2\/comments?post=32477"}],"version-history":[{"count":3,"href":"https:\/\/www.sisinternational.com\/it\/wp-json\/wp\/v2\/pages\/32477\/revisions"}],"predecessor-version":[{"id":81355,"href":"https:\/\/www.sisinternational.com\/it\/wp-json\/wp\/v2\/pages\/32477\/revisions\/81355"}],"up":[{"embeddable":true,"href":"https:\/\/www.sisinternational.com\/it\/wp-json\/wp\/v2\/pages\/19303"}],"wp:featuredmedia":[{"embeddable":true,"href":"https:\/\/www.sisinternational.com\/it\/wp-json\/wp\/v2\/media\/66732"}],"wp:attachment":[{"href":"https:\/\/www.sisinternational.com\/it\/wp-json\/wp\/v2\/media?parent=32477"}],"curies":[{"name":"wp","href":"https:\/\/api.w.org\/{rel}","templated":true}]}}