{"id":31975,"date":"2019-06-15T05:19:22","date_gmt":"2019-06-15T05:19:22","guid":{"rendered":"https:\/\/www.sisinternational.com\/?page_id=31975"},"modified":"2026-01-25T17:07:45","modified_gmt":"2026-01-25T22:07:45","slug":"ricerche-di-mercato-ad-anversa","status":"publish","type":"page","link":"https:\/\/www.sisinternational.com\/it\/copertura\/europa\/ricerche-di-mercato-ad-anversa\/","title":{"rendered":"Ricerche di mercato ad Anversa"},"content":{"rendered":"<h1 class=\"wp-block-heading\">Ricerche di mercato ad Anversa<\/h1>\n\n\n\n<figure class=\"gb-block-image gb-block-image-60d3c661\"><img loading=\"lazy\" decoding=\"async\" width=\"1456\" height=\"816\" class=\"gb-image gb-image-60d3c661\" src=\"https:\/\/www.sisinternational.com\/wp-content\/uploads\/2025\/09\/Antwerp-2.jpg\" alt=\"Ricerca e strategia di mercato internazionale SIS\" title=\"Antwerp (2)\" srcset=\"https:\/\/www.sisinternational.com\/wp-content\/uploads\/2025\/09\/Antwerp-2.jpg 1456w, https:\/\/www.sisinternational.com\/wp-content\/uploads\/2025\/09\/Antwerp-2-300x168.jpg 300w, https:\/\/www.sisinternational.com\/wp-content\/uploads\/2025\/09\/Antwerp-2-1024x574.jpg 1024w, https:\/\/www.sisinternational.com\/wp-content\/uploads\/2025\/09\/Antwerp-2-768x430.jpg 768w, https:\/\/www.sisinternational.com\/wp-content\/uploads\/2025\/09\/Antwerp-2-18x10.jpg 18w\" sizes=\"auto, (max-width: 1456px) 100vw, 1456px\"><\/figure>\n\n\n\n<p><\/p>\n\n\n\n<h2 class=\"wp-block-heading\">Le ricerche di mercato ad Anversa forniscono dati e informazioni sui clienti a vantaggio del business.<\/h2>\n\n\n\n<p>Antwerp is a city in the north of Belgium. It has several dominant business sectors such as the marine sector, electricity, the chemical industry, and diamonds.<\/p>\n\n\n\n<p>Il porto di Anversa \u00e8 il secondo porto europeo pi\u00f9 grande dopo Rotterdam e l&#039;attivit\u00e0 economica pi\u00f9 importante della citt\u00e0. Grazie al fiume Schelda, Anversa ha una posizione strategica molto attraente. In effetti, il fiume \u00e8 uno dei canali pi\u00f9 importanti del Belgio.<\/p>\n\n\n\n<p>Anversa \u00e8 collegata alle zone industriali tedesche e al Canale Willebroek, al porto di Bruxelles.<\/p>\n\n\n\n<p>Electricity generation is also an important activity with four nuclear power plants in Doel, a conventional power plant in Kallo, and several small power plants.<\/p>\n\n\n\n<p>L&#039;altro pilastro principale di Anversa \u00e8 il commercio dei diamanti, che si svolge in gran parte nel distretto dei diamanti.<\/p>\n\n\n\n<p>La citt\u00e0 \u00e8 prospera e copre una vasta area, che crea numerose opportunit\u00e0 e posti di lavoro.<\/p>\n\n\n\n<p>The city has four diamond exchanges: the Diamond Club of Antwerp (the oldest in the world), Beurs voor Diamanthandel, Antwerp Diamantkring and Vrije Diamanthandel. The Antwerp World Diamond Center is located in the Diamond Quarter.&nbsp; It is one partnership representing the Antwerp diamond sector. The Diamond Office in the heart of the Antwerp World Diamond Center which regulates the export and import of diamonds.<\/p>\n\n\n\n<p>Anche l&#039;industria chimica \u00e8 ben sviluppata, poich\u00e9 lo stabilimento BASF di Anversa \u00e8 il pi\u00f9 grande al di fuori della Germania.<\/p>\n\n\n\n<div class=\"fusion-text\">\n<h2 data-fontsize=\"28\" data-lineheight=\"46\">Informazioni sulle ricerche di mercato ad Anversa<\/h2>\n<p><a href=\"https:\/\/www.sisinternational.com\/it\/contattaci\/\" title=\"Contattaci\"  data-wpil-monitor-id=\"9272\">Ricerca internazionale SIS<\/a> provides comprehensive solutions in the marine, diamond, electricity and many other industries.&nbsp; SIS keeps you competitive by providing a complete view of the business landscape, including through market opportunities, competitor analytics, and business intelligence.<\/p>\n<p>Market research in Antwerp enables companies to determine how to best satisfy customer needs. This gives the company information about many factors that influence the business. It also helps companies to <a href=\"https:\/\/www.sisinternational.com\/it\/soluzioni\/consulenza-strategica\/consulenza-sullesecuzione-dello-sviluppo-della-strategia\/\" title=\"Consulenza per lo sviluppo e l&#039;esecuzione della strategia\"  data-wpil-monitor-id=\"9277\">develop more effective strategies<\/a> and reduce risk and inefficiency.<\/p>\n<p>We conduct Qualitative, <a href=\"https:\/\/www.sisinternational.com\/it\/how-to-design-effective-surveys-for-quantitative-research\/\" title=\"How to Design Effective Surveys for Quantitative Research\"  data-wpil-monitor-id=\"9275\">Quantitative and Strategy Research<\/a>.&nbsp; Our Qualitative Methods include Focus Groups, Video Interviews, In-Depth Interviews, Ethnography, Co-Creation and Online Communities.&nbsp; Our Quantitative Methods include mobile, telephone and online surveys.&nbsp; Our Strategy Research solutions include Competitive Analysis, Channel Intelligence, <a href=\"https:\/\/www.sisinternational.com\/it\/copertura\/ricerche-di-mercato-asiatiche\/ricerche-di-mercato-filippine\/\" title=\"Ricerche di mercato filippine\"  data-wpil-monitor-id=\"3999\">Market Opportunity Assessments and Strategic Repositioning research<\/a><\/p>\n<\/div>\n\n\n\n<div class=\"fusion-text\">\n<h2 data-fontsize=\"28\" data-lineheight=\"46\">&nbsp;<\/h2>\n<\/div>\n\n\n\n<h2 class=\"wp-block-heading\">&nbsp;<\/h2>","protected":false},"excerpt":{"rendered":"<p>Scopri nuove opportunit\u00e0 con ricerche di mercato ad Anversa, in Belgio.<\/p>","protected":false},"author":1,"featured_media":66147,"parent":14510,"menu_order":30,"comment_status":"closed","ping_status":"closed","template":"","meta":{"footnotes":""},"class_list":["post-31975","page","type-page","status-publish","has-post-thumbnail"],"_links":{"self":[{"href":"https:\/\/www.sisinternational.com\/it\/wp-json\/wp\/v2\/pages\/31975","targetHints":{"allow":["GET"]}}],"collection":[{"href":"https:\/\/www.sisinternational.com\/it\/wp-json\/wp\/v2\/pages"}],"about":[{"href":"https:\/\/www.sisinternational.com\/it\/wp-json\/wp\/v2\/types\/page"}],"author":[{"embeddable":true,"href":"https:\/\/www.sisinternational.com\/it\/wp-json\/wp\/v2\/users\/1"}],"replies":[{"embeddable":true,"href":"https:\/\/www.sisinternational.com\/it\/wp-json\/wp\/v2\/comments?post=31975"}],"version-history":[{"count":5,"href":"https:\/\/www.sisinternational.com\/it\/wp-json\/wp\/v2\/pages\/31975\/revisions"}],"predecessor-version":[{"id":81551,"href":"https:\/\/www.sisinternational.com\/it\/wp-json\/wp\/v2\/pages\/31975\/revisions\/81551"}],"up":[{"embeddable":true,"href":"https:\/\/www.sisinternational.com\/it\/wp-json\/wp\/v2\/pages\/14510"}],"wp:featuredmedia":[{"embeddable":true,"href":"https:\/\/www.sisinternational.com\/it\/wp-json\/wp\/v2\/media\/66147"}],"wp:attachment":[{"href":"https:\/\/www.sisinternational.com\/it\/wp-json\/wp\/v2\/media?parent=31975"}],"curies":[{"name":"wp","href":"https:\/\/api.w.org\/{rel}","templated":true}]}}