{"id":31852,"date":"2019-06-09T23:12:39","date_gmt":"2019-06-09T23:12:39","guid":{"rendered":"https:\/\/www.sisinternational.com\/?page_id=31852"},"modified":"2026-01-26T18:39:28","modified_gmt":"2026-01-26T23:39:28","slug":"ricerca-di-mercato-del-trading-algoritmico","status":"publish","type":"page","link":"https:\/\/www.sisinternational.com\/it\/soluzioni\/ricerca-di-consulenza-strategica-fintech\/ricerca-di-mercato-del-trading-algoritmico\/","title":{"rendered":"Ricerche di mercato sul trading algoritmico"},"content":{"rendered":"<h1 class=\"gb-headline gb-headline-96057d69 gb-headline-text\">Ricerche di mercato sul trading algoritmico<\/h1>\n\n\n\n<figure class=\"gb-block-image gb-block-image-eb64fc68\"><img loading=\"lazy\" decoding=\"async\" width=\"1456\" height=\"816\" class=\"gb-image gb-image-eb64fc68\" src=\"https:\/\/www.sisinternational.com\/wp-content\/uploads\/2025\/08\/Finance-13.jpg\" alt=\"Ricerca e strategia di mercato internazionale SIS\" title=\"Finance (13)\" srcset=\"https:\/\/www.sisinternational.com\/wp-content\/uploads\/2025\/08\/Finance-13.jpg 1456w, https:\/\/www.sisinternational.com\/wp-content\/uploads\/2025\/08\/Finance-13-300x168.jpg 300w, https:\/\/www.sisinternational.com\/wp-content\/uploads\/2025\/08\/Finance-13-1024x574.jpg 1024w, https:\/\/www.sisinternational.com\/wp-content\/uploads\/2025\/08\/Finance-13-768x430.jpg 768w, https:\/\/www.sisinternational.com\/wp-content\/uploads\/2025\/08\/Finance-13-18x10.jpg 18w\" sizes=\"auto, (max-width: 1456px) 100vw, 1456px\"><\/figure>\n\n\n\n<hr class=\"wp-block-separator has-alpha-channel-opacity is-style-dots\"\/>\n\n\n\n<h2 class=\"wp-block-heading\"><strong>Il trading algoritmico \u00e8 in aumento<\/strong><\/h2>\n\n\n\n<p><span style=\"font-weight: 400;\">Algorithmic Trading involves pre-programmed trades to efficiently and automatically execute financial trading. Investment Banks, Pension Funds, Mutual Funds, and other Institutional Investors commonly use it.\u00a0 Algorithms are a set of rules and instructions made by computer programs. Finance companies use algorithms on the stock exchange to automate the execution of new changes in the market without any human intervention. With the rise of data science and technology in finance, algorithmic trading is rising and transforming financial markets.<\/span><\/p>\n\n\n\n<h2 class=\"wp-block-heading\"><strong>Cos\u2019\u00e8 la ricerca di mercato del trading algoritmico?<\/strong><\/h2>\n\n\n\n<p><span style=\"font-weight: 400;\">Algorithmic <a href=\"https:\/\/www.sisinternational.com\/it\/comprendere-il-sistema-di-scambio-delle-emissioni-dellue-e-una-relazione-sis\/\" title=\"Ricerche di mercato sullo scambio di quote di emissioni\"  data-wpil-monitor-id=\"1725\">trading market research<\/a> involves systematically analyzing financial markets, trading strategies, and market data using quantitative techniques, statistical models, and machine learning algorithms. The primary objective of this research is to develop, backtest, and optimize algorithmic trading strategies that generate alpha and outperform traditional trading approaches.<\/span><\/p>\n\n\n\n<h2 class=\"wp-block-heading\"><strong>Perch\u00e9 le aziende hanno bisogno di ricerche di mercato sul trading algoritmico?<\/strong><\/h2>\n\n\n\n<figure class=\"gb-block-image gb-block-image-7e981f12\"><img loading=\"lazy\" decoding=\"async\" width=\"1456\" height=\"816\" class=\"gb-image gb-image-7e981f12\" src=\"https:\/\/www.sisinternational.com\/wp-content\/uploads\/2025\/09\/Forex-1.jpg\" alt=\"Ricerca e strategia di mercato internazionale SIS\" title=\"Forex (1)\" srcset=\"https:\/\/www.sisinternational.com\/wp-content\/uploads\/2025\/09\/Forex-1.jpg 1456w, https:\/\/www.sisinternational.com\/wp-content\/uploads\/2025\/09\/Forex-1-300x168.jpg 300w, https:\/\/www.sisinternational.com\/wp-content\/uploads\/2025\/09\/Forex-1-1024x574.jpg 1024w, https:\/\/www.sisinternational.com\/wp-content\/uploads\/2025\/09\/Forex-1-768x430.jpg 768w, https:\/\/www.sisinternational.com\/wp-content\/uploads\/2025\/09\/Forex-1-18x10.jpg 18w\" sizes=\"auto, (max-width: 1456px) 100vw, 1456px\"><\/figure>\n\n\n\n<p><\/p>\n\n\n\n<p><span style=\"font-weight: 400;\">Businesses require algorithmic trading market research to understand market dynamics, identify emerging trends, and gain insights into investor behavior. Companies can make informed decisions regarding their trading strategies and investment allocations by analyzing market data and macroeconomic indicators.<\/span><\/p>\n\n\n\n<p><span style=\"font-weight: 400;\">Moreover, algorithmic trading market research helps businesses enhance their trading performance and optimize their investment portfolios. This research also enables businesses to diversify their trading strategies, manage risk effectively, and capitalize on market inefficiencies.<\/span><\/p>\n\n\n\n<p><span style=\"font-weight: 400;\">La ricerca di mercato del trading algoritmico \u00e8 essenziale anche per navigare nei mercati finanziari complessi, ottimizzare le prestazioni di trading, automatizzare le operazioni di trading e conformarsi ai requisiti normativi... Ma presenta molti altri vantaggi per le aziende, tra cui:<\/span><\/p>\n\n\n\n<p><b>\u2022 Migliore gestione del rischio<\/b>: Market research enables businesses to assess and mitigate risks associated with <a href=\"https:\/\/www.sisinternational.com\/it\/marketing-diretto\/\" title=\"Cos&#039;\u00e8 il marketing diretto?\"  data-wpil-monitor-id=\"6988\">algorithmic trading strategies<\/a>, and develop robust risk management strategies to protect their investments and minimize losses.<\/span><\/p>\n\n\n\n<p><b>\u2022 Processo decisionale pi\u00f9 rapido<\/b><span style=\"font-weight: 400;\">: Algorithmic trading market research facilitates faster decision-making by providing businesses with real-time market insights and actionable intelligence. By leveraging advanced data analytics and predictive modeling techniques, companies can make informed investment decisions quickly and decisively, gaining a competitive edge in the marketplace.<\/span><\/p>\n\n\n\n<p><b>\u2022 Efficienza dei costi<\/b><span style=\"font-weight: 400;\">: La ricerca di mercato del trading algoritmico aiuta le aziende a ottimizzare le proprie strategie di trading, ridurre i costi di trading, semplificare le operazioni di trading, ridurre al minimo i costi di transazione e migliorare l&#039;efficienza complessiva dei costi.<\/span><\/p>\n\n\n\n<p><b>\u2022 Scalabilit\u00e0<\/b><span style=\"font-weight: 400;\">: La ricerca di mercato del trading algoritmico consente alle aziende di scalare le proprie operazioni di trading in modo efficace, espandendo le proprie attivit\u00e0 di trading su pi\u00f9 mercati e classi di attivit\u00e0, senza compromettere le prestazioni o l&#039;efficienza.<\/span><\/p>\n\n\n\n<h2 class=\"wp-block-heading\"><strong>Fattori chiave del successo<\/strong><\/h2>\n\n\n\n<p><span style=\"font-weight: 400;\">Nell\u2019ambito delle ricerche di mercato del trading algoritmico, diversi fattori chiave di successo contribuiscono all\u2019efficacia e all\u2019efficienza degli sforzi di ricerca \u2013 ed ecco alcuni fattori chiave di successo che le aziende devono considerare prima di condurre ricerche di mercato del trading algoritmico:<\/span><\/p>\n\n\n\n<p><b>\u2022 Qualit\u00e0 e accessibilit\u00e0 dei dati<\/b><span style=\"font-weight: 400;\">: High-quality data is the cornerstone of effective algorithmic trading market research. Businesses must have access to reliable, accurate, and timely <a href=\"https:\/\/www.sisinternational.com\/it\/copertura\/ricerche-di-mercato-asiatiche\/ricerche-di-mercato-filippine\/\" title=\"Ricerche di mercato filippine\"  data-wpil-monitor-id=\"4003\">market data to conduct thorough research<\/a> and analysis.<\/span><\/p>\n\n\n\n<p><b>\u2022 Infrastruttura tecnologica<\/b>: A robust technology infrastructure is essential to support <a href=\"https:\/\/www.sisinternational.com\/it\/competenza\/industrie\/ricerche-di-mercato-sulla-tecnologia-medica\/\" title=\"Ricerche di mercato sulla tecnologia medica (Med Tech).\"  data-wpil-monitor-id=\"4219\">ricerca di mercato del trading algoritmico<\/a> efforts. Businesses must invest in scalable and reliable technology infrastructure, including high-speed connectivity, powerful computing resources, and secure data storage.<\/span><\/p>\n\n\n\n<p><b>\u2022 Quadro di gestione del rischio<\/b><span style=\"font-weight: 400;\">: Businesses must implement a robust risk management framework to identify, assess, and mitigate risks associated with algorithmic trading strategies. This framework should include comprehensive risk assessment processes, monitoring mechanisms, and contingency plans to manage unexpected events.<\/span><\/p>\n\n\n\n<p><b>\u2022 Apprendimento e adattamento continui<\/b><span style=\"font-weight: 400;\">: Financial markets are dynamic and ever-changing, requiring businesses to learn and adapt to new market conditions and trends continuously. Businesses must foster a culture of continuous learning and adaptation, encouraging researchers to stay abreast of the latest developments in algorithmic trading, technological advancements, and regulatory changes.<\/span><\/p>\n\n\n\n<h2 class=\"wp-block-heading\">Come le ricerche di mercato supportano le societ\u00e0 finanziarie<\/h2>\n\n\n\n<figure class=\"gb-block-image gb-block-image-9050a3d3\"><img loading=\"lazy\" decoding=\"async\" width=\"1456\" height=\"816\" class=\"gb-image gb-image-9050a3d3\" src=\"https:\/\/www.sisinternational.com\/wp-content\/uploads\/2025\/09\/Forex-7.jpg\" alt=\"Ricerca e strategia di mercato internazionale SIS\" title=\"Forex (7)\" srcset=\"https:\/\/www.sisinternational.com\/wp-content\/uploads\/2025\/09\/Forex-7.jpg 1456w, https:\/\/www.sisinternational.com\/wp-content\/uploads\/2025\/09\/Forex-7-300x168.jpg 300w, https:\/\/www.sisinternational.com\/wp-content\/uploads\/2025\/09\/Forex-7-1024x574.jpg 1024w, https:\/\/www.sisinternational.com\/wp-content\/uploads\/2025\/09\/Forex-7-768x430.jpg 768w, https:\/\/www.sisinternational.com\/wp-content\/uploads\/2025\/09\/Forex-7-18x10.jpg 18w\" sizes=\"auto, (max-width: 1456px) 100vw, 1456px\"><\/figure>\n\n\n\n<p><\/p>\n\n\n\n<p><span style=\"font-weight: 400;\">Le organizzazioni e le aziende hanno molte ragioni per fare affidamento sulle ricerche di mercato. In primo luogo, stimola la crescita. Aiuta anche le aziende a trovare idee su come introdurre nuovi fattori scatenanti del mercato. La ricerca \u00e8 essenziale quando le aziende lanciano nuovi prodotti o progettano nuovi servizi. Ecco perch\u00e9 dovresti investire nelle ricerche di mercato strategiche.<\/span><\/p>\n\n\n\n<h2 class=\"wp-block-heading\"><span style=\"font-weight: 400;\">1. Aiuta a ridurre al minimo i rischi di investimento<\/span><\/h2>\n\n\n\n<p><span style=\"font-weight: 400;\">Research helps businesses narrow their <a href=\"https:\/\/www.sisinternational.com\/it\/cose-un-focus-group\/\" title=\"Cos&#039;\u00e8 un Focus Group?\"  data-wpil-monitor-id=\"1480\">focus to a specific potential market group<\/a>, reducing costs for product testing, market testing, and overall marketing plans.<\/span><\/p>\n\n\n\n<h2 class=\"wp-block-heading\"><span style=\"font-weight: 400;\">2. Ti aiuta a riconoscere potenziali opportunit\u00e0 e minacce<\/span><\/h2>\n\n\n\n<p><span style=\"font-weight: 400;\">Puoi utilizzare sia la ricerca secondaria (ricerca documentale) che la ricerca primaria (lavoro sul campo). Puoi pensare a questi metodi come ad un&#039;assicurazione. Ti proteggono dai pericoli che potrebbero presentarsi per ostacolare la crescita potenziale. Perch\u00e9 l\u2019uso di una ricerca qualitativa efficiente \u00e8 una buona idea? Le aziende possono utilizzarlo per evidenziare e identificare minacce o opportunit\u00e0 specifiche. In altre circostanze, potresti aver ignorato queste opportunit\u00e0 e minacce.<\/span><\/p>\n\n\n\n<h2 class=\"wp-block-heading\"><span style=\"font-weight: 400;\">3. Le ricerche di mercato aiutano la tua azienda a scoprire i punti deboli e i punti di forza dei concorrenti<\/span><\/h2>\n\n\n\n<p><span style=\"font-weight: 400;\">Market Research is helpful in the FinTech market. Firms that rely on new technology advancements can benefit from thorough market research. Make sure a <a href=\"https:\/\/www.sisinternational.com\/it\/competenza\/industrie\/ricerche-di-mercato-sulla-reputazione\/\" title=\"Ricerche di mercato sulla reputazione\"  data-wpil-monitor-id=\"4095\">reputable company does your market research<\/a>.&nbsp; <\/span><\/p>\n\n\n\n<p><span style=\"font-weight: 400;\">Research and Competitive Intelligence can help you anticipate market movements. Corporate Intelligence that leverages Game Theory and Scenario Planning can help you understand competitors&#8217; motivations.<\/span><\/p>\n\n\n\n<p><span style=\"font-weight: 400;\">Adopting an &#8220;eyes wide open&#8221; approach to any research project is best. Research done by professional analysts will help you discover potential competitor gaps. You can fill these gaps and exploit them as possible growth engines for your firm.<\/span><\/p>\n\n\n\n<h2 class=\"wp-block-heading\"><span style=\"font-weight: 400;\">4. Aiuta le aziende a individuare le tendenze emergenti<\/span><\/h2>\n\n\n\n<p><span style=\"font-weight: 400;\">Proper market research can help firms discover new business trends. These trends can help to keep the firms ahead of their competitors. When businesses notice them, launching relevant new products and services is easier.<\/span><\/p>\n\n\n\n<h2 class=\"wp-block-heading\"><strong>Tecnologie e strumenti nelle ricerche di mercato del trading algoritmico<\/strong><\/h2>\n\n\n\n<p><span style=\"font-weight: 400;\">In algorithmic trading market research, businesses leverage various advanced technologies and tools to analyze market data, develop trading strategies, and optimize algorithmic trading systems.<\/span><\/p>\n\n\n\n<p><b>\u2022 Piattaforme di analisi dei dati<\/b><span style=\"font-weight: 400;\">: Businesses use advanced data analytics platforms equipped with data visualization, statistical analysis, and machine learning algorithms to uncover insights from historical market data, identify trading patterns, and develop predictive models.<\/span><\/p>\n\n\n\n<p><b>\u2022 Feed di dati di mercato<\/b><span style=\"font-weight: 400;\">: I feed di dati di mercato sono essenziali per accedere ai dati di mercato in tempo reale ed eseguire operazioni sui mercati finanziari. Le aziende si affidano a feed di dati di mercato di alta qualit\u00e0 provenienti da borse, fornitori di dati e fornitori di dati di mercato per rimanere informate sui prezzi di mercato, sui volumi di scambio e sui livelli di liquidit\u00e0, consentendo loro di prendere decisioni di trading tempestive ed eseguire operazioni con precisione.<\/span><\/p>\n\n\n\n<p><b>\u2022 Servizi di cloud computing<\/b>: Cloud computing services provide businesses with scalable and cost-effective computing resources for conducting <a href=\"https:\/\/www.sisinternational.com\/it\/soluzioni\/ai-ricerche-di-mercato-e-consulenza-strategica\/visione-artificiale-e-ricerche-di-mercato\/\" title=\"Ricerche di mercato sull\u2019intelligenza artificiale per la visione artificiale\"  data-wpil-monitor-id=\"2768\">ricerca di mercato del trading algoritmico<\/a>. Businesses leverage cloud computing platforms to deploy algorithmic trading systems, run backtests, and analyze large datasets without needing extensive on-premises infrastructure.<\/span><\/p>\n\n\n\n<h2 class=\"wp-block-heading\"><strong>Opportunit\u00e0 nella ricerca di mercato del trading algoritmico&nbsp;<\/strong><\/h2>\n\n\n\n<figure class=\"gb-block-image gb-block-image-e665e531\"><img loading=\"lazy\" decoding=\"async\" width=\"1456\" height=\"816\" class=\"gb-image gb-image-e665e531\" src=\"https:\/\/www.sisinternational.com\/wp-content\/uploads\/2025\/09\/Forex-6.jpg\" alt=\"Ricerca e strategia di mercato internazionale SIS\" title=\"Forex (6)\" srcset=\"https:\/\/www.sisinternational.com\/wp-content\/uploads\/2025\/09\/Forex-6.jpg 1456w, https:\/\/www.sisinternational.com\/wp-content\/uploads\/2025\/09\/Forex-6-300x168.jpg 300w, https:\/\/www.sisinternational.com\/wp-content\/uploads\/2025\/09\/Forex-6-1024x574.jpg 1024w, https:\/\/www.sisinternational.com\/wp-content\/uploads\/2025\/09\/Forex-6-768x430.jpg 768w, https:\/\/www.sisinternational.com\/wp-content\/uploads\/2025\/09\/Forex-6-18x10.jpg 18w\" sizes=\"auto, (max-width: 1456px) 100vw, 1456px\"><\/figure>\n\n\n\n<p><\/p>\n\n\n\n<p><span style=\"font-weight: 400;\">La ricerca di mercato del trading algoritmico offre alle aziende numerose opportunit\u00e0 per ottenere un vantaggio competitivo, migliorare le prestazioni di trading e sfruttare le inefficienze del mercato. Ecco alcune opportunit\u00e0 chiave oggi:<\/span><\/p>\n\n\n\n<p><b>\u2022 Analisi della microstruttura del mercato<\/b><span style=\"font-weight: 400;\">: Algorithmic trading market research provides businesses with insights into market microstructure, or the internal mechanics of financial markets. By analyzing market microstructure data, order flow dynamics, and liquidity patterns, businesses can better understand market dynamics, identify trading opportunities, and optimize their trading strategies for improved execution quality.<\/span><\/p>\n\n\n\n<p><b>\u2022 Sviluppo di strategie quantitative<\/b><span style=\"font-weight: 400;\">: Le aziende possono sfruttare la ricerca di mercato del trading algoritmico per sviluppare strategie di trading quantitative che sfruttano anomalie statistiche e inefficienze del mercato.<\/span><\/p>\n\n\n\n<p><b>\u2022 Diversificazione e ottimizzazione del portafoglio<\/b><span style=\"font-weight: 400;\">: La ricerca di mercato del trading algoritmico consente alle aziende di diversificare le proprie strategie di trading e ottimizzare i propri portafogli di investimento per ottenere rendimenti migliori adeguati al rischio.<\/span><\/p>\n\n\n\n<h2 class=\"wp-block-heading\"><strong>Sfide della ricerca di mercato del trading algoritmico&nbsp;<\/strong><\/h2>\n\n\n\n<p><span style=\"font-weight: 400;\">Le aziende devono affrontare diverse sfide per sfruttare queste opportunit\u00e0 in modo efficace e superare queste sfide \u00e8 essenziale affinch\u00e9 le aziende abbiano successo nelle ricerche di mercato del trading algoritmico e raggiungano i propri obiettivi commerciali.&nbsp;<\/span><\/p>\n\n\n\n<p><b>\u2022 Qualit\u00e0 e disponibilit\u00e0 dei dati<\/b><span style=\"font-weight: 400;\">: One of the primary challenges in algorithmic trading market research is the quality and availability of data. Businesses rely on vast historical and real-time market data to develop and backtest trading strategies. However, ensuring market data&#8217;s accuracy, completeness, and timeliness can be challenging, especially when dealing with multiple data sources and formats.<\/span><\/p>\n\n\n\n<p><b>\u2022 Infrastruttura tecnologica<\/b><span style=\"font-weight: 400;\">: Le aziende hanno bisogno di accedere a risorse informatiche ad alte prestazioni, soluzioni di archiviazione dati e infrastrutture di rete per elaborare grandi volumi di dati di mercato, eseguire test retrospettivi e implementare sistemi di trading automatizzati. Gestire e ridimensionare questa infrastruttura tecnologica pu\u00f2 rappresentare una sfida, soprattutto per le aziende pi\u00f9 piccole con risorse limitate.<\/span><\/p>\n\n\n\n<p><b>\u2022 Dinamiche di mercato e volatilit\u00e0<\/b><span style=\"font-weight: 400;\">: Financial markets are inherently complex and dynamic, characterized by rapid changes in market conditions, volatility, and liquidity. Businesses conducting algorithmic trading market research need to develop robust trading strategies that can adapt to changing market dynamics and effectively navigate volatile market conditions.<\/span><\/p>\n\n\n\n<h2 class=\"wp-block-heading\"><strong>Informazioni sulla ricerca di mercato del trading algoritmico<\/strong><\/h2>\n\n\n\n<p><span style=\"font-weight: 400;\">Businesses use quantitative research to give a numerical value to problems. This type of research generates valuable statistical data. Enterprises use it to quantify behaviors, opinions, attitudes, and other variables. These variables relate to your business&#8217;s potential market. <\/span><\/p>\n\n\n\n<p><span style=\"font-weight: 400;\">In alternativa, le aziende utilizzano la ricerca qualitativa per comprendere opinioni, ragioni e motivazioni sottostanti. Fornisce approfondimenti sui problemi affrontati dalla tua azienda o organizzazione. In questo modo offre nuove idee e possibili soluzioni.<\/span><\/p>\n\n\n\n<p><span style=\"font-weight: 400;\">Market Research can greatly benefit Algorithmic trading firms as they navigate the complicated financial markets. It will help you to make better short- and long-term decisions for your company.&nbsp;<\/span><\/p>\n\n\n\n<h2 class=\"wp-block-heading\">La nostra sede a New York<\/h2>\n\n\n\n<p>  <iframe loading=\"lazy\" src=\"https:\/\/www.google.com\/maps\/embed?pb=!1m18!1m12!1m3!1d3022.976188376966!2d-73.99130312499956!3d40.740549471389315!2m3!1f0!2f0!3f0!3m2!1i1024!2i768!4f13.1!3m3!1m2!1s0x89c259a15798c731%3A0xd695d09bdd495f25!2s11%20E%2022nd%20St%20FL%202%2C%20New%20York%2C%20NY%2010010%2C%20USA!5e0!3m2!1sen!2spe!4v1726171763526!5m2!1sen!2spe\" width=\"600\" height=\"450\" allowfullscreen=\"allowfullscreen\" data-mce-fragment=\"1\"><\/iframe>  <\/p>\n\n\n\n<h3 class=\"wp-block-heading\">11 E 22nd Street, piano 2, New York, NY 10010 T: +1(212) 505-6805<\/h3>\n\n\n\n<hr class=\"wp-block-separator has-alpha-channel-opacity\"\/>\n\n\n\n<h2 class=\"wp-block-heading\"><span style=\"font-weight: 400;\">A proposito di SIS Internazionale<\/span><\/h2>\n\n\n\n<p><a href=\"https:\/\/www.sisinternational.com\/it\/\"><span style=\"font-weight: 400;\">SIS Internazionale<\/span><\/a><span style=\"font-weight: 400;\"> offre ricerca quantitativa, qualitativa e strategica. Forniamo dati, strumenti, strategie, report e approfondimenti per il processo decisionale. Conduciamo anche interviste, sondaggi, focus group e altri metodi e approcci di ricerca di mercato.<\/span><a href=\"https:\/\/www.sisinternational.com\/it\/sulla-sua-ricerca-internazionale\/contact-sis-international-market-research\/\"><span style=\"font-weight: 400;\"> Contattaci<\/span><\/a><span style=\"font-weight: 400;\"> per il tuo prossimo progetto di ricerca di mercato.<\/span><\/p>\n\n\n\n<p><\/p>\n\n\n\n<p><\/p>","protected":false},"excerpt":{"rendered":"<p>Scopri come le ricerche di mercato del trading algoritmico possono scoprire opportunit\u00e0 per creare valore.<\/p>","protected":false},"author":1,"featured_media":62824,"parent":27462,"menu_order":21,"comment_status":"closed","ping_status":"closed","template":"","meta":{"_uag_custom_page_level_css":"","footnotes":""},"class_list":["post-31852","page","type-page","status-publish","has-post-thumbnail"],"uagb_featured_image_src":{"full":["https:\/\/www.sisinternational.com\/wp-content\/uploads\/2025\/08\/Finance-14.jpg",1456,816,false],"thumbnail":["https:\/\/www.sisinternational.com\/wp-content\/uploads\/2025\/08\/Finance-14-150x150.jpg",150,150,true],"medium":["https:\/\/www.sisinternational.com\/wp-content\/uploads\/2025\/08\/Finance-14-300x168.jpg",300,168,true],"medium_large":["https:\/\/www.sisinternational.com\/wp-content\/uploads\/2025\/08\/Finance-14-768x430.jpg",768,430,true],"large":["https:\/\/www.sisinternational.com\/wp-content\/uploads\/2025\/08\/Finance-14-1024x574.jpg",1024,574,true],"1536x1536":["https:\/\/www.sisinternational.com\/wp-content\/uploads\/2025\/08\/Finance-14.jpg",1456,816,false],"2048x2048":["https:\/\/www.sisinternational.com\/wp-content\/uploads\/2025\/08\/Finance-14.jpg",1456,816,false],"trp-custom-language-flag":["https:\/\/www.sisinternational.com\/wp-content\/uploads\/2025\/08\/Finance-14-18x10.jpg",18,10,true]},"uagb_author_info":{"display_name":"Ruth Stanat","author_link":"https:\/\/www.sisinternational.com\/it\/author\/expert\/"},"uagb_comment_info":0,"uagb_excerpt":"Discover how Algorithmic Trading Market Research can uncover opportunities to create value.","_links":{"self":[{"href":"https:\/\/www.sisinternational.com\/it\/wp-json\/wp\/v2\/pages\/31852","targetHints":{"allow":["GET"]}}],"collection":[{"href":"https:\/\/www.sisinternational.com\/it\/wp-json\/wp\/v2\/pages"}],"about":[{"href":"https:\/\/www.sisinternational.com\/it\/wp-json\/wp\/v2\/types\/page"}],"author":[{"embeddable":true,"href":"https:\/\/www.sisinternational.com\/it\/wp-json\/wp\/v2\/users\/1"}],"replies":[{"embeddable":true,"href":"https:\/\/www.sisinternational.com\/it\/wp-json\/wp\/v2\/comments?post=31852"}],"version-history":[{"count":14,"href":"https:\/\/www.sisinternational.com\/it\/wp-json\/wp\/v2\/pages\/31852\/revisions"}],"predecessor-version":[{"id":80556,"href":"https:\/\/www.sisinternational.com\/it\/wp-json\/wp\/v2\/pages\/31852\/revisions\/80556"}],"up":[{"embeddable":true,"href":"https:\/\/www.sisinternational.com\/it\/wp-json\/wp\/v2\/pages\/27462"}],"wp:featuredmedia":[{"embeddable":true,"href":"https:\/\/www.sisinternational.com\/it\/wp-json\/wp\/v2\/media\/62824"}],"wp:attachment":[{"href":"https:\/\/www.sisinternational.com\/it\/wp-json\/wp\/v2\/media?parent=31852"}],"curies":[{"name":"wp","href":"https:\/\/api.w.org\/{rel}","templated":true}]}}