{"id":31835,"date":"2019-06-09T22:18:46","date_gmt":"2019-06-09T22:18:46","guid":{"rendered":"https:\/\/www.sisinternational.com\/?page_id=31835"},"modified":"2026-01-24T18:12:13","modified_gmt":"2026-01-24T23:12:13","slug":"ricerche-di-mercato-sulla-sicurezza-intelligente","status":"publish","type":"page","link":"https:\/\/www.sisinternational.com\/it\/competenza\/ricerche-di-mercato-sulla-sicurezza-intelligente\/","title":{"rendered":"Ricerche di mercato sulla sicurezza intelligente"},"content":{"rendered":"<h1 class=\"wp-block-heading\"><span style=\"font-weight: 400;\">Ricerche di mercato sulla sicurezza intelligente<\/span><\/h1>\n\n\n\n<figure class=\"gb-block-image gb-block-image-a0f5460d\"><img loading=\"lazy\" decoding=\"async\" width=\"1456\" height=\"816\" class=\"gb-image gb-image-a0f5460d\" src=\"https:\/\/www.sisinternational.com\/wp-content\/uploads\/2025\/08\/Cibersecurity-security-5.jpg\" alt=\"Ricerca e strategia di mercato internazionale SIS\" title=\"Cibersecurity security (5)\" srcset=\"https:\/\/www.sisinternational.com\/wp-content\/uploads\/2025\/08\/Cibersecurity-security-5.jpg 1456w, https:\/\/www.sisinternational.com\/wp-content\/uploads\/2025\/08\/Cibersecurity-security-5-300x168.jpg 300w, https:\/\/www.sisinternational.com\/wp-content\/uploads\/2025\/08\/Cibersecurity-security-5-1024x574.jpg 1024w, https:\/\/www.sisinternational.com\/wp-content\/uploads\/2025\/08\/Cibersecurity-security-5-768x430.jpg 768w, https:\/\/www.sisinternational.com\/wp-content\/uploads\/2025\/08\/Cibersecurity-security-5-18x10.jpg 18w\" sizes=\"auto, (max-width: 1456px) 100vw, 1456px\"><\/figure>\n\n\n\n<p><\/p>\n\n\n\n<h2 class=\"wp-block-heading\"><span style=\"font-weight: 400;\">Le ricerche di mercato sulla sicurezza intelligente sono in forte espansione<\/span><\/h2>\n\n\n\n<p><span style=\"font-weight: 400;\">Smart Security Solutions are new products and services that include Home Security Systems, Door sensors, wireless CCTV footage and Security Services that can be controlled from mobile devices.&nbsp; Leveraging the Internet of Things (IoT), this industry is growing rapidly.<\/span><\/p>\n\n\n\n<p><span style=\"font-weight: 400;\">Market research as a service is there to help any company. It helps organizations, service providers, and individuals make better-informed decisions. It should be more embedded in every firm&#8217;s strategic plan. Like their counterparts in other sectors, <a href=\"https:\/\/www.sisinternational.com\/it\/assistenza-sanitaria-per-la-sicurezza-informatica\/\" title=\"Ricerche di mercato sulla sicurezza informatica nel settore sanitario\"  data-wpil-monitor-id=\"1923\">Market Research can benefit smart security<\/a> companies. It equips these companies to deal with the environment in which they operate. It does so in the following ways: <\/span><\/p>\n\n\n\n<h2 class=\"wp-block-heading\"><span style=\"font-weight: 400;\">Identificare le opportunit\u00e0<\/span><\/h2>\n\n\n\n<p><span style=\"font-weight: 400;\">Condurre ricerche di mercato ti aiuta a fornire informazioni chiare sui tuoi clienti target. Ti dice i loro interessi e ti mostra i tuoi canali di marketing. Queste informazioni ti consentono di individuare un&#039;opportunit\u00e0 per la tua azienda di sicurezza intelligente. Con questa mente, puoi trovare nuovi posti in cui promuovere il tuo servizio. Puoi anche proporre aggiornamenti degli ordini redditizi. Un altro vantaggio \u00e8 che le ricerche di mercato ti consentono di collaborare con altre aziende.<\/span><\/p>\n\n\n\n<h2 class=\"wp-block-heading\"><span style=\"font-weight: 400;\">Rischi di investimento inferiori<\/span><\/h2>\n\n\n\n<p><span style=\"font-weight: 400;\">Un flusso costante di clienti e vendite \u00e8 ci\u00f2 che garantisce che la tua attivit\u00e0 sopravviva a lungo. Ci\u00f2 che garantisce questo \u00e8 la ricerca di mercato. \u00c8 una ricerca di mercato che stabilisce se soddisfi ancora le esigenze dei tuoi attuali clienti. <\/span><\/p>\n\n\n\n<p><span style=\"font-weight: 400;\">Ti spiegher\u00e0 anche come attirare e mantenere potenziali clienti. \u00c8 possibile applicare questo principio testando nuovi prodotti e progetti prima del lancio. Le ricerche di mercato individuano anche i motivi per cui i clienti non ritornano. Ti aiuta a ottenere approfondimenti sulle aree problematiche.<\/span><\/p>\n\n\n\n<h2 class=\"wp-block-heading\"><span style=\"font-weight: 400;\">Sviluppare materiali promozionali pertinenti<\/span><\/h2>\n\n\n\n<p><span style=\"font-weight: 400;\">Ti sei mai chiesto quali immagini o testo inserire nei tuoi account di social media, sito web o volantini? Se s\u00ec, la ricerca di mercato ti mostrer\u00e0 esattamente cosa fare. Avrai gi\u00e0 stabilito le frustrazioni, i bisogni e i desideri dei tuoi clienti. Pertanto, sai esattamente cosa affrontare quando inizi a elaborare i tuoi materiali di marketing. Sarebbe utile se anche tu avessi un&#039;idea su come affrontare questi problemi.<\/span><\/p>\n\n\n\n<h2 class=\"wp-block-heading\"><span style=\"font-weight: 400;\">Sapere dove fare pubblicit\u00e0 <\/span><\/h2>\n\n\n\n<p><span style=\"font-weight: 400;\">Many smart security companies face budgetary constraints. You thus need to optimize your marketing budget to get the best returns possible. Market research helps find the best channels to reach your intended audience. It will tell you whether to use ads or to place posters and flyers in strategic locations. Ads on social media platforms might be the best way to reach potential customers. Market <a href=\"https:\/\/www.sisinternational.com\/it\/salute-intelligente\/\" title=\"Ricerche di mercato sulla salute intelligente\"  data-wpil-monitor-id=\"1961\">ricerca<\/a> will confirm whether this is the best route for a smart security company.<\/span><\/p>\n\n\n\n<h2 class=\"wp-block-heading\"><span style=\"font-weight: 400;\">Superare i concorrenti<\/span><\/h2>\n\n\n\n<p><span style=\"font-weight: 400;\">Pi\u00f9 conosci i tuoi clienti, meglio li servi. Vuoi eclissare i tuoi concorrenti? <\/span><\/p>\n\n\n\n<p><span style=\"font-weight: 400;\">Puoi farlo soddisfacendo in modo soddisfacente e tempestivo le esigenze dei tuoi clienti. <\/span><\/p>\n\n\n\n<p><span style=\"font-weight: 400;\">Le ricerche di mercato ti aiutano a saperne di pi\u00f9 sulla natura del mercato. In questo modo puoi rivolgerti a clienti insoddisfatti e segmenti di mercato sottoserviti. <\/span><\/p>\n\n\n\n<p><span style=\"font-weight: 400;\">Puoi identificare i loro bisogni non soddisfatti e colmare le lacune. In questo modo, li vinci e batti i tuoi concorrenti, a mani basse.<\/span><\/p>\n\n\n\n<h2 class=\"wp-block-heading\"><span style=\"font-weight: 400;\">Migliora la pianificazione strategica<\/span><\/h2>\n\n\n\n<p><span style=\"font-weight: 400;\">Strategic market planning helps you set goals for your <a href=\"https:\/\/www.sisinternational.com\/it\/competenza\/industrie\/ricerche-di-mercato-sulla-sicurezza\/\" title=\"Ricerche di mercato sulla sicurezza\"  data-wpil-monitor-id=\"6532\">smart<\/a> security firm. <\/span>Attraverso la ricerca, puoi scoprire se gli obiettivi sono raggiungibili.&nbsp;<span style=\"font-weight: 400;\">La ricerca ti aiuta anche a trovare modi per raggiungere questi obiettivi. Le ricerche di mercato ti forniscono informazioni essenziali e pertinenti.&nbsp;<\/span><span style=\"font-weight: 400;\">Ha un effetto positivo sia sui tuoi obiettivi a breve che a lungo termine.<\/span><\/p>\n\n\n\n<h2 class=\"wp-block-heading\"><span style=\"font-weight: 400;\">Facilita il processo decisionale informato<\/span><\/h2>\n\n\n\n<p><span style=\"font-weight: 400;\">Vedrai l&#039;importanza delle ricerche di mercato quando devi prendere decisioni critiche. L&#039;uso del rapporto di ricerca di mercato come punto di riferimento ha dimostrato di promuovere scelte migliori. Funziona meglio dei criteri decisionali arbitrari. Inoltre rende l&#039;intero processo molto semplice.<\/span><\/p>\n\n\n\n<h2 class=\"wp-block-heading\"><span style=\"font-weight: 400;\">Informazioni sulle ricerche di mercato sulla sicurezza intelligente<\/span><\/h2>\n\n\n\n<p><span style=\"font-weight: 400;\">Marketing security, particularly smart security, is not an easy thing. Luckily, market research promises to make it gain general acceptance. As a smart security company, you need to consider a market research service, and you will enjoy more profitability and a larger share of the market.&nbsp; We conduct Qualitative, Quantitative and Strategy Research.&nbsp; Our solutions include:<\/span><\/p>\n\n\n\n<ul class=\"wp-block-list\">\n<li>Gruppi di discussione<\/li>\n\n\n\n<li>Interviste ai clienti<\/li>\n\n\n\n<li>Sondaggi<\/li>\n\n\n\n<li>Analisi competitiva<\/li>\n\n\n\n<li>Ricerca e consulenza strategica<\/li>\n<\/ul>\n\n\n\n<p><\/p>","protected":false},"excerpt":{"rendered":"<p>Smart Security Solutions offre sistemi di sicurezza domestica, riprese CCTV e servizi accessibili tramite dispositivi mobili.<\/p>","protected":false},"author":1,"featured_media":64039,"parent":14514,"menu_order":51,"comment_status":"closed","ping_status":"closed","template":"","meta":{"footnotes":""},"class_list":["post-31835","page","type-page","status-publish","has-post-thumbnail"],"_links":{"self":[{"href":"https:\/\/www.sisinternational.com\/it\/wp-json\/wp\/v2\/pages\/31835","targetHints":{"allow":["GET"]}}],"collection":[{"href":"https:\/\/www.sisinternational.com\/it\/wp-json\/wp\/v2\/pages"}],"about":[{"href":"https:\/\/www.sisinternational.com\/it\/wp-json\/wp\/v2\/types\/page"}],"author":[{"embeddable":true,"href":"https:\/\/www.sisinternational.com\/it\/wp-json\/wp\/v2\/users\/1"}],"replies":[{"embeddable":true,"href":"https:\/\/www.sisinternational.com\/it\/wp-json\/wp\/v2\/comments?post=31835"}],"version-history":[{"count":5,"href":"https:\/\/www.sisinternational.com\/it\/wp-json\/wp\/v2\/pages\/31835\/revisions"}],"predecessor-version":[{"id":80115,"href":"https:\/\/www.sisinternational.com\/it\/wp-json\/wp\/v2\/pages\/31835\/revisions\/80115"}],"up":[{"embeddable":true,"href":"https:\/\/www.sisinternational.com\/it\/wp-json\/wp\/v2\/pages\/14514"}],"wp:featuredmedia":[{"embeddable":true,"href":"https:\/\/www.sisinternational.com\/it\/wp-json\/wp\/v2\/media\/64039"}],"wp:attachment":[{"href":"https:\/\/www.sisinternational.com\/it\/wp-json\/wp\/v2\/media?parent=31835"}],"curies":[{"name":"wp","href":"https:\/\/api.w.org\/{rel}","templated":true}]}}