{"id":31667,"date":"2019-05-18T22:19:40","date_gmt":"2019-05-18T22:19:40","guid":{"rendered":"https:\/\/www.sisinternational.com\/?page_id=31667"},"modified":"2026-01-25T17:07:47","modified_gmt":"2026-01-25T22:07:47","slug":"e-una-ricerca-di-mercato-per-i-decisori","status":"publish","type":"page","link":"https:\/\/www.sisinternational.com\/it\/soluzioni\/ricerca-di-consulenza-strategica-fintech\/e-una-ricerca-di-mercato-per-i-decisori\/","title":{"rendered":"Ricerca di mercato sui decisori IT"},"content":{"rendered":"<h1 class=\"wp-block-heading\">Ricerca di mercato sui decisori IT<\/h1>\n\n\n\n<figure class=\"gb-block-image gb-block-image-08397f79\"><img loading=\"lazy\" decoding=\"async\" width=\"1456\" height=\"816\" class=\"gb-image gb-image-08397f79\" src=\"https:\/\/www.sisinternational.com\/wp-content\/uploads\/2025\/08\/Tech-15.jpg\" alt=\"Ricerca e strategia di mercato internazionale SIS\" title=\"Tech (15)\" srcset=\"https:\/\/www.sisinternational.com\/wp-content\/uploads\/2025\/08\/Tech-15.jpg 1456w, https:\/\/www.sisinternational.com\/wp-content\/uploads\/2025\/08\/Tech-15-300x168.jpg 300w, https:\/\/www.sisinternational.com\/wp-content\/uploads\/2025\/08\/Tech-15-1024x574.jpg 1024w, https:\/\/www.sisinternational.com\/wp-content\/uploads\/2025\/08\/Tech-15-768x430.jpg 768w, https:\/\/www.sisinternational.com\/wp-content\/uploads\/2025\/08\/Tech-15-18x10.jpg 18w\" sizes=\"auto, (max-width: 1456px) 100vw, 1456px\"><\/figure>\n\n\n\n<hr class=\"wp-block-separator has-alpha-channel-opacity is-style-dots\"\/>\n\n\n\n<p><span style=\"font-weight: 400;\">IT decision maker market research is a systematic approach to understanding the behaviors, preferences, and challenges faced by individuals responsible for an organization&#8217;s technological direction and investments.&nbsp;<\/span><\/p>\n\n\n\n<h2 class=\"wp-block-heading\">Che cos&#039;\u00e8 la ricerca sui decisori IT?<\/h2>\n\n\n\n<p><span style=\"font-weight: 400;\">La ricerca di mercato sui decisori IT approfondisce la psiche di CIO, CTO, manager IT e altro personale chiave che determinano i budget IT, selezionano i fornitori e impostano la strategia IT che si allineer\u00e0 agli scopi e agli obiettivi aziendali. <\/span><span style=\"font-weight: 400;\">In IT decision maker research, we conduct research with professionals at companies who influence purchasing and decision making in the company.&nbsp; This insight is very valuable and can provide the catalyst to make key decisions.&nbsp; <\/span><span style=\"font-weight: 400;\">Le aziende IT devono parlare con i decisori tecnologici per:<\/span><\/p>\n\n\n\n<ul class=\"wp-block-list\">\n<li><span style=\"font-weight: 400;\">per comprendere le preferenze e i punti critici del decisore aziendale. <\/span><\/li>\n\n\n\n<li><span style=\"font-weight: 400;\">per comprendere i processi di acquisto, i percorsi dei clienti e i modelli<\/span><\/li>\n\n\n\n<li><span style=\"font-weight: 400;\">per testare nuovi prodotti, campagne pubblicitarie, siti Web e concetti<\/span><\/li>\n\n\n\n<li><span style=\"font-weight: 400;\">per comprendere le mutevoli tendenze del mercato<\/span><\/li>\n\n\n\n<li>per scoprire nuove opportunit\u00e0 e movimenti competitivi<\/li>\n<\/ul>\n\n\n\n<h2 class=\"wp-block-heading\"><strong>Perch\u00e9 le aziende hanno bisogno di una ricerca di mercato sui decisori IT<\/strong><\/h2>\n\n\n\n<p><span style=\"font-weight: 400;\">La ricerca di mercato sui decisori IT consente alle aziende di anticipare le esigenze, prevedere i cambiamenti nella domanda e comprendere il processo decisionale che i leader IT seguono quando valutano le soluzioni.<\/span><\/p>\n\n\n\n<p><span style=\"font-weight: 400;\">This research equips technology vendors and service providers with the knowledge to craft compelling value propositions that resonate with IT leaders, ensuring that their solutions align with the market&#8217;s pain points and aspirations. Moreover, by understanding the decision-making hierarchy within organizations, vendors can tailor their engagement strategies to the right stakeholders, enhancing the effectiveness of sales and marketing efforts.<\/span><\/p>\n\n\n\n<p><span style=\"font-weight: 400;\">Inoltre, la ricerca di mercato dei decisori IT fornisce informazioni sulle roadmap di sviluppo del prodotto. Tenendo il passo con le esigenze attuali dei leader IT e prevedendo ci\u00f2 di cui avranno bisogno domani, le aziende possono allocare le risorse di ricerca e sviluppo in modo pi\u00f9 efficace, garantendo che i loro prodotti rimangano pertinenti e competitivi. Tuttavia, ha molti altri vantaggi, tra cui:&nbsp;<\/span><\/p>\n\n\n\n<ul class=\"wp-block-list\">\n<li><b> Allineamento del prodotto migliorato:<\/b><span style=\"font-weight: 400;\"> By understanding the priorities and challenges of IT decision makers, businesses can tailor their products and services to better meet the market&#8217;s needs.&nbsp;<\/span><\/li>\n\n\n\n<li><b> Differenziazione competitiva:<\/b><span style=\"font-weight: 400;\"> In un panorama in cui la differenziazione \u00e8 fondamentale, le informazioni provenienti dalle ricerche di mercato consentono alle aziende di identificare punti di vendita e proposte di valore unici che le distinguono dalla concorrenza agli occhi dei decisori IT.<\/span><\/li>\n\n\n\n<li><b> Mitigazione del rischio:<\/b><span style=\"font-weight: 400;\"> A deep understanding of market trends and IT decision-making processes helps anticipate industry shifts, allowing companies to pivot and adapt their strategies proactively and thus reducing business risk.<\/span><\/li>\n\n\n\n<li><b> Decisioni di investimento informate:<\/b><span style=\"font-weight: 400;\"> Le ricerche di mercato dei decisori IT guidano le aziende su dove investire le proprie risorse, garantendo che le spese di sviluppo prodotto e marketing siano indirizzate verso aree con il maggiore potenziale di rendimento.<\/span><\/li>\n\n\n\n<li><b> Maggiore penetrazione nel mercato:<\/b><span style=\"font-weight: 400;\"> By clearly understanding the IT decision-making landscape, companies can identify new opportunities and untapped markets, paving the way for expansion and growth.<\/span><\/li>\n<\/ul>\n\n\n\n<h2 class=\"wp-block-heading\"><strong>Chi utilizza le ricerche di mercato dei decisori IT<\/strong><\/h2>\n\n\n\n<figure class=\"gb-block-image gb-block-image-f8ace60f\"><img loading=\"lazy\" decoding=\"async\" width=\"1456\" height=\"816\" class=\"gb-image gb-image-f8ace60f\" src=\"https:\/\/www.sisinternational.com\/wp-content\/uploads\/2025\/08\/Creativity-3.jpg\" srcset=\"https:\/\/www.sisinternational.com\/wp-content\/uploads\/2025\/08\/Creativity-3.jpg 1456w, https:\/\/www.sisinternational.com\/wp-content\/uploads\/2025\/08\/Creativity-3-300x168.jpg 300w, https:\/\/www.sisinternational.com\/wp-content\/uploads\/2025\/08\/Creativity-3-1024x574.jpg 1024w, https:\/\/www.sisinternational.com\/wp-content\/uploads\/2025\/08\/Creativity-3-768x430.jpg 768w, https:\/\/www.sisinternational.com\/wp-content\/uploads\/2025\/08\/Creativity-3-18x10.jpg 18w\" sizes=\"auto, (max-width: 1456px) 100vw, 1456px\" alt=\"Ricerca e strategia di mercato internazionale SIS\"><\/figure>\n\n\n\n<p><\/p>\n\n\n\n<p><b>Venditori di tecnologia e fornitori di servizi<\/b><span style=\"font-weight: 400;\"> utilize this research to understand IT leaders&#8217; needs, pain points, and decision-making criteria. They use these insights to refine product features, develop targeted marketing campaigns, and create sales strategies that speak directly to the concerns and aspirations of IT decision makers.<\/span><\/p>\n\n\n\n<p><span style=\"font-weight: 400;\">Inoltre, io<\/span><b>investitori e analisti finanziari<\/b><span style=\"font-weight: 400;\"> utilizzare questa ricerca per valutare la fattibilit\u00e0 e il successo futuro delle aziende tecnologiche. Comprendendo le tendenze e le preferenze all&#039;interno della comunit\u00e0 decisionale IT, \u00e8 possibile fare previsioni pi\u00f9 informate su quali aziende avranno maggiori probabilit\u00e0 di successo e quali potrebbero vacillare.<\/span><\/p>\n\n\n\n<p><span style=\"font-weight: 400;\">Da ultimo, <\/span><b>Decision maker IT<\/b><span style=\"font-weight: 400;\"> trarre vantaggio da questa ricerca. Partecipando e avendo accesso ai risultati delle ricerche di mercato, possono confrontare i propri processi e decisioni rispetto alle tendenze pi\u00f9 ampie del settore, garantendo che i loro approcci rimangano attuali e competitivi.<\/span><\/p>\n\n\n\n<h2 class=\"wp-block-heading\"><strong>Cosa aspettarsi dalla ricerca di mercato dei decisori IT<\/strong><\/h2>\n\n\n\n<p><span style=\"font-weight: 400;\">Le organizzazioni che intraprendono una ricerca di mercato sui decisori IT possono aspettarsi di ottenere linee guida per la pianificazione strategica e l&#039;esecuzione, che riflettono la natura complessa del processo decisionale IT nel mondo aziendale.<\/span><\/p>\n\n\n\n<p><b> \u2022 Comprehensive <\/b><a href=\"https:\/\/www.sisinternational.com\/it\/copertura\/ricerche-di-mercato-asiatiche\/ricerche-di-mercato-filippine\/\" title=\"Ricerche di mercato filippine\"  data-wpil-monitor-id=\"4007\">Market Understanding: The research<\/a> provides a thorough overview of the current IT landscape from the perspective of those making the purchasing decisions. It reveals how IT leaders perceive different technologies and solutions, and which factors they consider most critical when making decisions.<\/span><\/p>\n\n\n\n<p><b> \u2022 Identificazione dei fattori decisionali chiave:<\/b><span style=\"font-weight: 400;\"> It is crucial to understand what motivates IT decision-makers. Market research identifies these key drivers, which may include cost, scalability, integration capabilities, vendor reputation, and the potential for competitive advantage.<\/span><\/p>\n\n\n\n<p><b> \u2022 Analisi competitiva: <\/b><span style=\"font-weight: 400;\">The research offers insights into how competitors are perceived by IT decision makers. This includes not just product comparisons but also reputations, service quality, and thought leadership within the industry.<\/span><\/p>\n\n\n\n<p><b> \u2022 Tendenze emergenti: <\/b><span style=\"font-weight: 400;\">La ricerca di mercato dei decisori IT fa luce sulle tendenze emergenti e sulle tecnologie che stanno guadagnando terreno. Queste informazioni lungimiranti sono preziose per rimanere al passo con i tempi ed essere preparati ai cambiamenti della domanda.<\/span><\/p>\n\n\n\n<p><b>\u2022 Ostacoli all&#039;adozione: <\/b><span style=\"font-weight: 400;\">&nbsp;La ricerca spesso svela le sfide e gli ostacoli che i decisori IT devono affrontare nell&#039;adozione di nuove tecnologie. Queste informazioni aiutano le aziende ad affrontare le preoccupazioni in modo proattivo e a migliorare la propria offerta.<\/span><\/p>\n\n\n\n<h2 class=\"wp-block-heading\"><strong>Considerazioni critiche nel processo decisionale di marketing IT<\/strong><\/h2>\n\n\n\n<figure class=\"gb-block-image gb-block-image-5c488f22\"><img loading=\"lazy\" decoding=\"async\" width=\"1456\" height=\"816\" class=\"gb-image gb-image-5c488f22\" src=\"https:\/\/www.sisinternational.com\/wp-content\/uploads\/2025\/08\/Creativity-19.jpg\" alt=\"Ricerca e strategia di mercato internazionale SIS\" title=\"Creativity (19)\" srcset=\"https:\/\/www.sisinternational.com\/wp-content\/uploads\/2025\/08\/Creativity-19.jpg 1456w, https:\/\/www.sisinternational.com\/wp-content\/uploads\/2025\/08\/Creativity-19-300x168.jpg 300w, https:\/\/www.sisinternational.com\/wp-content\/uploads\/2025\/08\/Creativity-19-1024x574.jpg 1024w, https:\/\/www.sisinternational.com\/wp-content\/uploads\/2025\/08\/Creativity-19-768x430.jpg 768w, https:\/\/www.sisinternational.com\/wp-content\/uploads\/2025\/08\/Creativity-19-18x10.jpg 18w\" sizes=\"auto, (max-width: 1456px) 100vw, 1456px\"><\/figure>\n\n\n\n<p><\/p>\n\n\n\n<p><span style=\"font-weight: 400;\">IT decision-makers must base any marketing plan on the core fundamentals. It&#8217;s important to have access, skilled recruited, respect for the respondent&#8217;s time and an efficient methodology.&nbsp; Key topics in ITDM research can include questions about:<\/span><\/p>\n\n\n\n<ul class=\"wp-block-list\">\n<li><b>Prodotto: <\/b><span style=\"font-weight: 400;\">Le aziende devono decidere quali prodotti intendono offrire in futuro.<\/span><\/li>\n\n\n\n<li><b>Prezzo:<\/b><span style=\"font-weight: 400;\"> Product pricing plays a vital role in a customer\u2019s buying decision.&nbsp;<\/span><\/li>\n\n\n\n<li><b>Posto:<\/b><span style=\"font-weight: 400;\">&nbsp;Nel senso del marketing, il \u201cluogo\u201d si riferisce alla distribuzione del prodotto.<\/span><\/li>\n\n\n\n<li><b>Promozioni:<\/b><span style=\"font-weight: 400;\">&nbsp;I dirigenti dell&#039;azienda devono considerare come comunicare con gli altri riguardo al prodotto.<\/span><\/li>\n<\/ul>\n\n\n\n<h2 class=\"wp-block-heading\"><strong>Tendenze attuali nelle ricerche di mercato dei decisori IT<\/strong><\/h2>\n\n\n\n<p><span style=\"font-weight: 400;\">Il panorama delle ricerche di mercato dei decisori IT \u00e8 in continua evoluzione, riflettendo la natura dinamica della tecnologia e del business \u2013 ed ecco alcune delle tendenze attuali in questo settore:&nbsp;<\/span><\/p>\n\n\n\n<p><b> \u2022 Influenza dell&#039;intelligenza artificiale e dell&#039;apprendimento automatico: <\/b><span style=\"font-weight: 400;\">AI and machine learning (ML) are being used to analyze market research data more efficiently and accurately.<\/span><\/p>\n\n\n\n<p><b> \u2022 The Rise of <\/b><a href=\"https:\/\/www.sisinternational.com\/it\/competenza\/industrie\/sviluppa-ricerche-di-mercato\/\" title=\"Ricerche di mercato DevOps\"  data-wpil-monitor-id=\"6106\">DevOps and Agile Methodologies: Research<\/a> indicates a shift in how IT decision makers are approaching project management and software development, with a growing lean towards Agile and DevOps cultures.<\/span><\/p>\n\n\n\n<p><b> \u2022 <\/b><a href=\"https:\/\/www.sisinternational.com\/it\/competenza\/industrie\/ricerche-di-mercato-nel-cloud-computing\/\" title=\"Ricerche di mercato del cloud computing\"  data-wpil-monitor-id=\"3679\">Cloud Computing Adoption: Market research<\/a> continues to monitor the accelerating shift towards cloud services, assessing IT decision makers&#8217; preferences between public, private, and hybrid cloud solutions.<\/span><\/p>\n\n\n\n<p><b> \u2022 Sostenibilit\u00e0 e responsabilit\u00e0 aziendale:<\/b><span style=\"font-weight: 400;\"> IT decision makers are increasingly factoring in vendors&#8217; environmental impact and sustainability practices into their purchasing decisions.<\/span><\/p>\n\n\n\n<p><b> \u2022 Integrazione dell&#039;Internet delle cose (IoT): <\/b><span style=\"font-weight: 400;\">As IoT devices proliferate, research delves into how IT leaders plan to integrate these technologies into their existing infrastructures.<\/span><\/p>\n\n\n\n<h2 class=\"wp-block-heading\"><strong>Opportunit\u00e0 nella ricerca di mercato dei decisori IT&nbsp;<\/strong><\/h2>\n\n\n\n<p><span style=\"font-weight: 400;\">The insights derived from IT decision maker market research can unlock many opportunities for businesses operating within the technology sector. Here are some key areas where companies can leverage this research to their advantage:<\/span><\/p>\n\n\n\n<p><b> \u2022 Posizionamento strategico:<\/b><span style=\"font-weight: 400;\"> Le ricerche di mercato consentono alle aziende di identificare mercati o settori di nicchia che potrebbero essere sottoserviti. Posizionandosi strategicamente in queste aree, le aziende possono conquistare nuovi segmenti di mercato e differenziarsi dalla concorrenza.<\/span><\/p>\n\n\n\n<p><b> \u2022 Leadership di pensiero:<\/b><span style=\"font-weight: 400;\"> Rimanendo informate sulle tendenze attuali ed emergenti, le aziende possono affermarsi come leader di pensiero nel settore. La pubblicazione di contenuti approfonditi basati su ricerche di mercato pu\u00f2 attirare l&#039;attenzione dei decisori IT e rafforzare la credibilit\u00e0 del marchio.<\/span><\/p>\n\n\n\n<p><b> \u2022 Partenariato e collaborazione:<\/b><span style=\"font-weight: 400;\"> Comprendere l\u2019ecosistema in cui operano i decisori IT pu\u00f2 aiutare le aziende a identificare potenziali partner e collaboratori che possono migliorare la propria offerta di prodotti ed estendere la propria portata sul mercato.<\/span><\/p>\n\n\n\n<p><b> \u2022 Strategie di prezzo:<\/b><span style=\"font-weight: 400;\"> Market research can reveal how much value IT decision makers place on different features and services, enabling businesses to structure their pricing to meet market expectations and maximize revenue.<\/span><\/p>\n\n\n\n<h2 class=\"wp-block-heading\"><strong>Benefits of IT Decision Maker Market Research<\/strong><\/h2>\n\n\n\n<ul class=\"wp-block-list\">\n<li>Ti aiuta a ripetere e sviluppare prodotti migliori<\/li>\n\n\n\n<li><span style=\"font-weight: 400;\">Riduce il rischio<\/span><\/li>\n\n\n\n<li>Identifica meglio il Segmento Target pi\u00f9 appropriato<\/li>\n\n\n\n<li>Aumenta il ROI, la produttivit\u00e0 e il ROE<\/li>\n\n\n\n<li>Scopri i processi di acquisto dei clienti per migliorare l&#039;efficacia delle vendite<\/li>\n\n\n\n<li>Comprendere i prezzi, la sensibilit\u00e0 al prezzo e la disponibilit\u00e0 a pagare<\/li>\n\n\n\n<li>Scopri nuove opportunit\u00e0 di mercato<\/li>\n\n\n\n<li>Raggiungere efficienze operative<\/li>\n\n\n\n<li>Massimizza le entrate<\/li>\n\n\n\n<li>Prevedere meglio la domanda del mercato<\/li>\n\n\n\n<li>Crea influenza e buzz attorno al lancio di nuovi prodotti<\/li>\n<\/ul>\n\n\n\n<h2 class=\"wp-block-heading\">Ricerche di mercato IT DM negli Stati Uniti e in Canada<\/h2>\n\n\n\n<p>We conduct IT Decision Market Research Research across the US.&nbsp; We have a Focus Group Facility in Manhattan NYC, where we often conduct high-level workshops and Focus Groups with senior technology decision makers.&nbsp; We also have conducted significant ITDM <a class=\"wpil_keyword_link\" href=\"https:\/\/www.sisinternational.com\/it\/copertura\/le-americhe\/copertura-degli-stati-uniti\/ricerche-di-mercato-san-francisco\/\"   title=\"Ricerche di mercato a San Francisco\" data-wpil-keyword-link=\"linked\"  data-wpil-monitor-id=\"451\">Ricerche di mercato a San Francisco<\/a>, Seattle, Boston, Los Angeles, Chicago, and Washington DC.<\/p>\n\n\n\n<h2 class=\"wp-block-heading\"><strong>IT Decision Maker Market Research in Australia &amp; New Zealand<\/strong><\/h2>\n\n\n\n<p>We have conducted extensive research in Australia through Tele-depth Interviews (TDIs &amp; IDIs). We can also connect you with technology managers through web meetings. Often, we are tasked with finding highly targeted Decision-Makers based on purchasing behavior, firm size, and industry sector. We can analyze intent to purchase, price sensitivity, customer journey, and firm decision-making processes.<\/p>\n\n\n\n<h2 class=\"wp-block-heading\"><strong>IT Decision Maker Market Research in the UK and Europe<\/strong><\/h2>\n\n\n\n<p>We conduct extensive research in Europe. From interviewing CIOs to rising FinTech leaders, we engage with organizations from various sectors and company sizes. Key centers for in-person ITDM Research include Frankfurt, Munich, London, Paris, Zurich, and beyond.<\/p>\n\n\n\n<h2 class=\"wp-block-heading\">Informazioni sulla ricerca di mercato sui decisori IT<\/h2>\n\n\n\n<p><span style=\"font-weight: 400;\">SIS International uses a specific research method for decision makers in the IT field. &nbsp;This method calls for very targeted professionals to do qualitative interviews or quantitative surveys. We \u201crecruit\u201d senior IT Decision Makers for surveys and Focus Groups. We connect you with the following IT Professionals:<\/span><\/p>\n\n\n\n<ul class=\"wp-block-list\">\n<li><span style=\"font-weight: 400;\">Chief Information Officer (CIO)<\/span><\/li>\n\n\n\n<li><span style=\"font-weight: 400;\">Chief Technology Officer (CTO)<\/span><\/li>\n\n\n\n<li><span style=\"font-weight: 400;\">Chief Strategy Officer (CSO)<\/span><\/li>\n\n\n\n<li><span style=\"font-weight: 400;\">Chief Information Security Officer (CISO)<\/span><\/li>\n\n\n\n<li><span style=\"font-weight: 400;\">Sviluppatori front-end<\/span><\/li>\n\n\n\n<li><span style=\"font-weight: 400;\">Sviluppatori\/amministratori Web<\/span><\/li>\n\n\n\n<li>Architetti\/Ingegneri di sistema<\/li>\n\n\n\n<li>Responsabili DevOps<\/li>\n\n\n\n<li><span style=\"font-weight: 400;\">Webmaster<\/span><\/li>\n\n\n\n<li><span style=\"font-weight: 400;\">Ingegneri del cloud computing<\/span><\/li>\n\n\n\n<li>Responsabili degli acquisti IT<\/li>\n\n\n\n<li><span style=\"font-weight: 400;\">Specialisti di reti informatiche<\/span><\/li>\n\n\n\n<li><span style=\"font-weight: 400;\">Amministratori di database<\/span><\/li>\n\n\n\n<li><span style=\"font-weight: 400;\">Specialisti della sicurezza informatica<\/span><\/li>\n\n\n\n<li><span style=\"font-weight: 400;\">Sviluppatori di software\/applicazioni<\/span><\/li>\n<\/ul>\n\n\n\n<h2 class=\"wp-block-heading\"><strong>Ci\u00f2 che ci rende unici:<\/strong><\/h2>\n\n\n\n<p><a href=\"https:\/\/www.linkedin.com\/company\/sisinternationalresearch\/posts\/?feedView=all\" target=\"_blank\" rel=\"noopener\">SIS<\/a> is a key partner to many of the world&#8217;s largest technology companies.&nbsp; Below are a few of the reasons why Technology companies choose SIS:<\/p>\n\n\n\n<ul class=\"wp-block-list\">\n<li><span style=\"font-weight: 400;\">Scala globale<\/span><\/li>\n\n\n\n<li><span style=\"font-weight: 400;\">Accesso a dirigenti di alto livello in tutto il mondo<\/span><\/li>\n\n\n\n<li><span style=\"font-weight: 400;\">Efficacia dei costi<\/span><\/li>\n\n\n\n<li>Servizio clienti 24 ore su 24<\/li>\n\n\n\n<li><a href=\"https:\/\/www.sisinternational.com\/it\/soluzioni\/innovazione\/ricerca-di-mercato-agile\/\" title=\"Ricerche di mercato agili\" data-wpil-monitor-id=\"6109\">Ricerche di mercato agili<\/a> testing approaches<\/li>\n\n\n\n<li><span style=\"font-weight: 400;\">Personale qualificato con esperienza nel settore tecnologico<\/span><\/li>\n<\/ul>\n\n\n\n<h2 class=\"wp-block-heading\">La nostra sede a New York<\/h2>\n\n\n\n<p>\n\n\n\n<iframe loading=\"lazy\" src=\"https:\/\/www.google.com\/maps\/embed?pb=!1m18!1m12!1m3!1d3022.976188376966!2d-73.99130312499956!3d40.740549471389315!2m3!1f0!2f0!3f0!3m2!1i1024!2i768!4f13.1!3m3!1m2!1s0x89c259a15798c731%3A0xd695d09bdd495f25!2s11%20E%2022nd%20St%20FL%202%2C%20New%20York%2C%20NY%2010010%2C%20USA!5e0!3m2!1sen!2spe!4v1726171763526!5m2!1sen!2spe\" width=\"600\" height=\"450\" allowfullscreen=\"allowfullscreen\" data-mce-fragment=\"1\"><\/iframe>\n\n\n\n<\/p>\n\n\n\n<h3 class=\"wp-block-heading\">11 E 22nd Street, piano 2, New York, NY 10010 T: +1(212) 505-6805<\/h3>\n\n\n\n<hr class=\"wp-block-separator has-alpha-channel-opacity\"\/>\n\n\n\n<h2 class=\"wp-block-heading\"><span style=\"font-weight: 400;\">A proposito di SIS Internazionale<\/span><\/h2>\n\n\n\n<p><a href=\"https:\/\/www.sisinternational.com\/it\/\"><span style=\"font-weight: 400;\">SIS Internazionale<\/span><\/a><span style=\"font-weight: 400;\"> offre ricerca quantitativa, qualitativa e strategica. Forniamo dati, strumenti, strategie, report e approfondimenti per il processo decisionale. Conduciamo anche interviste, sondaggi, focus group e altri metodi e approcci di ricerca di mercato.<\/span><a href=\"https:\/\/www.sisinternational.com\/it\/sulla-sua-ricerca-internazionale\/contact-sis-international-market-research\/\"><span style=\"font-weight: 400;\"> Contattaci<\/span><\/a><span style=\"font-weight: 400;\"> per il tuo prossimo progetto di ricerca di mercato.<\/span><\/p>\n\n\n\n<p><\/p>","protected":false},"excerpt":{"rendered":"<p>Scopri come migliorare i tuoi prodotti e aumentare i profitti parlando con i decisori IT.<\/p>","protected":false},"author":1,"featured_media":62732,"parent":27462,"menu_order":20,"comment_status":"closed","ping_status":"closed","template":"","meta":{"footnotes":""},"class_list":["post-31667","page","type-page","status-publish","has-post-thumbnail"],"_links":{"self":[{"href":"https:\/\/www.sisinternational.com\/it\/wp-json\/wp\/v2\/pages\/31667","targetHints":{"allow":["GET"]}}],"collection":[{"href":"https:\/\/www.sisinternational.com\/it\/wp-json\/wp\/v2\/pages"}],"about":[{"href":"https:\/\/www.sisinternational.com\/it\/wp-json\/wp\/v2\/types\/page"}],"author":[{"embeddable":true,"href":"https:\/\/www.sisinternational.com\/it\/wp-json\/wp\/v2\/users\/1"}],"replies":[{"embeddable":true,"href":"https:\/\/www.sisinternational.com\/it\/wp-json\/wp\/v2\/comments?post=31667"}],"version-history":[{"count":10,"href":"https:\/\/www.sisinternational.com\/it\/wp-json\/wp\/v2\/pages\/31667\/revisions"}],"predecessor-version":[{"id":79731,"href":"https:\/\/www.sisinternational.com\/it\/wp-json\/wp\/v2\/pages\/31667\/revisions\/79731"}],"up":[{"embeddable":true,"href":"https:\/\/www.sisinternational.com\/it\/wp-json\/wp\/v2\/pages\/27462"}],"wp:featuredmedia":[{"embeddable":true,"href":"https:\/\/www.sisinternational.com\/it\/wp-json\/wp\/v2\/media\/62732"}],"wp:attachment":[{"href":"https:\/\/www.sisinternational.com\/it\/wp-json\/wp\/v2\/media?parent=31667"}],"curies":[{"name":"wp","href":"https:\/\/api.w.org\/{rel}","templated":true}]}}