{"id":31498,"date":"2019-04-20T21:44:07","date_gmt":"2019-04-20T21:44:07","guid":{"rendered":"https:\/\/www.sisinternational.com\/?page_id=31498"},"modified":"2026-01-25T17:07:48","modified_gmt":"2026-01-25T22:07:48","slug":"ricerca-di-mercato-agile","status":"publish","type":"page","link":"https:\/\/www.sisinternational.com\/it\/soluzioni\/innovazione\/ricerca-di-mercato-agile\/","title":{"rendered":"Ricerche di mercato agili"},"content":{"rendered":"<h1 class=\"wp-block-heading\">Ricerche di mercato agili<\/h1>\n\n\n\n<figure class=\"gb-block-image gb-block-image-5cc6e708\"><img loading=\"lazy\" decoding=\"async\" width=\"1456\" height=\"816\" class=\"gb-image gb-image-5cc6e708\" src=\"https:\/\/www.sisinternational.com\/wp-content\/uploads\/2025\/08\/Strategy-consulting-36.jpg\" alt=\"Ricerca e strategia di mercato internazionale SIS\" title=\"Strategy consulting (36)\" srcset=\"https:\/\/www.sisinternational.com\/wp-content\/uploads\/2025\/08\/Strategy-consulting-36.jpg 1456w, https:\/\/www.sisinternational.com\/wp-content\/uploads\/2025\/08\/Strategy-consulting-36-300x168.jpg 300w, https:\/\/www.sisinternational.com\/wp-content\/uploads\/2025\/08\/Strategy-consulting-36-1024x574.jpg 1024w, https:\/\/www.sisinternational.com\/wp-content\/uploads\/2025\/08\/Strategy-consulting-36-768x430.jpg 768w, https:\/\/www.sisinternational.com\/wp-content\/uploads\/2025\/08\/Strategy-consulting-36-18x10.jpg 18w\" sizes=\"auto, (max-width: 1456px) 100vw, 1456px\"><\/figure>\n\n\n\n<p><\/p>\n\n\n\n<h2 class=\"wp-block-heading\"><span style=\"font-weight: 400;\">Agile is an approach to carrying out projects with speed and flexibility. <\/span><\/h2>\n\n\n\n<p><span style=\"font-weight: 400;\">It adapts to changes in market and sector conditions. It turns these changes into a competitive advantage. How can it do that? By chopping the project into small parts to deliver them little by little in a defined time. All companies increasingly need to be flexible since they are in a constant state of uncertainty. A global economy, digital disruption,<\/span> and new technologies are constantly changing the business landscape.\u00a0 Companies must be able to react and adapt to an unexpected change <span style=\"font-weight: 400;\">quickly and efficiently. \u00a0<\/span><\/p>\n\n\n\n<h2 class=\"wp-block-heading\"><span style=\"font-weight: 400;\"><strong>Rendere agile il tuo business<\/strong><\/span><\/h2>\n\n\n\n<p><span style=\"font-weight: 400;\">Companies are now taking a comprehensive Agile approach. They are implementing their principles and techniques throughout their organizations. They are also employing business agility in groups outside of information technology (IT). Many companies are currently expanding Agile into three main areas. These areas are product development, human resources, and portfolio management. <\/span><\/p>\n\n\n\n<p><span style=\"font-weight: 400;\">Qualsiasi azienda far\u00e0 bene a trasformarsi nell\u2019approccio e nelle pratiche Agile. Per le Risorse umane, avr\u00e0 un impatto positivo sulle pratiche di assunzione, sui percorsi di carriera e sui ruoli. Migliora inoltre la gestione e la formazione delle prestazioni culturali. Tutte le aree potrebbero necessitare di un aggiornamento per allinearsi ai principi e ai valori di Agile.<\/span><\/p>\n\n\n\n<p><span style=\"font-weight: 400;\">Con la gestione snella del portafoglio, alcune pratiche potrebbero essere nuove per l\u2019azienda. Queste pratiche includono pianificazione, trasparenza e allineamento. Includono anche la collaborazione e la misurazione dei risultati in linea con l&#039;approccio. L\u2019azienda dovrebbe consentire al personale di prendere decisioni su come mettere in atto queste pratiche. Pertanto, l\u2019azienda dovrebbe diventare pi\u00f9 snella nei suoi processi. Dovrebbe eliminare cose come le lunghe catene di approvazione e altri colli di bottiglia.<\/span><\/p>\n\n\n\n<p><span style=\"font-weight: 400;\">Agile mostra alle aziende come la fornitura del massimo valore si tradurr\u00e0 nella massima soddisfazione. Allo stesso modo consentir\u00e0 un ciclo di feedback pi\u00f9 stretto. Tecniche come &quot;Google Design Sprint&quot; consentono alla gestione del prodotto di prototipare. Consente inoltre loro di valutare in anticipo idee diverse con i clienti.<\/span><\/p>\n\n\n\n<h2 class=\"wp-block-heading\">Come essere pi\u00f9 agili<\/h2>\n\n\n\n<p><span style=\"font-weight: 400;\">The Agile approach is flexible and easier to learn. A unique feature is that it uses multidisciplinary teams. It brings together <a href=\"https:\/\/www.sisinternational.com\/it\/competenza\/industrie\/ricerche-di-mercato-nel-settore-del-design-industriale\/\" title=\"Ricerche di mercato sul design industriale\"  data-wpil-monitor-id=\"10834\">marketing people and designers<\/a>. It also includes those involved in the development and the business side of the company. Together, they provide the most realistic vision possible for the end user.<\/span><\/p>\n\n\n\n<p><span style=\"font-weight: 400;\">The Agile <a href=\"https:\/\/www.sisinternational.com\/it\/soluzioni\/ricerche-di-mercato-sui-prodotti-di-bellezza\/\" title=\"Consulenza sull&#039;innovazione della bellezza e ricerche di mercato nel settore della bellezza\"  data-wpil-monitor-id=\"10852\">marketing concept is innovative<\/a>. It is of special interest to those who work with online applications, because companies need to respond faster to consumer interactions in the digital environment. <\/span><\/p>\n\n\n\n<p><span style=\"font-weight: 400;\">Agile <a href=\"https:\/\/www.sisinternational.com\/it\/copertura\/ricerche-di-mercato-asiatiche\/ricerche-di-mercato-filippine\/\" title=\"Ricerche di mercato filippine\"  data-wpil-monitor-id=\"4009\">marketers or researchers<\/a> have a significant amount of data at their fingertips. For example, social media analytics provide insight into clients who use these platforms. Agile market researchers can interact with customers using social content. Companies can use this valuable information for the <a href=\"https:\/\/www.sisinternational.com\/it\/competenza\/industrie\/ricerche-di-mercato-per-lottimizzazione-del-menu-del-ristorante\/\" title=\"Ricerche di mercato sull&#039;ottimizzazione dei menu di ristoranti e alimenti\"  data-wpil-monitor-id=\"10842\">optimization of their marketing<\/a> campaigns. They can also use it to engage with existing clients and reduce churn rates.<\/span><\/p>\n\n\n\n<h2 class=\"wp-block-heading\">Informazioni sulla ricerca di mercato agile<\/h2>\n\n\n\n<p><span style=\"font-weight: 400;\">The role of <a href=\"https:\/\/www.sisinternational.com\/it\/packagings-role-in-brand-trust-why-your-box-matters-more-than-you-think\/\" title=\"Packaging&#8217;s Role in Brand Trust: Why Your Box Matters More Than You Think\"  data-wpil-monitor-id=\"1492\">ricerca di mercato<\/a> is to generate information in time to create or align brand strategies. These strategies must be consumer-focused. Agility in this process, often seen as a differential, begins to be a need. Some research models must have a time for <a href=\"https:\/\/www.sisinternational.com\/it\/copertura\/europa\/ricerche-di-mercato-liverpool-regno-unito\/\" title=\"Ricerche di mercato a Liverpool | Focus group e raccolta dati nel Regno Unito\"  data-wpil-monitor-id=\"10857\">data<\/a> collection and analysis. This set time must be greater than what the market needs. Thus, incorporating new business models for the segment becomes essential. <\/span><\/p>\n\n\n\n<h2 class=\"wp-block-heading\"><span style=\"font-weight: 400;\"><strong>Ricerche di mercato sullo sprint agile<\/strong><\/span><\/h2>\n\n\n\n<p><span style=\"font-weight: 400;\">Scrum \u00e8 un metodo Agile specifico e un processo di sviluppo incrementale. Uno Sprint \u00e8 un tempo prestabilito durante il quale gli sviluppatori devono completare il lavoro e presentarlo per la revisione. La pianificazione dello sprint si riferisce a un processo collaborativo che coinvolge lo Scrum Master che facilita l&#039;incontro. Include anche il proprietario del prodotto. I manager possono chiarire i dettagli delle voci di backlog del prodotto e i loro criteri di accettazione. Allo stesso modo coinvolge un team Agile. Il team deve definire il lavoro e gli sforzi essenziali per soddisfare il proprio impegno nello Sprint.<\/span><\/p>\n\n\n\n<p>Agile Sprints are helpful in IT <a href=\"https:\/\/www.sisinternational.com\/it\/soluzioni\/soluzioni-di-branding-e-ricerca-clienti\/ricerche-di-mercato-per-test-di-prodotto\/\" title=\"Ricerche di mercato sui test dei prodotti\"  data-wpil-monitor-id=\"10838\">product and advertising testing<\/a>.&nbsp; Companies can test a <a href=\"https:\/\/www.sisinternational.com\/it\/soluzioni\/consulenza-strategica\/ricerca-di-mercato-minima-del-prodotto-praticabile\/\" title=\"Ricerca di mercato sui prodotti minimi validi\"  data-wpil-monitor-id=\"10829\">Minimum Viable Product<\/a> or prototype with a small number of interviews, make changes, and then test again in several phases.&nbsp; This allows a better, cheaper and faster product development process.<\/p>\n\n\n\n<h2 class=\"wp-block-heading\">Vantaggi della ricerca di mercato agile<\/h2>\n\n\n\n<p><span style=\"font-weight: 400;\">La ricerca di mercato agile \u00e8 necessaria perch\u00e9 consente alle aziende di:<\/span><\/p>\n\n\n\n<ul class=\"wp-block-list\">\n<li><span style=\"font-weight: 400;\"><a href=\"https:\/\/www.sisinternational.com\/it\/migliorare-la-penetrazione-nel-mercato-attraverso-un-piano-di-marketing-completo\/\" title=\"Migliorare la penetrazione del mercato attraverso un piano di marketing completo\"  data-wpil-monitor-id=\"10847\">Plan their marketing<\/a> efforts.<\/span><\/li>\n\n\n\n<li><span style=\"font-weight: 400;\">Dare priorit\u00e0 alle cose essenziali, cos\u00ec, per essere pi\u00f9 produttivi.<\/span><\/li>\n\n\n\n<li><span style=\"font-weight: 400;\">Avere una risposta migliore alle opportunit\u00e0 che si presentano.<\/span><\/li>\n\n\n\n<li><span style=\"font-weight: 400;\">Migliorare la soddisfazione dei dipendenti sul lavoro.<\/span><\/li>\n\n\n\n<li><span style=\"font-weight: 400;\">Guidare e inventare nuove idee.<\/span><\/li>\n\n\n\n<li><span style=\"font-weight: 400;\">Avere cicli di sviluppo del prodotto pi\u00f9 rapidi.<\/span><\/li>\n\n\n\n<li><span style=\"font-weight: 400;\">Migliorare la comunicazione e aumentare il flusso di idee e informazioni.<\/span><\/li>\n\n\n\n<li><span style=\"font-weight: 400;\">Integrare il team con il processo di vendita.<\/span><\/li>\n<\/ul>\n\n\n\n<p><span style=\"font-weight: 400;\">Agile approaches allow businesses to understand the consumer faster. <a href=\"https:\/\/www.sisinternational.com\/it\/soluzioni\/consulenza-strategica\/analisi-dei-dati\/\" title=\"Societ\u00e0 di analisi dei dati\"  data-wpil-monitor-id=\"10863\">Companies can map their demands through data<\/a> extraction solutions in less time. Second, brands can communicate with consumers, also in a much shorter time. For this to happen, companies need to reconfigure their market research efforts. An excellent example to follow comes from startups: agility, low cost, innovation, and quality.<\/span><\/p>\n\n\n\n<p><\/p>","protected":false},"excerpt":{"rendered":"<p>Scopri come rendere la tua azienda pi\u00f9 agile grazie alla ricerca e ai dati.<\/p>","protected":false},"author":1,"featured_media":62523,"parent":14459,"menu_order":4,"comment_status":"closed","ping_status":"closed","template":"","meta":{"footnotes":""},"class_list":["post-31498","page","type-page","status-publish","has-post-thumbnail"],"_links":{"self":[{"href":"https:\/\/www.sisinternational.com\/it\/wp-json\/wp\/v2\/pages\/31498","targetHints":{"allow":["GET"]}}],"collection":[{"href":"https:\/\/www.sisinternational.com\/it\/wp-json\/wp\/v2\/pages"}],"about":[{"href":"https:\/\/www.sisinternational.com\/it\/wp-json\/wp\/v2\/types\/page"}],"author":[{"embeddable":true,"href":"https:\/\/www.sisinternational.com\/it\/wp-json\/wp\/v2\/users\/1"}],"replies":[{"embeddable":true,"href":"https:\/\/www.sisinternational.com\/it\/wp-json\/wp\/v2\/comments?post=31498"}],"version-history":[{"count":5,"href":"https:\/\/www.sisinternational.com\/it\/wp-json\/wp\/v2\/pages\/31498\/revisions"}],"predecessor-version":[{"id":81777,"href":"https:\/\/www.sisinternational.com\/it\/wp-json\/wp\/v2\/pages\/31498\/revisions\/81777"}],"up":[{"embeddable":true,"href":"https:\/\/www.sisinternational.com\/it\/wp-json\/wp\/v2\/pages\/14459"}],"wp:featuredmedia":[{"embeddable":true,"href":"https:\/\/www.sisinternational.com\/it\/wp-json\/wp\/v2\/media\/62523"}],"wp:attachment":[{"href":"https:\/\/www.sisinternational.com\/it\/wp-json\/wp\/v2\/media?parent=31498"}],"curies":[{"name":"wp","href":"https:\/\/api.w.org\/{rel}","templated":true}]}}