{"id":31479,"date":"2019-04-18T03:07:51","date_gmt":"2019-04-18T03:07:51","guid":{"rendered":"https:\/\/www.sisinternational.com\/?page_id=31479"},"modified":"2025-09-13T23:24:52","modified_gmt":"2025-09-14T03:24:52","slug":"ricerche-di-mercato-sul-deep-learning","status":"publish","type":"page","link":"https:\/\/www.sisinternational.com\/it\/competenza\/ricerche-di-mercato-sul-deep-learning\/","title":{"rendered":"Ricerche di mercato sul deep learning"},"content":{"rendered":"<h1 class=\"wp-block-heading\"><span style=\"font-weight: 400;\">Ricerche di mercato sul deep learning<\/span><\/h1>\n\n\n\n<figure class=\"gb-block-image gb-block-image-700b69b5\"><img loading=\"lazy\" decoding=\"async\" width=\"1456\" height=\"816\" class=\"gb-image gb-image-700b69b5\" src=\"https:\/\/www.sisinternational.com\/wp-content\/uploads\/2025\/08\/Deep-learning-machine-learning-42.jpg\" alt=\"Ricerca e strategia di mercato internazionale SIS\" title=\"Deep learning machine learning (42)\" srcset=\"https:\/\/www.sisinternational.com\/wp-content\/uploads\/2025\/08\/Deep-learning-machine-learning-42.jpg 1456w, https:\/\/www.sisinternational.com\/wp-content\/uploads\/2025\/08\/Deep-learning-machine-learning-42-300x168.jpg 300w, https:\/\/www.sisinternational.com\/wp-content\/uploads\/2025\/08\/Deep-learning-machine-learning-42-1024x574.jpg 1024w, https:\/\/www.sisinternational.com\/wp-content\/uploads\/2025\/08\/Deep-learning-machine-learning-42-768x430.jpg 768w, https:\/\/www.sisinternational.com\/wp-content\/uploads\/2025\/08\/Deep-learning-machine-learning-42-18x10.jpg 18w\" sizes=\"auto, (max-width: 1456px) 100vw, 1456px\"><\/figure>\n\n\n\n<p><\/p>\n\n\n\n<h2 class=\"wp-block-heading\"><span style=\"font-weight: 400;\">For your business to grow, you must understand your customers. <\/span><\/h2>\n\n\n\n<p><span style=\"font-weight: 400;\">Devi soddisfare le loro aspettative e fornire loro il miglior supporto possibile. Ecco dove entra in gioco la necessit\u00e0 del Deep Learning e delle ricerche di mercato.<\/span><\/p>\n\n\n\n<h2 class=\"wp-block-heading\"><span style=\"font-weight: 400;\">Cos&#039;\u00e8 l&#039;apprendimento profondo?<\/span><\/h2>\n\n\n\n<p><span style=\"font-weight: 400;\">Esistono diversi modi per far s\u00ec che una macchina apprenda un processo. Il deep learning \u00e8 uno di questi metodi. Il concetto di Deep Learning \u00e8 noto anche come apprendimento gerarchico o apprendimento strutturato profondo. A differenza degli altri processi, il metodo Deep Learning si concentra sulla rappresentazione dei dati. Puoi supervisionare il processo di apprendimento, oppure pu\u00f2 essere non supervisionato o semi-supervisionato. Molti campi e industrie applicano gi\u00e0 alcune architetture di Deep Learning, come le reti neurali ricorrenti, le reti di credenze profonde e le reti neurali profonde. Usano le reti neurali per promuovere l&#039;apprendimento. Possono apprendere compiti complessi ed elaborare molti dati che non sarebbero possibili per un essere umano.<\/span><\/p>\n\n\n\n<h2 class=\"wp-block-heading\"><span style=\"font-weight: 400;\">Il mercato \u00e8 in crescita<\/span><\/h2>\n\n\n\n<p><span style=\"font-weight: 400;\">Popular neural networks have around eight layers and 60 million parameters. The Deep Learning neural networks go up to 200 or 400 million settings. The great thing is that the market is growing. Businesses need Deep Learning to study business data, see problems, and identify solutions. Many companies are already accessing their benefits. Deep Learning continues to be very popular in the business world.<\/span><\/p>\n\n\n\n<h2 class=\"wp-block-heading\"><span style=\"font-weight: 400;\">Vantaggi dell&#039;apprendimento profondo<\/span><\/h2>\n\n\n\n<p><span style=\"font-weight: 400;\">One of the main benefits of Deep Learning is that it transforms companies. Based on company data, it\u2019s a lot easier to figure out what\u2019s wrong, what customers expect, and what you need to change. The transformation process is comprehensive and meaningful. It can have a positive <a href=\"https:\/\/www.sisinternational.com\/it\/leffetto-della-cultura-del-mercato-nigeriano-sugli-affari\/\" title=\"Il mercato nigeriano: l&#039;effetto della cultura sul business\"  data-wpil-monitor-id=\"11293\">effect on your business<\/a>. By studying company data, <a href=\"https:\/\/www.sisinternational.com\/it\/soluzioni\/innovazione\/ricerche-di-mercato-sul-deep-learning\/\" title=\"Ricerche di mercato sul deep learning\"  data-wpil-monitor-id=\"4760\">Deep Learning also allows markets<\/a> to be more efficient. It helps a lot, and it delivers a resounding <a href=\"https:\/\/www.sisinternational.com\/it\/ritorno-sullinvestimento-in-ricerche-di-mercato\/\" title=\"Ritorno sull&#039;investimento nelle ricerche di mercato\"  data-wpil-monitor-id=\"11295\">return on investment<\/a> every time.<\/span><\/p>\n\n\n\n<p><span style=\"font-weight: 400;\">Molte aziende utilizzano il Deep Learning per comprendere i dati aziendali. Lo usano anche per prendere di mira basi di clienti specifiche. Molte aziende lo utilizzano anche per la visione artificiale, la messa a punto e l&#039;ottimizzazione.<\/span><\/p>\n\n\n\n<h2 class=\"wp-block-heading\"><span style=\"font-weight: 400;\">In che modo le aziende stanno applicando il deep learning?<\/span><\/h2>\n\n\n\n<p><span style=\"font-weight: 400;\">IL <a href=\"https:\/\/www.sisinternational.com\/it\/competenza\/industrie\/ricerche-di-mercato-del-petrolio-e-del-gas\/\" title=\"Ricerche di mercato nel settore del petrolio e del gas\"  data-wpil-monitor-id=\"11289\">oil and gas<\/a> industry uses Deep Learning to lower its extraction costs. This industry also uses it for locating, delivering, and processing the oil. The construction industry uses Deep Learning to create step-by-step project simulations. With deep learning, it&#8217;s easy for builders to see what can go wrong. Also, for cybersecurity, Deep Learning can improve the detection rate for malware. Social media, finance, transportation, healthcare, and many other industries use Deep Learning.<\/span><\/p>\n\n\n\n<p><span style=\"font-weight: 400;\">Deep learning will help you understand your business and uncover new opportunities. This method processes a vast amount of data. You can use this data to figure out what approach and system will work for you. You can generate new business opportunities. You may also see some challenges that can arise from your competition. Once you have all that info, you can start speaking to decision makers. They can analyze the data and recommend changes.<\/span><\/p>\n\n\n\n<p><span style=\"font-weight: 400;\">While information is everywhere, the main issue is finding the right insights. <a href=\"https:\/\/www.sisinternational.com\/it\/soluzioni\/consulenza-strategica\/analisi-dei-dati\/\" title=\"Societ\u00e0 di analisi dei dati\"  data-wpil-monitor-id=\"11287\">Companies also need to use data<\/a> correctly. With help from SIS International, you will find it a lot easier to access deep learning and reach data scientists. You also get <a href=\"https:\/\/www.sisinternational.com\/it\/soluzioni\/ricerche-di-mercato-sui-consumatori\/\" title=\"Consumer Market Research Services for Smarter Business Decisions\"  data-wpil-monitor-id=\"11282\">consumer research and many other services<\/a> in a very affordable package. Don\u2019t hesitate! Talk to <a href=\"https:\/\/www.sisinternational.com\/it\/san-valentino-come-la-tua-azienda-puo-sentire-lamore\/\" title=\"Valentine&#8217;s Day Market Research:  How Your Business Can Feel The Love\"  data-wpil-monitor-id=\"11280\">SIS<\/a> International today to harness the power of deep learning for your business.<\/span><\/p>\n\n\n\n<h2 class=\"wp-block-heading\">Informazioni sulle ricerche di mercato sul deep learning<\/h2>\n\n\n\n<p>SIS is a leading <a class=\"wpil_keyword_link\" href=\"https:\/\/www.sisinternational.com\/it\/copertura\/\"   title=\"Copertura delle ricerche di mercato\" data-wpil-keyword-link=\"linked\"  data-wpil-monitor-id=\"759\">Ricerca di mercato globale<\/a> and Strategy Consulting company. We provide data, <a href=\"https:\/\/www.sisinternational.com\/it\/focus-groups-that-deliver-real-voices-real-insight-real-advantage\/\" title=\"Focus Groups That Deliver Real Voices, Real Insight, Real Advantage\"  data-wpil-monitor-id=\"11291\">insights and strategies to gain advantage<\/a> in today&#8217;s fast-paced business landscape.&nbsp; With data and strategy, companies can better identify opportunities and advantages. Examples of our work include:<\/p>\n\n\n\n<ul class=\"wp-block-list\">\n<li><strong>Ricerca qualitativa<\/strong>: <a href=\"https:\/\/www.sisinternational.com\/it\/copertura\/europa\/ricerche-di-mercato-liverpool-regno-unito\/\" title=\"Ricerche di mercato a Liverpool | Focus group e raccolta dati nel Regno Unito\"  data-wpil-monitor-id=\"11285\">Focus Groups with Data<\/a> Scientists and Customers<\/li>\n\n\n\n<li><strong>Ricerca quantitativa<\/strong>: Indagini e raccolta dati per algoritmi ed elaborazione dati<\/li>\n\n\n\n<li><strong>Consulenza strategica<\/strong>: Market Sizing, Go-To-Market Strategy, Technology Acquisition, and Competitive Analysis<\/li>\n<\/ul>","protected":false},"excerpt":{"rendered":"<p>Scopri nuovi modi per trasformare il tuo business con le ricerche di mercato sul deep learning.<\/p>","protected":false},"author":1,"featured_media":64419,"parent":14514,"menu_order":44,"comment_status":"closed","ping_status":"closed","template":"","meta":{"footnotes":""},"class_list":["post-31479","page","type-page","status-publish","has-post-thumbnail"],"_links":{"self":[{"href":"https:\/\/www.sisinternational.com\/it\/wp-json\/wp\/v2\/pages\/31479","targetHints":{"allow":["GET"]}}],"collection":[{"href":"https:\/\/www.sisinternational.com\/it\/wp-json\/wp\/v2\/pages"}],"about":[{"href":"https:\/\/www.sisinternational.com\/it\/wp-json\/wp\/v2\/types\/page"}],"author":[{"embeddable":true,"href":"https:\/\/www.sisinternational.com\/it\/wp-json\/wp\/v2\/users\/1"}],"replies":[{"embeddable":true,"href":"https:\/\/www.sisinternational.com\/it\/wp-json\/wp\/v2\/comments?post=31479"}],"version-history":[{"count":6,"href":"https:\/\/www.sisinternational.com\/it\/wp-json\/wp\/v2\/pages\/31479\/revisions"}],"predecessor-version":[{"id":81842,"href":"https:\/\/www.sisinternational.com\/it\/wp-json\/wp\/v2\/pages\/31479\/revisions\/81842"}],"up":[{"embeddable":true,"href":"https:\/\/www.sisinternational.com\/it\/wp-json\/wp\/v2\/pages\/14514"}],"wp:featuredmedia":[{"embeddable":true,"href":"https:\/\/www.sisinternational.com\/it\/wp-json\/wp\/v2\/media\/64419"}],"wp:attachment":[{"href":"https:\/\/www.sisinternational.com\/it\/wp-json\/wp\/v2\/media?parent=31479"}],"curies":[{"name":"wp","href":"https:\/\/api.w.org\/{rel}","templated":true}]}}