{"id":31453,"date":"2019-04-14T22:33:04","date_gmt":"2019-04-14T22:33:04","guid":{"rendered":"https:\/\/www.sisinternational.com\/?page_id=31453"},"modified":"2025-09-13T23:19:07","modified_gmt":"2025-09-14T03:19:07","slug":"sviluppa-ricerche-di-mercato","status":"publish","type":"page","link":"https:\/\/www.sisinternational.com\/it\/competenza\/sviluppa-ricerche-di-mercato\/","title":{"rendered":"Ricerche di mercato DevOps"},"content":{"rendered":"<h1 class=\"wp-block-heading\"><span style=\"font-weight: 400;\">Ricerche di mercato DevOps<\/span><\/h1>\n\n\n\n<figure class=\"gb-block-image gb-block-image-45134c7a\"><img loading=\"lazy\" decoding=\"async\" width=\"1456\" height=\"816\" class=\"gb-image gb-image-45134c7a\" src=\"https:\/\/www.sisinternational.com\/wp-content\/uploads\/2025\/08\/Tech-19.jpg\" alt=\"Ricerca e strategia di mercato internazionale SIS\" title=\"Tech (19)\" srcset=\"https:\/\/www.sisinternational.com\/wp-content\/uploads\/2025\/08\/Tech-19.jpg 1456w, https:\/\/www.sisinternational.com\/wp-content\/uploads\/2025\/08\/Tech-19-300x168.jpg 300w, https:\/\/www.sisinternational.com\/wp-content\/uploads\/2025\/08\/Tech-19-1024x574.jpg 1024w, https:\/\/www.sisinternational.com\/wp-content\/uploads\/2025\/08\/Tech-19-768x430.jpg 768w, https:\/\/www.sisinternational.com\/wp-content\/uploads\/2025\/08\/Tech-19-18x10.jpg 18w\" sizes=\"auto, (max-width: 1456px) 100vw, 1456px\"><\/figure>\n\n\n\n<p><\/p>\n\n\n\n<p><span style=\"font-weight: 400;\">DevOps \u00e8 un insieme di processi di sviluppo software che combina lo sviluppo software e le operazioni informatiche per accelerare il ciclo di vita dello sviluppo dei sistemi. DevOps \u00e8 la fusione di due parole: Sviluppo e Operazioni. Entrambi i team hanno responsabilit\u00e0 diverse nel ciclo di gestione del rilascio dell&#039;applicazione. \u00c8 pi\u00f9 associato alla comunicazione, alla collaborazione e al feedback tra le varie parti interessate, inclusi sviluppatori, tester e l&#039;infrastruttura, la gestione della configurazione e i team di distribuzione.<\/span><\/p>\n\n\n\n<h2 class=\"wp-block-heading\">Vantaggi di DevOps<\/h2>\n\n\n\n<p><span style=\"font-weight: 400;\">DevOps has made it easy to cut out all the small hurdles that used to keep developers glued to their seats for days at a time. It has also removed the problems faced by the developer and operation team. Both parties had problems while communicating the project. It has bought reliability between the groups by increasing efficiency and consistency. The <a href=\"https:\/\/www.sisinternational.com\/it\/soluzioni\/ricerca-di-consulenza-strategica-fintech\/consulenza-per-lacquisizione-di-clienti-nei-servizi-finanziari\/\" title=\"Servizi finanziari Consulenza per l&#039;acquisizione di clienti\"  data-wpil-monitor-id=\"8022\">customers can now receive better service<\/a>, and the development and operation team can meet their goals in a much more efficient manner.<\/span><\/p>\n\n\n\n<h2 class=\"wp-block-heading\"><span style=\"font-weight: 400;\">Perch\u00e9 DevOps \u00e8 utile per la crescita aziendale?<\/span><\/h2>\n\n\n\n<p><span style=\"font-weight: 400;\">Due parole descrivono DevOps: flessibilit\u00e0 e mobilit\u00e0. I test e il feedback dei clienti sono un grosso problema quando si tratta di realizzare un buon prodotto. Il risultato desiderato \u00e8 che il tuo prodotto sopravviva allo splash iniziale. Pertanto, ha senso adattarsi se si desidera mantenere il prodotto pertinente e in grado di svolgere il proprio lavoro. L\u2019adattamento non \u00e8 esattamente la cosa pi\u00f9 semplice da realizzare. Le aziende a volte hanno cicli di iterazione lunghi. Devono anche ridimensionare team di grandi dimensioni.<\/span><\/p>\n\n\n\n<p><span style=\"font-weight: 400;\">Il compito principale di un ingegnere o specialista DevOps \u00e8 assicurarsi che il software funzioni. Deve funzionare sia dal punto di vista degli sviluppatori che da quello dell&#039;infrastruttura.<\/span><\/p>\n\n\n\n<p><span style=\"font-weight: 400;\">When you put a DevOps culture in place, it enables you to make effective, prompt changes.&nbsp; The result is better <a href=\"https:\/\/www.sisinternational.com\/it\/competenza\/curriculum-di-esperienza\/ricerche-di-mercato-sui-prodotti-per-la-cura-personale\/\" title=\"Ricerche di mercato sui prodotti per la cura personale\"  data-wpil-monitor-id=\"8019\">products that perform better in the market<\/a>.<\/span><\/p>\n\n\n\n<h2 class=\"wp-block-heading\"><span style=\"font-weight: 400;\">Quali sono i vantaggi principali di DevOps?<\/span><\/h2>\n\n\n\n<p><span style=\"font-weight: 400;\">Le aziende che adottano DevOps segnalano notevoli miglioramenti. Alcuni dei miglioramenti includono:<\/span><\/p>\n\n\n\n<ul class=\"wp-block-list\">\n<li><span style=\"font-weight: 400;\"><strong>Time-to-market pi\u00f9 rapido<\/strong>. DevOps accorcia il periodo che intercorre tra il concepimento di un&#039;idea e il tempo necessario per entrare in produzione e diventare disponibile per la vendita<\/span><\/li>\n\n\n\n<li><strong>Riduzioni dei costi<\/strong><\/li>\n\n\n\n<li><span style=\"font-weight: 400;\"><strong>Produttivit\u00e0 incrementata<\/strong> con consegna continua, sviluppatori e tester. Questo miglioramento consente di risparmiare tempo nella creazione e nella manutenzione degli ambienti di lavoro. Porta a implementazioni pi\u00f9 rapide<\/span><\/li>\n\n\n\n<li><strong>Feedback pi\u00f9 rapido da parte degli utenti<\/strong><\/li>\n\n\n\n<li><span style=\"font-weight: 400;\"><strong>Migliore qualit\u00e0 del prodotto<\/strong>. Molte aziende segnalano un netto calo dei bug aperti e di altre preoccupazioni<\/span><\/li>\n\n\n\n<li><span style=\"font-weight: 400;\"><strong>Rilasci affidabili<\/strong>. Quando le aziende rilasciano versioni regolari, significa anche meno bug introdotti e un impatto inferiore sugli utenti<\/span><\/li>\n\n\n\n<li><strong>Maggiore soddisfazione del cliente<\/strong><\/li>\n<\/ul>\n\n\n\n<h2 class=\"wp-block-heading\"><span style=\"font-weight: 400;\">Come funziona DevOps?<\/span><\/h2>\n\n\n\n<p><span style=\"font-weight: 400;\">Le aziende che utilizzano il modello DevOps non \u201csilotano\u201d i propri team di sviluppo e operativi. Invece, si fondono in un&#039;unica unit\u00e0. Gli ingegneri completano quindi l&#039;intero ciclo di vita dell&#039;applicazione. Iniziano dallo sviluppo e dai test e passano alla distribuzione fino alle operazioni. In tal modo, sviluppano diverse abilit\u00e0 non limitate a una singola funzione.<\/span><\/p>\n\n\n\n<p><span style=\"font-weight: 400;\">I team di controllo qualit\u00e0 e sicurezza possono anche fondersi con lo sviluppo e le operazioni. Queste fusioni avvengono durante tutto il ciclo di vita dell&#039;applicazione. Quando la sicurezza \u00e8 al centro di un team DevOps, i ricercatori a volte la chiamano DevSecOps.<\/span><\/p>\n\n\n\n<p><span style=\"font-weight: 400;\">Questi team hanno trovato il modo di automatizzare processi che prima erano manuali e lenti. Questo processo li aiuta a innovare e creare nuove applicazioni. Questi strumenti consentono inoltre agli ingegneri di svolgere attivit\u00e0 che in precedenza avrebbero richiesto l&#039;aiuto di altri team. Ad esempio, la distribuzione del codice o il provisioning dell&#039;infrastruttura diventano pi\u00f9 semplici.<\/span><\/p>\n\n\n\n<h2 class=\"wp-block-heading\"><span style=\"font-weight: 400;\">Perch\u00e9 le ricerche di mercato sono importanti per DevOps?<\/span><\/h2>\n\n\n\n<p><span style=\"font-weight: 400;\">Market Research is a comprehensive, organized process that involves the gathering of relevant and informative data for a product, service, or market. <a href=\"https:\/\/www.sisinternational.com\/it\/soluzioni\/consulenza-strategica\/analisi-dei-dati\/\" title=\"Societ\u00e0 di analisi dei dati\"  data-wpil-monitor-id=\"8024\">Companies use this data<\/a> to examine and analyze the prevailing market scenario. They also make projections for use in business <a href=\"https:\/\/www.sisinternational.com\/it\/soluzioni\/e-la-crescita-globale\/consulenza-sulla-pianificazione-strategica\/\" title=\"Consulenza sulla pianificazione strategica\"  data-wpil-monitor-id=\"8020\">planning and strategic<\/a> moves.<\/span><\/p>\n\n\n\n<p><span style=\"font-weight: 400;\">Here are some <a href=\"https:\/\/www.sisinternational.com\/it\/competenza\/industrie\/ricerca-di-mercato-pbm-del-responsabile-dei-benefici-farmaceutici\/\" title=\"Ricerche di mercato sul Pharmacy Benefit Manager (PBM).\"  data-wpil-monitor-id=\"8018\">benefits of Market Research<\/a>:<\/span><\/p>\n\n\n\n<ul class=\"wp-block-list\">\n<li><span style=\"font-weight: 400;\">Aiuta nella pianificazione futura dell&#039;azienda, ad esempio:<\/span>\n<ul class=\"wp-block-list\">\n<li><span style=\"font-weight: 400;\">L\u2019azienda dovrebbe ampliare la propria linea di prodotti?<\/span><\/li>\n\n\n\n<li><span style=\"font-weight: 400;\">La nuova merce porter\u00e0 profitto?<\/span><\/li>\n<\/ul>\n<\/li>\n\n\n\n<li><span style=\"font-weight: 400;\">Semplifica il processo decisionale<\/span><\/li>\n\n\n\n<li><span style=\"font-weight: 400;\">Fornisce dati accurati (sfatando cos\u00ec miti aziendali e giudizi personali).<\/span><\/li>\n\n\n\n<li><span style=\"font-weight: 400;\">Riduce il rischio.<\/span><\/li>\n\n\n\n<li><span style=\"font-weight: 400;\">Aiuta a riconoscere il vantaggio competitivo dell&#039;azienda.<\/span><\/li>\n<\/ul>\n\n\n\n<h2 class=\"wp-block-heading\"><span style=\"font-weight: 400;\">Ricerche di mercato quantitative<\/span><\/h2>\n\n\n\n<p><span style=\"font-weight: 400;\">This process generates numerical data, which <a href=\"https:\/\/www.sisinternational.com\/it\/soluzioni\/consulenza-strategica\/ricerca-di-valutazione-del-mercato\/\" title=\"Ricerca sulla valutazione del mercato\"  data-wpil-monitor-id=\"8021\">assesses the market&#8217;s<\/a> events and needs. <a href=\"https:\/\/www.sisinternational.com\/it\/la-migliore-azienda-di-analisi-del-settore-a-new-york\/\" title=\"La migliore azienda di analisi del settore a New York\"  data-wpil-monitor-id=\"8023\">Companies use it for statistical analysis<\/a> using different mathematical and computational methods. It quantifies attitudes, opinions, and behavior of a section of the user base. The researcher then extrapolates the data for the complete sample. We provide questionnaire development and surveys among DevOps professionals.<\/span><\/p>\n\n\n\n<h2 class=\"wp-block-heading\"><span style=\"font-weight: 400;\">Ricerche di mercato qualitative<\/span><\/h2>\n\n\n\n<p><span style=\"font-weight: 400;\">This type of research explores a variety of options and collects opinions. <a href=\"https:\/\/www.sisinternational.com\/it\/copertura\/europa\/ricerche-di-mercato-liverpool-regno-unito\/\" title=\"Ricerche di mercato a Liverpool | Focus group e raccolta dati nel Regno Unito\"  data-wpil-monitor-id=\"8017\">Researchers collect qualitative data through group<\/a> discussions, interviews, and so on. The company uses insights gleaned to examine different business decisions. We often conduct research interviews with DevOps professionals.&nbsp; We connect you with DevOps professionals and engineers.<\/span><\/p>\n\n\n\n<p><\/p>","protected":false},"excerpt":{"rendered":"<p>Forniamo ricerche di mercato DevOps per metterti in contatto con professionisti della tecnologia di alto livello.<\/p>","protected":false},"author":1,"featured_media":62736,"parent":14514,"menu_order":43,"comment_status":"closed","ping_status":"closed","template":"","meta":{"footnotes":""},"class_list":["post-31453","page","type-page","status-publish","has-post-thumbnail"],"_links":{"self":[{"href":"https:\/\/www.sisinternational.com\/it\/wp-json\/wp\/v2\/pages\/31453","targetHints":{"allow":["GET"]}}],"collection":[{"href":"https:\/\/www.sisinternational.com\/it\/wp-json\/wp\/v2\/pages"}],"about":[{"href":"https:\/\/www.sisinternational.com\/it\/wp-json\/wp\/v2\/types\/page"}],"author":[{"embeddable":true,"href":"https:\/\/www.sisinternational.com\/it\/wp-json\/wp\/v2\/users\/1"}],"replies":[{"embeddable":true,"href":"https:\/\/www.sisinternational.com\/it\/wp-json\/wp\/v2\/comments?post=31453"}],"version-history":[{"count":3,"href":"https:\/\/www.sisinternational.com\/it\/wp-json\/wp\/v2\/pages\/31453\/revisions"}],"predecessor-version":[{"id":81351,"href":"https:\/\/www.sisinternational.com\/it\/wp-json\/wp\/v2\/pages\/31453\/revisions\/81351"}],"up":[{"embeddable":true,"href":"https:\/\/www.sisinternational.com\/it\/wp-json\/wp\/v2\/pages\/14514"}],"wp:featuredmedia":[{"embeddable":true,"href":"https:\/\/www.sisinternational.com\/it\/wp-json\/wp\/v2\/media\/62736"}],"wp:attachment":[{"href":"https:\/\/www.sisinternational.com\/it\/wp-json\/wp\/v2\/media?parent=31453"}],"curies":[{"name":"wp","href":"https:\/\/api.w.org\/{rel}","templated":true}]}}