{"id":31437,"date":"2019-04-14T21:33:30","date_gmt":"2019-04-14T21:33:30","guid":{"rendered":"https:\/\/www.sisinternational.com\/?page_id=31437"},"modified":"2026-01-24T19:00:08","modified_gmt":"2026-01-25T00:00:08","slug":"ricerca-di-mercato-minima-del-prodotto-praticabile","status":"publish","type":"page","link":"https:\/\/www.sisinternational.com\/it\/soluzioni\/consulenza-strategica\/ricerca-di-mercato-minima-del-prodotto-praticabile\/","title":{"rendered":"Ricerca di mercato sui prodotti minimi validi"},"content":{"rendered":"<h1 class=\"wp-block-heading\"><span style=\"font-weight: 400;\">Ricerca di mercato sui prodotti minimi validi<\/span><\/h1>\n\n\n\n<figure class=\"gb-block-image gb-block-image-58638728\"><img loading=\"lazy\" decoding=\"async\" width=\"1456\" height=\"816\" class=\"gb-image gb-image-58638728\" src=\"https:\/\/www.sisinternational.com\/wp-content\/uploads\/2025\/08\/Qualitative-research-1.jpg\" alt=\"Ricerca e strategia di mercato internazionale SIS\" title=\"Qualitative research (1)\" srcset=\"https:\/\/www.sisinternational.com\/wp-content\/uploads\/2025\/08\/Qualitative-research-1.jpg 1456w, https:\/\/www.sisinternational.com\/wp-content\/uploads\/2025\/08\/Qualitative-research-1-300x168.jpg 300w, https:\/\/www.sisinternational.com\/wp-content\/uploads\/2025\/08\/Qualitative-research-1-1024x574.jpg 1024w, https:\/\/www.sisinternational.com\/wp-content\/uploads\/2025\/08\/Qualitative-research-1-768x430.jpg 768w, https:\/\/www.sisinternational.com\/wp-content\/uploads\/2025\/08\/Qualitative-research-1-18x10.jpg 18w\" sizes=\"auto, (max-width: 1456px) 100vw, 1456px\"><\/figure>\n\n\n\n<p><\/p>\n\n\n\n<p><span style=\"font-weight: 400;\">Il prodotto minimo vitale (MVP) \u00e8 l\u2019obiettivo principale per le start-up aziendali. Si occupa dell&#039;Analisi Qualitativa di Mercato dei prodotti utilizzati dai possibili clienti. Nel vero senso della parola, MVP mira a impedire alle aziende di costruire prodotti di cui i clienti non avranno bisogno. \u00c8 come il modello di business \u201cLean\u201d, che mira a eliminare gli sprechi nei prodotti e nei processi. \u201cLean\u201d lo fa soddisfacendo i desideri dei clienti.<\/span><\/p>\n\n\n\n<h2 class=\"wp-block-heading\">Cos&#039;\u00e8 un MVP?<\/h2>\n\n\n\n<p><span style=\"font-weight: 400;\">The term describes a version of a new product, which allows a team to collect the maximum amount of validated learning about customers with the least effort.&nbsp; MVPs are used in innovation approaches that encourage Rapid Experimentation in fast-paced industries. An MVP can be developed and tested with the assistance of Market Research.<\/span><\/p>\n\n\n\n<p><span style=\"font-weight: 400;\">Questa nuova versione ha messo in evidenza molte definizioni proposte. Ha anche indotto gli esperti di ricerche di mercato a ideare nuove metodologie. Oltre a comprendere meglio i metodi, le ricerche di mercato possono aiutare a far crescere gli MVP.<\/span><\/p>\n\n\n\n<h2 class=\"wp-block-heading\">Come sviluppare MVP<\/h2>\n\n\n\n<p><span style=\"font-weight: 400;\">I seguenti semplici passaggi possono aiutare a sviluppare un prodotto minimo vitale:<\/span><\/p>\n\n\n\n<ul class=\"wp-block-list\">\n<li><span style=\"font-weight: 400;\">Fai ricerche di mercato approfondite.<\/span><\/li>\n\n\n\n<li><span style=\"font-weight: 400;\">Poniti domande importanti come \u201cquale problema risolve il tuo prodotto?\u201d \u201cqual \u00e8 il suo mercato di riferimento?\u201d &quot;perch\u00e9 i consumatori dovrebbero voler acquistare il tuo prodotto?&quot;<\/span><\/li>\n\n\n\n<li><span style=\"font-weight: 400;\">Progetta un flusso utente e una UX: definisci le fasi del processo.<\/span><\/li>\n\n\n\n<li><span style=\"font-weight: 400;\">Elenca tutte le funzionalit\u00e0 che desideri.<\/span><\/li>\n\n\n\n<li><span style=\"font-weight: 400;\">Procedi allo sviluppo del tuo MVP<\/span><\/li>\n<\/ul>\n\n\n\n<p><span style=\"font-weight: 400;\">MVP e Lean stanno diventando popolari nel frenetico ambiente economico di oggi. Uno dei vantaggi delle startup \u00e8 che mostrano agli imprenditori come costruire un business sostenibile. Possono verificare scientificamente questo apprendimento eseguendo vari esperimenti. L\u2019MVP \u00e8 un metodo per misurare i progressi in un contesto di incertezza.<\/span><\/p>\n\n\n\n<h2 class=\"wp-block-heading\">In che modo le ricerche di mercato possono aiutarti a sviluppare MVP?<\/h2>\n\n\n\n<p><span style=\"font-weight: 400;\">Gli imprenditori dovrebbero prima testare le loro idee e concetti attraverso ricerche e analisi di mercato.<\/span><\/p>\n\n\n\n<p><span style=\"font-weight: 400;\">Market Researchers look for data about people or competitive on markets and companies. They then analyze it to understand the needs of your potential customers better. They use methods such as market surveys to study the needs of your customers. <a href=\"https:\/\/www.sisinternational.com\/it\/etichettatura-dei-prodotti-nutrizionali-asia\/\" title=\"Etichettatura e prodotti nutrizionali nelle ricerche di mercato in Asia\"  data-wpil-monitor-id=\"2489\">Market research ensures that your product<\/a> fulfills customers&#8217; needs.<\/span><\/p>\n\n\n\n<h2 class=\"wp-block-heading\">Metodi di ricerca qualitativa<\/h2>\n\n\n\n<p><span style=\"font-weight: 400;\">Il metodo qualitativo \u00e8 una ricerca approfondita sui clienti target. Non si tratta solo dei bisogni delle persone o di ci\u00f2 che pensano; si tratta pi\u00f9 del \u201cperch\u00e9 pensano\u201d. <\/span><\/p>\n\n\n\n<p><span style=\"font-weight: 400;\">\u00c8 essenziale concentrarsi sul \u201cperch\u00e9\u201d dietro il comportamento dei clienti quando si effettuano ricerche di mercato. \u00c8 la prima cosa da fare quando sei ispirato a lanciare un prodotto. Puoi organizzare interviste faccia a faccia e discussioni di gruppo con le persone. Sono il modo migliore per ottenere un feedback approfondito. Fai domande come:<\/span><\/p>\n\n\n\n<ul class=\"wp-block-list\">\n<li><span style=\"font-weight: 400;\">\u00e8 facile da usare?<\/span><\/li>\n\n\n\n<li><span style=\"font-weight: 400;\">Il design \u00e8 allettante?<\/span><\/li>\n\n\n\n<li><span style=\"font-weight: 400;\">Qual \u00e8 la tua opinione sulla confezione?<\/span><\/li>\n\n\n\n<li><span style=\"font-weight: 400;\">Il prezzo \u00e8 giusto?<\/span><\/li>\n<\/ul>\n\n\n\n<h2 class=\"wp-block-heading\">Metodi di ricerca quantitativa<\/h2>\n\n\n\n<p><span style=\"font-weight: 400;\">Il metodo di ricerca quantitativa utilizza sondaggi e questionari ai clienti. \u00c8 utile per ottenere feedback dai potenziali clienti. \u00c8 importante che i ricercatori prestino attenzione quando selezionano le domande del sondaggio. I risultati devono fornire dati significativi. Fai domande come &quot;quanto spesso visiti un negozio al dettaglio&quot;? \u201cChe prodotti compri\u201d? &quot;Perch\u00e9 li compri?&quot; &quot;In quale luogo fai acquisti?&quot; <\/span><\/p>\n\n\n\n<p><span style=\"font-weight: 400;\">La ricerca quantitativa pu\u00f2 creare un quadro pi\u00f9 chiaro del comportamento dei consumatori. I dati ottenuti possono anche fungere da guida adeguata per prendere decisioni aziendali.<\/span><\/p>\n\n\n\n<h2 class=\"wp-block-heading\">Ricerca sulla concorrenza<\/h2>\n\n\n\n<p><span style=\"font-weight: 400;\"><a class=\"wpil_keyword_link\" href=\"https:\/\/www.sisinternational.com\/it\/competenza\/industrie\/ricerca-sui-concorrenti\/\"   title=\"Ricerca sulla concorrenza\" data-wpil-keyword-link=\"linked\"  data-wpil-monitor-id=\"454\">Competitor research<\/a> analyzes the strengths and weaknesses of your existing and prospective competitors. Additionally, it provides strategies to identify potential opportunities and threats. <\/span><\/p>\n\n\n\n<p><span style=\"font-weight: 400;\">Successivamente, devi solo creare nuove funzionalit\u00e0 e strategie che funzionino. Assicurati che siano utili per attirare clienti pi\u00f9 velocemente dei tuoi concorrenti. S\u00ec, \u00e8 possibile! Ti consigliamo di implementare l&#039;analisi SWOT: analisi dei punti di forza, delle debolezze, delle opportunit\u00e0 e delle minacce.<\/span><\/p>\n\n\n\n<h2 class=\"wp-block-heading\">Vantaggi di un prodotto minimo vitale<\/h2>\n\n\n\n<p><span style=\"font-weight: 400;\">Ci sono molti altri vantaggi nel creare un MVP:<\/span><\/p>\n\n\n\n<ul class=\"wp-block-list\">\n<li><span style=\"font-weight: 400;\">Testa il prodotto in condizioni di mercato reali.<\/span><\/li>\n\n\n\n<li><span style=\"font-weight: 400;\">Aiuta le aziende a concentrarsi sulle caratteristiche principali del prodotto.<\/span><\/li>\n\n\n\n<li><span style=\"font-weight: 400;\">Riduce il costo del prodotto e del tempo.<\/span><\/li>\n\n\n\n<li><span style=\"font-weight: 400;\">Accelera la curva di apprendimento del team.<\/span><\/li>\n\n\n\n<li><span style=\"font-weight: 400;\">Crea un processo agile e iterativo.<\/span><\/li>\n\n\n\n<li><span style=\"font-weight: 400;\">Salva l\u2019azienda da un fallimento vitale.<\/span><\/li>\n<\/ul>\n\n\n\n<h2 class=\"wp-block-heading\">Informazioni sulla ricerca di mercato sul prodotto minimo vitale<\/h2>\n\n\n\n<p>SIS is a leading <a class=\"wpil_keyword_link\" href=\"https:\/\/www.sisinternational.com\/it\/copertura\/\"   title=\"Copertura delle ricerche di mercato\" data-wpil-keyword-link=\"linked\"  data-wpil-monitor-id=\"455\">Ricerca di mercato globale<\/a> and Strategy Consulting company.&nbsp; We provide research, data, analysis and strategy to enhance your product development process.&nbsp; Key tools we use:<\/p>\n\n\n\n<ul class=\"wp-block-list\">\n<li>Focus group e interviste ai clienti<\/li>\n\n\n\n<li>Co-creazione<\/li>\n\n\n\n<li>Sondaggi<\/li>\n\n\n\n<li>Test di prodotto agile<\/li>\n\n\n\n<li>Sprint agili<\/li>\n\n\n\n<li>Comunit\u00e0 di approfondimento online<\/li>\n<\/ul>\n\n\n\n<p><\/p>","protected":false},"excerpt":{"rendered":"<p>Forniamo ricerche e strategie di mercato sui prodotti minimi validi.<\/p>","protected":false},"author":1,"featured_media":65095,"parent":14567,"menu_order":12,"comment_status":"closed","ping_status":"closed","template":"","meta":{"footnotes":""},"class_list":["post-31437","page","type-page","status-publish","has-post-thumbnail"],"_links":{"self":[{"href":"https:\/\/www.sisinternational.com\/it\/wp-json\/wp\/v2\/pages\/31437","targetHints":{"allow":["GET"]}}],"collection":[{"href":"https:\/\/www.sisinternational.com\/it\/wp-json\/wp\/v2\/pages"}],"about":[{"href":"https:\/\/www.sisinternational.com\/it\/wp-json\/wp\/v2\/types\/page"}],"author":[{"embeddable":true,"href":"https:\/\/www.sisinternational.com\/it\/wp-json\/wp\/v2\/users\/1"}],"replies":[{"embeddable":true,"href":"https:\/\/www.sisinternational.com\/it\/wp-json\/wp\/v2\/comments?post=31437"}],"version-history":[{"count":5,"href":"https:\/\/www.sisinternational.com\/it\/wp-json\/wp\/v2\/pages\/31437\/revisions"}],"predecessor-version":[{"id":76833,"href":"https:\/\/www.sisinternational.com\/it\/wp-json\/wp\/v2\/pages\/31437\/revisions\/76833"}],"up":[{"embeddable":true,"href":"https:\/\/www.sisinternational.com\/it\/wp-json\/wp\/v2\/pages\/14567"}],"wp:featuredmedia":[{"embeddable":true,"href":"https:\/\/www.sisinternational.com\/it\/wp-json\/wp\/v2\/media\/65095"}],"wp:attachment":[{"href":"https:\/\/www.sisinternational.com\/it\/wp-json\/wp\/v2\/media?parent=31437"}],"curies":[{"name":"wp","href":"https:\/\/api.w.org\/{rel}","templated":true}]}}