{"id":31367,"date":"2019-03-26T22:22:47","date_gmt":"2019-03-26T22:22:47","guid":{"rendered":"https:\/\/www.sisinternational.com\/?page_id=31367"},"modified":"2026-01-26T14:21:56","modified_gmt":"2026-01-26T19:21:56","slug":"ricerche-di-mercato-sui-casino-di-scommesse-sportive-sui-giochi-online","status":"publish","type":"page","link":"https:\/\/www.sisinternational.com\/it\/competenza\/ricerche-di-mercato-sui-casino-di-scommesse-sportive-sui-giochi-online\/","title":{"rendered":"Giochi online, scommesse sportive e ricerche di mercato sui casin\u00f2"},"content":{"rendered":"<h1 class=\"wp-block-heading\">Giochi online, scommesse sportive e ricerche di mercato sui casin\u00f2<\/h1>\n\n\n\n<figure class=\"gb-block-image gb-block-image-ada045c6\"><img loading=\"lazy\" decoding=\"async\" width=\"1456\" height=\"816\" class=\"gb-image gb-image-ada045c6\" src=\"https:\/\/www.sisinternational.com\/wp-content\/uploads\/2025\/08\/esports-gaming-e-sports9.jpg\" alt=\"Ricerca e strategia di mercato internazionale SIS\" title=\"esports gaming e-sports(9)\" srcset=\"https:\/\/www.sisinternational.com\/wp-content\/uploads\/2025\/08\/esports-gaming-e-sports9.jpg 1456w, https:\/\/www.sisinternational.com\/wp-content\/uploads\/2025\/08\/esports-gaming-e-sports9-300x168.jpg 300w, https:\/\/www.sisinternational.com\/wp-content\/uploads\/2025\/08\/esports-gaming-e-sports9-1024x574.jpg 1024w, https:\/\/www.sisinternational.com\/wp-content\/uploads\/2025\/08\/esports-gaming-e-sports9-768x430.jpg 768w, https:\/\/www.sisinternational.com\/wp-content\/uploads\/2025\/08\/esports-gaming-e-sports9-18x10.jpg 18w\" sizes=\"auto, (max-width: 1456px) 100vw, 1456px\"><\/figure>\n\n\n\n<p><\/p>\n\n\n\n<p>Sports gambling is now legal in most US states. In May 2018 the Supreme Court ruled 6:3 to strike down the Professional and Amateur Sports Protection Act. This was a federal law that barred online gaming. It had made Nevada the only state where a person could bet on the results of a single game. By striking it down, the Court gave states the go-ahead to legalize <a href=\"https:\/\/www.sisinternational.com\/it\/competenza\/industrie\/ricerche-di-mercato-sulle-scommesse-sportive\/\" title=\"Ricerche di mercato sulle scommesse sportive\"  data-wpil-monitor-id=\"3984\">betting on sports<\/a>.<\/p>\n\n\n\n<h2 class=\"wp-block-heading\">Opportunit\u00e0 nei pagamenti online<\/h2>\n\n\n\n<p>Legalizzazione significa che le scommesse sportive, i casin\u00f2 online e i giochi convergeranno. Il governo federale ha limitato i pagamenti quando ha vietato il gioco d\u2019azzardo online nel 2007. Questo divieto ha causato la chiusura di molte operazioni online.<\/p>\n\n\n\n<p>Gli analisti ipotizzano che nel tempo avverranno molti cambiamenti e, alla fine, le diverse piattaforme opereranno nell\u2019ambito degli stessi controlli normativi e quadro giuridico. Esistono opportunit\u00e0 per le piattaforme di gioco online e per i processori di pagamento. I tempi sono maturi per trarre vantaggio da questo fiorente mercato.<\/p>\n\n\n\n<h2 class=\"wp-block-heading\">Perch\u00e9 le ricerche di mercato sono importanti?<\/h2>\n\n\n\n<p>It would be best if you never underrated the benefits of a good market research exercise. Online gaming and sports betting are now moving to the mainstream. If you don\u2019t do research, it\u2019s sure to affect the bottom line. Research helps with the testing and promoting of new gaming products. A proper analysis also assists marketers in finding out consumer response to their product offerings. <a href=\"https:\/\/www.sisinternational.com\/it\/competenza\/industrie\/ricerche-di-mercato-sulle-app-di-incontri-online\/\" title=\"Ricerche di mercato sulle app di incontri online\"  data-wpil-monitor-id=\"5946\">Market research can help online<\/a> platforms to identify opportunities in the marketplace.<\/p>\n\n\n\n<h2 class=\"wp-block-heading\">Ricerche di mercato qualitative<\/h2>\n\n\n\n<p>La ricerca di mercato qualitativa osserva il comportamento dei consumatori. Il ricercatore pu\u00f2 testare argomenti e problemi in modo approfondito man mano che ottiene nuove informazioni. Alla SIS Research utilizziamo diversi strumenti per raccogliere dati qualitativi:<\/p>\n\n\n\n<ul class=\"wp-block-list\">\n<li><strong>Focus group: <\/strong>Questa tecnica di ricerca coinvolge un piccolo gruppo di persone. Questo tipo di gruppo condivide una serie di caratteristiche standard. Un moderatore li guida in una discussione su argomenti predeterminati.<\/li>\n\n\n\n<li><strong>Interviste ai clienti: <\/strong>Questo metodo \u00e8 utile per i fornitori che desiderano informazioni dettagliate. Fornisce loro informazioni sui pensieri e sui comportamenti dei loro clienti. Ciascun intervistato fornir\u00e0 all&#039;intervistatore punti unici. Le altre persone non potranno influenzare le loro risposte, come spesso accade nei Focus Group.<\/li>\n\n\n\n<li><strong>Etnografia: <\/strong>Questo tipo di ricerca \u00e8 utile all&#039;inizio di un progetto. Questo perch\u00e9 pu\u00f2 supportare future decisioni di progettazione. Le nuove piattaforme online possono utilizzarlo per identificare e analizzare problemi imprevisti. \u00c8 importante conoscere l&#039;etnografia del tuo pubblico target quando apri un negozio su Internet.<\/li>\n<\/ul>\n\n\n\n<h2 class=\"wp-block-heading\">Ricerche di mercato quantitative<\/h2>\n\n\n\n<figure class=\"gb-block-image gb-block-image-2a513069\"><img loading=\"lazy\" decoding=\"async\" width=\"1456\" height=\"816\" class=\"gb-image gb-image-2a513069\" src=\"https:\/\/www.sisinternational.com\/wp-content\/uploads\/2025\/08\/Gaming-gamer-16.jpg\" alt=\"Ricerca e strategia di mercato internazionale SIS\" title=\"Gaming gamer (16)\" srcset=\"https:\/\/www.sisinternational.com\/wp-content\/uploads\/2025\/08\/Gaming-gamer-16.jpg 1456w, https:\/\/www.sisinternational.com\/wp-content\/uploads\/2025\/08\/Gaming-gamer-16-300x168.jpg 300w, https:\/\/www.sisinternational.com\/wp-content\/uploads\/2025\/08\/Gaming-gamer-16-1024x574.jpg 1024w, https:\/\/www.sisinternational.com\/wp-content\/uploads\/2025\/08\/Gaming-gamer-16-768x430.jpg 768w, https:\/\/www.sisinternational.com\/wp-content\/uploads\/2025\/08\/Gaming-gamer-16-18x10.jpg 18w\" sizes=\"auto, (max-width: 1456px) 100vw, 1456px\"><\/figure>\n\n\n\n<p><\/p>\n\n\n\n<p>Utilizziamo sondaggi, sondaggi e questionari per le nostre attivit\u00e0 di ricerca di mercato quantitativa. Analizziamo quindi le risposte, che ti mostreranno come puoi migliorare la tua piattaforma. Ci\u00f2, a sua volta, aumenter\u00e0 il livello di soddisfazione dei tuoi clienti. La ricerca quantitativa ti aiuta a diventare \u201cincentrato sul cliente\u201d.<\/p>\n\n\n\n<p>Una delle nostre domande rivoluzionarie \u00e8: &quot;Su una scala da 1 a 10, quanto \u00e8 probabile che ci consiglieresti a un amico o collega?&quot; Le piattaforme di gioco possono utilizzare questa domanda per determinare quanto in pi\u00f9 (o in meno) devono spendere. Questa singola domanda li aiuta a impostare un budget per promozioni e pubblicit\u00e0 a pagamento. Dice loro anche quanto stanno andando bene i loro sforzi di passaparola. Possono utilizzarlo per determinare quali aree della qualit\u00e0 del servizio necessitano di miglioramenti.<\/p>\n\n\n\n<h2 class=\"wp-block-heading\">Ricerca strategica<\/h2>\n\n\n\n<p>Offriamo ricerca strategica, che pu\u00f2 aiutare la tua piattaforma a identificare ed esplorare opportunit\u00e0. Se necessario, puoi dare priorit\u00e0 a queste opportunit\u00e0. I giochi online e le scommesse sportive sono una novit\u00e0 per la maggior parte degli stati. Molti imprenditori sono entrati in questo spazio perch\u00e9 hanno svolto ricerche strategiche. Consente alle aziende di valutare in modo imparziale se la loro attivit\u00e0 sar\u00e0 probabilmente redditizia.<\/p>\n\n\n\n<p>La ricerca di mercato \u00e8 uno strumento inestimabile che potrebbe sembrare lento e costoso, ma \u00e8 un investimento. Quando vai direttamente al pubblico di destinazione, imparerai i veri sentimenti del tuo pubblico. Ricorda, queste persone sono meno attaccate al tuo servizio di gioco di te. Cosa sceglieresti: rimanere disinformato solo con le tue supposizioni? O preferisci ottenere approfondimenti da uno spaccato dei tuoi clienti?<\/p>\n\n\n\n<h2 class=\"wp-block-heading\"><a href=\"https:\/\/www.sisinternational.com\/it\/about-sis\/contact-sis-international-market-research\/\">Contact us for your next&nbsp;Online Gaming, Sports Betting and Casino Market Research project.<\/a><\/h2>","protected":false},"excerpt":{"rendered":"<p>Scopri nuove opportunit\u00e0 attraverso la ricerca aziendale e soluzioni strategiche nel settore delle scommesse sportive online.<\/p>","protected":false},"author":1,"featured_media":64496,"parent":14514,"menu_order":42,"comment_status":"closed","ping_status":"closed","template":"","meta":{"footnotes":""},"class_list":["post-31367","page","type-page","status-publish","has-post-thumbnail"],"_links":{"self":[{"href":"https:\/\/www.sisinternational.com\/it\/wp-json\/wp\/v2\/pages\/31367","targetHints":{"allow":["GET"]}}],"collection":[{"href":"https:\/\/www.sisinternational.com\/it\/wp-json\/wp\/v2\/pages"}],"about":[{"href":"https:\/\/www.sisinternational.com\/it\/wp-json\/wp\/v2\/types\/page"}],"author":[{"embeddable":true,"href":"https:\/\/www.sisinternational.com\/it\/wp-json\/wp\/v2\/users\/1"}],"replies":[{"embeddable":true,"href":"https:\/\/www.sisinternational.com\/it\/wp-json\/wp\/v2\/comments?post=31367"}],"version-history":[{"count":4,"href":"https:\/\/www.sisinternational.com\/it\/wp-json\/wp\/v2\/pages\/31367\/revisions"}],"predecessor-version":[{"id":79618,"href":"https:\/\/www.sisinternational.com\/it\/wp-json\/wp\/v2\/pages\/31367\/revisions\/79618"}],"up":[{"embeddable":true,"href":"https:\/\/www.sisinternational.com\/it\/wp-json\/wp\/v2\/pages\/14514"}],"wp:featuredmedia":[{"embeddable":true,"href":"https:\/\/www.sisinternational.com\/it\/wp-json\/wp\/v2\/media\/64496"}],"wp:attachment":[{"href":"https:\/\/www.sisinternational.com\/it\/wp-json\/wp\/v2\/media?parent=31367"}],"curies":[{"name":"wp","href":"https:\/\/api.w.org\/{rel}","templated":true}]}}