{"id":31358,"date":"2019-03-26T05:05:20","date_gmt":"2019-03-26T05:05:20","guid":{"rendered":"https:\/\/www.sisinternational.com\/?page_id=31358"},"modified":"2025-09-13T23:03:21","modified_gmt":"2025-09-14T03:03:21","slug":"ricerche-di-mercato-a-broadway","status":"publish","type":"page","link":"https:\/\/www.sisinternational.com\/it\/competenza\/ricerche-di-mercato-a-broadway\/","title":{"rendered":"Ricerche di mercato a Broadway"},"content":{"rendered":"<h1 class=\"wp-block-heading\">Ricerche di mercato a Broadway<\/h1>\n\n\n\n<figure class=\"gb-block-image gb-block-image-f9014b10\"><img loading=\"lazy\" decoding=\"async\" width=\"1456\" height=\"816\" class=\"gb-image gb-image-f9014b10\" src=\"https:\/\/www.sisinternational.com\/wp-content\/uploads\/2025\/08\/Broadway-3.jpg\" alt=\"Ricerca e strategia di mercato internazionale SIS\" title=\"Broadway (3)\" srcset=\"https:\/\/www.sisinternational.com\/wp-content\/uploads\/2025\/08\/Broadway-3.jpg 1456w, https:\/\/www.sisinternational.com\/wp-content\/uploads\/2025\/08\/Broadway-3-300x168.jpg 300w, https:\/\/www.sisinternational.com\/wp-content\/uploads\/2025\/08\/Broadway-3-1024x574.jpg 1024w, https:\/\/www.sisinternational.com\/wp-content\/uploads\/2025\/08\/Broadway-3-768x430.jpg 768w, https:\/\/www.sisinternational.com\/wp-content\/uploads\/2025\/08\/Broadway-3-18x10.jpg 18w\" sizes=\"auto, (max-width: 1456px) 100vw, 1456px\"><\/figure>\n\n\n\n<p><\/p>\n\n\n\n<h2 class=\"wp-block-heading\">Soluzioni di ricerca per prestazioni migliori<\/h2>\n\n\n\n<p><span style=\"font-weight: 400;\">Le ricerche di mercato consentono alle organizzazioni di prendere decisioni migliori e pi\u00f9 informate. In quanto fornitori di intrattenimento di alto livello, anche i teatri di Broadway possono trarre vantaggio dalle ricerche di mercato. Un&#039;analisi dettagliata del mercato fornisce ai teatri gli strumenti per affrontare il loro ambiente in evoluzione. Pu\u00f2 aiutare nella loro pianificazione strategica. Li aiuter\u00e0 anche a rafforzare la loro posizione nel settore.<\/span><\/p>\n\n\n\n<p><span style=\"font-weight: 400;\">Market research helps theaters to gain a better understanding of their target audience or market. Knowledge is power, and it helps them to strengthen their position. Use our analysis to ensure that your theater stays ahead of the competition. <a href=\"https:\/\/www.sisinternational.com\/it\/soluzioni\/ricerca-di-consulenza-strategica-fintech\/hedge-fund-e-ricerche-di-mercato-degli-investimenti\/\" title=\"Hedge Fund e ricerche di mercato degli investimenti\"  data-wpil-monitor-id=\"8007\">Market research also keeps investment<\/a> risk low. An investment in <a href=\"https:\/\/www.sisinternational.com\/it\/pubblicazioni\/ricerche-di-mercato-sui-test-educativi\/\" title=\"Ricerche di mercato sui test educativi\"  data-wpil-monitor-id=\"8016\">testing the market<\/a> for your concept makes perfect business sense.<\/span><\/p>\n\n\n\n<h2 class=\"wp-block-heading\"><span style=\"font-weight: 400;\">Ricerca qualitativa per i teatri di Broadway<\/span><\/h2>\n\n\n\n<p><span style=\"font-weight: 400;\">Il desiderio di tutti i professionisti del marketing \u00e8 sapere cosa pensa un cliente e cosa lo spinge ad acquistare. La ricerca qualitativa fornisce informazioni dettagliate sulle ragioni degli acquisti dei tuoi sostenitori. Incoraggiamo le recensioni esterne e i nostri dati provengono direttamente dalla fonte: i tuoi sostenitori.<\/span><\/p>\n\n\n\n<p><span style=\"font-weight: 400;\">Raccogliamo dati qualitativi con l&#039;uso di questionari e sondaggi online. Questi dati ci danno risposte precise sul perch\u00e9, ad esempio, un utente sceglie uno spettacolo piuttosto che un altro. Potresti scoprire che gli utenti acquistano i biglietti per la produzione del tuo concorrente perch\u00e9 \u00e8 pi\u00f9 facile acquistarli online. Questo \u00e8 un segno che devi migliorare il tuo gioco online per rendere i biglietti per il tuo spettacolo pi\u00f9 accessibili. Se non avessi effettuato una ricerca qualitativa, non avresti saputo cosa stava causando il calo delle vendite. Inoltre non avresti saputo come correggerlo.<\/span><\/p>\n\n\n\n<h2 class=\"wp-block-heading\"><span style=\"font-weight: 400;\">Ricerca quantitativa per i teatri di Broadway<\/span><\/h2>\n\n\n\n<p><span style=\"font-weight: 400;\"><a href=\"https:\/\/www.sisinternational.com\/it\/top-5-benefits-of-conducting-quantitative-market-research\/\" title=\"Top 5 Benefits of Conducting Quantitative Market Research\"  data-wpil-monitor-id=\"7997\">Ricerche di mercato quantitative<\/a> is not as targeted as qualitative. Quantitative deals with sets of data that several random conditions can affect. This type of analysis is number based and involves more respondents. The large samples help moderators measure the effect of your production on audiences. It also helps them determine your market size and assists in establishing consumer profiles. It also enables you to provide suitable recommendations for the customer base.<\/span><\/p>\n\n\n\n<p><span style=\"font-weight: 400;\"><a href=\"https:\/\/www.sisinternational.com\/it\/soluzioni\/soluzioni-di-ricerca-quantitativa-qualitativa\/quantitative-research-benefits\/\" title=\"Quantitative Research Benefits\"  data-wpil-monitor-id=\"8010\">Quantitative research has many benefits<\/a>. Respondents are more disposed to partake in these studies. Why? Because they\u2019re very straightforward and do not take up much time. This type of research offers enough insight into promoting your show. Most quantitative techniques cost little to conduct. With a large number of samples, the quantitative analysis is more effective.<\/span><\/p>\n\n\n\n<h2 class=\"wp-block-heading\"><span style=\"font-weight: 400;\">Ricerca strategica<\/span><\/h2>\n\n\n\n<p><span style=\"font-weight: 400;\">La ricerca strategica conferma i valori e lo scopo della tua organizzazione. Questo tipo di studio fornisce una visione per il futuro e stabilisce obiettivi. Definisce i modi per sfruttare i punti di forza, ridurre i punti deboli e chiarire opportunit\u00e0 e minacce. Stabilisce confini chiari e un quadro in modo che il tuo teatro possa prendere decisioni migliori.<\/span><\/p>\n\n\n\n<p><span style=\"font-weight: 400;\">La ricerca strategica aiuta i decisori a prendere decisioni pi\u00f9 intelligenti. Consente ai decisori di vedere i relativi vantaggi. L&#039;analisi strategica obbliga anche la tua organizzazione teatrale a fissare degli obiettivi. L\u2019organizzazione deve innanzitutto determinare cosa \u00e8 fondamentale per il suo successo. Questa determinazione lo aiuta a fissare obiettivi e fare un piano per raggiungerli.<\/span><\/p>\n\n\n\n<p><span style=\"font-weight: 400;\">There are advantages and disadvantages to market research as a whole. Many of the problems occur because of poor consultants. <a href=\"https:\/\/www.sisinternational.com\/it\/sis-international-research-celebra-il-30-anniversario\/\" title=\"La ricerca internazionale SIS celebra il 30\u00b0 anniversario\"  data-wpil-monitor-id=\"8015\">SIS Research<\/a> is an industry leader with several years\u2019 experience in the field. Our consultants are top-notch. We <a href=\"https:\/\/www.sisinternational.com\/it\/how-to-conduct-effective-quantitative-market-research\/\" title=\"How to Conduct Effective Quantitative Market Research\"  data-wpil-monitor-id=\"8001\">conduct market research<\/a> and testing of new Broadway shows. Market research can be beneficial to almost all Broadway theaters. Contact SIS Research today and let us take your productions to the next level.<\/span><\/p>\n\n\n\n<h2 class=\"wp-block-heading\">Informazioni sulle ricerche di mercato di Broadway<\/h2>\n\n\n\n<p><a href=\"https:\/\/www.sisinternational.com\/it\/soluzioni\/soluzioni-di-branding-e-ricerca-clienti\/ricerche-di-mercato-per-test-di-prodotto\/degustazione-di-cibo-sis-internationals\/\" title=\"Cosa rende SIS International Research la MIGLIORE societ\u00e0 di ricerche di mercato per i test del gusto alimentare a New York City\"  data-wpil-monitor-id=\"8013\">SIS is headquartered in New York City<\/a> in close proximity to Broadway.&nbsp; Our company leadership is passionate about Broadway and are patrons of the arts.&nbsp; Through our databases and relationships, we bring unparalleled access to speak with actors, producers, directors, influencers, entertainment marketers, consumers and patrons.&nbsp; We <a href=\"https:\/\/www.sisinternational.com\/it\/soluzioni\/ricerche-di-mercato-con-focus-group\/come-condurre-un-focus-group\/\" title=\"Come condurre un focus group\"  data-wpil-monitor-id=\"8004\">conduct Focus Groups<\/a>, Street Intercepts, Consumer Interviews, Surveys and Strategic Market Assessments.<\/p>\n\n\n\n<p><\/p>","protected":false},"excerpt":{"rendered":"<p>SIS \u00e8 una societ\u00e0 leader nelle ricerche di mercato globali con sede a New York City. Scopri come migliorare le prestazioni con Broadway Market Research.<\/p>","protected":false},"author":1,"featured_media":64753,"parent":14514,"menu_order":41,"comment_status":"closed","ping_status":"closed","template":"","meta":{"footnotes":""},"class_list":["post-31358","page","type-page","status-publish","has-post-thumbnail"],"_links":{"self":[{"href":"https:\/\/www.sisinternational.com\/it\/wp-json\/wp\/v2\/pages\/31358","targetHints":{"allow":["GET"]}}],"collection":[{"href":"https:\/\/www.sisinternational.com\/it\/wp-json\/wp\/v2\/pages"}],"about":[{"href":"https:\/\/www.sisinternational.com\/it\/wp-json\/wp\/v2\/types\/page"}],"author":[{"embeddable":true,"href":"https:\/\/www.sisinternational.com\/it\/wp-json\/wp\/v2\/users\/1"}],"replies":[{"embeddable":true,"href":"https:\/\/www.sisinternational.com\/it\/wp-json\/wp\/v2\/comments?post=31358"}],"version-history":[{"count":3,"href":"https:\/\/www.sisinternational.com\/it\/wp-json\/wp\/v2\/pages\/31358\/revisions"}],"predecessor-version":[{"id":81349,"href":"https:\/\/www.sisinternational.com\/it\/wp-json\/wp\/v2\/pages\/31358\/revisions\/81349"}],"up":[{"embeddable":true,"href":"https:\/\/www.sisinternational.com\/it\/wp-json\/wp\/v2\/pages\/14514"}],"wp:featuredmedia":[{"embeddable":true,"href":"https:\/\/www.sisinternational.com\/it\/wp-json\/wp\/v2\/media\/64753"}],"wp:attachment":[{"href":"https:\/\/www.sisinternational.com\/it\/wp-json\/wp\/v2\/media?parent=31358"}],"curies":[{"name":"wp","href":"https:\/\/api.w.org\/{rel}","templated":true}]}}