{"id":31324,"date":"2019-03-24T20:14:14","date_gmt":"2019-03-24T20:14:14","guid":{"rendered":"https:\/\/www.sisinternational.com\/?page_id=31324"},"modified":"2026-01-26T18:49:14","modified_gmt":"2026-01-26T23:49:14","slug":"ricerche-di-mercato-sulla-tesoreria-aziendale","status":"publish","type":"page","link":"https:\/\/www.sisinternational.com\/it\/soluzioni\/ricerca-di-consulenza-strategica-fintech\/ricerche-di-mercato-sulla-tesoreria-aziendale\/","title":{"rendered":"Ricerche di mercato sulla tesoreria aziendale"},"content":{"rendered":"<h1 class=\"wp-block-heading\">Ricerche di mercato sulla tesoreria aziendale<\/h1>\n\n\n\n<figure class=\"gb-block-image gb-block-image-f365e35d\"><img loading=\"lazy\" decoding=\"async\" width=\"1456\" height=\"816\" class=\"gb-image gb-image-f365e35d\" src=\"https:\/\/www.sisinternational.com\/wp-content\/uploads\/2025\/08\/Commercial-real-estate-business-comapny-9.jpg\" alt=\"Ricerca e strategia di mercato internazionale SIS\" title=\"Commercial real estate business comapny (9)\" srcset=\"https:\/\/www.sisinternational.com\/wp-content\/uploads\/2025\/08\/Commercial-real-estate-business-comapny-9.jpg 1456w, https:\/\/www.sisinternational.com\/wp-content\/uploads\/2025\/08\/Commercial-real-estate-business-comapny-9-300x168.jpg 300w, https:\/\/www.sisinternational.com\/wp-content\/uploads\/2025\/08\/Commercial-real-estate-business-comapny-9-1024x574.jpg 1024w, https:\/\/www.sisinternational.com\/wp-content\/uploads\/2025\/08\/Commercial-real-estate-business-comapny-9-768x430.jpg 768w, https:\/\/www.sisinternational.com\/wp-content\/uploads\/2025\/08\/Commercial-real-estate-business-comapny-9-18x10.jpg 18w\" sizes=\"auto, (max-width: 1456px) 100vw, 1456px\"><\/figure>\n\n\n\n<hr class=\"wp-block-separator has-alpha-channel-opacity is-style-dots\"\/>\n\n\n\n<h2 class=\"wp-block-heading\"><strong>Cos\u2019\u00e8 la ricerca di mercato sulla tesoreria aziendale?<\/strong><\/h2>\n\n\n\n<p><span style=\"font-weight: 400;\">La ricerca di mercato sulla tesoreria aziendale prevede un&#039;analisi sistematica e approfondita di vari aspetti finanziari, dalla gestione della liquidit\u00e0 e ottimizzazione della liquidit\u00e0 alla gestione del rischio e alle strategie di investimento. Questa ricerca mira a scoprire approfondimenti e fornire soluzioni basate sui dati che aiutano le aziende a semplificare le proprie operazioni finanziarie e a massimizzare le proprie prestazioni finanziarie.<\/span><\/p>\n\n\n\n<p><span style=\"font-weight: 400;\">It delves into areas such as capital allocation, working capital management, debt management, and foreign exchange risk, providing actionable intelligence that empowers businesses to make informed decisions and optimize their treasury functions.<\/span><\/p>\n\n\n\n<h2 class=\"wp-block-heading\"><strong>Perch\u00e9 le aziende hanno bisogno di ricerche di mercato sulla tesoreria aziendale?<\/strong><\/h2>\n\n\n\n<p><span style=\"font-weight: 400;\"><a href=\"https:\/\/www.sisinternational.com\/it\/ottimizzazione-dei-siti-web-aziendali-per-il-roi\/\" title=\"Ottimizzazione dei siti Web aziendali per il ROI\"  data-wpil-monitor-id=\"1977\">Corporate treasury market research helps businesses optimize<\/a> their financial operations by providing insights into areas such as cash flow management, working capital efficiency, and liquidity management. With accurate data and analysis, organizations can fine-tune their treasury processes for maximum efficiency.<\/span><\/p>\n\n\n\n<p><span style=\"font-weight: 400;\">Moreover, effective corporate treasury research enables organizations to make informed decisions regarding their investments.&nbsp;Therefore, conducting corporate treasury market <a href=\"https:\/\/www.sisinternational.com\/it\/soluzioni\/innovazione\/ricerca-di-mercato-agile\/\" title=\"Ricerche di mercato agili\"  data-wpil-monitor-id=\"7064\">ricerca<\/a> assists companies to gain a competitive edge by making agile and data-driven financial decisions that enable growth and sustainability. However, it has many other benefits, including:&nbsp;<\/span><\/p>\n\n\n\n<ul class=\"wp-block-list\">\n<li><b> Efficienza dei costi:<\/b><span style=\"font-weight: 400;\"> Identifying opportunities to reduce operational costs is a significant advantage of corporate treasury research.\u00a0<\/span><\/li>\n\n\n\n<li><b> Gestione migliorata del flusso di cassa:<\/b><span style=\"font-weight: 400;\"> Una gestione efficace del flusso di cassa \u00e8 essenziale per la stabilit\u00e0 aziendale. Le ricerche di mercato sulla tesoreria aziendale aiutano le organizzazioni a prevedere accuratamente i flussi di cassa, garantendo che dispongano della liquidit\u00e0 necessaria per far fronte ai propri obblighi finanziari.<\/span><\/li>\n\n\n\n<li><b> Vantaggio competitivo:<\/b><span style=\"font-weight: 400;\"> Le aziende che danno priorit\u00e0 alla ricerca di mercato sulla tesoreria aziendale ottengono un vantaggio competitivo. Possono adattarsi rapidamente alle mutevoli condizioni del mercato, prendere decisioni finanziarie agili e posizionarsi come leader nei rispettivi settori.<\/span><\/li>\n\n\n\n<li><b> Fiducia delle parti interessate: <\/b><span style=\"font-weight: 400;\">Gli investitori, gli azionisti e le parti interessate hanno maggiore fiducia nelle organizzazioni con strategie finanziarie ben informate. Questa fiducia pu\u00f2 portare a maggiori investimenti e sostegno alle iniziative imprenditoriali.<\/span><\/li>\n<\/ul>\n\n\n\n<h2 class=\"wp-block-heading\"><strong>Chi utilizza le ricerche di mercato sulla tesoreria aziendale?<\/strong><\/h2>\n\n\n\n<figure class=\"gb-block-image gb-block-image-93a534ab\"><img loading=\"lazy\" decoding=\"async\" width=\"1456\" height=\"816\" class=\"gb-image gb-image-93a534ab\" src=\"https:\/\/www.sisinternational.com\/wp-content\/uploads\/2025\/09\/Focus-group-recruitment-6.jpg\" alt=\"Ricerca e strategia di mercato internazionale SIS\" title=\"Focus group recruitment (6)\" srcset=\"https:\/\/www.sisinternational.com\/wp-content\/uploads\/2025\/09\/Focus-group-recruitment-6.jpg 1456w, https:\/\/www.sisinternational.com\/wp-content\/uploads\/2025\/09\/Focus-group-recruitment-6-300x168.jpg 300w, https:\/\/www.sisinternational.com\/wp-content\/uploads\/2025\/09\/Focus-group-recruitment-6-1024x574.jpg 1024w, https:\/\/www.sisinternational.com\/wp-content\/uploads\/2025\/09\/Focus-group-recruitment-6-768x430.jpg 768w, https:\/\/www.sisinternational.com\/wp-content\/uploads\/2025\/09\/Focus-group-recruitment-6-18x10.jpg 18w\" sizes=\"auto, (max-width: 1456px) 100vw, 1456px\"><\/figure>\n\n\n\n<p><\/p>\n\n\n\n<p><span style=\"font-weight: 400;\">La ricerca di mercato sulla tesoreria aziendale \u00e8 una risorsa preziosa che trova rilevanza in un&#039;ampia gamma di settori e organizzazioni. Ecco uno sguardo pi\u00f9 da vicino a chi trae vantaggio dalle ricerche di mercato sulla tesoreria aziendale:<\/span><\/p>\n\n\n\n<p><b> \u2022 Istituzioni finanziarie: <\/b><span style=\"font-weight: 400;\">Banche, cooperative di credito e altri istituti finanziari si affidano alle ricerche di mercato della tesoreria aziendale per comprendere le tendenze economiche, valutare le opportunit\u00e0 di investimento e gestire i rischi associati ai loro portafogli finanziari. Li aiuta a offrire soluzioni finanziarie su misura ai clienti e a ottimizzare i loro investimenti.<\/span><\/p>\n\n\n\n<p><b> \u2022 Aziende e imprese multinazionali: <\/b><span style=\"font-weight: 400;\">Le grandi aziende e le imprese multinazionali utilizzano ricerche di mercato sulla tesoreria aziendale per gestire le proprie attivit\u00e0 finanziarie, garantire la liquidit\u00e0 e prendere decisioni informate in merito all&#039;allocazione del capitale, alle strategie di copertura e alla gestione della liquidit\u00e0. \u00c8 determinante nel mantenere una salute finanziaria stabile.<\/span><\/p>\n\n\n\n<p><b> \u2022 Agenzie governative: <\/b>Government bodies and regulatory authorities utilize corporate treasury <a href=\"https:\/\/www.sisinternational.com\/it\/copertura\/ricerche-di-mercato-asiatiche\/ricerche-di-mercato-filippine\/\" title=\"Ricerche di mercato filippine\"  data-wpil-monitor-id=\"4013\">research to monitor and regulate financial markets<\/a>, ensuring stability and compliance with financial regulations. It aids in making informed policy decisions that impact the broader economy.<\/span><\/p>\n\n\n\n<p><b> \u2022 Imprese di investimento: <\/b><span style=\"font-weight: 400;\">Le societ\u00e0 di investimento, compresi gli hedge fund e le societ\u00e0 di gestione patrimoniale, sfruttano le ricerche di mercato della tesoreria aziendale per identificare opportunit\u00e0 di investimento, allocare le risorse in modo efficace e ottimizzare i propri portafogli. Li aiuta a navigare nelle complessit\u00e0 dei mercati finanziari.<\/span><\/p>\n\n\n\n<p><b> \u2022 Dipartimenti del Tesoro: <\/b><span style=\"font-weight: 400;\">All&#039;interno delle organizzazioni, i dipartimenti della tesoreria sono i principali utenti delle ricerche di mercato della tesoreria aziendale. Questi dipartimenti sono responsabili della gestione del flusso di cassa, degli investimenti e del rischio finanziario. La ricerca informa le loro strategie per la gestione della liquidit\u00e0, l\u2019allocazione del capitale e la mitigazione del rischio.<\/span><\/p>\n\n\n\n<p><b> \u2022 Organi Sociali e Azionisti:<\/b><span style=\"font-weight: 400;\"> I consigli di amministrazione e gli azionisti aziendali dipendono dai risultati della ricerca per valutare la salute finanziaria e le prestazioni dell\u2019organizzazione. Informa le loro decisioni in merito ai dividendi, agli investimenti e alla strategia aziendale complessiva.<\/span><\/p>\n\n\n\n<p><b>\u2022 Professionisti della gestione del rischio:<\/b> I professionisti che ricoprono ruoli di gestione del rischio utilizzano la ricerca sulla tesoreria aziendale per identificare e valutare i rischi finanziari, inclusi il rischio di credito, il rischio di mercato e il rischio operativo. La ricerca li aiuta a implementare strategie per mitigare questi rischi in modo efficace.<\/p>\n\n\n\n<h2 class=\"wp-block-heading\"><strong>Quando condurre ricerche di mercato sulla tesoreria aziendale<\/strong><\/h2>\n\n\n\n<p><span style=\"font-weight: 400;\">Determinare la tempistica appropriata per condurre ricerche di mercato sulla tesoreria aziendale \u00e8 una considerazione fondamentale per le organizzazioni che mirano a migliorare i propri processi decisionali finanziari \u2013 ed ecco alcuni dei momenti pi\u00f9 critici in cui le aziende possono condurre queste ricerche di mercato:&nbsp;<\/span><\/p>\n\n\n\n<p><b>Importanti investimenti di capitale:<\/b><\/p>\n\n\n\n<p><span style=\"font-weight: 400;\">Prima di effettuare investimenti di capitale significativi, come progetti infrastrutturali o acquisizioni, le aziende eseguono ricerche sulla tesoreria aziendale. Ci\u00f2 garantisce che prendano decisioni informate riguardo alle opzioni di finanziamento, alle proiezioni del ROI e ai potenziali rischi.<\/span><\/p>\n\n\n\n<p><b>Ottimizzazione del flusso di cassa:<\/b><\/p>\n\n\n\n<p><span style=\"font-weight: 400;\">Quando un\u2019organizzazione affronta sfide legate alla gestione del flusso di cassa, la ricerca pu\u00f2 offrire soluzioni. Aiuta a ottimizzare il capitale circolante, migliorare la liquidit\u00e0 e identificare opportunit\u00e0 per ridurre i costi operativi.<\/span><\/p>\n\n\n\n<p><b>Gestione valutaria: <\/b><\/p>\n\n\n\n<p><span style=\"font-weight: 400;\">Per le aziende impegnate nel commercio internazionale o con esposizione a pi\u00f9 valute, la continua ricerca di mercato della tesoreria aziendale \u00e8 essenziale. Aiuta a monitorare le fluttuazioni dei tassi di cambio e ad implementare strategie di gestione del rischio valutario.<\/span><\/p>\n\n\n\n<p><b>Rifinanziamento o ristrutturazione del debito: <\/b><\/p>\n\n\n\n<p><span style=\"font-weight: 400;\">Quando si valutano le opzioni per il rifinanziamento o la ristrutturazione del debito, le organizzazioni traggono vantaggio da ricerche aggiornate sulle tendenze dei tassi di interesse, sui mercati del credito e sugli strumenti di debito.&nbsp;<\/span><\/p>\n\n\n\n<p><b>Valutazione delle opportunit\u00e0 di investimento:<\/b><\/p>\n\n\n\n<p><span style=\"font-weight: 400;\">Prima di effettuare investimenti, siano essi nei mercati finanziari, immobiliari o in altre classi di attivit\u00e0, le organizzazioni conducono ricerche per valutare i potenziali rendimenti e i rischi associati alle opzioni di investimento.<\/span><\/p>\n\n\n\n<p><b>Risposta alla crisi finanziaria: <\/b><\/p>\n\n\n\n<p><span style=\"font-weight: 400;\">Durante le crisi finanziarie o le recessioni economiche, le organizzazioni possono intensificare i propri sforzi di ricerca. Ci\u00f2 consente loro di adattarsi alle condizioni di mercato in rapida evoluzione, garantire liquidit\u00e0 e prendere decisioni informate per affrontare tempi difficili.<\/span><\/p>\n\n\n\n<p><b>Revisioni finanziarie trimestrali e annuali: <\/b><\/p>\n\n\n\n<p><span style=\"font-weight: 400;\">Le regolari ricerche di mercato della tesoreria aziendale possono essere integrate nelle revisioni finanziarie trimestrali o annuali. Garantisce che le strategie finanziarie rimangano allineate alle condizioni di mercato in evoluzione e agli obiettivi organizzativi.<\/span><\/p>\n\n\n\n<h2 class=\"wp-block-heading\"><strong>In che modo la ricerca di mercato sulla tesoreria aziendale differisce dalla ricerca di mercato tradizionale<\/strong><\/h2>\n\n\n\n<p><span style=\"font-weight: 400;\">La ricerca di mercato sulla tesoreria aziendale si concentra principalmente sui mercati e sugli strumenti finanziari. Approfondisce aree come i tassi di interesse, i tassi di cambio, i mercati del credito e i derivati finanziari. Al contrario, la ricerca di mercato tradizionale si concentra spesso sul comportamento dei consumatori, sulle preferenze dei prodotti e sulle tendenze del mercato.<\/span><\/p>\n\n\n\n<p><span style=\"font-weight: 400;\">Inoltre, la ricerca sulla tesoreria aziendale pone un\u2019enfasi significativa sulla valutazione e gestione del rischio. Cerca di identificare e mitigare i rischi finanziari, inclusi il rischio di tasso di interesse, il rischio di credito e il rischio valutario. La ricerca di mercato tradizionale si concentra tipicamente sull\u2019identificazione delle opportunit\u00e0 e delle preferenze dei consumatori piuttosto che sulla gestione del rischio.<\/span><\/p>\n\n\n\n<p><span style=\"font-weight: 400;\">Nella ricerca sulla tesoreria aziendale, gli strumenti finanziari come obbligazioni, derivati e strumenti del mercato monetario vengono ampiamente valutati per la loro idoneit\u00e0 nel portafoglio finanziario di un&#039;organizzazione. La ricerca di mercato tradizionale non prevede tali valutazioni.<\/span><\/p>\n\n\n\n<h2 class=\"wp-block-heading\"><strong>Aspettatevi risultati dalle ricerche di mercato sulla tesoreria aziendale<\/strong><\/h2>\n\n\n\n<p><span style=\"font-weight: 400;\">Le ricerche di mercato sulla tesoreria aziendale forniscono alle organizzazioni informazioni preziose e vantaggi strategici nella gestione delle operazioni finanziarie. Ecco cosa possono aspettarsi le aziende dall&#039;impegno nelle ricerche di mercato sulla tesoreria aziendale:<\/span><\/p>\n\n\n\n<p><b>Riduzione dei costi:<\/b><span style=\"font-weight: 400;\">&nbsp;<\/span><\/p>\n\n\n\n<p><span style=\"font-weight: 400;\">Effective corporate treasury research can lead to cost reduction. By managing financial risk efficiently and optimizing financial operations, organizations can reduce borrowing costs, lower interest expenses, and minimize <a href=\"https:\/\/www.sisinternational.com\/it\/competenza\/industrie\/ricerche-di-mercato-sulla-perdita-delludito\/\" title=\"Ricerche di mercato sulla perdita dell\u2019udito\u00a0 \u00a0\"  data-wpil-monitor-id=\"6818\">losses due to adverse market<\/a> movements.<\/span><\/p>\n\n\n\n<p><b>Vantaggio competitivo:&nbsp;<\/b><\/p>\n\n\n\n<p><span style=\"font-weight: 400;\">Le organizzazioni che si impegnano in ricerche di mercato complete sulla tesoreria aziendale ottengono un vantaggio competitivo. Possono rispondere rapidamente alle mutevoli condizioni del mercato, sfruttare opportunit\u00e0 favorevoli e affrontare le sfide finanziarie in modo efficace. Questa agilit\u00e0 li distingue dalla concorrenza.<\/span><\/p>\n\n\n\n<p><b>Pianificazione strategica:<\/b><span style=\"font-weight: 400;\">&nbsp;<\/span><\/p>\n\n\n\n<p><span style=\"font-weight: 400;\">La ricerca sulla tesoreria aziendale guida le decisioni finanziarie a lungo termine e garantisce che gli obiettivi finanziari siano in linea con obiettivi organizzativi pi\u00f9 ampi. Aiuta a tracciare un percorso finanziario sostenibile e orientato alla crescita.<\/span><\/p>\n\n\n\n<p><b>Processo decisionale basato sui dati:<\/b><span style=\"font-weight: 400;\">&nbsp;<\/span><\/p>\n\n\n\n<p><span style=\"font-weight: 400;\">In un\u2019era di processi decisionali basati sui dati, le ricerche di mercato sulla tesoreria aziendale forniscono i dati e le analisi necessari per scelte informate. Consente alle organizzazioni di basare le proprie decisioni finanziarie su prove empiriche piuttosto che sull\u2019intuizione.<\/span><\/p>\n\n\n\n<p><b>Resilienza migliorata:<\/b><span style=\"font-weight: 400;\">&nbsp;<\/span><\/p>\n\n\n\n<p><span style=\"font-weight: 400;\">Identificando potenziali vulnerabilit\u00e0 finanziarie e affrontandole attraverso la ricerca sulla tesoreria, le organizzazioni migliorano la loro resilienza finanziaria. Questa resilienza consente loro di resistere alle recessioni economiche e alle sfide inaspettate.<\/span><\/p>\n\n\n\n<h2 class=\"wp-block-heading\"><strong>Opportunit\u00e0 nel mercato della tesoreria aziendale&nbsp;<\/strong><\/h2>\n\n\n\n<figure class=\"gb-block-image gb-block-image-862f61bb\"><img loading=\"lazy\" decoding=\"async\" width=\"1456\" height=\"816\" class=\"gb-image gb-image-862f61bb\" src=\"https:\/\/www.sisinternational.com\/wp-content\/uploads\/2025\/08\/CEO-CIO-manager-8.jpg\" alt=\"Ricerca e strategia di mercato internazionale SIS\" title=\"CEO CIO manager (8)\" srcset=\"https:\/\/www.sisinternational.com\/wp-content\/uploads\/2025\/08\/CEO-CIO-manager-8.jpg 1456w, https:\/\/www.sisinternational.com\/wp-content\/uploads\/2025\/08\/CEO-CIO-manager-8-300x168.jpg 300w, https:\/\/www.sisinternational.com\/wp-content\/uploads\/2025\/08\/CEO-CIO-manager-8-1024x574.jpg 1024w, https:\/\/www.sisinternational.com\/wp-content\/uploads\/2025\/08\/CEO-CIO-manager-8-768x430.jpg 768w, https:\/\/www.sisinternational.com\/wp-content\/uploads\/2025\/08\/CEO-CIO-manager-8-18x10.jpg 18w\" sizes=\"auto, (max-width: 1456px) 100vw, 1456px\"><\/figure>\n\n\n\n<p><\/p>\n\n\n\n<p><span style=\"font-weight: 400;\">Nel panorama in continua evoluzione della tesoreria aziendale, emergono diverse opportunit\u00e0 per le aziende per rafforzare la propria posizione finanziaria, migliorare la gestione della liquidit\u00e0 e ottimizzare le operazioni di tesoreria. Riconoscere e sfruttare queste opportunit\u00e0 pu\u00f2 portare a una maggiore stabilit\u00e0 e resilienza finanziaria.&nbsp;<\/span><\/p>\n\n\n\n<p><b> \u2022 Espansione globale:<\/b><span style=\"font-weight: 400;\"> Per le aziende che desiderano espandersi a livello globale, sono essenziali operazioni di tesoreria efficienti. L\u2019espansione in nuovi mercati spesso comporta la gestione di pi\u00f9 valute, requisiti normativi e sistemi di pagamento. Le tesorerie aziendali possono esplorare soluzioni di tesoreria globali che semplificano le transazioni transfrontaliere, mitigano il rischio valutario e garantiscono la conformit\u00e0 alle normative locali.<\/span><\/p>\n\n\n\n<p><b> \u2022 Finanza Sostenibile: <\/b><span style=\"font-weight: 400;\">L\u2019ascesa della finanza sostenibile offre alle aziende l\u2019opportunit\u00e0 di allineare le proprie operazioni di tesoreria agli obiettivi ambientali, sociali e di governance (ESG). Le aziende possono emettere obbligazioni verdi, esplorare opzioni di finanziamento sostenibili e investire in prodotti finanziari legati ai fattori ESG. Integrare la sostenibilit\u00e0 nelle pratiche di tesoreria pu\u00f2 migliorare la reputazione aziendale e l\u2019accesso al capitale.<\/span><\/p>\n\n\n\n<p><b> \u2022 Partenariati strategici: <\/b><span style=\"font-weight: 400;\">La collaborazione con istituzioni finanziarie e fornitori di tecnologia pu\u00f2 sbloccare l\u2019accesso a soluzioni e competenze di tesoreria innovative. Le aziende possono esplorare partnership strategiche per accedere a tecnologie all&#039;avanguardia, prodotti finanziari e approfondimenti di mercato.<\/span><\/p>\n\n\n\n<h2 class=\"wp-block-heading\"><strong>Sfide della ricerca di mercato sulla tesoreria aziendale&nbsp;<\/strong><\/h2>\n\n\n\n<p><span style=\"font-weight: 400;\">Sebbene esistano numerose opportunit\u00e0 nel mercato della tesoreria aziendale, le aziende devono anche affrontare varie sfide che possono incidere sulla loro stabilit\u00e0 finanziaria e sui processi decisionali. Comprendere e affrontare queste sfide \u00e8 essenziale per mantenere una funzione di tesoreria aziendale resiliente.&nbsp;<\/span><\/p>\n\n\n\n<p><b> \u2022 Volatilit\u00e0 del mercato: <\/b><span style=\"font-weight: 400;\">Le tesorerie aziendali spesso operano in un ambiente finanziario globale dinamico in cui la volatilit\u00e0 del mercato \u00e8 una preoccupazione costante. Le fluttuazioni dei tassi di cambio, dei tassi di interesse e dei prezzi delle materie prime possono influenzare i flussi di cassa e la stabilit\u00e0 finanziaria. Le aziende devono sviluppare solide strategie di gestione del rischio per mitigare l\u2019impatto della volatilit\u00e0 del mercato.<\/span><\/p>\n\n\n\n<p><b> \u2022 Complessit\u00e0 normativa: <\/b><span style=\"font-weight: 400;\">Le normative finanziarie sono in continua evoluzione e le aziende devono rimanere conformi ai vari quadri normativi nelle diverse giurisdizioni. L&#039;adesione ai requisiti antiriciclaggio (AML) e alla conoscenza del cliente (KYC), nonch\u00e9 alle normative fiscali, aggiunge complessit\u00e0 alle operazioni di tesoreria. La non conformit\u00e0 pu\u00f2 comportare sanzioni finanziarie e danni alla reputazione.<\/span><\/p>\n\n\n\n<p><b>\u2022 Gestione della liquidit\u00e0:<\/b> Gestire la liquidit\u00e0 in modo efficiente \u00e8 una sfida costante per i tesorieri aziendali. Mantenere il giusto livello di liquidit\u00e0 per soddisfare le esigenze operative ottimizzando al tempo stesso l\u2019utilizzo della liquidit\u00e0 \u00e8 un equilibrio delicato. Una liquidit\u00e0 inadeguata pu\u00f2 portare alla perdita di opportunit\u00e0, mentre la liquidit\u00e0 in eccesso pu\u00f2 incidere sui rendimenti dei fondi inattivi.<\/p>\n\n\n\n<h2 class=\"wp-block-heading\"><strong>Ruolo delle ricerche di mercato nella tesoreria aziendale<\/strong><\/h2>\n\n\n\n<p><span style=\"font-weight: 400;\">La trasparenza del mercato \u00e8 aumentata nel mondo post-Dodd-Frank di oggi. L\u2019aspettativa \u00e8 che le banche inizieranno presto a far pagare tutte le ricerche sulle asset class. L\u2019effetto sulla tesoreria aziendale \u00e8 che le aziende dovranno iniziare a pagare per la ricerca oppure dovranno farlo da sole. Quest\u2019ultima opzione \u00e8 realistica solo per le aziende pi\u00f9 grandi. L&#039;outsourcing a una societ\u00e0 di ricerche di mercato consente alle aziende di effettuare le proprie segnalazioni normative a un prezzo accessibile. Possono farlo senza dover sacrificare tempo e risorse umane.<\/span><\/p>\n\n\n\n<h2 class=\"wp-block-heading\">La nostra sede a New York<\/h2>\n\n\n\n<p>  <iframe loading=\"lazy\" src=\"https:\/\/www.google.com\/maps\/embed?pb=!1m18!1m12!1m3!1d3022.976188376966!2d-73.99130312499956!3d40.740549471389315!2m3!1f0!2f0!3f0!3m2!1i1024!2i768!4f13.1!3m3!1m2!1s0x89c259a15798c731%3A0xd695d09bdd495f25!2s11%20E%2022nd%20St%20FL%202%2C%20New%20York%2C%20NY%2010010%2C%20USA!5e0!3m2!1sen!2spe!4v1726171763526!5m2!1sen!2spe\" width=\"600\" height=\"450\" allowfullscreen=\"allowfullscreen\" data-mce-fragment=\"1\"><\/iframe>  <\/p>\n\n\n\n<h3 class=\"wp-block-heading\">11 E 22nd Street, piano 2, New York, NY 10010 T: +1(212) 505-6805<\/h3>\n\n\n\n<hr class=\"wp-block-separator has-alpha-channel-opacity\"\/>\n\n\n\n<h2 class=\"wp-block-heading\"><span style=\"font-weight: 400;\">A proposito di SIS Internazionale<\/span><\/h2>\n\n\n\n<p><a href=\"https:\/\/www.sisinternational.com\/it\/\"><span style=\"font-weight: 400;\">SIS Internazionale<\/span><\/a><span style=\"font-weight: 400;\"> offre ricerca quantitativa, qualitativa e strategica. Forniamo dati, strumenti, strategie, report e approfondimenti per il processo decisionale. Conduciamo anche interviste, sondaggi, focus group e altri metodi e approcci di ricerca di mercato.<\/span><a href=\"https:\/\/www.sisinternational.com\/it\/sulla-sua-ricerca-internazionale\/contact-sis-international-market-research\/\"><span style=\"font-weight: 400;\"> Contattaci<\/span><\/a><span style=\"font-weight: 400;\"> per il tuo prossimo progetto di ricerca di mercato.<\/span><\/p>","protected":false},"excerpt":{"rendered":"<p>Discover how Market Research can boost your organization&#8217;s performance.<\/p>","protected":false},"author":1,"featured_media":64070,"parent":27462,"menu_order":19,"comment_status":"closed","ping_status":"closed","template":"","meta":{"footnotes":""},"class_list":["post-31324","page","type-page","status-publish","has-post-thumbnail"],"_links":{"self":[{"href":"https:\/\/www.sisinternational.com\/it\/wp-json\/wp\/v2\/pages\/31324","targetHints":{"allow":["GET"]}}],"collection":[{"href":"https:\/\/www.sisinternational.com\/it\/wp-json\/wp\/v2\/pages"}],"about":[{"href":"https:\/\/www.sisinternational.com\/it\/wp-json\/wp\/v2\/types\/page"}],"author":[{"embeddable":true,"href":"https:\/\/www.sisinternational.com\/it\/wp-json\/wp\/v2\/users\/1"}],"replies":[{"embeddable":true,"href":"https:\/\/www.sisinternational.com\/it\/wp-json\/wp\/v2\/comments?post=31324"}],"version-history":[{"count":11,"href":"https:\/\/www.sisinternational.com\/it\/wp-json\/wp\/v2\/pages\/31324\/revisions"}],"predecessor-version":[{"id":80628,"href":"https:\/\/www.sisinternational.com\/it\/wp-json\/wp\/v2\/pages\/31324\/revisions\/80628"}],"up":[{"embeddable":true,"href":"https:\/\/www.sisinternational.com\/it\/wp-json\/wp\/v2\/pages\/27462"}],"wp:featuredmedia":[{"embeddable":true,"href":"https:\/\/www.sisinternational.com\/it\/wp-json\/wp\/v2\/media\/64070"}],"wp:attachment":[{"href":"https:\/\/www.sisinternational.com\/it\/wp-json\/wp\/v2\/media?parent=31324"}],"curies":[{"name":"wp","href":"https:\/\/api.w.org\/{rel}","templated":true}]}}