{"id":31308,"date":"2019-03-23T23:55:17","date_gmt":"2019-03-23T23:55:17","guid":{"rendered":"https:\/\/www.sisinternational.com\/?page_id=31308"},"modified":"2026-01-25T19:27:52","modified_gmt":"2026-01-26T00:27:52","slug":"ricerche-di-mercato-nel-settore-bancario-al-dettaglio","status":"publish","type":"page","link":"https:\/\/www.sisinternational.com\/it\/soluzioni\/ricerca-di-consulenza-strategica-fintech\/ricerche-di-mercato-nel-settore-bancario-al-dettaglio\/","title":{"rendered":"Ricerche di mercato sui servizi bancari al dettaglio"},"content":{"rendered":"<h1 class=\"gb-headline gb-headline-1ec0a759 gb-headline-text\">Ricerche di mercato sui servizi bancari al dettaglio<\/h1>\n\n\n\n<figure class=\"gb-block-image gb-block-image-7a1522d2\"><img loading=\"lazy\" decoding=\"async\" width=\"1456\" height=\"816\" class=\"gb-image gb-image-7a1522d2\" src=\"https:\/\/www.sisinternational.com\/wp-content\/uploads\/2025\/08\/Bank-6-1.jpg\" alt=\"Ricerca e strategia di mercato internazionale SIS\" title=\"Bank (6)\" srcset=\"https:\/\/www.sisinternational.com\/wp-content\/uploads\/2025\/08\/Bank-6-1.jpg 1456w, https:\/\/www.sisinternational.com\/wp-content\/uploads\/2025\/08\/Bank-6-1-300x168.jpg 300w, https:\/\/www.sisinternational.com\/wp-content\/uploads\/2025\/08\/Bank-6-1-1024x574.jpg 1024w, https:\/\/www.sisinternational.com\/wp-content\/uploads\/2025\/08\/Bank-6-1-768x430.jpg 768w, https:\/\/www.sisinternational.com\/wp-content\/uploads\/2025\/08\/Bank-6-1-18x10.jpg 18w\" sizes=\"auto, (max-width: 1456px) 100vw, 1456px\"><\/figure>\n\n\n\n<hr class=\"wp-block-separator has-alpha-channel-opacity is-style-dots\"\/>\n\n\n\n<p><span style=\"font-weight: 400;\">Retail banking has mass-market appeal. It is also known as consumer banking. Under this model, the local branches of large commercial banks set up special units to meet the needs of their clients. <a href=\"https:\/\/www.sisinternational.com\/it\/mystery-shopping-for-retail\/\" title=\"Mystery Shopping for Retail\"  data-wpil-monitor-id=\"1228\">Retail banking<\/a> units are designed to be the one-stop shop for as many financial services as possible.<\/span><\/p>\n\n\n\n<h2 class=\"wp-block-heading\"><strong>Cos\u2019\u00e8 la ricerca di mercato nel settore bancario al dettaglio?<\/strong><\/h2>\n\n\n\n<p><span style=\"font-weight: 400;\">Vedere al dettaglio <a href=\"https:\/\/sisaisolutions.com\/application-of-ai-in-banking\/\" target=\"_blank\" rel=\"noopener\">banking market research<\/a> analyzes consumer behaviors, market trends, and the competitive landscape, aiming to furnish stakeholders with profound insights of the retail market. It delves deep into customer satisfaction metrics, service delivery efficiency, and the burgeoning suite of financial products, ensuring that banks are proactive in their market strategies<\/span><\/p>\n\n\n\n<h2 class=\"wp-block-heading\"><strong>Perch\u00e9 le aziende hanno bisogno di ricerche di mercato sui servizi bancari al dettaglio<\/strong><\/h2>\n\n\n\n<p><span style=\"font-weight: 400;\"><a href=\"https:\/\/www.sisinternational.com\/it\/ricerche-di-mercato-intelligenti-al-dettaglio\/\" title=\"Ricerche di mercato sulla vendita al dettaglio intelligente\" data-wpil-monitor-id=\"2540\">Retail banking market research<\/a> is instrumental in risk management. This <a href=\"https:\/\/www.sisinternational.com\/it\/copertura\/le-americhe\/ricerche-di-mercato-canadesi\/ricerche-di-mercato-nel-new-brunswick-canada\/\" title=\"Ricerche di mercato nel New Brunswick, Canada\" data-wpil-monitor-id=\"4018\">research offers insights into market<\/a> trends, potential threats, and opportunities, allowing banks to position themselves in a way that balances risk and return effectively.<\/span><\/p>\n\n\n\n<p><span style=\"font-weight: 400;\">It is also key in product development and innovation. <a href=\"https:\/\/www.sisinternational.com\/it\/mercato-al-dettaglio-asiatico\/\" title=\"Ricerche sul mercato al dettaglio asiatico\" data-wpil-monitor-id=\"2664\">Retail banking market research<\/a> provides a clear understanding of customer needs and preferences, driving the development of products and services that exceed customer expectations. It&#8217;s about aligning innovation with market demand, ensuring that every new offering is a strategic step towards greater market share and customer loyalty.<\/span><\/p>\n\n\n\n<p><span style=\"font-weight: 400;\">Furthermore, retail <a href=\"https:\/\/www.sisinternational.com\/it\/aggiornamento-sulle-tendenze-del-settore-bancario-e-finanziario-islamico\/\" title=\"Ricerche di mercato nel settore bancario islamico\" data-wpil-monitor-id=\"2857\">banking market research<\/a> provides a granular view of customer satisfaction, loyalty drivers, and switching behaviors, enabling banks to craft targeted strategies that bolster customer retention and attract new clients.<\/span><\/p>\n\n\n\n<h2 class=\"wp-block-heading\"><strong>Funzioni del Retail Banking<\/strong><\/h2>\n\n\n\n<figure class=\"gb-block-image gb-block-image-b6ce74af\"><img loading=\"lazy\" decoding=\"async\" width=\"1456\" height=\"816\" class=\"gb-image gb-image-b6ce74af\" src=\"https:\/\/www.sisinternational.com\/wp-content\/uploads\/2025\/08\/Bank-9-1.jpg\" alt=\"Ricerca e strategia di mercato internazionale SIS\" title=\"Bank (9)\" srcset=\"https:\/\/www.sisinternational.com\/wp-content\/uploads\/2025\/08\/Bank-9-1.jpg 1456w, https:\/\/www.sisinternational.com\/wp-content\/uploads\/2025\/08\/Bank-9-1-300x168.jpg 300w, https:\/\/www.sisinternational.com\/wp-content\/uploads\/2025\/08\/Bank-9-1-1024x574.jpg 1024w, https:\/\/www.sisinternational.com\/wp-content\/uploads\/2025\/08\/Bank-9-1-768x430.jpg 768w, https:\/\/www.sisinternational.com\/wp-content\/uploads\/2025\/08\/Bank-9-1-18x10.jpg 18w\" sizes=\"auto, (max-width: 1456px) 100vw, 1456px\"><\/figure>\n\n\n\n<p><\/p>\n\n\n\n<p><span style=\"font-weight: 400;\">Le tre funzioni principali dell\u2019attivit\u00e0 bancaria al dettaglio sono:<\/span><\/p>\n\n\n\n<ol class=\"wp-block-list\">\n<li><b>Per prestare denaro: <\/b><span style=\"font-weight: 400;\">Le unit\u00e0 bancarie al dettaglio offrono mutui e altri tipi di prestiti ai propri clienti<\/span><\/li>\n\n\n\n<li><b>Per accettare depositi:<\/b><span style=\"font-weight: 400;\"> Un&#039;unit\u00e0 bancaria al dettaglio \u00e8 un luogo sicuro per coloro che desiderano depositare i propri risparmi<\/span><\/li>\n\n\n\n<li><b>Per gestire i fondi:<\/b><span style=\"font-weight: 400;\"> Il settore bancario al dettaglio offre ai clienti diversi tipi di conti e carte. Questi strumenti danno loro il controllo della loro spesa<\/span><\/li>\n<\/ol>\n\n\n\n<h2 class=\"wp-block-heading\"><strong>Caratteristiche del Retail Banking<\/strong><\/h2>\n\n\n\n<p><span style=\"font-weight: 400;\">Il settore bancario al dettaglio \u00e8 dedicato ai prodotti di servizi finanziari. Questi prodotti includono conti correnti e di risparmio, strumenti del mercato monetario e prestiti per la casa e le imprese. Questo tipo di attivit\u00e0 bancaria si concentra sulle esigenze dei consumatori. I titolari di conti individuali ricevono pi\u00f9 attenzione rispetto ai clienti commerciali. Il settore bancario al dettaglio utilizza anche l&#039;interno e l&#039;esterno delle filiali per promuovere e effettuare vendite incrociate di servizi.<\/span><\/p>\n\n\n\n<h2 class=\"wp-block-heading\"><strong>Obiettivi del Retail Banking<\/strong><\/h2>\n\n\n\n<p><span style=\"font-weight: 400;\"><a href=\"https:\/\/www.sisinternational.com\/it\/vendita-al-dettaglio-fisica-e-rivoluzione-mobile\/\" title=\"Ricerche di mercato sulla vendita al dettaglio di dispositivi mobili\" data-wpil-monitor-id=\"2665\">Retail banking adapts services to meet consumer<\/a> needs. For example, most banks are parties to the Zelle cash app. This app enables consumers to transfer funds to their peers in a few clicks. It is a quick, convenient way to make payments, and is very popular among retail banking customers. <\/span><\/p>\n\n\n\n<p><span style=\"font-weight: 400;\">Il retail banking cerca inoltre di soddisfare tutte le esigenze bancarie dei clienti. Le banche cercano di fidelizzare i clienti offrendo loro gli stessi prodotti e servizi dei concorrenti.<\/span><\/p>\n\n\n\n<h2 class=\"wp-block-heading\"><strong>Vantaggi del Retail Banking<\/strong><\/h2>\n\n\n\n<p><span style=\"font-weight: 400;\">Il vantaggio principale dell&#039;attivit\u00e0 bancaria al dettaglio \u00e8 che aumenta l&#039;attivit\u00e0 di una banca. Aiuta anche a migliorare il riconoscimento del marchio. Un altro vantaggio \u00e8 che i consumatori al dettaglio non minacciano la solvibilit\u00e0 di una banca. I prestiti al dettaglio raramente mettono a dura prova i bilanci delle banche. Il terzo vantaggio \u00e8 che i clienti al dettaglio tendono ad avere una maggiore fedelt\u00e0 alla marca. Una volta che la banca fornisce un eccellente servizio clienti e i suoi fondi sono al sicuro, non cambieranno. Invece, continueranno ad essere clienti fedeli per anni.<\/span><\/p>\n\n\n\n<h2 class=\"wp-block-heading\"><strong>Chi utilizza le ricerche di mercato del settore bancario al dettaglio<\/strong><\/h2>\n\n\n\n<p><span style=\"font-weight: 400;\"><a href=\"https:\/\/www.sisinternational.com\/it\/soluzioni\/soluzioni-di-branding-e-ricerca-clienti\/ricerche-di-mercato-al-dettaglio\/\" title=\"Ricerche di mercato al dettaglio | Ricerche di mercato in negozio\" data-wpil-monitor-id=\"6727\">Retail banking market research<\/a> is a crucial tool that serves a diverse array of stakeholders within the financial ecosystem. Its comprehensive insights and strategic implications extend far beyond a bank\u2019s executive boardroom.<\/span><\/p>\n\n\n\n<p><b>Istituzioni finanziarie<\/b><span style=\"font-weight: 400;\"> sono i principali benefattori delle ricerche di mercato sui servizi bancari al dettaglio. Per queste entit\u00e0, le intuizioni raccolte dalla ricerca sono risorse strategiche che informano le decisioni critiche. Dai dirigenti di alto livello che formulano strategie aziendali ai product manager che progettano il prossimo grande prodotto finanziario, questa ricerca fornisce una base di conoscenza che guida le azioni e modella il futuro dei servizi bancari.<\/span><\/p>\n\n\n\n<p><b>Responsabili della gestione del rischio e della conformit\u00e0<\/b><span style=\"font-weight: 400;\"> also find great value in <a href=\"https:\/\/www.sisinternational.com\/it\/competenza\/industrie\/chief-information-officer-cio-ricerche-di-mercato\/\" title=\"Ricerca di mercato del Chief Information Officer (CIO).\" data-wpil-monitor-id=\"5673\">ricerche di mercato nel settore bancario al dettaglio<\/a>. The financial sector is fraught with risks ranging from credit defaults to regulatory non-compliance. This <a href=\"https:\/\/www.sisinternational.com\/it\/soluzioni\/innovazione\/ricerche-di-mercato-sulla-genetica\/\" title=\"Ricerche di mercato sulla genetica\" data-wpil-monitor-id=\"5028\">ricerca<\/a> offers a panoramic view of the market landscape, helping these professionals anticipate and mitigate risks before they materialize into significant threats.<\/span><\/p>\n\n\n\n<p><span style=\"font-weight: 400;\">Inoltre, <\/span><b>dipartimenti di assistenza clienti<\/b><span style=\"font-weight: 400;\"> utilizzare le informazioni provenienti dalle ricerche di mercato dei servizi bancari al dettaglio per migliorare l&#039;esperienza del cliente. Comprendendo le esigenze, i punti critici e i fattori di soddisfazione dei clienti, questi dipartimenti possono perfezionare la fornitura dei servizi, garantendo che ogni interazione con il cliente sia efficiente e piacevole.<\/span><\/p>\n\n\n\n<p><span style=\"font-weight: 400;\">Da ultimo, <\/span><b>aziende fintech e startup<\/b><span style=\"font-weight: 400;\"> sfruttare questa ricerca per ritagliarsi la propria nicchia nel settore dei servizi finanziari. Comprendendo le lacune e le opportunit\u00e0 del mercato, questi innovatori possono sviluppare soluzioni che rispondono alle esigenze insoddisfatte dei clienti, rivoluzionando e facendo avanzare il settore.<\/span><\/p>\n\n\n\n<h2 class=\"wp-block-heading\"><strong>Come vengono condotte le ricerche di mercato nel settore bancario al dettaglio?<\/strong><\/h2>\n\n\n\n<p><b>Metodi di ricerca quantitativa<\/b><span style=\"font-weight: 400;\"> are a cornerstone of <a href=\"https:\/\/www.sisinternational.com\/it\/copertura\/ricerche-di-mercato-asiatiche\/ricerche-di-mercato-samoa\/\" title=\"Ricerche di mercato a Samoa\" data-wpil-monitor-id=\"4045\">retail banking<\/a> market research. Surveys and questionnaires are extensively used to collect a vast amount of data directly from customers. This data is statistically analyzed to understand customer preferences, behaviors, and trends on a broad scale.<\/span><\/p>\n\n\n\n<p><b>D&#039;altra parte, metodi di ricerca qualitativa<\/b><span style=\"font-weight: 400;\"> aggiungere profondit\u00e0 alle informazioni raccolte. Tecniche come focus group e interviste approfondite offrono una comprensione sfumata degli atteggiamenti, delle motivazioni e dei sentimenti dei clienti. Queste informazioni sono particolarmente preziose per comprendere il &quot;perch\u00e9&quot; dietro i comportamenti dei clienti, fornendo un ricco contesto ai dati quantitativi.<\/span><\/p>\n\n\n\n<p><b>Segmentazione del mercato<\/b><span style=\"font-weight: 400;\"> \u00e8 un altro aspetto critico della ricerca di mercato dei servizi bancari al dettaglio. Questo approccio prevede la divisione del mercato pi\u00f9 ampio in segmenti pi\u00f9 piccoli sulla base di determinati criteri quali fattori demografici, geografici, psicografici e comportamentali. Consente alle banche di personalizzare i propri prodotti, servizi e sforzi di marketing per soddisfare le esigenze specifiche di ciascun segmento, garantendo maggiore rilevanza e coinvolgimento.<\/span><\/p>\n\n\n\n<p><b>Analisi dei concorrenti<\/b><span style=\"font-weight: 400;\"> \u00e8 parte integrante di questa ricerca. Implica la valutazione delle strategie, dei prodotti, dei servizi, dei punti di forza e dei punti deboli dei concorrenti. Questa analisi fornisce alle banche una visione comparativa del mercato, aiutandole a identificare opportunit\u00e0 di differenziazione e vantaggio strategico.<\/span><\/p>\n\n\n\n<h2 class=\"wp-block-heading\"><strong>Expected Results from Retail Banking Market Research.<\/strong><\/h2>\n\n\n\n<p><b> \u2022 Comprehensive&nbsp; Market Understanding: <\/b><span style=\"font-weight: 400;\">La ricerca di mercato nel settore bancario al dettaglio offre una visione panoramica del panorama del mercato. Ci\u00f2 comprende le dimensioni del mercato, le tendenze di crescita e i fattori chiave, dipingendo un quadro completo dello scenario di mercato attuale e delle sue potenziali direzioni future.<\/span><\/p>\n\n\n\n<p><b> \u2022 Analisi competitiva approfondita:<\/b><span style=\"font-weight: 400;\"> La ricerca di mercato nel settore bancario al dettaglio analizza meticolosamente l\u2019ambiente competitivo. Evidenzia le strategie, le offerte di prodotti e il posizionamento sul mercato dei principali attori, offrendo approfondimenti sui loro punti di forza e di debolezza. Questa intelligenza competitiva \u00e8 fondamentale affinch\u00e9 le banche possano ritagliarsi una nicchia e restare all\u2019avanguardia nel gioco.<\/span><\/p>\n\n\n\n<p><b> \u2022 Ottimizzazione di prodotti e servizi:<\/b><span style=\"font-weight: 400;\"> Le imprese possono aspettarsi che questa ricerca faccia luce sull\u2019efficacia e sull\u2019accoglienza di vari prodotti e servizi bancari. Identifica le lacune nelle offerte attuali e individua le opportunit\u00e0 di innovazione, guidando le banche nel perfezionamento del proprio portafoglio prodotti per soddisfare meglio le esigenze dei clienti.<\/span><\/p>\n\n\n\n<p><b> \u2022 Conformit\u00e0 normativa e impatto:<\/b><span style=\"font-weight: 400;\"> Poich\u00e9 il settore bancario \u00e8 uno dei settori pi\u00f9 regolamentati, questa ricerca offre approfondimenti sui cambiamenti normativi e sul loro potenziale impatto sul mercato. Comprendere queste dinamiche normative \u00e8 fondamentale affinch\u00e9 le banche garantiscano la conformit\u00e0 e adattino di conseguenza le proprie strategie.<\/span><\/p>\n\n\n\n<h2 class=\"wp-block-heading\"><strong>Tendenze attuali nelle ricerche di mercato dei servizi bancari al dettaglio<\/strong><\/h2>\n\n\n\n<figure class=\"gb-block-image gb-block-image-cd7ec263\"><img loading=\"lazy\" decoding=\"async\" width=\"1456\" height=\"816\" class=\"gb-image gb-image-cd7ec263\" src=\"https:\/\/www.sisinternational.com\/wp-content\/uploads\/2025\/09\/Quantitative-research-12.jpg\" alt=\"Ricerca e strategia di mercato internazionale SIS\" title=\"Quantitative research (12)\" srcset=\"https:\/\/www.sisinternational.com\/wp-content\/uploads\/2025\/09\/Quantitative-research-12.jpg 1456w, https:\/\/www.sisinternational.com\/wp-content\/uploads\/2025\/09\/Quantitative-research-12-300x168.jpg 300w, https:\/\/www.sisinternational.com\/wp-content\/uploads\/2025\/09\/Quantitative-research-12-1024x574.jpg 1024w, https:\/\/www.sisinternational.com\/wp-content\/uploads\/2025\/09\/Quantitative-research-12-768x430.jpg 768w, https:\/\/www.sisinternational.com\/wp-content\/uploads\/2025\/09\/Quantitative-research-12-18x10.jpg 18w\" sizes=\"auto, (max-width: 1456px) 100vw, 1456px\"><\/figure>\n\n\n\n<p><\/p>\n\n\n\n<p><span style=\"font-weight: 400;\">La ricerca di mercato nel settore bancario al dettaglio \u00e8 in continua evoluzione. Pertanto, comprendere queste tendenze \u00e8 fondamentale affinch\u00e9 le banche e gli istituti finanziari rimangano competitivi e rilevanti.&nbsp;<\/span><\/p>\n\n\n\n<p><b> \u2022 Trasformazione digitale:<\/b><span style=\"font-weight: 400;\"> C\u2019\u00e8 una crescente attenzione sulla comprensione dell\u2019adozione del digital banking, dell\u2019esperienza dell\u2019utente sulle piattaforme digitali e dell\u2019integrazione di tecnologie come l\u2019intelligenza artificiale e la blockchain. La ricerca sta indagando su come queste tecnologie possano ottimizzare le operazioni, migliorare l\u2019esperienza del cliente e aprire nuovi flussi di entrate.<\/span><\/p>\n\n\n\n<p><b> \u2022 Esperienza del cliente e personalizzazione: <\/b><span style=\"font-weight: 400;\">Le banche riconoscono sempre pi\u00f9 l\u2019importanza dell\u2019esperienza del cliente come elemento chiave di differenziazione. La ricerca di mercato nel settore bancario al dettaglio si concentra sulla comprensione del percorso dei clienti, dei punti critici e delle aspettative dei servizi bancari.<\/span><\/p>\n\n\n\n<p><b> \u2022 Sostenibilit\u00e0 e responsabilit\u00e0 sociale:<\/b><span style=\"font-weight: 400;\"> C&#039;\u00e8 una tendenza crescente nella comprensione dell&#039;impatto dei servizi bancari sulla societ\u00e0 e sull&#039;ambiente. La ricerca di mercato sta esplorando l\u2019atteggiamento dei clienti nei confronti delle pratiche bancarie sostenibili e il modo in cui le banche possono allineare le proprie operazioni con obiettivi sociali e ambientali pi\u00f9 ampi.<\/span><\/p>\n\n\n\n<p><b> \u2022 Fintech e disruption: <\/b><span style=\"font-weight: 400;\">L\u2019ascesa delle societ\u00e0 fintech ha sconvolto il modello bancario tradizionale. La ricerca di mercato dei servizi bancari al dettaglio sta osservando attentamente questa tendenza, analizzando il panorama competitivo e valutando le minacce e le opportunit\u00e0 poste da questi nuovi concorrenti.<\/span><\/p>\n\n\n\n<h2 class=\"wp-block-heading\">Domande comuni<\/h2>\n\n\n\n<h3 class=\"wp-block-heading\"><span style=\"font-weight: 400;\">Quali sono i tipi di servizi bancari al dettaglio?<\/span><\/h3>\n\n\n\n<p><span style=\"font-weight: 400;\">Esistono due tipi principali di servizi bancari al dettaglio. Il primo pu\u00f2 essere trovato all&#039;interno <\/span><b>banche commerciali<\/b><span style=\"font-weight: 400;\">. Queste banche traggono profitto dagli spread sui tassi di interesse e dalle commissioni di transazione. Lo spread \u00e8 la differenza tra quanto addebita la banca per i prestiti e quanto paga sui depositi. L&#039;altro tipo di servizi bancari al dettaglio \u00e8 <\/span><b>cooperative di credito<\/b><span style=\"font-weight: 400;\">. Questo tipo di istituto offre gli stessi servizi delle banche commerciali ma su scala ridotta.<\/span><\/p>\n\n\n\n<h3 class=\"wp-block-heading\"><span style=\"font-weight: 400;\">Qual \u00e8 la differenza tra servizi bancari al dettaglio e servizi bancari commerciali?<\/span><\/h3>\n\n\n\n<p><span style=\"font-weight: 400;\">Le persone spesso usano i termini \u201cbanca al dettaglio\u201d e \u201cbanca commerciale\u201d in modo intercambiabile. Il settore bancario al dettaglio si riferisce a una divisione all&#039;interno di una banca commerciale che gestisce singoli clienti. Ma le banche commerciali non si rivolgono solo ai privati. Forniscono inoltre servizi a una vasta gamma di aziende di varie dimensioni. <\/span><\/p>\n\n\n\n<h3 class=\"wp-block-heading\"><span style=\"font-weight: 400;\">Qual \u00e8 la differenza tra servizi bancari al dettaglio e investimenti bancari?<\/span><\/h3>\n\n\n\n<p><span style=\"font-weight: 400;\">Una banca d\u2019investimento guadagna vendendo titoli alle aziende e al governo. Queste banche offrono anche servizi di consulenza alle grandi imprese. Le aziende si consultano con loro in merito ad acquisizioni e fusioni. Morgan Stanley \u00e8 una delle pi\u00f9 grandi banche di investimento degli Stati Uniti. Un&#039;altra grande banca d&#039;investimento \u00e8 Goldman Sachs. Il settore bancario al dettaglio, al contrario, offre servizi finanziari pi\u00f9 banali ai privati. <\/span><\/p>\n\n\n\n<h3 class=\"wp-block-heading\"><span style=\"font-weight: 400;\">Perch\u00e9 la ricerca di mercato sui servizi bancari al dettaglio \u00e8 importante?<\/span><\/h3>\n\n\n\n<p><span style=\"font-weight: 400;\">C&#039;\u00e8 una reale necessit\u00e0 di ricerche di mercato nel settore bancario al dettaglio. Le ricerche di mercato aiutano le banche a individuare opportunit\u00e0 di business. Ad esempio, possono collaborare con altre banche. Possono anche creare nuovi prodotti o migliorare quelli che gi\u00e0 possiedono. Se hanno bisogno di espandersi, le ricerche di mercato li aiutano a trovare nuove sedi. Permette loro di ridurre i rischi aziendali. Consente inoltre loro di creare materiale promozionale per vendere i propri prodotti e servizi.<\/span><\/p>\n\n\n\n<h2 class=\"wp-block-heading\">La nostra sede a New York<\/h2>\n\n\n\n<p>\n\n\n\n<iframe loading=\"lazy\" src=\"https:\/\/www.google.com\/maps\/embed?pb=!1m18!1m12!1m3!1d3022.976188376966!2d-73.99130312499956!3d40.740549471389315!2m3!1f0!2f0!3f0!3m2!1i1024!2i768!4f13.1!3m3!1m2!1s0x89c259a15798c731%3A0xd695d09bdd495f25!2s11%20E%2022nd%20St%20FL%202%2C%20New%20York%2C%20NY%2010010%2C%20USA!5e0!3m2!1sen!2spe!4v1726171763526!5m2!1sen!2spe\" width=\"600\" height=\"450\" allowfullscreen=\"allowfullscreen\" data-mce-fragment=\"1\"><\/iframe>\n\n\n\n<\/p>\n\n\n\n<h3 class=\"wp-block-heading\">11 E 22nd Street, piano 2, New York, NY 10010 T: +1(212) 505-6805<\/h3>\n\n\n\n<hr class=\"wp-block-separator has-alpha-channel-opacity\"\/>\n\n\n\n<h2 class=\"wp-block-heading\"><span style=\"font-weight: 400;\">A proposito di SIS Internazionale<\/span><\/h2>\n\n\n\n<p><a href=\"https:\/\/www.sisinternational.com\/it\/\"><span style=\"font-weight: 400;\">SIS Internazionale<\/span><\/a><span style=\"font-weight: 400;\"> offre ricerca quantitativa, qualitativa e strategica. Forniamo dati, strumenti, strategie, report e approfondimenti per il processo decisionale. Conduciamo anche interviste, sondaggi, focus group e altri metodi e approcci di ricerca di mercato.<\/span><a href=\"https:\/\/www.sisinternational.com\/it\/sulla-sua-ricerca-internazionale\/contact-sis-international-market-research\/\"><span style=\"font-weight: 400;\"> Contattaci<\/span><\/a><span style=\"font-weight: 400;\"> per il tuo prossimo progetto di ricerca di mercato.<\/span><\/p>\n\n\n\n<p><\/p>\n\n\n\n<p><\/p>","protected":false},"excerpt":{"rendered":"<p>Scopri nuovi approfondimenti dalla ricerca di mercato del settore bancario al dettaglio.<\/p>","protected":false},"author":1,"featured_media":63033,"parent":27462,"menu_order":18,"comment_status":"closed","ping_status":"closed","template":"","meta":{"footnotes":""},"class_list":["post-31308","page","type-page","status-publish","has-post-thumbnail"],"_links":{"self":[{"href":"https:\/\/www.sisinternational.com\/it\/wp-json\/wp\/v2\/pages\/31308","targetHints":{"allow":["GET"]}}],"collection":[{"href":"https:\/\/www.sisinternational.com\/it\/wp-json\/wp\/v2\/pages"}],"about":[{"href":"https:\/\/www.sisinternational.com\/it\/wp-json\/wp\/v2\/types\/page"}],"author":[{"embeddable":true,"href":"https:\/\/www.sisinternational.com\/it\/wp-json\/wp\/v2\/users\/1"}],"replies":[{"embeddable":true,"href":"https:\/\/www.sisinternational.com\/it\/wp-json\/wp\/v2\/comments?post=31308"}],"version-history":[{"count":16,"href":"https:\/\/www.sisinternational.com\/it\/wp-json\/wp\/v2\/pages\/31308\/revisions"}],"predecessor-version":[{"id":80308,"href":"https:\/\/www.sisinternational.com\/it\/wp-json\/wp\/v2\/pages\/31308\/revisions\/80308"}],"up":[{"embeddable":true,"href":"https:\/\/www.sisinternational.com\/it\/wp-json\/wp\/v2\/pages\/27462"}],"wp:featuredmedia":[{"embeddable":true,"href":"https:\/\/www.sisinternational.com\/it\/wp-json\/wp\/v2\/media\/63033"}],"wp:attachment":[{"href":"https:\/\/www.sisinternational.com\/it\/wp-json\/wp\/v2\/media?parent=31308"}],"curies":[{"name":"wp","href":"https:\/\/api.w.org\/{rel}","templated":true}]}}