{"id":31157,"date":"2019-03-05T00:34:34","date_gmt":"2019-03-05T00:34:34","guid":{"rendered":"https:\/\/www.sisinternational.com\/?page_id=31157"},"modified":"2026-03-05T23:49:17","modified_gmt":"2026-03-06T04:49:17","slug":"ricerche-di-mercato-sulla-tecnologia-dei-viaggi","status":"publish","type":"page","link":"https:\/\/www.sisinternational.com\/it\/competenza\/turismo-di-viaggio\/ricerche-di-mercato-sulla-tecnologia-dei-viaggi\/","title":{"rendered":"Ricerche di mercato sulla tecnologia dei viaggi"},"content":{"rendered":"<h1 class=\"wp-block-heading\">Ricerche di mercato sulla tecnologia dei viaggi<\/h1>\n\n\n\n<figure class=\"gb-block-image gb-block-image-1d02943a\"><img loading=\"lazy\" decoding=\"async\" width=\"1456\" height=\"816\" class=\"gb-image gb-image-1d02943a\" src=\"https:\/\/www.sisinternational.com\/wp-content\/uploads\/2025\/08\/Travel-5.jpg\" alt=\"Ricerca e strategia di mercato internazionale SIS\" title=\"Travel (5)\" srcset=\"https:\/\/www.sisinternational.com\/wp-content\/uploads\/2025\/08\/Travel-5.jpg 1456w, https:\/\/www.sisinternational.com\/wp-content\/uploads\/2025\/08\/Travel-5-300x168.jpg 300w, https:\/\/www.sisinternational.com\/wp-content\/uploads\/2025\/08\/Travel-5-1024x574.jpg 1024w, https:\/\/www.sisinternational.com\/wp-content\/uploads\/2025\/08\/Travel-5-768x430.jpg 768w, https:\/\/www.sisinternational.com\/wp-content\/uploads\/2025\/08\/Travel-5-18x10.jpg 18w\" sizes=\"auto, (max-width: 1456px) 100vw, 1456px\"><\/figure>\n\n\n\n<p><\/p>\n\n\n\n<h2 class=\"wp-block-heading\">La Travel Technology \u00e8 l\u2019uso dell\u2019IT nel settore dei viaggi, del turismo e dell\u2019ospitalit\u00e0.<\/h2>\n\n\n\n<p>It also includes virtual tourism in the form of virtual tour technologies. Many travel technology companies have grown up to create better experiences for travelers. Examples include Expedia, Orbitz, and TripAdvisor. Software providers are also developing <a href=\"https:\/\/www.sisinternational.com\/it\/soluzioni\/consulenza-per-lospitalita-turistica-turistica\/consulenza-tecnologica-per-hotel-intelligenti\/\" title=\"Consulenza tecnologica per hotel intelligenti\"  data-wpil-monitor-id=\"9397\">technology to book flights and hotels<\/a> online.<\/p>\n\n\n\n<h2 class=\"wp-block-heading\">Ruolo della tecnologia di viaggio<\/h2>\n\n\n\n<p>I nuovi sviluppi nella tecnologia dei viaggi promettono un\u2019esperienza ancora pi\u00f9 emozionante e interattiva. Questi progressi high-tech hanno trasformato il modo in cui viaggiamo. Nessuno oggi metter\u00e0 in dubbio l\u2019importanza della tecnologia nel turismo. Ha influenzato e continua a modellare il modo in cui ci muoviamo. Usiamo la tecnologia per selezionare una destinazione per le vacanze e per pianificare cosa fare una volta arrivati. Lo usiamo anche per decidere cosa fare una volta tornati dalle vacanze.<\/p>\n\n\n\n<h2 class=\"wp-block-heading\">Tendenze tecnologiche di viaggio<\/h2>\n\n\n\n<p>Technology plays a dynamic role for <a href=\"https:\/\/www.sisinternational.com\/it\/soluzioni\/consulenza-per-lospitalita-turistica-turistica\/ricerche-di-mercato-sui-viaggi-daffari\/\" title=\"Ricerche di mercato sui viaggi d&#039;affari\"  data-wpil-monitor-id=\"9398\">businesses in the travel<\/a> sector. Their customers also find it very useful. It increases the efficiency of business operations and improves the customer experience. Here are some of the most important tech trends in today\u2019s tourism industry:<\/p>\n\n\n\n<ol class=\"wp-block-list\">\n<li>Internet of Things (IoT): Hotel rooms are using IoT. Upon check-in, the <a href=\"https:\/\/www.sisinternational.com\/it\/competenza\/industrie\/ricerche-di-mercato-sullesperienza-dei-clienti-degli-hotel\/\" title=\"Ricerca di mercato sull\u2019esperienza del cliente alberghiero\"  data-wpil-monitor-id=\"9399\">hotels give customers<\/a> a connected device. The customer can use it for anything, from the air conditioners and heaters to the lights. The customer can control everything from one place.<\/li>\n\n\n\n<li>Biometria: alcuni hotel hanno implementato la tecnologia biometrica. Questa tecnologia consente l\u2019accesso alle stanze tramite impronte digitali e facilita le casse semi-contactless. Consente inoltre agli hotel di utilizzare altri marcatori biometrici come il riconoscimento facciale e la scansione della retina.<\/li>\n\n\n\n<li>Robotica: i robot sono utili in luoghi come gli aeroporti. Aiutano a individuare le armi nascoste. Gli agenti di viaggio li utilizzano anche per il pre-screening. Le catene alberghiere stanno implementando robot in vari punti informazioni.<\/li>\n<\/ol>\n\n\n\n<h2 class=\"wp-block-heading\">Gadget tecnologici di viaggio<\/h2>\n\n\n\n<p>I gadget tecnologici di viaggio hanno trasformato per sempre il modo in cui viviamo il mondo. Sono salvavita per i viaggiatori di oggi. Questi gadget includono:<\/p>\n\n\n\n<ol class=\"wp-block-list\">\n<li>Lavatrice tascabile: questa borsa per il bucato leggera e tascabile \u00e8 dotata di un asse per lavare flessibile. Tutto ci\u00f2 di cui ha bisogno sono 2-4 litri di acqua e un po&#039; di detersivo liquido e pulisce i vestiti in meno di tre minuti.<\/li>\n\n\n\n<li>Hotspot Wi-Fi portatile e Power Bank: questo gadget di connettivit\u00e0 offre un servizio 4G LTE illimitato. Puoi usarlo in oltre 130 paesi in tutto il mondo. I tecnici lo considerano uno dei migliori hotspot Wi-Fi mobili sul mercato.<\/li>\n\n\n\n<li>Drone da viaggio: questo dispositivo pieghevole e compatto consente ai viaggiatori di catturare la bellezza dell&#039;ambiente circostante. Funziona fino a 4,1 miglia di distanza.<\/li>\n<\/ol>\n\n\n\n<h2 class=\"wp-block-heading\">Tecnologia di viaggio in Europa<\/h2>\n\n\n\n<p>Travel technology is now so essential that it has an international trade show. This show is for all <a href=\"https:\/\/www.sisinternational.com\/it\/soluzioni\/consulenza-per-lospitalita-turistica-turistica\/\" title=\"Consulenza per viaggi, turismo e ospitalit\u00e0\"  data-wpil-monitor-id=\"9395\">travel and tourism<\/a> agencies worldwide. This forum, Travel Technology Europe, is a medium that displays many of the industry&#8217;s essential goods. Travel, hospitality, tourism, holidays, and payment systems are on display. Attendees can also look at e-commerce, information technologies, booking, and reservation systems. Also, of course, travel technology forms part of the revelation.<\/p>\n\n\n\n<h2 class=\"wp-block-heading\">Notizie sulla tecnologia di viaggio<\/h2>\n\n\n\n<p>Il World Travel &amp; Tourism Council (WTTC) ha avviato una nuova impresa che mira a promuovere viaggi globali pi\u00f9 sicuri attraverso un maggiore utilizzo della tecnologia biometrica. L&#039;International Border Management &amp; Technologies Association sta collaborando con il WTTC per migliorare il programma Seamless Travel Journeys di quest&#039;ultimo. Questo programma utilizzer\u00e0 la biometria. I viaggiatori non dovranno fornire pi\u00f9 volte lo stesso passaporto o le stesse informazioni.<\/p>\n\n\n\n<h2 class=\"wp-block-heading\">Centralit\u00e0 del cliente nella tecnologia dei viaggi<\/h2>\n\n\n\n<p>Optimizing apps, websites and travel services for customers is a major priority.&nbsp; Showing up on Search Engines and enhancing ease of use are ways to boost revenues and profitability.&nbsp; UX Research and <a href=\"https:\/\/www.sisinternational.com\/it\/qualitative-research-to-enhance-customer-experience\/\" title=\"Qualitative Research to Enhance Customer Experience\"  data-wpil-monitor-id=\"9392\">Qualitativo<\/a> Research provides insights for boosting satisfaction and creating customer value.<\/p>\n\n\n\n<h2 class=\"wp-block-heading\">Perch\u00e9 la tecnologia di viaggio \u00e8 importante?<\/h2>\n\n\n\n<p>Il settore dei viaggi \u00e8 migrato online. Pertanto, la creazione di portali che soddisfino le richieste dei clienti \u00e8 fondamentale. Gli agenti di viaggio stanno perdendo terreno poich\u00e9 i viaggiatori dipendono sempre pi\u00f9 dai loro smartphone per prenotare voli e hotel. Usano anche gli smartphone per consigliare ristoranti e fornire indicazioni stradali. Nel settore dei viaggi, l\u2019interazione con il consumatore sta diventando sempre pi\u00f9 critica. I progressi tecnologici stanno consentendo agli operatori del settore di conoscere un po\u2019 meglio i propri clienti.<\/p>\n\n\n\n<h2 class=\"wp-block-heading\">Informazioni sulle ricerche di mercato sulla tecnologia dei viaggi<\/h2>\n\n\n\n<p>SIS conducts Qualitative, <a href=\"https:\/\/www.sisinternational.com\/it\/copertura\/europa\/quantitative-research-in-london\/\" title=\"Quantitative Research in London\"  data-wpil-monitor-id=\"9396\">Quantitative and Strategy Research<\/a>.&nbsp; Qualitative Research is exploratory research examining the &#8220;why&#8221; and motivations behind purchasing behavior.&nbsp; Qualitative Methods include Focus Groups, Ethnography, Customer <a href=\"https:\/\/www.sisinternational.com\/it\/interviste-f2f-e-online-i-pro-e-i-contro\/\" title=\"Interviste F2F e online: pro e contro\"  data-wpil-monitor-id=\"7451\">Interviews and Digital Online<\/a> Communities.&nbsp; <a href=\"https:\/\/www.sisinternational.com\/it\/how-to-design-effective-surveys-for-quantitative-research\/\" title=\"How to Design Effective Surveys for Quantitative Research\"  data-wpil-monitor-id=\"9393\">Quantitative Research in the form of surveys<\/a> provides measurement data to understand the extent to which customers agree or disagree with advertisements and stimuli.&nbsp; Strategy Research uncovers areas of opportunity and competitive threats to your <a href=\"https:\/\/www.sisinternational.com\/it\/soluzioni\/consulenza-strategica\/ricerche-di-mercato-sul-lancio-di-nuovi-prodotti\/\" title=\"Ricerca sul lancio di nuovi prodotti\"  data-wpil-monitor-id=\"9394\">product launches<\/a>.<\/p>\n\n\n\n<p><\/p>","protected":false},"excerpt":{"rendered":"<p>SIS \u00e8 una societ\u00e0 leader nelle ricerche di mercato globali. Scopri come le ricerche di mercato sulla tecnologia dei viaggi possono aumentare le tue entrate e le tue prestazioni.<\/p>","protected":false},"author":1,"featured_media":62583,"parent":14221,"menu_order":0,"comment_status":"closed","ping_status":"closed","template":"","meta":{"_uag_custom_page_level_css":"","footnotes":""},"class_list":["post-31157","page","type-page","status-publish","has-post-thumbnail"],"uagb_featured_image_src":{"full":["https:\/\/www.sisinternational.com\/wp-content\/uploads\/2025\/08\/Travel-5.jpg",1456,816,false],"thumbnail":["https:\/\/www.sisinternational.com\/wp-content\/uploads\/2025\/08\/Travel-5-150x150.jpg",150,150,true],"medium":["https:\/\/www.sisinternational.com\/wp-content\/uploads\/2025\/08\/Travel-5-300x168.jpg",300,168,true],"medium_large":["https:\/\/www.sisinternational.com\/wp-content\/uploads\/2025\/08\/Travel-5-768x430.jpg",768,430,true],"large":["https:\/\/www.sisinternational.com\/wp-content\/uploads\/2025\/08\/Travel-5-1024x574.jpg",1024,574,true],"1536x1536":["https:\/\/www.sisinternational.com\/wp-content\/uploads\/2025\/08\/Travel-5.jpg",1456,816,false],"2048x2048":["https:\/\/www.sisinternational.com\/wp-content\/uploads\/2025\/08\/Travel-5.jpg",1456,816,false],"trp-custom-language-flag":["https:\/\/www.sisinternational.com\/wp-content\/uploads\/2025\/08\/Travel-5-18x10.jpg",18,10,true]},"uagb_author_info":{"display_name":"Ruth Stanat","author_link":"https:\/\/www.sisinternational.com\/it\/author\/expert\/"},"uagb_comment_info":0,"uagb_excerpt":"SIS is a leading Global Market Research company. Discover how Travel Technology Market Research can boost your revenue and performance.","_links":{"self":[{"href":"https:\/\/www.sisinternational.com\/it\/wp-json\/wp\/v2\/pages\/31157","targetHints":{"allow":["GET"]}}],"collection":[{"href":"https:\/\/www.sisinternational.com\/it\/wp-json\/wp\/v2\/pages"}],"about":[{"href":"https:\/\/www.sisinternational.com\/it\/wp-json\/wp\/v2\/types\/page"}],"author":[{"embeddable":true,"href":"https:\/\/www.sisinternational.com\/it\/wp-json\/wp\/v2\/users\/1"}],"replies":[{"embeddable":true,"href":"https:\/\/www.sisinternational.com\/it\/wp-json\/wp\/v2\/comments?post=31157"}],"version-history":[{"count":6,"href":"https:\/\/www.sisinternational.com\/it\/wp-json\/wp\/v2\/pages\/31157\/revisions"}],"predecessor-version":[{"id":81570,"href":"https:\/\/www.sisinternational.com\/it\/wp-json\/wp\/v2\/pages\/31157\/revisions\/81570"}],"up":[{"embeddable":true,"href":"https:\/\/www.sisinternational.com\/it\/wp-json\/wp\/v2\/pages\/14221"}],"wp:featuredmedia":[{"embeddable":true,"href":"https:\/\/www.sisinternational.com\/it\/wp-json\/wp\/v2\/media\/62583"}],"wp:attachment":[{"href":"https:\/\/www.sisinternational.com\/it\/wp-json\/wp\/v2\/media?parent=31157"}],"curies":[{"name":"wp","href":"https:\/\/api.w.org\/{rel}","templated":true}]}}