{"id":31129,"date":"2019-03-04T01:34:46","date_gmt":"2019-03-04T01:34:46","guid":{"rendered":"https:\/\/www.sisinternational.com\/?page_id=31129"},"modified":"2025-09-14T00:07:26","modified_gmt":"2025-09-14T04:07:26","slug":"prova-della-ricerca-concettuale","status":"publish","type":"page","link":"https:\/\/www.sisinternational.com\/it\/soluzioni\/consulenza-strategica\/prova-della-ricerca-concettuale\/","title":{"rendered":"Prova della ricerca concettuale"},"content":{"rendered":"<h1 class=\"wp-block-heading p1\"><span class=\"s1\">Prova della ricerca concettuale<\/span><\/h1>\n\n\n\n<figure class=\"gb-block-image gb-block-image-cb8225bd\"><img loading=\"lazy\" decoding=\"async\" width=\"1456\" height=\"816\" class=\"gb-image gb-image-cb8225bd\" src=\"https:\/\/www.sisinternational.com\/wp-content\/uploads\/2025\/09\/Quantitative-research-17.jpg\" alt=\"Ricerca e strategia di mercato internazionale SIS\" title=\"Quantitative research (17)\" srcset=\"https:\/\/www.sisinternational.com\/wp-content\/uploads\/2025\/09\/Quantitative-research-17.jpg 1456w, https:\/\/www.sisinternational.com\/wp-content\/uploads\/2025\/09\/Quantitative-research-17-300x168.jpg 300w, https:\/\/www.sisinternational.com\/wp-content\/uploads\/2025\/09\/Quantitative-research-17-1024x574.jpg 1024w, https:\/\/www.sisinternational.com\/wp-content\/uploads\/2025\/09\/Quantitative-research-17-768x430.jpg 768w, https:\/\/www.sisinternational.com\/wp-content\/uploads\/2025\/09\/Quantitative-research-17-18x10.jpg 18w\" sizes=\"auto, (max-width: 1456px) 100vw, 1456px\"><\/figure>\n\n\n\n<p><\/p>\n\n\n\n<h2 class=\"wp-block-heading\"><span style=\"font-weight: 400;\">Cos&#039;\u00e8 la prova di concetto?<\/span><\/h2>\n\n\n\n<p><span style=\"font-weight: 400;\">Ogni nuova attivit\u00e0 comporta un rischio enorme. Un\u2019azienda pu\u00f2 iniziare bene se riesce a dimostrare che la sua idea imprenditoriale funziona ed \u00e8 fattibile. Chiamiamo questa \u201cprova di concetto\u201d. I venture capitalist tendono ad attendere la prova del concetto prima di investire in un\u2019impresa. Misura quanto un&#039;azienda pu\u00f2 ottenere in modo quantificabile.<\/span><\/p>\n\n\n\n<h2 class=\"wp-block-heading\"><span style=\"font-weight: 400;\">Proof of Concept vs Pilot: qual \u00e8 la differenza?<\/span><\/h2>\n\n\n\n<p><span style=\"font-weight: 400;\">A pilot project is a preliminary release of a <a href=\"https:\/\/www.sisinternational.com\/it\/soluzioni\/prova-del-gusto\/servizi-di-test-di-prodotto-a-new-york\/\" title=\"Servizi di test di prodotto a New York\"  data-wpil-monitor-id=\"9268\">product or service<\/a>. It aims at a partial determination of the projected final solution, which can have several limitations, including the business associates involved and the procedures affected. Another restriction is the number of users with access to the system. &nbsp;The goal of a pilot project is <a href=\"https:\/\/www.sisinternational.com\/it\/soluzioni\/soluzioni-di-branding-e-ricerca-clienti\/ricerche-di-mercato-per-test-di-prodotto\/\" title=\"Ricerche di mercato sui test dei prodotti\"  data-wpil-monitor-id=\"9254\">testing in a production<\/a> setting. The goal of a proof of concept is to confirm the potential of a model. A proof of concept is usually small and may not be complete.<\/span><\/p>\n\n\n\n<h2 class=\"wp-block-heading\"><span style=\"font-weight: 400;\">Qual \u00e8 la differenza tra un prototipo e una prova di concetto?<\/span><\/h2>\n\n\n\n<p><span style=\"font-weight: 400;\">Many people use these two terms as if they are interchangeable. <a href=\"https:\/\/www.sisinternational.com\/it\/soluzioni\/soluzioni-di-branding-e-ricerca-clienti\/ricerche-di-mercato-per-test-di-prodotto\/la-migliore-azienda-di-ricerche-di-mercato-sullusabilita\/\" title=\"Usability testing Company\"  data-wpil-monitor-id=\"9266\">Companies use Proof of Concept to test<\/a> whether they should put a particular theory or idea in place. A prototype is different. Its primary purpose is to help manufacturers decide what to do with a product in development. It also helps them reduce the number of mistakes made. Proof of concept offers a model of one aspect of the product; a prototype is a working model of several elements.<\/span><\/p>\n\n\n\n<h2 class=\"wp-block-heading\"><span style=\"font-weight: 400;\">Chi dovrebbe utilizzare la prova di concetto?<\/span><\/h2>\n\n\n\n<ul class=\"wp-block-list\">\n<li><b>Sviluppatori di software: <\/b><span style=\"font-weight: 400;\">Gli sviluppatori possono utilizzare la prova di concetto nel ciclo di sviluppo iniziale. Possono anche usarlo per vendere l&#039;idea del software. Possono anche utilizzare POC per rilevare problemi di prestazioni. I risultati del POC includono gli aspetti di garanzia della fattibilit\u00e0 tecnica. Includono anche i problemi che influiscono sulla stima generale degli sforzi. Anche la portata degli sforzi rientra nel risultato. <\/span><\/li>\n\n\n\n<li><b>Produttori:<\/b><span style=\"font-weight: 400;\"> Un POC pu\u00f2 aiutare un produttore a riconoscere potenziali problemi. Problemi tecnici e logistici possono ostacolare il successo. In alternativa, pu\u00f2 dare alle organizzazioni la possibilit\u00e0 di chiedere feedback interno. Tale feedback \u00e8 prezioso se si tratta di un prodotto o servizio promettente. Inoltre, riduce l\u2019esposizione e il rischio non necessari. Consente alle parti interessate di testare le scelte di progettazione nelle prime fasi del ciclo di sviluppo.<\/span><\/li>\n<\/ul>\n\n\n\n<h2 class=\"wp-block-heading\"><span style=\"font-weight: 400;\">Quando un&#039;azienda dovrebbe utilizzare la prova di concetto?<\/span><\/h2>\n\n\n\n<p><span style=\"font-weight: 400;\">Un&#039;azienda dovrebbe utilizzare POC se vuole confermare la commerciabilit\u00e0 con un budget ridotto. Ad esempio, supponiamo che un&#039;azienda voglia costruire un campanello con videocamera. Dovrebbe applicare la tecnica POC per dimostrare che non sta perdendo tempo in qualcosa che nessuno vuole. Per accertare se l\u2019idea \u00e8 realizzabile, sarebbe necessario rispondere a domande specifiche. Ad esempio, \u201cperch\u00e9 acquistare un videocitofono quando \u00e8 possibile installare un sistema di sicurezza?\u201d<\/span><\/p>\n\n\n\n<h2 class=\"wp-block-heading\"><span style=\"font-weight: 400;\">Come utilizzare la prova di concetto<\/span><\/h2>\n\n\n\n<p><span style=\"font-weight: 400;\">The best thing to do when working on a new product is to adopt a lean approach. With this approach, the company invests the lowest amount of time and money at the beginning. It also gathers <a href=\"https:\/\/www.sisinternational.com\/it\/soluzioni\/opinioni-dei-clienti\/\" title=\"Opinioni dei clienti\"  data-wpil-monitor-id=\"9267\">insights from customers<\/a>. The company can spend more as it receives <a href=\"https:\/\/www.sisinternational.com\/it\/soluzioni\/soluzioni-di-branding-e-ricerca-clienti\/ricerca-di-mercato-sul-posizionamento-del-marchio\/\" title=\"Ricerche di mercato sul posizionamento del marchio\"  data-wpil-monitor-id=\"9262\">positive feedback from the market<\/a>. Engineers will jump in at a certain point of this process. They will see how much of the proposition the company can deliver and how much it will have to outsource. They will also say what it costs.<\/span><\/p>\n\n\n\n<h2 class=\"wp-block-heading\"><span style=\"font-weight: 400;\">Perch\u00e9 la prova del concetto \u00e8 importante?<\/span><\/h2>\n\n\n\n<p><span style=\"font-weight: 400;\">The POC helps stakeholders to understand the limitations of a system. It also shows them the system&#8217;s capabilities. They can thus select only the processes that generate the most benefit. These processes should deliver rapid business returns and minimal development troubles. A POC project may, in some cases, determine that the company cannot solve the problem. Thus, POC can prevent the company from <a href=\"https:\/\/www.sisinternational.com\/it\/soluzioni\/consulenza-strategica\/ricerche-di-mercato-sul-lancio-di-nuovi-prodotti\/\" title=\"Ricerca sul lancio di nuovi prodotti\"  data-wpil-monitor-id=\"9259\">launching an unsuccessful product<\/a>.<\/span><\/p>\n\n\n\n<h2 class=\"wp-block-heading\"><span style=\"font-weight: 400;\">Come aiuta la ricerca<\/span><\/h2>\n\n\n\n<p>Strategy Research can provide the insights, data, and <a href=\"https:\/\/www.sisinternational.com\/it\/soluzioni\/consulenza-strategica\/consulenza-sullesecuzione-dello-sviluppo-della-strategia\/\" title=\"Consulenza per lo sviluppo e l&#039;esecuzione della strategia\"  data-wpil-monitor-id=\"9264\">strategies to develop<\/a> and improve your Proof of Concept.&nbsp; We provide Research-Support solutions through<\/p>\n\n\n\n<ul class=\"wp-block-list\">\n<li>Ricerca qualitativa<\/li>\n\n\n\n<li>Ricerca quantitativa<\/li>\n\n\n\n<li>Soluzioni per il mercato<\/li>\n\n\n\n<li><a href=\"https:\/\/www.sisinternational.com\/it\/soluzioni\/consulenza-strategica\/formazione-e-strategia-sullintelligenza-competitiva\/\" title=\"Formazione e strategia sull&#039;intelligence competitiva\"  data-wpil-monitor-id=\"9249\">Strategia e intelligenza competitiva<\/a><\/li>\n<\/ul>\n\n\n\n<p><\/p>","protected":false},"excerpt":{"rendered":"<p>Sviluppa la tua prossima Proof of Concept con approfondimenti, strategie e dati all&#039;avanguardia.<\/p>","protected":false},"author":1,"featured_media":67030,"parent":14567,"menu_order":11,"comment_status":"closed","ping_status":"closed","template":"","meta":{"footnotes":""},"class_list":["post-31129","page","type-page","status-publish","has-post-thumbnail"],"_links":{"self":[{"href":"https:\/\/www.sisinternational.com\/it\/wp-json\/wp\/v2\/pages\/31129","targetHints":{"allow":["GET"]}}],"collection":[{"href":"https:\/\/www.sisinternational.com\/it\/wp-json\/wp\/v2\/pages"}],"about":[{"href":"https:\/\/www.sisinternational.com\/it\/wp-json\/wp\/v2\/types\/page"}],"author":[{"embeddable":true,"href":"https:\/\/www.sisinternational.com\/it\/wp-json\/wp\/v2\/users\/1"}],"replies":[{"embeddable":true,"href":"https:\/\/www.sisinternational.com\/it\/wp-json\/wp\/v2\/comments?post=31129"}],"version-history":[{"count":4,"href":"https:\/\/www.sisinternational.com\/it\/wp-json\/wp\/v2\/pages\/31129\/revisions"}],"predecessor-version":[{"id":81549,"href":"https:\/\/www.sisinternational.com\/it\/wp-json\/wp\/v2\/pages\/31129\/revisions\/81549"}],"up":[{"embeddable":true,"href":"https:\/\/www.sisinternational.com\/it\/wp-json\/wp\/v2\/pages\/14567"}],"wp:featuredmedia":[{"embeddable":true,"href":"https:\/\/www.sisinternational.com\/it\/wp-json\/wp\/v2\/media\/67030"}],"wp:attachment":[{"href":"https:\/\/www.sisinternational.com\/it\/wp-json\/wp\/v2\/media?parent=31129"}],"curies":[{"name":"wp","href":"https:\/\/api.w.org\/{rel}","templated":true}]}}